{"id":8826,"date":"2024-10-19T03:02:45","date_gmt":"2024-10-19T03:02:45","guid":{"rendered":"https:\/\/cloudsupplyvapes.com\/?post_type=product&#038;p=8826"},"modified":"2024-11-19T06:56:15","modified_gmt":"2024-11-19T06:56:15","slug":"-271","status":"publish","type":"product","link":"https:\/\/cloudsupplyvapes.com\/es\/product\/vapme-monster-15000-disposable-wholesale-high-volume-long-battery-life-rich-flavor-selection-ultimate-vaping-experience\/","title":{"rendered":"VAPME Monster 15000 Vape Desechable al por mayor - 15.000 Puffs, recargable, construcci\u00f3n duradera, Premium E-Liquid para la venta al por mayor"},"content":{"rendered":"<h3>Especificaciones del vaporizador desechable VAPME Monster 15000<\/h3>\n<table>\n<thead>\n<tr>\n<th><strong>Caracter\u00edstica<\/strong><\/th>\n<th><strong>Especificaci\u00f3n<\/strong><\/th>\n<\/tr>\n<\/thead>\n<tbody>\n<tr>\n<td>Talla<\/td>\n<td>134 mm x 29 mm x 29 mm<\/td>\n<\/tr>\n<tr>\n<td>Capacidad de la bater\u00eda<\/td>\n<td>650 mAh<\/td>\n<\/tr>\n<tr>\n<td>Rango de potencia<\/td>\n<td>7 W<\/td>\n<\/tr>\n<tr>\n<td>Tensi\u00f3n de entrada<\/td>\n<td>3,6 V<\/td>\n<\/tr>\n<tr>\n<td>Capacidad de e-l\u00edquido<\/td>\n<td>26 ml<\/td>\n<\/tr>\n<tr>\n<td>Resistencia<\/td>\n<td>1,0 ohmios<\/td>\n<\/tr>\n<tr>\n<td>Puffs<\/td>\n<td>Aproximadamente 15 000 caladas.<\/td>\n<\/tr>\n<tr>\n<td>Embalaje por kit<\/td>\n<td>200 unidades por caja<\/td>\n<\/tr>\n<tr>\n<td>Peso de la caja<\/td>\n<td>20 kg<\/td>\n<\/tr>\n<\/tbody>\n<\/table>\n<h2>Sabores disponibles:<\/h2>\n<ol>\n<li>Limonada Blue Razz<\/li>\n<li>Melocot\u00f3n helado<\/li>\n<li>Hielo de sand\u00eda<\/li>\n<li>Ar\u00e1ndano Frambuesa<\/li>\n<li>Cereza helada<\/li>\n<li>Fresa helada<\/li>\n<li>Sand\u00eda con fresa<\/li>\n<li>Mezcla de bayas<\/li>\n<li>Fresa Kiwi<\/li>\n<li>Kiwi Fruta de la pasi\u00f3n Guayaba<\/li>\n<li>Red Bull de fresa<\/li>\n<li>Melocot\u00f3n Mango Pi\u00f1a<\/li>\n<\/ol>\n<h3>Caracter\u00edsticas principales:<\/h3>\n<ul>\n<li><strong>Capacidad de e-l\u00edquido:<\/strong> Cada dispositivo contiene 26 ml de e-l\u00edquido, lo que garantiza una sesi\u00f3n de vapeo prolongada e intensa.<\/li>\n<li><strong>Bater\u00eda:<\/strong> Incluye una bater\u00eda de 650 mAh que es eficiente para gestionar el gran volumen de e-l\u00edquido y ofrecer un rendimiento constante durante toda la vida \u00fatil del dispositivo.<\/li>\n<li><strong>Dise\u00f1o compacto:<\/strong> A pesar de su impresionante capacidad de e-l\u00edquido y n\u00famero de caladas, el dispositivo sigue siendo compacto y port\u00e1til, y cabe c\u00f3modamente en la mano o en el bolsillo.<\/li>\n<li><strong>Variedad de sabores:<\/strong> Una amplia gama de 12 sabores \u00fanicos y tentadores, desde mezclas frutales cl\u00e1sicas hasta combinaciones innovadoras, para todos los gustos.<\/li>\n<li><strong>Dise\u00f1ado para durar:<\/strong> Dise\u00f1ado para durar, con una estructura resistente y un sistema de alimentaci\u00f3n fiable que garantiza que cada calada sea tan buena como la primera.<\/li>\n<\/ul>\n<h3>\u00bfPor qu\u00e9 elegir VAPME Monster 15000?<\/h3>\n<p>El VAPME Monster 15000 es perfecto para aquellos que buscan un vaporizador desechable de larga duraci\u00f3n que ofrezca un alto rendimiento y una gran variedad de sabores. Su considerable capacidad de e-l\u00edquido y su eficiente bater\u00eda lo convierten en la opci\u00f3n ideal para un uso prolongado, proporcionando una experiencia de vapeo satisfactoria con una amplia gama de opciones de sabores.<\/p>","protected":false},"excerpt":{"rendered":"<p>VAPME Monster 15000 ofrece tecnolog\u00eda avanzada de bobinas y un dep\u00f3sito robusto para un uso prolongado. Dise\u00f1ado para ofrecer durabilidad y una producci\u00f3n de vapor suave, es una opci\u00f3n premium para distribuidores mayoristas.<\/p>","protected":false},"featured_media":8876,"comment_status":"open","ping_status":"closed","template":"","meta":[],"product_brand":[],"product_cat":[22],"product_tag":[470],"class_list":{"0":"post-8826","1":"product","2":"type-product","3":"status-publish","4":"has-post-thumbnail","6":"product_cat-disposable-vape-sticks","7":"product_tag-vapme","9":"first","10":"instock","11":"sale","12":"shipping-taxable","13":"purchasable","14":"product-type-simple"},"jetpack_sharing_enabled":true,"tiered_pricing_type":"fixed","tiered_pricing_fixed_rules":{"100":9.5999999999999996447286321199499070644378662109375,"500":9.5},"tiered_pricing_product_settings":{"layout":"default","base_unit_name":{"singular":null,"plural":null},"default_variation":null},"tiered_pricing_minimum_quantity":30,"tiered_pricing_roles_data":[],"tiered_pricing_percentage_rules":[],"tiered_pricing_maximum_quantity":null,"tiered_pricing_quantity_step":null,"_links":{"self":[{"href":"https:\/\/cloudsupplyvapes.com\/es\/wp-json\/wp\/v2\/product\/8826","targetHints":{"allow":["GET"]}}],"collection":[{"href":"https:\/\/cloudsupplyvapes.com\/es\/wp-json\/wp\/v2\/product"}],"about":[{"href":"https:\/\/cloudsupplyvapes.com\/es\/wp-json\/wp\/v2\/types\/product"}],"replies":[{"embeddable":true,"href":"https:\/\/cloudsupplyvapes.com\/es\/wp-json\/wp\/v2\/comments?post=8826"}],"wp:featuredmedia":[{"embeddable":true,"href":"https:\/\/cloudsupplyvapes.com\/es\/wp-json\/wp\/v2\/media\/8876"}],"wp:attachment":[{"href":"https:\/\/cloudsupplyvapes.com\/es\/wp-json\/wp\/v2\/media?parent=8826"}],"wp:term":[{"taxonomy":"product_brand","embeddable":true,"href":"https:\/\/cloudsupplyvapes.com\/es\/wp-json\/wp\/v2\/product_brand?post=8826"},{"taxonomy":"product_cat","embeddable":true,"href":"https:\/\/cloudsupplyvapes.com\/es\/wp-json\/wp\/v2\/product_cat?post=8826"},{"taxonomy":"product_tag","embeddable":true,"href":"https:\/\/cloudsupplyvapes.com\/es\/wp-json\/wp\/v2\/product_tag?post=8826"}],"curies":[{"name":"wp","href":"https:\/\/api.w.org\/{rel}","templated":true}]}}