{"id":8827,"date":"2024-10-19T03:02:45","date_gmt":"2024-10-19T03:02:45","guid":{"rendered":"https:\/\/cloudsupplyvapes.com\/?post_type=product&#038;p=8827"},"modified":"2025-05-07T14:54:25","modified_gmt":"2025-05-07T14:54:25","slug":"-272","status":"publish","type":"product","link":"https:\/\/cloudsupplyvapes.com\/es\/product\/alibarbar-rich-8000-puff-disposable-vape-wholesale-over-10-flavours\/","title":{"rendered":"ALIBARBAR RICH 8000 Puffs Vape Desechable al por mayor - 8.000 Puffs, construcci\u00f3n compacta, bater\u00eda de larga duraci\u00f3n, listo para comprar al por mayor"},"content":{"rendered":"<h2>Sabores disponibles:<\/h2>\n<ol>\n<li>Mango Ice<\/li>\n<li>Tabaco cl\u00e1sico<\/li>\n<li>Menta<\/li>\n<li>Pi\u00f1a Melocot\u00f3n<\/li>\n<li>Manzana verde<\/li>\n<li>Crema de vainilla<\/li>\n<li>Hielo de uva<\/li>\n<li>Mezcla de c\u00edtricos<\/li>\n<li>Fresa Pl\u00e1tano<\/li>\n<li>Tarta de lim\u00f3n<\/li>\n<li>Pepino Lima<\/li>\n<li>Cola Ice<\/li>\n<\/ol>\n<h3>Especificaciones del Vape Desechable ALIBARBAR RICH 10000<\/h3>\n<table>\n<thead>\n<tr>\n<th><strong>Caracter\u00edstica<\/strong><\/th>\n<th><strong>Especificaci\u00f3n<\/strong><\/th>\n<\/tr>\n<\/thead>\n<tbody>\n<tr>\n<td>Talla<\/td>\n<td>120 mm x 25 mm x 25 mm<\/td>\n<\/tr>\n<tr>\n<td>Capacidad de la bater\u00eda<\/td>\n<td>500 mAh<\/td>\n<\/tr>\n<tr>\n<td>Rango de potencia<\/td>\n<td>9W<\/td>\n<\/tr>\n<tr>\n<td>Tensi\u00f3n de entrada<\/td>\n<td>3.7V<\/td>\n<\/tr>\n<tr>\n<td>Capacidad de e-l\u00edquido<\/td>\n<td>10 ml<\/td>\n<\/tr>\n<tr>\n<td>Resistencia<\/td>\n<td>1,2 ohmios<\/td>\n<\/tr>\n<tr>\n<td>Puffs<\/td>\n<td>Aproximadamente 10.000 caladas<\/td>\n<\/tr>\n<tr>\n<td>Embalaje por kit<\/td>\n<td>100 unidades por caja<\/td>\n<\/tr>\n<tr>\n<td>Peso de la caja<\/td>\n<td>15 kg<\/td>\n<\/tr>\n<\/tbody>\n<\/table>\n<h3>Caracter\u00edsticas principales:<\/h3>\n<ul>\n<li><strong>Capacidad de e-l\u00edquido:<\/strong> Cada dispositivo se llena con 10 ml de e-l\u00edquido de primera calidad, perfecto para largas sesiones de vapeo.<\/li>\n<li><strong>Bater\u00eda:<\/strong> Cuenta con una bater\u00eda de 500mAh que maneja eficientemente el volumen de e-l\u00edquido y proporciona una salida consistente en todo momento.<\/li>\n<li><strong>Dise\u00f1o compacto:<\/strong> Dise\u00f1ado para ser a la vez elegante y port\u00e1til, este dispositivo cabe f\u00e1cilmente en el bolsillo o en la mano, por lo que es ideal para vapear sobre la marcha.<\/li>\n<li><strong>Variedad de sabores:<\/strong> Ofrece una variada selecci\u00f3n de 12 deliciosos sabores, que van desde las ricas frutas a las bebidas cl\u00e1sicas, atendiendo a una amplia gama de preferencias.<\/li>\n<li><strong>Optimizado para la longevidad:<\/strong> Fabricado para durar con una construcci\u00f3n robusta y un sistema de alimentaci\u00f3n fiable, que garantiza una experiencia de vapeo de primera calidad desde la primera hasta la \u00faltima calada.<\/li>\n<\/ul>\n<h3>\u00bfPor qu\u00e9 elegir ALIBARBAR RICH 10000?<\/h3>\n<p>El ALIBARBAR RICH 10000 es la elecci\u00f3n ideal para los vapeadores que exigen un vapeador desechable de larga duraci\u00f3n con sabores robustos y un rendimiento fiable. Su considerable capacidad de e-l\u00edquido junto con una bater\u00eda eficiente ofrece un viaje de vapeo excepcional, acentuado por una rica selecci\u00f3n de sabores. Tanto si est\u00e1 en casa como de viaje, le garantiza un vapeo satisfactorio en todo momento.<\/p>","protected":false},"excerpt":{"rendered":"<p>El ALIBARBAR RICH cuenta con un marco compacto y un sistema de bobina eficiente para un rendimiento constante. Este dispositivo sin complicaciones se hace a mano para la conveniencia, por lo que es una excelente opci\u00f3n para los inventarios al por mayor.<\/p>","protected":false},"featured_media":8877,"comment_status":"open","ping_status":"closed","template":"","meta":[],"product_brand":[],"product_cat":[22],"product_tag":[471],"class_list":{"0":"post-8827","1":"product","2":"type-product","3":"status-publish","4":"has-post-thumbnail","6":"product_cat-disposable-vape-sticks","7":"product_tag-alibarbar","9":"first","10":"instock","11":"sale","12":"shipping-taxable","13":"purchasable","14":"product-type-simple"},"jetpack_sharing_enabled":true,"tiered_pricing_type":"fixed","tiered_pricing_fixed_rules":{"300":12.9000000000000003552713678800500929355621337890625,"900":12.0999999999999996447286321199499070644378662109375,"1500":12,"3000":11.800000000000000710542735760100185871124267578125,"6000":11.5,"10000":11.300000000000000710542735760100185871124267578125,"30000":11,"60000":10.800000000000000710542735760100185871124267578125,"90000":10.5},"tiered_pricing_product_settings":{"layout":"default","base_unit_name":{"singular":null,"plural":null},"default_variation":null},"tiered_pricing_minimum_quantity":100,"tiered_pricing_roles_data":[],"tiered_pricing_percentage_rules":[],"tiered_pricing_maximum_quantity":null,"tiered_pricing_quantity_step":"10","_links":{"self":[{"href":"https:\/\/cloudsupplyvapes.com\/es\/wp-json\/wp\/v2\/product\/8827","targetHints":{"allow":["GET"]}}],"collection":[{"href":"https:\/\/cloudsupplyvapes.com\/es\/wp-json\/wp\/v2\/product"}],"about":[{"href":"https:\/\/cloudsupplyvapes.com\/es\/wp-json\/wp\/v2\/types\/product"}],"replies":[{"embeddable":true,"href":"https:\/\/cloudsupplyvapes.com\/es\/wp-json\/wp\/v2\/comments?post=8827"}],"wp:featuredmedia":[{"embeddable":true,"href":"https:\/\/cloudsupplyvapes.com\/es\/wp-json\/wp\/v2\/media\/8877"}],"wp:attachment":[{"href":"https:\/\/cloudsupplyvapes.com\/es\/wp-json\/wp\/v2\/media?parent=8827"}],"wp:term":[{"taxonomy":"product_brand","embeddable":true,"href":"https:\/\/cloudsupplyvapes.com\/es\/wp-json\/wp\/v2\/product_brand?post=8827"},{"taxonomy":"product_cat","embeddable":true,"href":"https:\/\/cloudsupplyvapes.com\/es\/wp-json\/wp\/v2\/product_cat?post=8827"},{"taxonomy":"product_tag","embeddable":true,"href":"https:\/\/cloudsupplyvapes.com\/es\/wp-json\/wp\/v2\/product_tag?post=8827"}],"curies":[{"name":"wp","href":"https:\/\/api.w.org\/{rel}","templated":true}]}}