{"id":8828,"date":"2024-10-19T03:02:45","date_gmt":"2024-10-19T03:02:45","guid":{"rendered":"https:\/\/cloudsupplyvapes.com\/?post_type=product&#038;p=8828"},"modified":"2024-11-19T06:55:56","modified_gmt":"2024-11-19T06:55:56","slug":"-273","status":"publish","type":"product","link":"https:\/\/cloudsupplyvapes.com\/es\/product\/alibarbar-ingot-9000-puff-disposable-vape-wholesale-13-flavours-available\/","title":{"rendered":"ALIBARBAR INGOT 9000 Puffs Vape Desechable al por mayor - 9.000 Puffs, 13mL E-Liquid, Dise\u00f1o elegante y con estilo para pedidos al por mayor"},"content":{"rendered":"<h2>Sabores disponibles:<\/h2>\n<ol>\n<li>Banana Buzz<\/li>\n<li>Hielo de mora<\/li>\n<li>Explosi\u00f3n de ar\u00e1ndanos<\/li>\n<li>Menta fresca<\/li>\n<li>Manzana doble<\/li>\n<li>Fanta<\/li>\n<li>Hielo de uva<\/li>\n<li>Magia del mango<\/li>\n<li>Maracuy\u00e1, mango y lima<\/li>\n<li>Lim\u00f3n rosa<\/li>\n<li>Fresa, coco y sand\u00eda<\/li>\n<li>Tabaco<\/li>\n<li>Hielo de sand\u00eda<\/li>\n<li>Caja misteriosa: un sabor sorpresa<\/li>\n<\/ol>\n<h3>ALIBARBAR INGOT 9000 Vape desechable Especificaciones<\/h3>\n<table>\n<thead>\n<tr>\n<th><strong>Caracter\u00edstica<\/strong><\/th>\n<th><strong>Especificaci\u00f3n<\/strong><\/th>\n<\/tr>\n<\/thead>\n<tbody>\n<tr>\n<td>Talla<\/td>\n<td>103 mm x 40 mm x 26 mm<\/td>\n<\/tr>\n<tr>\n<td>Capacidad de la bater\u00eda<\/td>\n<td>2350 mAh<\/td>\n<\/tr>\n<tr>\n<td>Rango de potencia<\/td>\n<td>Variable basada en el uso<\/td>\n<\/tr>\n<tr>\n<td>Tensi\u00f3n de entrada<\/td>\n<td>3.7V<\/td>\n<\/tr>\n<tr>\n<td>Capacidad de e-l\u00edquido<\/td>\n<td>22 ml<\/td>\n<\/tr>\n<tr>\n<td>Resistencia<\/td>\n<td>1,3 ohmios<\/td>\n<\/tr>\n<tr>\n<td>Puffs<\/td>\n<td>Hasta 9000 caladas<\/td>\n<\/tr>\n<tr>\n<td>Embalaje por kit<\/td>\n<td>10 unidades por caja mediana, 100 unidades por caja de cart\u00f3n.<\/td>\n<\/tr>\n<tr>\n<td>Peso neto<\/td>\n<td>90 g<\/td>\n<\/tr>\n<\/tbody>\n<\/table>\n<h3>Caracter\u00edsticas principales:<\/h3>\n<ul>\n<li><strong>Capacidad de e-l\u00edquido:<\/strong> Sus generosos 22 ml de e-l\u00edquido permiten largas sesiones de vapeo sin necesidad de recargas frecuentes.<\/li>\n<li><strong>Bater\u00eda:<\/strong> Una potente bater\u00eda de 2350 mAh soporta la alta capacidad de e-l\u00edquido, lo que garantiza un rendimiento constante y fiabilidad.<\/li>\n<li><strong>Dise\u00f1o port\u00e1til:<\/strong> A pesar de su gran capacidad, el dise\u00f1o sigue siendo elegante y port\u00e1til, perfecto para vapear sobre la marcha.<\/li>\n<li><strong>Amplia variedad de sabores:<\/strong> Elige entre 14 sabores diferentes, incluida la opci\u00f3n \u2018Caja misteriosa\u2019 para los amantes de las sorpresas.<\/li>\n<li><strong>Rendimiento \u00f3ptimo:<\/strong> Dise\u00f1ado para ofrecer durabilidad y una experiencia de vapeo suave, con una resistencia de 1,3 ohmios que optimiza la extracci\u00f3n del sabor.<\/li>\n<\/ul>\n<h3>\u00bfPor qu\u00e9 elegir ALIBARBAR INGOT 9000?<\/h3>\n<p>El ALIBARBAR INGOT 9000 destaca por la larga duraci\u00f3n de su bater\u00eda y su gran capacidad de e-l\u00edquido, lo que lo convierte en la mejor opci\u00f3n para los vapeadores m\u00e1s exigentes. Combina la practicidad con el placer, ofreciendo una amplia gama de sabores y un dise\u00f1o duradero para el uso diario. Tanto si eres un entusiasta de los sabores como si eres un vapeador habitual, el INGOT 9000 ofrece un rendimiento impresionante que satisfar\u00e1 todas tus necesidades de vapeo.<\/p>","protected":false},"excerpt":{"rendered":"<p>ALIBARBAR INGOT combina un agarre ergon\u00f3mico con una producci\u00f3n de vapor de primera calidad, lo que garantiza la comodidad y satisfacci\u00f3n del usuario. Dise\u00f1ado para ofrecer una funcionalidad perfecta, es un gran complemento para los compradores al por mayor que buscan calidad y estilo.<\/p>","protected":false},"featured_media":8878,"comment_status":"open","ping_status":"closed","template":"","meta":[],"product_brand":[],"product_cat":[22],"product_tag":[471],"class_list":{"0":"post-8828","1":"product","2":"type-product","3":"status-publish","4":"has-post-thumbnail","6":"product_cat-disposable-vape-sticks","7":"product_tag-alibarbar","9":"first","10":"instock","11":"sale","12":"featured","13":"shipping-taxable","14":"purchasable","15":"product-type-simple"},"jetpack_sharing_enabled":true,"tiered_pricing_type":"fixed","tiered_pricing_fixed_rules":{"300":13.300000000000000710542735760100185871124267578125,"900":13.0999999999999996447286321199499070644378662109375,"1500":13,"3000":12.800000000000000710542735760100185871124267578125,"6000":12.5,"9000":11.5,"10000":12.300000000000000710542735760100185871124267578125,"30000":12,"60000":11.800000000000000710542735760100185871124267578125},"tiered_pricing_product_settings":{"layout":"default","base_unit_name":{"singular":null,"plural":null},"default_variation":null},"tiered_pricing_minimum_quantity":60,"tiered_pricing_roles_data":[],"tiered_pricing_percentage_rules":[],"tiered_pricing_maximum_quantity":null,"tiered_pricing_quantity_step":null,"_links":{"self":[{"href":"https:\/\/cloudsupplyvapes.com\/es\/wp-json\/wp\/v2\/product\/8828","targetHints":{"allow":["GET"]}}],"collection":[{"href":"https:\/\/cloudsupplyvapes.com\/es\/wp-json\/wp\/v2\/product"}],"about":[{"href":"https:\/\/cloudsupplyvapes.com\/es\/wp-json\/wp\/v2\/types\/product"}],"replies":[{"embeddable":true,"href":"https:\/\/cloudsupplyvapes.com\/es\/wp-json\/wp\/v2\/comments?post=8828"}],"wp:featuredmedia":[{"embeddable":true,"href":"https:\/\/cloudsupplyvapes.com\/es\/wp-json\/wp\/v2\/media\/8878"}],"wp:attachment":[{"href":"https:\/\/cloudsupplyvapes.com\/es\/wp-json\/wp\/v2\/media?parent=8828"}],"wp:term":[{"taxonomy":"product_brand","embeddable":true,"href":"https:\/\/cloudsupplyvapes.com\/es\/wp-json\/wp\/v2\/product_brand?post=8828"},{"taxonomy":"product_cat","embeddable":true,"href":"https:\/\/cloudsupplyvapes.com\/es\/wp-json\/wp\/v2\/product_cat?post=8828"},{"taxonomy":"product_tag","embeddable":true,"href":"https:\/\/cloudsupplyvapes.com\/es\/wp-json\/wp\/v2\/product_tag?post=8828"}],"curies":[{"name":"wp","href":"https:\/\/api.w.org\/{rel}","templated":true}]}}