{"id":8829,"date":"2024-10-19T03:02:46","date_gmt":"2024-10-19T03:02:46","guid":{"rendered":"https:\/\/cloudsupplyvapes.com\/?post_type=product&#038;p=8829"},"modified":"2024-11-19T06:55:45","modified_gmt":"2024-11-19T06:55:45","slug":"-274","status":"publish","type":"product","link":"https:\/\/cloudsupplyvapes.com\/es\/product\/bang-bc9000-9000-puff-disposable-vape-wholesale\/","title":{"rendered":"Bang BC9000 Puffs Vape desechable al por mayor - 9.000 Puffs, tanque de 8mL, port\u00e1til y rentable para la compra a granel"},"content":{"rendered":"<h2>Sabores disponibles:<\/h2>\n<ol>\n<li>Osito de goma<\/li>\n<li>Helado de fresa<\/li>\n<li>Melocot\u00f3n Mango<\/li>\n<li>Hielo triple de bayas<\/li>\n<li>Sand\u00eda con fresa<\/li>\n<li>Hielo exuberante<\/li>\n<li>Hielo Razz Azul<\/li>\n<li>Frutas tropicales<\/li>\n<li>Aloe Uva<\/li>\n<li>Melocot\u00f3n helado<\/li>\n<li>Lichi de fresa<\/li>\n<li>Menta fresca<\/li>\n<\/ol>\n<h3>Especificaciones del Vape Desechable Bang BC9000<\/h3>\n<table>\n<thead>\n<tr>\n<th><strong>Caracter\u00edstica<\/strong><\/th>\n<th><strong>Especificaci\u00f3n<\/strong><\/th>\n<\/tr>\n<\/thead>\n<tbody>\n<tr>\n<td>Capacidad de la bater\u00eda<\/td>\n<td>550 mAh<\/td>\n<\/tr>\n<tr>\n<td>Capacidad de e-l\u00edquido<\/td>\n<td>18 ml<\/td>\n<\/tr>\n<tr>\n<td>Potencia de nicotina<\/td>\n<td>0%, 2%, 3%, 5%(por defecto)<\/td>\n<\/tr>\n<tr>\n<td>Puffs<\/td>\n<td>Hasta 9000 bocanadas<\/td>\n<\/tr>\n<tr>\n<td>Precios<\/td>\n<td>$26-$29<\/td>\n<\/tr>\n<tr>\n<td>Dimensiones de la caja exterior<\/td>\n<td>64x28x23 cm; 16,5 kg\/200 piezas<\/td>\n<\/tr>\n<\/tbody>\n<\/table>\n<h3>Caracter\u00edsticas principales:<\/h3>\n<ul>\n<li><strong>Amplia selecci\u00f3n de sabores:<\/strong> 12 sabores \u00fanicos y deliciosos para todos los paladares.<\/li>\n<li><strong>Bater\u00eda de larga duraci\u00f3n:<\/strong> Una robusta bater\u00eda de 550mAh garantiza que puedas disfrutar de hasta 9000 caladas por dispositivo.<\/li>\n<li><strong>Opciones de nicotina variable:<\/strong> Disponible en concentraciones de nicotina de 0%, 0,2% y 3,5%, adecuadas tanto para consumidores ligeros como habituales.<\/li>\n<li><strong>Gran capacidad de e-l\u00edquido:<\/strong> Cada vape contiene 18 ml de e-l\u00edquido, minimizando la necesidad de reemplazos frecuentes.<\/li>\n<li><strong>Compacto y port\u00e1til:<\/strong> A pesar de sus potentes prestaciones, el dispositivo est\u00e1 dise\u00f1ado para ser port\u00e1til y f\u00e1cil de transportar.<\/li>\n<\/ul>\n<h3>\u00bfPor qu\u00e9 elegir Bang BC9000?<\/h3>\n<p>El Bang BC9000 es perfecto para los vapeadores que buscan un dispositivo fiable y de gran capacidad que no comprometa el sabor ni el rendimiento. Con su amplia gama de sabores y su bater\u00eda de larga duraci\u00f3n, est\u00e1 dise\u00f1ado para satisfacer tanto a los vapeadores ocasionales como a los frecuentes. Tanto si te apetece algo afrutado, cremoso o helado, el Bang BC9000 tiene un sabor para satisfacer tu antojo, a la vez que ofrece una experiencia de vapeo consistente y agradable.<\/p>","protected":false},"excerpt":{"rendered":"<p>Bang BC9000 ofrece un rendimiento fiable con un dise\u00f1o ligero y una salida de vapor eficiente. Ideal para el uso diario, este dispositivo port\u00e1til ofrece un funcionamiento suave y es perfecto para pedidos al por mayor de gran volumen.<\/p>","protected":false},"featured_media":8879,"comment_status":"open","ping_status":"closed","template":"","meta":[],"product_brand":[],"product_cat":[481,22],"product_tag":[31],"class_list":{"0":"post-8829","1":"product","2":"type-product","3":"status-publish","4":"has-post-thumbnail","6":"product_cat-bang","7":"product_cat-disposable-vape-sticks","8":"product_tag-bang","10":"first","11":"instock","12":"shipping-taxable","13":"purchasable","14":"product-type-simple"},"jetpack_sharing_enabled":true,"tiered_pricing_type":"fixed","tiered_pricing_fixed_rules":[],"tiered_pricing_product_settings":{"layout":"default","base_unit_name":{"singular":null,"plural":null},"default_variation":null},"tiered_pricing_minimum_quantity":30,"tiered_pricing_roles_data":[],"tiered_pricing_percentage_rules":[],"tiered_pricing_maximum_quantity":null,"tiered_pricing_quantity_step":"10","_links":{"self":[{"href":"https:\/\/cloudsupplyvapes.com\/es\/wp-json\/wp\/v2\/product\/8829","targetHints":{"allow":["GET"]}}],"collection":[{"href":"https:\/\/cloudsupplyvapes.com\/es\/wp-json\/wp\/v2\/product"}],"about":[{"href":"https:\/\/cloudsupplyvapes.com\/es\/wp-json\/wp\/v2\/types\/product"}],"replies":[{"embeddable":true,"href":"https:\/\/cloudsupplyvapes.com\/es\/wp-json\/wp\/v2\/comments?post=8829"}],"wp:featuredmedia":[{"embeddable":true,"href":"https:\/\/cloudsupplyvapes.com\/es\/wp-json\/wp\/v2\/media\/8879"}],"wp:attachment":[{"href":"https:\/\/cloudsupplyvapes.com\/es\/wp-json\/wp\/v2\/media?parent=8829"}],"wp:term":[{"taxonomy":"product_brand","embeddable":true,"href":"https:\/\/cloudsupplyvapes.com\/es\/wp-json\/wp\/v2\/product_brand?post=8829"},{"taxonomy":"product_cat","embeddable":true,"href":"https:\/\/cloudsupplyvapes.com\/es\/wp-json\/wp\/v2\/product_cat?post=8829"},{"taxonomy":"product_tag","embeddable":true,"href":"https:\/\/cloudsupplyvapes.com\/es\/wp-json\/wp\/v2\/product_tag?post=8829"}],"curies":[{"name":"wp","href":"https:\/\/api.w.org\/{rel}","templated":true}]}}