{"id":8830,"date":"2024-10-19T03:02:46","date_gmt":"2024-10-19T03:02:46","guid":{"rendered":"https:\/\/cloudsupplyvapes.com\/?post_type=product&#038;p=8830"},"modified":"2024-11-19T06:54:25","modified_gmt":"2024-11-19T06:54:25","slug":"-275","status":"publish","type":"product","link":"https:\/\/cloudsupplyvapes.com\/es\/product\/bang-tn-12000-12000-puff-disposable-vape-wholesale\/","title":{"rendered":"Bang TN 12000 Puffs Vape Desechable Mayorista - Recargable, 10mL Capacidad E-Liquid, Pods de Alto Rendimiento"},"content":{"rendered":"<h2>Sabores disponibles:<\/h2>\n<ol>\n<li>Hielo de ar\u00e1ndano y frambuesa<\/li>\n<li>Fresa Mango<\/li>\n<li>Fresa Pl\u00e1tano<\/li>\n<li>Hielo de sand\u00eda<\/li>\n<li>Sr. Azul<\/li>\n<li>Hielo de uva<\/li>\n<li>Menta fresca<\/li>\n<li>Frutas variadas<\/li>\n<li>Lichi de fresa<\/li>\n<li>Fresa helada<\/li>\n<li>Melocot\u00f3n helado<\/li>\n<li>Sand\u00eda Fresa<\/li>\n<\/ol>\n<h3>Especificaciones del Vape Desechable Bang TN 12000<\/h3>\n<table>\n<thead>\n<tr>\n<th><strong>Caracter\u00edstica<\/strong><\/th>\n<th><strong>Especificaci\u00f3n<\/strong><\/th>\n<\/tr>\n<\/thead>\n<tbody>\n<tr>\n<td>Capacidad de la bater\u00eda<\/td>\n<td>650 mAh<\/td>\n<\/tr>\n<tr>\n<td>Capacidad de e-l\u00edquido<\/td>\n<td>20 ml<\/td>\n<\/tr>\n<tr>\n<td>Potencia de nicotina<\/td>\n<td>0%, 2%, 3%, 5%(por defecto)<\/td>\n<\/tr>\n<tr>\n<td>Puffs<\/td>\n<td>Hasta 12000 caladas<\/td>\n<\/tr>\n<tr>\n<td>Precios<\/td>\n<td>$26-$29<\/td>\n<\/tr>\n<tr>\n<td>Dimensiones de la caja exterior<\/td>\n<td>18,8 kg\/200 piezas<\/td>\n<\/tr>\n<\/tbody>\n<\/table>\n<h3>Caracter\u00edsticas principales:<\/h3>\n<ul>\n<li><strong>Amplia selecci\u00f3n de sabores:<\/strong> 12 sabores \u00fanicos y deliciosos para todos los paladares.<\/li>\n<li><strong>Bater\u00eda de larga duraci\u00f3n:<\/strong> Una robusta bater\u00eda de 650mAh asegura que puedas disfrutar de hasta 12000 caladas por dispositivo.<\/li>\n<li><strong>Opciones de nicotina variable:<\/strong> Disponible en concentraciones de nicotina de 0%, 0,2% y 3,5%, adecuadas tanto para consumidores ligeros como habituales.<\/li>\n<li><strong>Gran capacidad de e-l\u00edquido:<\/strong> Cada vape contiene 20 ml de e-l\u00edquido, minimizando la necesidad de reemplazos frecuentes.<\/li>\n<li><strong>Compacto y port\u00e1til:<\/strong> A pesar de sus potentes prestaciones, el dispositivo est\u00e1 dise\u00f1ado para ser port\u00e1til y f\u00e1cil de transportar.<\/li>\n<\/ul>\n<h3>\u00bfPor qu\u00e9 elegir Bang TN 12000?<\/h3>\n<p>El Bang TN 12000 destaca por su generosa duraci\u00f3n de la bater\u00eda y su gran capacidad de e-l\u00edquido, lo que lo convierte en la mejor opci\u00f3n para los vapeadores serios. Ofrece una amplia gama de sabores para adaptarse a cualquier preferencia de sabor, desde afrutado y refrescante a fresco y vigorizante. El mayor n\u00famero de caladas garantiza una experiencia de vapeo duradera, perfecta para aquellos que valoran tanto el sabor como la comodidad.<\/p>","protected":false},"excerpt":{"rendered":"<p>Bang TN 12000 combina portabilidad con una gran producci\u00f3n de vapor, con un robusto sistema de dep\u00f3sito y un elegante acabado. Dise\u00f1ado para la fiabilidad, es una opci\u00f3n superior para las necesidades de inventario a granel.<\/p>","protected":false},"featured_media":8880,"comment_status":"open","ping_status":"closed","template":"","meta":[],"product_brand":[],"product_cat":[481,22],"product_tag":[31],"class_list":{"0":"post-8830","1":"product","2":"type-product","3":"status-publish","4":"has-post-thumbnail","6":"product_cat-bang","7":"product_cat-disposable-vape-sticks","8":"product_tag-bang","10":"first","11":"instock","12":"shipping-taxable","13":"purchasable","14":"product-type-simple"},"jetpack_sharing_enabled":true,"tiered_pricing_type":"fixed","tiered_pricing_fixed_rules":[],"tiered_pricing_product_settings":{"layout":"default","base_unit_name":{"singular":null,"plural":null},"default_variation":null},"tiered_pricing_minimum_quantity":30,"tiered_pricing_roles_data":[],"tiered_pricing_percentage_rules":[],"tiered_pricing_maximum_quantity":null,"tiered_pricing_quantity_step":"10","_links":{"self":[{"href":"https:\/\/cloudsupplyvapes.com\/es\/wp-json\/wp\/v2\/product\/8830","targetHints":{"allow":["GET"]}}],"collection":[{"href":"https:\/\/cloudsupplyvapes.com\/es\/wp-json\/wp\/v2\/product"}],"about":[{"href":"https:\/\/cloudsupplyvapes.com\/es\/wp-json\/wp\/v2\/types\/product"}],"replies":[{"embeddable":true,"href":"https:\/\/cloudsupplyvapes.com\/es\/wp-json\/wp\/v2\/comments?post=8830"}],"wp:featuredmedia":[{"embeddable":true,"href":"https:\/\/cloudsupplyvapes.com\/es\/wp-json\/wp\/v2\/media\/8880"}],"wp:attachment":[{"href":"https:\/\/cloudsupplyvapes.com\/es\/wp-json\/wp\/v2\/media?parent=8830"}],"wp:term":[{"taxonomy":"product_brand","embeddable":true,"href":"https:\/\/cloudsupplyvapes.com\/es\/wp-json\/wp\/v2\/product_brand?post=8830"},{"taxonomy":"product_cat","embeddable":true,"href":"https:\/\/cloudsupplyvapes.com\/es\/wp-json\/wp\/v2\/product_cat?post=8830"},{"taxonomy":"product_tag","embeddable":true,"href":"https:\/\/cloudsupplyvapes.com\/es\/wp-json\/wp\/v2\/product_tag?post=8830"}],"curies":[{"name":"wp","href":"https:\/\/api.w.org\/{rel}","templated":true}]}}