{"id":8831,"date":"2024-10-19T03:02:46","date_gmt":"2024-10-19T03:02:46","guid":{"rendered":"https:\/\/cloudsupplyvapes.com\/?post_type=product&#038;p=8831"},"modified":"2024-11-19T06:54:14","modified_gmt":"2024-11-19T06:54:14","slug":"-276","status":"publish","type":"product","link":"https:\/\/cloudsupplyvapes.com\/es\/product\/bang-tornado-12000-12000-puff-disposable-vape-wholesale\/","title":{"rendered":"Bang Tornado 12000 Puffs Vape desechable al por mayor - Dise\u00f1o compacto, 12.000 Puffs, construcci\u00f3n duradera para la venta al por mayor"},"content":{"rendered":"<h2>Sabores disponibles:<\/h2>\n<ol>\n<li>Hielo de ar\u00e1ndanos<\/li>\n<li>Bubblegun de sand\u00eda<\/li>\n<li>Hielo Razz Azul<\/li>\n<li>Uva real<\/li>\n<li>Hielo de sand\u00eda<\/li>\n<li>Razberry de manzana \u00e1cida<\/li>\n<li>Melocot\u00f3n Mango Sand\u00eda<\/li>\n<li>Fresa Kiwi<\/li>\n<li>Kiwi fruta de la pasi\u00f3n Guayaba<\/li>\n<li>Sand\u00eda con fresa<\/li>\n<li>Zumo de fresa<\/li>\n<li>Hielo de drag\u00f3n negro<\/li>\n<li>sand\u00eda frambuesa<\/li>\n<li>Sand\u00eda fresa mel\u00f3n<\/li>\n<li>Melocot\u00f3n helado<\/li>\n<li>Frutas variadas<\/li>\n<li>Fresa frambuesa<\/li>\n<li>Ar\u00e1ndano cereza ar\u00e1ndano<\/li>\n<li>Fresa y mango<\/li>\n<li>Limonada de cereza y melocot\u00f3n<\/li>\n<\/ol>\n<h3>Especificaciones Bang Tornado 12000 Vape Desechable<\/h3>\n<table>\n<thead>\n<tr>\n<th><strong>Caracter\u00edstica<\/strong><\/th>\n<th><strong>Especificaci\u00f3n<\/strong><\/th>\n<\/tr>\n<\/thead>\n<tbody>\n<tr>\n<td>Capacidad de la bater\u00eda<\/td>\n<td>650 mAh<\/td>\n<\/tr>\n<tr>\n<td>Capacidad de e-l\u00edquido<\/td>\n<td>20 ml<\/td>\n<\/tr>\n<tr>\n<td>Potencia de nicotina<\/td>\n<td>0%, 2%, 3%, 5%(por defecto)<\/td>\n<\/tr>\n<tr>\n<td>Puffs<\/td>\n<td>Hasta 12000 caladas<\/td>\n<\/tr>\n<tr>\n<td>Precios<\/td>\n<td>$26-$29<\/td>\n<\/tr>\n<tr>\n<td>Dimensiones de la caja exterior<\/td>\n<td>42x41x19 cm; 18,85 kg\/200 piezas<\/td>\n<\/tr>\n<\/tbody>\n<\/table>\n<h3>Caracter\u00edsticas principales:<\/h3>\n<ul>\n<li><strong>Amplia selecci\u00f3n de sabores:<\/strong> Una variada selecci\u00f3n de 22 sabores garantiza un gusto para cada preferencia.<\/li>\n<li><strong>Mayor duraci\u00f3n de la bater\u00eda:<\/strong> Con una bater\u00eda de 650 mAh, disfruta de un uso prolongado sin recargas frecuentes.<\/li>\n<li><strong>Alto volumen de E-l\u00edquido:<\/strong> La capacidad de 20 ml permite un tiempo de vapeo considerable, hasta 12.000 caladas por dispositivo.<\/li>\n<li><strong>Opciones de nicotina flexibles:<\/strong> Niveles de nicotina adaptados a las preferencias individuales, desde sin nicotina hasta 3,5%.<\/li>\n<li><strong>Port\u00e1til y compacto:<\/strong> Ideal para vapear sobre la marcha, ofrece comodidad y estilo.<\/li>\n<\/ul>\n<h3>\u00bfPor qu\u00e9 elegir Bang Tornado 12000?<\/h3>\n<p>Para los vapeadores que buscan un rendimiento excepcional y variedad de sabores, el Bang Tornado 12000 ofrece una experiencia de vapeo superior. Su amplia selecci\u00f3n de sabores, combinada con especificaciones de alta capacidad, lo convierten en una opci\u00f3n l\u00edder en vapeadores desechables, atendiendo a todos los entusiastas del vapeo.<\/p>","protected":false},"excerpt":{"rendered":"<p>Bang Tornado ofrece una potente producci\u00f3n de vapor con el m\u00ednimo esfuerzo. Su construcci\u00f3n ergon\u00f3mica y su funcionamiento suave lo hacen ideal para los compradores a granel que buscan dispositivos de calidad.<\/p>","protected":false},"featured_media":8881,"comment_status":"open","ping_status":"closed","template":"","meta":[],"product_brand":[],"product_cat":[481,22],"product_tag":[31],"class_list":{"0":"post-8831","1":"product","2":"type-product","3":"status-publish","4":"has-post-thumbnail","6":"product_cat-bang","7":"product_cat-disposable-vape-sticks","8":"product_tag-bang","10":"first","11":"instock","12":"shipping-taxable","13":"purchasable","14":"product-type-simple"},"jetpack_sharing_enabled":true,"tiered_pricing_type":"fixed","tiered_pricing_fixed_rules":[],"tiered_pricing_product_settings":{"layout":"default","base_unit_name":{"singular":null,"plural":null},"default_variation":null},"tiered_pricing_minimum_quantity":30,"tiered_pricing_roles_data":[],"tiered_pricing_percentage_rules":[],"tiered_pricing_maximum_quantity":null,"tiered_pricing_quantity_step":"10","_links":{"self":[{"href":"https:\/\/cloudsupplyvapes.com\/es\/wp-json\/wp\/v2\/product\/8831","targetHints":{"allow":["GET"]}}],"collection":[{"href":"https:\/\/cloudsupplyvapes.com\/es\/wp-json\/wp\/v2\/product"}],"about":[{"href":"https:\/\/cloudsupplyvapes.com\/es\/wp-json\/wp\/v2\/types\/product"}],"replies":[{"embeddable":true,"href":"https:\/\/cloudsupplyvapes.com\/es\/wp-json\/wp\/v2\/comments?post=8831"}],"wp:featuredmedia":[{"embeddable":true,"href":"https:\/\/cloudsupplyvapes.com\/es\/wp-json\/wp\/v2\/media\/8881"}],"wp:attachment":[{"href":"https:\/\/cloudsupplyvapes.com\/es\/wp-json\/wp\/v2\/media?parent=8831"}],"wp:term":[{"taxonomy":"product_brand","embeddable":true,"href":"https:\/\/cloudsupplyvapes.com\/es\/wp-json\/wp\/v2\/product_brand?post=8831"},{"taxonomy":"product_cat","embeddable":true,"href":"https:\/\/cloudsupplyvapes.com\/es\/wp-json\/wp\/v2\/product_cat?post=8831"},{"taxonomy":"product_tag","embeddable":true,"href":"https:\/\/cloudsupplyvapes.com\/es\/wp-json\/wp\/v2\/product_tag?post=8831"}],"curies":[{"name":"wp","href":"https:\/\/api.w.org\/{rel}","templated":true}]}}