{"id":8832,"date":"2024-10-19T03:02:46","date_gmt":"2024-10-19T03:02:46","guid":{"rendered":"https:\/\/cloudsupplyvapes.com\/?post_type=product&#038;p=8832"},"modified":"2024-11-19T06:54:04","modified_gmt":"2024-11-19T06:54:04","slug":"-277","status":"publish","type":"product","link":"https:\/\/cloudsupplyvapes.com\/es\/product\/bang-king-12000-12000-puff-disposable-vape-wholesale\/","title":{"rendered":"Bang King 12000 Puffs Vape desechable al por mayor - 12.000 Puffs, bater\u00eda de larga duraci\u00f3n, gran capacidad para pedidos al por mayor"},"content":{"rendered":"<h2>Sabores disponibles:<\/h2>\n<ol>\n<li>Hielo de pi\u00f1a y coco<\/li>\n<li>Sand\u00eda Chicle<\/li>\n<li>Hielo triple de bayas<\/li>\n<li>Melocot\u00f3n helado<\/li>\n<li>Granada<\/li>\n<li>Hielo Razz Azul<\/li>\n<li>Sand\u00eda con fresa<\/li>\n<li>Mel\u00f3n menta<\/li>\n<li>Sherbert arco iris<\/li>\n<li>Fresa Mango<\/li>\n<li>Uva real<\/li>\n<li>Beso de pasi\u00f3n<\/li>\n<li>Manzana doble<\/li>\n<li>Melocot\u00f3n Mango<\/li>\n<li>Fresa Kiwi<\/li>\n<li>Hielo de sand\u00eda<\/li>\n<li>Azul mel\u00f3n<\/li>\n<li>Amor 66<\/li>\n<li>Sexo en la playa<\/li>\n<li>Melocot\u00f3n baya<\/li>\n<\/ol>\n<h3>Especificaciones Bang King 12000 Vape Desechable<\/h3>\n<table>\n<thead>\n<tr>\n<th><strong>Caracter\u00edstica<\/strong><\/th>\n<th><strong>Especificaci\u00f3n<\/strong><\/th>\n<\/tr>\n<\/thead>\n<tbody>\n<tr>\n<td>Capacidad de la bater\u00eda<\/td>\n<td>650 mAh<\/td>\n<\/tr>\n<tr>\n<td>Capacidad de e-l\u00edquido<\/td>\n<td>23 ml<\/td>\n<\/tr>\n<tr>\n<td>Potencia de nicotina<\/td>\n<td>0%, 2%, 3%, 5%(por defecto)<\/td>\n<\/tr>\n<tr>\n<td>Puffs<\/td>\n<td>Hasta 12000 caladas<\/td>\n<\/tr>\n<tr>\n<td>Dimensiones de la caja exterior<\/td>\n<td>49,0\u00d748,0x26,0 cm; 20,7 kg\/200 piezas<\/td>\n<\/tr>\n<\/tbody>\n<\/table>\n<h3>Caracter\u00edsticas principales:<\/h3>\n<ul>\n<li><strong>Gran variedad de sabores:<\/strong> Ofrece 20 sabores \u00fanicos y excitantes, que garantizan una elecci\u00f3n para cada gusto.<\/li>\n<li><strong>Mayor duraci\u00f3n de la bater\u00eda:<\/strong> Equipado con una bater\u00eda de 650mAh, este vape permite un uso prolongado de hasta 12000 caladas.<\/li>\n<li><strong>Gran capacidad de e-l\u00edquido:<\/strong> Cada vape viene con 23 ml de e-l\u00edquido, reduciendo la necesidad de recargas frecuentes.<\/li>\n<li><strong>Diversas opciones de nicotina:<\/strong> Adaptado a las distintas necesidades de los usuarios, desde sin nicotina hasta una concentraci\u00f3n de 3,5%.<\/li>\n<li><strong>Dise\u00f1o port\u00e1til:<\/strong> A pesar de su gran capacidad, es f\u00e1cil de transportar, perfecto para vapear fuera de casa.<\/li>\n<\/ul>\n<h3>\u00bfPor qu\u00e9 elegir Bang King 12000?<\/h3>\n<p>El Bang King 12000 est\u00e1 dise\u00f1ado para aquellos que buscan variedad y volumen en su experiencia de vapeo. Con su amplia gama de sabores y especificaciones de alto rendimiento, se erige como una opci\u00f3n ideal tanto para los vapeadores ocasionales como para los dedicados.<\/p>","protected":false},"excerpt":{"rendered":"<p>Bang King 12000 ofrece una experiencia de vapeo refinada con un flujo de aire dise\u00f1ado con precisi\u00f3n y un dise\u00f1o compacto. Su estructura ligera garantiza la comodidad para los pedidos a granel.<\/p>","protected":false},"featured_media":8882,"comment_status":"open","ping_status":"closed","template":"","meta":[],"product_brand":[],"product_cat":[481,22],"product_tag":[31],"class_list":{"0":"post-8832","1":"product","2":"type-product","3":"status-publish","4":"has-post-thumbnail","6":"product_cat-bang","7":"product_cat-disposable-vape-sticks","8":"product_tag-bang","10":"first","11":"instock","12":"shipping-taxable","13":"purchasable","14":"product-type-simple"},"jetpack_sharing_enabled":true,"tiered_pricing_type":"fixed","tiered_pricing_fixed_rules":[],"tiered_pricing_product_settings":{"layout":"default","base_unit_name":{"singular":null,"plural":null},"default_variation":null},"tiered_pricing_minimum_quantity":10,"tiered_pricing_roles_data":[],"tiered_pricing_percentage_rules":[],"tiered_pricing_maximum_quantity":null,"tiered_pricing_quantity_step":"10","_links":{"self":[{"href":"https:\/\/cloudsupplyvapes.com\/es\/wp-json\/wp\/v2\/product\/8832","targetHints":{"allow":["GET"]}}],"collection":[{"href":"https:\/\/cloudsupplyvapes.com\/es\/wp-json\/wp\/v2\/product"}],"about":[{"href":"https:\/\/cloudsupplyvapes.com\/es\/wp-json\/wp\/v2\/types\/product"}],"replies":[{"embeddable":true,"href":"https:\/\/cloudsupplyvapes.com\/es\/wp-json\/wp\/v2\/comments?post=8832"}],"wp:featuredmedia":[{"embeddable":true,"href":"https:\/\/cloudsupplyvapes.com\/es\/wp-json\/wp\/v2\/media\/8882"}],"wp:attachment":[{"href":"https:\/\/cloudsupplyvapes.com\/es\/wp-json\/wp\/v2\/media?parent=8832"}],"wp:term":[{"taxonomy":"product_brand","embeddable":true,"href":"https:\/\/cloudsupplyvapes.com\/es\/wp-json\/wp\/v2\/product_brand?post=8832"},{"taxonomy":"product_cat","embeddable":true,"href":"https:\/\/cloudsupplyvapes.com\/es\/wp-json\/wp\/v2\/product_cat?post=8832"},{"taxonomy":"product_tag","embeddable":true,"href":"https:\/\/cloudsupplyvapes.com\/es\/wp-json\/wp\/v2\/product_tag?post=8832"}],"curies":[{"name":"wp","href":"https:\/\/api.w.org\/{rel}","templated":true}]}}