{"id":8833,"date":"2024-10-19T03:02:46","date_gmt":"2024-10-19T03:02:46","guid":{"rendered":"https:\/\/cloudsupplyvapes.com\/?post_type=product&#038;p=8833"},"modified":"2024-11-19T06:53:54","modified_gmt":"2024-11-19T06:53:54","slug":"-278","status":"publish","type":"product","link":"https:\/\/cloudsupplyvapes.com\/es\/product\/bang-digital-15000-15000-puff-disposable-vape-wholesale\/","title":{"rendered":"Bang Digital 15000 Puffs Vape desechable al por mayor - Pantalla digital, 15.000 Puffs, bater\u00eda de larga duraci\u00f3n, a granel Vape Pods"},"content":{"rendered":"<h2>Sabores disponibles:<\/h2>\n<ol>\n<li>Blue Freeze<\/li>\n<li>Explosi\u00f3n de bayas<\/li>\n<li>Blue Cherry Lim\u00f3n<\/li>\n<li>Melocot\u00f3n helado<\/li>\n<li>Uva Freeze<\/li>\n<li>Melocot\u00f3n baya<\/li>\n<li>Manzana \u00e1cida Frambuesa<\/li>\n<li>Fruta triple<\/li>\n<li>Hielo exuberante<\/li>\n<li>Sand\u00eda con fresa<\/li>\n<li>Menta fresca<\/li>\n<li>Lichi de fresa<\/li>\n<\/ol>\n<h3>Especificaciones Bang Digital 15000 Vape desechable<\/h3>\n<table>\n<thead>\n<tr>\n<th><strong>Caracter\u00edstica<\/strong><\/th>\n<th><strong>Especificaci\u00f3n<\/strong><\/th>\n<\/tr>\n<\/thead>\n<tbody>\n<tr>\n<td>Capacidad de la bater\u00eda<\/td>\n<td>500 mAh<\/td>\n<\/tr>\n<tr>\n<td>Capacidad de e-l\u00edquido<\/td>\n<td>23 ml<\/td>\n<\/tr>\n<tr>\n<td>Potencia de nicotina<\/td>\n<td>0%, 2%, 3%, 5%(por defecto)<\/td>\n<\/tr>\n<tr>\n<td>Puffs<\/td>\n<td>Hasta 15000 bocanadas<\/td>\n<\/tr>\n<tr>\n<td>Caracter\u00edstica adicional<\/td>\n<td>Pantalla digital<\/td>\n<\/tr>\n<tr>\n<td>Peso de la caja exterior<\/td>\n<td>16,8 kg\/200 piezas<\/td>\n<\/tr>\n<\/tbody>\n<\/table>\n<h3>Caracter\u00edsticas principales:<\/h3>\n<ul>\n<li><strong>Diversas opciones de sabor:<\/strong> Una selecci\u00f3n de 12 sabores frescos, desde afrutados a mentolados, para todos los gustos.<\/li>\n<li><strong>Bater\u00eda de alta capacidad:<\/strong> A pesar de su tama\u00f1o compacto, la bater\u00eda de 500mAh soporta hasta 15000 caladas.<\/li>\n<li><strong>Volumen sustancial de E-l\u00edquido:<\/strong> Cada dispositivo viene precargado con 23 ml de e-l\u00edquido para largas sesiones de vapeo.<\/li>\n<li><strong>Niveles de nicotina ajustables:<\/strong> Disponible en varias concentraciones de nicotina para adaptarse a las preferencias individuales.<\/li>\n<li><strong>Innovadora pantalla digital:<\/strong> Mejora la experiencia del usuario proporcionando datos de uso en tiempo real.<\/li>\n<\/ul>\n<h3>\u00bfPor qu\u00e9 elegir Bang Digital 15000?<\/h3>\n<p>El Bang Digital 15000 es ideal para los vapeadores que aprecian la tecnolog\u00eda con comodidad. La pantalla digital ofrece un toque moderno, lo que permite a los usuarios realizar un seguimiento de sus h\u00e1bitos de vapeo mientras disfruta de una variedad de ricos sabores y una experiencia de vapeo de larga duraci\u00f3n.<\/p>","protected":false},"excerpt":{"rendered":"<p>Bang Digital 15000 cuenta con una pantalla intuitiva que permite realizar un seguimiento en tiempo real y optimizar el uso de la bater\u00eda. Su elegante dise\u00f1o la convierte en la favorita de los usuarios expertos en tecnolog\u00eda y los distribuidores a granel.<\/p>","protected":false},"featured_media":8883,"comment_status":"open","ping_status":"closed","template":"","meta":[],"product_brand":[],"product_cat":[481,22],"product_tag":[31],"class_list":{"0":"post-8833","1":"product","2":"type-product","3":"status-publish","4":"has-post-thumbnail","6":"product_cat-bang","7":"product_cat-disposable-vape-sticks","8":"product_tag-bang","10":"first","11":"instock","12":"shipping-taxable","13":"purchasable","14":"product-type-simple"},"jetpack_sharing_enabled":true,"tiered_pricing_type":"fixed","tiered_pricing_fixed_rules":[],"tiered_pricing_product_settings":{"layout":"default","base_unit_name":{"singular":null,"plural":null},"default_variation":null},"tiered_pricing_minimum_quantity":null,"tiered_pricing_roles_data":[],"tiered_pricing_percentage_rules":[],"tiered_pricing_maximum_quantity":null,"tiered_pricing_quantity_step":null,"_links":{"self":[{"href":"https:\/\/cloudsupplyvapes.com\/es\/wp-json\/wp\/v2\/product\/8833","targetHints":{"allow":["GET"]}}],"collection":[{"href":"https:\/\/cloudsupplyvapes.com\/es\/wp-json\/wp\/v2\/product"}],"about":[{"href":"https:\/\/cloudsupplyvapes.com\/es\/wp-json\/wp\/v2\/types\/product"}],"replies":[{"embeddable":true,"href":"https:\/\/cloudsupplyvapes.com\/es\/wp-json\/wp\/v2\/comments?post=8833"}],"wp:featuredmedia":[{"embeddable":true,"href":"https:\/\/cloudsupplyvapes.com\/es\/wp-json\/wp\/v2\/media\/8883"}],"wp:attachment":[{"href":"https:\/\/cloudsupplyvapes.com\/es\/wp-json\/wp\/v2\/media?parent=8833"}],"wp:term":[{"taxonomy":"product_brand","embeddable":true,"href":"https:\/\/cloudsupplyvapes.com\/es\/wp-json\/wp\/v2\/product_brand?post=8833"},{"taxonomy":"product_cat","embeddable":true,"href":"https:\/\/cloudsupplyvapes.com\/es\/wp-json\/wp\/v2\/product_cat?post=8833"},{"taxonomy":"product_tag","embeddable":true,"href":"https:\/\/cloudsupplyvapes.com\/es\/wp-json\/wp\/v2\/product_tag?post=8833"}],"curies":[{"name":"wp","href":"https:\/\/api.w.org\/{rel}","templated":true}]}}