{"id":8859,"date":"2024-10-19T03:03:08","date_gmt":"2024-10-19T03:03:08","guid":{"rendered":"https:\/\/cloudsupplyvapes.com\/?post_type=product&#038;p=8859"},"modified":"2024-11-19T06:52:54","modified_gmt":"2024-11-19T06:52:54","slug":"-280","status":"publish","type":"product","link":"https:\/\/cloudsupplyvapes.com\/es\/product\/bang-rocket-9000-18000-puff-disposable-vape-wholesale\/","title":{"rendered":"Bang Rocket 9000-18000 Puffs Vape desechable al por mayor - Dise\u00f1o Rocket, 18.000 Puffs, 15mL de capacidad, Bulk Ready"},"content":{"rendered":"<h2>Sabores disponibles:<\/h2>\n<ol>\n<li>Bomba alegre<\/li>\n<li>Helado de melocot\u00f3n jugoso<\/li>\n<li>Frutas tropicales<\/li>\n<li>Hielo de uva<\/li>\n<li>Melocot\u00f3n Mango<\/li>\n<li>Fresa Pl\u00e1tano<\/li>\n<li>Fresa Mango<\/li>\n<li>Hielo triple de bayas<\/li>\n<li>Sand\u00eda con fresa<\/li>\n<li>Hielo de sand\u00eda<\/li>\n<li>Hielo Razz Azul<\/li>\n<li>Hielo de manzana \u00e1cida<\/li>\n<\/ol>\n<h3>Bang Rocket 9000-18000 Especificaciones Vape Desechable<\/h3>\n<table>\n<thead>\n<tr>\n<th><strong>Caracter\u00edstica<\/strong><\/th>\n<th><strong>Especificaci\u00f3n<\/strong><\/th>\n<\/tr>\n<\/thead>\n<tbody>\n<tr>\n<td>Capacidad de la bater\u00eda<\/td>\n<td>650 mAh<\/td>\n<\/tr>\n<tr>\n<td>Capacidad de e-l\u00edquido<\/td>\n<td>20 ml<\/td>\n<\/tr>\n<tr>\n<td>Potencia de nicotina<\/td>\n<td>0%, 2%, 3%, 5%(por defecto)<\/td>\n<\/tr>\n<tr>\n<td>Tipo de bobina<\/td>\n<td>Doble malla<\/td>\n<\/tr>\n<tr>\n<td>Puffs<\/td>\n<td>9000-18000 bocanadas<\/td>\n<\/tr>\n<tr>\n<td>Dimensiones de la caja exterior<\/td>\n<td>64,5\u00d737,0x37,0 cm; 20,2 kg\/200 piezas<\/td>\n<\/tr>\n<\/tbody>\n<\/table>\n<h3>Caracter\u00edsticas principales:<\/h3>\n<ul>\n<li><strong>Gama vers\u00e1til de sabores:<\/strong> Una cuidada selecci\u00f3n de 12 sabores, de dulces a \u00e1cidos y refrescantes, para todos los paladares.<\/li>\n<li><strong>Flexible Puff Count:<\/strong> Ofrece una amplia gama de 9000 a 18000 caladas, para vapers moderados y pesados.<\/li>\n<li><strong>Tecnolog\u00eda avanzada de bobinas:<\/strong> Equipado con bobinas de doble malla para una producci\u00f3n de vapor m\u00e1s suave y sabrosa.<\/li>\n<li><strong>Alto volumen de E-l\u00edquido:<\/strong> Cada dispositivo viene precargado con 20 ml de e-l\u00edquido, mejorando la longevidad de las sesiones de vapeo.<\/li>\n<li><strong>Niveles de nicotina personalizables:<\/strong> Disponible en varias potencias, lo que ofrece opciones para usuarios con diferentes preferencias de nicotina.<\/li>\n<\/ul>\n<h3>\u00bfPor qu\u00e9 elegir Bang Rocket 9000-18000?<\/h3>\n<p>El Bang Rocket 9000-18000 combina versatilidad e innovaci\u00f3n, dise\u00f1ado para vapeadores que buscan un uso extensivo y diversos sabores con tecnolog\u00eda de bobina avanzada. Su n\u00famero de caladas adaptable y su robusta bater\u00eda garantizan una experiencia de vapeo satisfactoria y duradera.<\/p>","protected":false},"excerpt":{"rendered":"<p>Bang Rocket ofrece vaping vers\u00e1til con su dise\u00f1o elegante y ajustes personalizables. Dise\u00f1ado tanto para principiantes como para vapeadores experimentados, es un excelente complemento para los distribuidores mayoristas.<\/p>","protected":false},"featured_media":8885,"comment_status":"open","ping_status":"closed","template":"","meta":[],"product_brand":[],"product_cat":[481,22],"product_tag":[31],"class_list":{"0":"post-8859","1":"product","2":"type-product","3":"status-publish","4":"has-post-thumbnail","6":"product_cat-bang","7":"product_cat-disposable-vape-sticks","8":"product_tag-bang","10":"first","11":"instock","12":"shipping-taxable","13":"purchasable","14":"product-type-simple"},"jetpack_sharing_enabled":true,"tiered_pricing_type":"fixed","tiered_pricing_fixed_rules":[],"tiered_pricing_product_settings":{"layout":"default","base_unit_name":{"singular":null,"plural":null},"default_variation":null},"tiered_pricing_minimum_quantity":30,"tiered_pricing_roles_data":[],"tiered_pricing_percentage_rules":[],"tiered_pricing_maximum_quantity":null,"tiered_pricing_quantity_step":"10","_links":{"self":[{"href":"https:\/\/cloudsupplyvapes.com\/es\/wp-json\/wp\/v2\/product\/8859","targetHints":{"allow":["GET"]}}],"collection":[{"href":"https:\/\/cloudsupplyvapes.com\/es\/wp-json\/wp\/v2\/product"}],"about":[{"href":"https:\/\/cloudsupplyvapes.com\/es\/wp-json\/wp\/v2\/types\/product"}],"replies":[{"embeddable":true,"href":"https:\/\/cloudsupplyvapes.com\/es\/wp-json\/wp\/v2\/comments?post=8859"}],"wp:featuredmedia":[{"embeddable":true,"href":"https:\/\/cloudsupplyvapes.com\/es\/wp-json\/wp\/v2\/media\/8885"}],"wp:attachment":[{"href":"https:\/\/cloudsupplyvapes.com\/es\/wp-json\/wp\/v2\/media?parent=8859"}],"wp:term":[{"taxonomy":"product_brand","embeddable":true,"href":"https:\/\/cloudsupplyvapes.com\/es\/wp-json\/wp\/v2\/product_brand?post=8859"},{"taxonomy":"product_cat","embeddable":true,"href":"https:\/\/cloudsupplyvapes.com\/es\/wp-json\/wp\/v2\/product_cat?post=8859"},{"taxonomy":"product_tag","embeddable":true,"href":"https:\/\/cloudsupplyvapes.com\/es\/wp-json\/wp\/v2\/product_tag?post=8859"}],"curies":[{"name":"wp","href":"https:\/\/api.w.org\/{rel}","templated":true}]}}