{"id":8861,"date":"2024-10-19T03:03:08","date_gmt":"2024-10-19T03:03:08","guid":{"rendered":"https:\/\/cloudsupplyvapes.com\/?post_type=product&#038;p=8861"},"modified":"2024-11-19T06:52:34","modified_gmt":"2024-11-19T06:52:34","slug":"-282","status":"publish","type":"product","link":"https:\/\/cloudsupplyvapes.com\/es\/product\/bang-crystal-15000-puff-disposable-vape-wholesale\/","title":{"rendered":"Bang Crystal 15000 Puffs Vape Desechable al por mayor - 15.000 Puffs, elegante dise\u00f1o de cristal, 16mL E-Liquid, compra al por mayor"},"content":{"rendered":"<h2>Sabores disponibles:<\/h2>\n<ol>\n<li>Sand\u00eda con fresa<\/li>\n<li>Hielo triple de bayas<\/li>\n<li>Hielo exuberante<\/li>\n<li>Melocot\u00f3n helado<\/li>\n<li>Fresa Kiwi<\/li>\n<li>Hielo Razz Azul<\/li>\n<li>Aloe Uva<\/li>\n<li>Melocot\u00f3n Mango<\/li>\n<li>Manzana doble<\/li>\n<li>Frutas tropicales<\/li>\n<li>Fresa Pl\u00e1tano<\/li>\n<li>Kiwi Fruta de la pasi\u00f3n Guayaba<\/li>\n<li>Manzana \u00e1cida Frambuesa<\/li>\n<li>Sand\u00eda Chicle<\/li>\n<li>Yogur de fresa<\/li>\n<li>Hielo del Drag\u00f3n Negro<\/li>\n<li>Limonada rosa<\/li>\n<li>Cereza Pop<\/li>\n<li>Menta fresca<\/li>\n<li>Algod\u00f3n de az\u00facar<\/li>\n<\/ol>\n<h3>Especificaciones del vaporizador desechable Bang Crystal 15000<\/h3>\n<table>\n<thead>\n<tr>\n<th><strong>Caracter\u00edstica<\/strong><\/th>\n<th><strong>Especificaci\u00f3n<\/strong><\/th>\n<\/tr>\n<\/thead>\n<tbody>\n<tr>\n<td>Capacidad de la bater\u00eda<\/td>\n<td>550 mAh<\/td>\n<\/tr>\n<tr>\n<td>Capacidad de e-l\u00edquido<\/td>\n<td>25 ml<\/td>\n<\/tr>\n<tr>\n<td>Potencia de nicotina<\/td>\n<td>0%, 2%, 3%, 5%(por defecto)<\/td>\n<\/tr>\n<tr>\n<td>Puffs<\/td>\n<td>Hasta 15000 bocanadas<\/td>\n<\/tr>\n<tr>\n<td>Dimensiones de la caja exterior<\/td>\n<td>55\u00d728,5\u00d716 cm; 18,85 kg\/200 piezas<\/td>\n<\/tr>\n<\/tbody>\n<\/table>\n<h3>Caracter\u00edsticas principales:<\/h3>\n<ul>\n<li><strong>Cartera de sabores variados:<\/strong> Ofrece 20 sabores \u00fanicos, desde afrutados a refrescantes, dise\u00f1ados para satisfacer diversas preferencias de vapeo.<\/li>\n<li><strong>Placer Vaping sostenido:<\/strong> Cada vape soporta hasta 15000 caladas gracias a una potente bater\u00eda de 550mAh y una gran reserva de e-l\u00edquido.<\/li>\n<li><strong>Volumen sustancial de E-l\u00edquido:<\/strong> Precargado con 25 ml de e-l\u00edquido para mejorar la duraci\u00f3n y la intensidad de la experiencia de vapeo.<\/li>\n<li><strong>Niveles de nicotina variados:<\/strong> Disponible en varias concentraciones de nicotina, de 0% a 3,5%, para adaptarse a las distintas necesidades de los usuarios.<\/li>\n<li><strong>Compacto y pr\u00e1ctico:<\/strong> Dise\u00f1ado para facilitar su uso y portabilidad, por lo que es perfecto para vapear sobre la marcha.<\/li>\n<\/ul>\n<h3>\u00bfPor qu\u00e9 elegir Bang Crystal 15000?<\/h3>\n<p>El Bang Crystal 15000 es la elecci\u00f3n perfecta para los vapeadores que exigen calidad y variedad. Con una amplia gama de sabores y una bater\u00eda de larga duraci\u00f3n, ofrece una experiencia de vapeo consistente y agradable que dura. Ideal para aquellos que aprecian tanto el estilo como la sustancia en sus opciones de vapeo.<\/p>","protected":false},"excerpt":{"rendered":"<p>Bang Crystal 15000 combina una est\u00e9tica impactante con una funcionalidad excepcional. Su estructura compacta y su sistema optimizado de suministro de vapor satisfacen a los usuarios que buscan un dispositivo elegante a la par que pr\u00e1ctico.<\/p>","protected":false},"featured_media":8887,"comment_status":"open","ping_status":"closed","template":"","meta":[],"product_brand":[],"product_cat":[481,22],"product_tag":[31],"class_list":{"0":"post-8861","1":"product","2":"type-product","3":"status-publish","4":"has-post-thumbnail","6":"product_cat-bang","7":"product_cat-disposable-vape-sticks","8":"product_tag-bang","10":"first","11":"instock","12":"shipping-taxable","13":"purchasable","14":"product-type-simple"},"jetpack_sharing_enabled":true,"tiered_pricing_type":"fixed","tiered_pricing_fixed_rules":[],"tiered_pricing_product_settings":{"layout":"default","base_unit_name":{"singular":null,"plural":null},"default_variation":null},"tiered_pricing_minimum_quantity":50,"tiered_pricing_roles_data":[],"tiered_pricing_percentage_rules":[],"tiered_pricing_maximum_quantity":null,"tiered_pricing_quantity_step":"10","_links":{"self":[{"href":"https:\/\/cloudsupplyvapes.com\/es\/wp-json\/wp\/v2\/product\/8861","targetHints":{"allow":["GET"]}}],"collection":[{"href":"https:\/\/cloudsupplyvapes.com\/es\/wp-json\/wp\/v2\/product"}],"about":[{"href":"https:\/\/cloudsupplyvapes.com\/es\/wp-json\/wp\/v2\/types\/product"}],"replies":[{"embeddable":true,"href":"https:\/\/cloudsupplyvapes.com\/es\/wp-json\/wp\/v2\/comments?post=8861"}],"wp:featuredmedia":[{"embeddable":true,"href":"https:\/\/cloudsupplyvapes.com\/es\/wp-json\/wp\/v2\/media\/8887"}],"wp:attachment":[{"href":"https:\/\/cloudsupplyvapes.com\/es\/wp-json\/wp\/v2\/media?parent=8861"}],"wp:term":[{"taxonomy":"product_brand","embeddable":true,"href":"https:\/\/cloudsupplyvapes.com\/es\/wp-json\/wp\/v2\/product_brand?post=8861"},{"taxonomy":"product_cat","embeddable":true,"href":"https:\/\/cloudsupplyvapes.com\/es\/wp-json\/wp\/v2\/product_cat?post=8861"},{"taxonomy":"product_tag","embeddable":true,"href":"https:\/\/cloudsupplyvapes.com\/es\/wp-json\/wp\/v2\/product_tag?post=8861"}],"curies":[{"name":"wp","href":"https:\/\/api.w.org\/{rel}","templated":true}]}}