{"id":8862,"date":"2024-10-19T03:03:08","date_gmt":"2024-10-19T03:03:08","guid":{"rendered":"https:\/\/cloudsupplyvapes.com\/?post_type=product&#038;p=8862"},"modified":"2024-11-19T06:52:18","modified_gmt":"2024-11-19T06:52:18","slug":"-284","status":"publish","type":"product","link":"https:\/\/cloudsupplyvapes.com\/es\/product\/bang-20000-gear-puff-disposable-vape-wholesale\/","title":{"rendered":"Bang 20000 (Gear) Puffs Vape Desechable al por mayor - Gear Technology, 20,000 Puffs, 18mL Tank, Bulk Pods Ready"},"content":{"rendered":"<h2>Sabores disponibles:<\/h2>\n<ol>\n<li>Fresa Mango<\/li>\n<li>Bebida energ\u00e9tica<\/li>\n<li>Limonada de ar\u00e1ndanos y cerezas<\/li>\n<li>Hielo del Drag\u00f3n Negro<\/li>\n<li>Melocot\u00f3n helado<\/li>\n<li>Fresa Pl\u00e1tano<\/li>\n<li>Mezcla de frutas<\/li>\n<li>Hielo de ar\u00e1ndanos<\/li>\n<li>Hielo de sand\u00eda<\/li>\n<li>Fresa Kiwi<\/li>\n<li>Ar\u00e1ndano Frambuesa<\/li>\n<li>Sand\u00eda con fresa<\/li>\n<\/ol>\n<h3>Especificaciones del vaporizador desechable Bang 20000 (Gear)<\/h3>\n<table>\n<thead>\n<tr>\n<th><strong>Caracter\u00edstica<\/strong><\/th>\n<th><strong>Especificaci\u00f3n<\/strong><\/th>\n<\/tr>\n<\/thead>\n<tbody>\n<tr>\n<td>Capacidad de la bater\u00eda<\/td>\n<td>550 mAh<\/td>\n<\/tr>\n<tr>\n<td>Capacidad de e-l\u00edquido<\/td>\n<td>25 ml<\/td>\n<\/tr>\n<tr>\n<td>Potencia de nicotina<\/td>\n<td>0%, 2%, 3%, 5%(por defecto)<\/td>\n<\/tr>\n<tr>\n<td>Puffs<\/td>\n<td>Hasta 20000 bocanadas<\/td>\n<\/tr>\n<tr>\n<td>Peso del paquete<\/td>\n<td>19 kg\/200 piezas<\/td>\n<\/tr>\n<\/tbody>\n<\/table>\n<h3>Caracter\u00edsticas principales:<\/h3>\n<ul>\n<li><strong>Variedad de sabores:<\/strong> Ofrece una selecci\u00f3n de 12 sabores diversos y deliciosos para satisfacer una amplia gama de preferencias gustativas.<\/li>\n<li><strong>Gran cantidad de puff:<\/strong> Dise\u00f1ado para dar hasta 20000 caladas, garantizando una experiencia de vapeo duradera.<\/li>\n<li><strong>Generoso volumen de e-l\u00edquido:<\/strong> Precargado con 25 ml de e-l\u00edquido para prolongar la duraci\u00f3n entre recargas.<\/li>\n<li><strong>Potencia de nicotina personalizable:<\/strong> Disponible en varios niveles de nicotina, tanto para vapeadores nuevos como experimentados.<\/li>\n<li><strong>Compacto y f\u00e1cil de usar:<\/strong> Dise\u00f1ado para la comodidad y la portabilidad, perfecto para vapers en movimiento.<\/li>\n<\/ul>\n<h3>\u00bfPor qu\u00e9 elegir Bang 20000 (Gear)?<\/h3>\n<p>El Bang 20000 (Gear) est\u00e1 dise\u00f1ado para los vapeadores que priorizan la capacidad y la variedad de sabores. Combina una cantidad significativa de caladas con un amplio espectro de sabores, por lo que es una opci\u00f3n destacada para aquellos que buscan una experiencia de vapeo potente y satisfactoria.<\/p>","protected":false},"excerpt":{"rendered":"<p>Bang 20000 (Gear) cuenta con un innovador control del flujo de aire y un dise\u00f1o ergon\u00f3mico para una experiencia perfecta. Perfecto para los usuarios en movimiento, est\u00e1 dise\u00f1ado para los compradores a granel que buscan opciones de primera calidad.<\/p>","protected":false},"featured_media":8889,"comment_status":"open","ping_status":"closed","template":"","meta":[],"product_brand":[],"product_cat":[481,22],"product_tag":[31],"class_list":{"0":"post-8862","1":"product","2":"type-product","3":"status-publish","4":"has-post-thumbnail","6":"product_cat-bang","7":"product_cat-disposable-vape-sticks","8":"product_tag-bang","10":"first","11":"instock","12":"shipping-taxable","13":"purchasable","14":"product-type-simple"},"jetpack_sharing_enabled":true,"tiered_pricing_type":"fixed","tiered_pricing_fixed_rules":[],"tiered_pricing_product_settings":{"layout":"default","base_unit_name":{"singular":null,"plural":null},"default_variation":null},"tiered_pricing_minimum_quantity":30,"tiered_pricing_roles_data":[],"tiered_pricing_percentage_rules":[],"tiered_pricing_maximum_quantity":null,"tiered_pricing_quantity_step":"10","_links":{"self":[{"href":"https:\/\/cloudsupplyvapes.com\/es\/wp-json\/wp\/v2\/product\/8862","targetHints":{"allow":["GET"]}}],"collection":[{"href":"https:\/\/cloudsupplyvapes.com\/es\/wp-json\/wp\/v2\/product"}],"about":[{"href":"https:\/\/cloudsupplyvapes.com\/es\/wp-json\/wp\/v2\/types\/product"}],"replies":[{"embeddable":true,"href":"https:\/\/cloudsupplyvapes.com\/es\/wp-json\/wp\/v2\/comments?post=8862"}],"wp:featuredmedia":[{"embeddable":true,"href":"https:\/\/cloudsupplyvapes.com\/es\/wp-json\/wp\/v2\/media\/8889"}],"wp:attachment":[{"href":"https:\/\/cloudsupplyvapes.com\/es\/wp-json\/wp\/v2\/media?parent=8862"}],"wp:term":[{"taxonomy":"product_brand","embeddable":true,"href":"https:\/\/cloudsupplyvapes.com\/es\/wp-json\/wp\/v2\/product_brand?post=8862"},{"taxonomy":"product_cat","embeddable":true,"href":"https:\/\/cloudsupplyvapes.com\/es\/wp-json\/wp\/v2\/product_cat?post=8862"},{"taxonomy":"product_tag","embeddable":true,"href":"https:\/\/cloudsupplyvapes.com\/es\/wp-json\/wp\/v2\/product_tag?post=8862"}],"curies":[{"name":"wp","href":"https:\/\/api.w.org\/{rel}","templated":true}]}}