{"id":8863,"date":"2024-10-19T03:03:09","date_gmt":"2024-10-19T03:03:09","guid":{"rendered":"https:\/\/cloudsupplyvapes.com\/?post_type=product&#038;p=8863"},"modified":"2024-11-19T06:52:09","modified_gmt":"2024-11-19T06:52:09","slug":"-285","status":"publish","type":"product","link":"https:\/\/cloudsupplyvapes.com\/es\/product\/bang-25000-puff-disposable-vape-wholesale\/","title":{"rendered":"Bang 25000 Puffs Vape desechable al por mayor - 25.000 Puffs, dise\u00f1o recargable, vainas a prueba de fugas para la venta al por mayor"},"content":{"rendered":"<h2>Sabores disponibles:<\/h2>\n<ol>\n<li>Hielo de sand\u00eda<\/li>\n<li>Fresa Kiwi<\/li>\n<li>Fresa helada<\/li>\n<li>Mango Melocot\u00f3n<\/li>\n<li>Ar\u00e1ndano Frambuesa<\/li>\n<li>Menta con ar\u00e1ndanos<\/li>\n<li>Mezcla de frutas<\/li>\n<li>Sand\u00eda con fresa<\/li>\n<li>Hielo de uva<\/li>\n<li>Sand\u00eda Chicle<\/li>\n<li>Hielo de ar\u00e1ndanos<\/li>\n<li>Sangre de tigre<\/li>\n<\/ol>\n<h3>Especificaciones Bang 25000 Vape desechable<\/h3>\n<table>\n<thead>\n<tr>\n<th><strong>Caracter\u00edstica<\/strong><\/th>\n<th><strong>Especificaci\u00f3n<\/strong><\/th>\n<\/tr>\n<\/thead>\n<tbody>\n<tr>\n<td>Capacidad de la bater\u00eda<\/td>\n<td>650 mAh<\/td>\n<\/tr>\n<tr>\n<td>Capacidad de e-l\u00edquido<\/td>\n<td>25 ml<\/td>\n<\/tr>\n<tr>\n<td>Potencia de nicotina<\/td>\n<td>0%, 2%, 3%, 5%(por defecto)<\/td>\n<\/tr>\n<tr>\n<td>Puffs<\/td>\n<td>Hasta 25.000 caladas<\/td>\n<\/tr>\n<tr>\n<td>Precios<\/td>\n<td>$38-$45<\/td>\n<\/tr>\n<tr>\n<td>Peso del paquete<\/td>\n<td>21,5 kg\/200 piezas<\/td>\n<\/tr>\n<\/tbody>\n<\/table>\n<h3>Caracter\u00edsticas principales:<\/h3>\n<ul>\n<li><strong>Amplia colecci\u00f3n de sabores:<\/strong> Un rico surtido de 12 sabores que satisfacen las preferencias de cada vapeador.<\/li>\n<li><strong>Gran capacidad de soplado:<\/strong> Ofrece hasta 25.000 caladas, dise\u00f1ada para un uso prolongado y un rendimiento constante.<\/li>\n<li><strong>Amplio volumen de e-l\u00edquido:<\/strong> Cada dispositivo se llena con 25 ml de e-l\u00edquido, lo que aumenta la longevidad y la satisfacci\u00f3n de cada sesi\u00f3n.<\/li>\n<li><strong>Opciones de nicotina variable:<\/strong> Disponible en varias concentraciones de nicotina para satisfacer tanto a los consumidores ocasionales como a los que est\u00e1n dejando de fumar.<\/li>\n<li><strong>Bater\u00eda duradera y potente:<\/strong> Una bater\u00eda de 650mAh garantiza fiabilidad y un largo tiempo de vapeo entre cargas.<\/li>\n<\/ul>\n<h3>\u00bfPor qu\u00e9 elegir Bang 25000?<\/h3>\n<p>El Bang 25000 destaca como una opci\u00f3n excepcional para los vapeadores que buscan un dispositivo de primera calidad que ofrezca variedad y volumen. Con su gran cantidad de caladas y diversas opciones de sabor, proporciona una experiencia de vapeo completa que satisface las necesidades de una amplia gama de vapeadores, desde principiantes hasta expertos.<\/p>","protected":false},"excerpt":{"rendered":"<p>Con una construcci\u00f3n duradera y una activaci\u00f3n intuitiva del sorteo, Bang 25000 garantiza un rendimiento sin problemas. Su construcci\u00f3n ligera y su ingenier\u00eda de precisi\u00f3n la convierten en un producto imprescindible para los mercados mayoristas de gran demanda.<\/p>","protected":false},"featured_media":8915,"comment_status":"open","ping_status":"closed","template":"","meta":[],"product_brand":[],"product_cat":[481,22],"product_tag":[31],"class_list":{"0":"post-8863","1":"product","2":"type-product","3":"status-publish","4":"has-post-thumbnail","6":"product_cat-bang","7":"product_cat-disposable-vape-sticks","8":"product_tag-bang","10":"first","11":"instock","12":"shipping-taxable","13":"purchasable","14":"product-type-simple"},"jetpack_sharing_enabled":true,"tiered_pricing_type":"fixed","tiered_pricing_fixed_rules":[],"tiered_pricing_product_settings":{"layout":"default","base_unit_name":{"singular":null,"plural":null},"default_variation":null},"tiered_pricing_minimum_quantity":30,"tiered_pricing_roles_data":[],"tiered_pricing_percentage_rules":[],"tiered_pricing_maximum_quantity":null,"tiered_pricing_quantity_step":"10","_links":{"self":[{"href":"https:\/\/cloudsupplyvapes.com\/es\/wp-json\/wp\/v2\/product\/8863","targetHints":{"allow":["GET"]}}],"collection":[{"href":"https:\/\/cloudsupplyvapes.com\/es\/wp-json\/wp\/v2\/product"}],"about":[{"href":"https:\/\/cloudsupplyvapes.com\/es\/wp-json\/wp\/v2\/types\/product"}],"replies":[{"embeddable":true,"href":"https:\/\/cloudsupplyvapes.com\/es\/wp-json\/wp\/v2\/comments?post=8863"}],"wp:featuredmedia":[{"embeddable":true,"href":"https:\/\/cloudsupplyvapes.com\/es\/wp-json\/wp\/v2\/media\/8915"}],"wp:attachment":[{"href":"https:\/\/cloudsupplyvapes.com\/es\/wp-json\/wp\/v2\/media?parent=8863"}],"wp:term":[{"taxonomy":"product_brand","embeddable":true,"href":"https:\/\/cloudsupplyvapes.com\/es\/wp-json\/wp\/v2\/product_brand?post=8863"},{"taxonomy":"product_cat","embeddable":true,"href":"https:\/\/cloudsupplyvapes.com\/es\/wp-json\/wp\/v2\/product_cat?post=8863"},{"taxonomy":"product_tag","embeddable":true,"href":"https:\/\/cloudsupplyvapes.com\/es\/wp-json\/wp\/v2\/product_tag?post=8863"}],"curies":[{"name":"wp","href":"https:\/\/api.w.org\/{rel}","templated":true}]}}