{"id":8864,"date":"2024-10-19T03:03:09","date_gmt":"2024-10-19T03:03:09","guid":{"rendered":"https:\/\/cloudsupplyvapes.com\/?post_type=product&#038;p=8864"},"modified":"2024-11-19T06:51:58","modified_gmt":"2024-11-19T06:51:58","slug":"-288","status":"publish","type":"product","link":"https:\/\/cloudsupplyvapes.com\/es\/product\/bang-36000-puff-disposable-vape-wholesale\/","title":{"rendered":"Bang 36000 Puffs Vape Desechable al por mayor - Calidad Premium, Capacidad 22mL, Bater\u00eda de larga duraci\u00f3n, Pods a Granel Disponibles"},"content":{"rendered":"<h2>Sabores disponibles:<\/h2>\n<ol>\n<li>Fresa Kiwi<\/li>\n<li>Melocot\u00f3n Mango Sand\u00eda<\/li>\n<li>Frutas variadas<\/li>\n<li>Hielo de menta<\/li>\n<li>Melocot\u00f3n Mango<\/li>\n<li>Hielo de uva<\/li>\n<li>Manzanas dobles<\/li>\n<li>Fresa Frambuesa<\/li>\n<li>Hielo de ar\u00e1ndanos<\/li>\n<li>Sand\u00eda con fresa<\/li>\n<li>Hielo de sand\u00eda<\/li>\n<li>Fresa Mango<\/li>\n<\/ol>\n<h3>Especificaciones Bang 36000 Vape desechable<\/h3>\n<table>\n<thead>\n<tr>\n<th><strong>Caracter\u00edstica<\/strong><\/th>\n<th><strong>Especificaci\u00f3n<\/strong><\/th>\n<\/tr>\n<\/thead>\n<tbody>\n<tr>\n<td>Capacidad de la bater\u00eda<\/td>\n<td>No especificado<\/td>\n<\/tr>\n<tr>\n<td>Capacidad de e-l\u00edquido<\/td>\n<td>No especificado<\/td>\n<\/tr>\n<tr>\n<td>Potencia de nicotina<\/td>\n<td>0%, 2%, 3%, 5%(por defecto)<\/td>\n<\/tr>\n<tr>\n<td>Puffs<\/td>\n<td>Hasta 36000 caladas<\/td>\n<\/tr>\n<tr>\n<td>Peso del paquete<\/td>\n<td>22 kg\/200 piezas<\/td>\n<\/tr>\n<\/tbody>\n<\/table>\n<h3>Caracter\u00edsticas principales:<\/h3>\n<ul>\n<li><strong>Amplia selecci\u00f3n de sabores:<\/strong> 12 sabores distintivos y atractivos para satisfacer una amplia gama de preferencias gustativas.<\/li>\n<li><strong>Cantidad masiva de Puff:<\/strong> Ofrece hasta 36000 caladas, ideal para un uso prolongado y para reducir la frecuencia de las sustituciones.<\/li>\n<li><strong>Altamente port\u00e1til:<\/strong> A pesar de su gran capacidad, sigue siendo port\u00e1til y f\u00e1cil de usar, ideal para vapear sobre la marcha.<\/li>\n<li><strong>Gran variedad:<\/strong> Desde afrutado a refrescante menta, las opciones de sabor proporcionan una experiencia de vapeo completa.<\/li>\n<\/ul>\n<h3>\u00bfPor qu\u00e9 elegir Bang 36000?<\/h3>\n<p>El Bang 36000 destaca por su incre\u00edble n\u00famero de caladas, convirti\u00e9ndolo en uno de los vaporizadores desechables m\u00e1s duraderos del mercado. Est\u00e1 dise\u00f1ado para vapers que desean un uso prolongado sin sacrificar el sabor o el rendimiento. Ideal para aquellos que no quieren la molestia de frecuentes cambios de dispositivo.<\/p>","protected":false},"excerpt":{"rendered":"<p>Bang 36000 ofrece una salida de vapor consistente con su avanzado sistema de flujo de aire y un uso eficiente del e-l\u00edquido. Dise\u00f1ado para sesiones prolongadas, es una opci\u00f3n de primera calidad para los compradores a granel que buscan fiabilidad.<\/p>","protected":false},"featured_media":8918,"comment_status":"open","ping_status":"closed","template":"","meta":[],"product_brand":[],"product_cat":[481,22],"product_tag":[31],"class_list":{"0":"post-8864","1":"product","2":"type-product","3":"status-publish","4":"has-post-thumbnail","6":"product_cat-bang","7":"product_cat-disposable-vape-sticks","8":"product_tag-bang","10":"first","11":"instock","12":"shipping-taxable","13":"purchasable","14":"product-type-simple"},"jetpack_sharing_enabled":true,"tiered_pricing_type":"fixed","tiered_pricing_fixed_rules":[],"tiered_pricing_product_settings":{"layout":"default","base_unit_name":{"singular":null,"plural":null},"default_variation":null},"tiered_pricing_minimum_quantity":null,"tiered_pricing_roles_data":[],"tiered_pricing_percentage_rules":[],"tiered_pricing_maximum_quantity":null,"tiered_pricing_quantity_step":null,"_links":{"self":[{"href":"https:\/\/cloudsupplyvapes.com\/es\/wp-json\/wp\/v2\/product\/8864","targetHints":{"allow":["GET"]}}],"collection":[{"href":"https:\/\/cloudsupplyvapes.com\/es\/wp-json\/wp\/v2\/product"}],"about":[{"href":"https:\/\/cloudsupplyvapes.com\/es\/wp-json\/wp\/v2\/types\/product"}],"replies":[{"embeddable":true,"href":"https:\/\/cloudsupplyvapes.com\/es\/wp-json\/wp\/v2\/comments?post=8864"}],"wp:featuredmedia":[{"embeddable":true,"href":"https:\/\/cloudsupplyvapes.com\/es\/wp-json\/wp\/v2\/media\/8918"}],"wp:attachment":[{"href":"https:\/\/cloudsupplyvapes.com\/es\/wp-json\/wp\/v2\/media?parent=8864"}],"wp:term":[{"taxonomy":"product_brand","embeddable":true,"href":"https:\/\/cloudsupplyvapes.com\/es\/wp-json\/wp\/v2\/product_brand?post=8864"},{"taxonomy":"product_cat","embeddable":true,"href":"https:\/\/cloudsupplyvapes.com\/es\/wp-json\/wp\/v2\/product_cat?post=8864"},{"taxonomy":"product_tag","embeddable":true,"href":"https:\/\/cloudsupplyvapes.com\/es\/wp-json\/wp\/v2\/product_tag?post=8864"}],"curies":[{"name":"wp","href":"https:\/\/api.w.org\/{rel}","templated":true}]}}