{"id":8865,"date":"2024-10-19T03:03:09","date_gmt":"2024-10-19T03:03:09","guid":{"rendered":"https:\/\/cloudsupplyvapes.com\/?post_type=product&#038;p=8865"},"modified":"2024-11-19T06:50:26","modified_gmt":"2024-11-19T06:50:26","slug":"-289","status":"publish","type":"product","link":"https:\/\/cloudsupplyvapes.com\/es\/product\/bang-pulse-9-18k-puff-disposable-vape-wholesale\/","title":{"rendered":"Bang Pulse 9K-18K Puffs Vape desechable al por mayor - flujo de aire ajustable, doble bobina de malla, alta capacidad de Puff para pedidos a granel"},"content":{"rendered":"<h2>Sabores disponibles:<\/h2>\n<ol>\n<li>Bomba alegre<\/li>\n<li>Helado de melocot\u00f3n jugoso<\/li>\n<li>Frutas tropicales<\/li>\n<li>Hielo de uva<\/li>\n<li>Melocot\u00f3n Mango<\/li>\n<li>Fresa Pl\u00e1tano<\/li>\n<li>Fresa Mango<\/li>\n<li>Hielo triple de bayas<\/li>\n<li>Sand\u00eda con fresa<\/li>\n<li>Hielo de sand\u00eda<\/li>\n<li>Hielo Razz Azul<\/li>\n<li>Hielo de manzana \u00e1cida<\/li>\n<\/ol>\n<h3>Especificaciones del vaporizador desechable Bang Pulse 9-18K<\/h3>\n<table>\n<thead>\n<tr>\n<th><strong>Caracter\u00edstica<\/strong><\/th>\n<th><strong>Especificaci\u00f3n<\/strong><\/th>\n<\/tr>\n<\/thead>\n<tbody>\n<tr>\n<td>Capacidad de la bater\u00eda<\/td>\n<td>650 mAh<\/td>\n<\/tr>\n<tr>\n<td>Capacidad de e-l\u00edquido<\/td>\n<td>20 ml<\/td>\n<\/tr>\n<tr>\n<td>Potencia de nicotina<\/td>\n<td>0%, 2%, 3%, 5%(por defecto)<\/td>\n<\/tr>\n<tr>\n<td>Tipo de bobina<\/td>\n<td>Doble malla<\/td>\n<\/tr>\n<tr>\n<td>Puffs<\/td>\n<td>9000-18000 bocanadas<\/td>\n<\/tr>\n<tr>\n<td>Peso del paquete<\/td>\n<td>20,2 kg\/200 piezas<\/td>\n<\/tr>\n<\/tbody>\n<\/table>\n<h3>Caracter\u00edsticas principales:<\/h3>\n<ul>\n<li><strong>Gama Puff Flexible:<\/strong> Ofrece una amplia gama de caladas de 9000 a 18000, permitiendo a los usuarios elegir seg\u00fan sus necesidades de vapeo.<\/li>\n<li><strong>Diversa selecci\u00f3n de sabores:<\/strong> Ofrece 12 sabores din\u00e1micos, desde afrutados a helados, para satisfacer las distintas preferencias gustativas.<\/li>\n<li><strong>Tecnolog\u00eda avanzada de bobinas:<\/strong> Incorpora bobinas de doble malla para una experiencia de vapeo m\u00e1s suave y sabrosa.<\/li>\n<li><strong>Generosa capacidad de e-l\u00edquido:<\/strong> Cada dispositivo viene con 20 ml de e-l\u00edquido, lo que garantiza un uso duradero entre recargas.<\/li>\n<li><strong>Uso optimizado de la bater\u00eda:<\/strong> Una robusta bater\u00eda de 650 mAh permite un uso intensivo durante toda la vida \u00fatil del vapeador.<\/li>\n<\/ul>\n<h3>\u00bfPor qu\u00e9 elegir Bang Pulse 9-18K?<\/h3>\n<p>El Bang Pulse 9-18K est\u00e1 dise\u00f1ado para los vapeadores que valoran la flexibilidad en su experiencia de vapeo, ofreciendo una amplia gama de caladas y sabores. Este dispositivo combina la tecnolog\u00eda de bobina de vanguardia con una capacidad sustancial e-l\u00edquido, por lo que es una opci\u00f3n preferida para los vapers casuales y \u00e1vidos.<\/p>","protected":false},"excerpt":{"rendered":"<p>Bang Pulse ofrece una versatilidad excepcional con un flujo de aire personalizable y una tecnolog\u00eda de bobina superior. Su dise\u00f1o ergon\u00f3mico y su funcionamiento suave lo hacen ideal para los mercados mayoristas.<\/p>","protected":false},"featured_media":8919,"comment_status":"open","ping_status":"closed","template":"","meta":[],"product_brand":[],"product_cat":[481,22],"product_tag":[31],"class_list":{"0":"post-8865","1":"product","2":"type-product","3":"status-publish","4":"has-post-thumbnail","6":"product_cat-bang","7":"product_cat-disposable-vape-sticks","8":"product_tag-bang","10":"first","11":"instock","12":"shipping-taxable","13":"purchasable","14":"product-type-simple"},"jetpack_sharing_enabled":true,"tiered_pricing_type":"fixed","tiered_pricing_fixed_rules":[],"tiered_pricing_product_settings":{"layout":"default","base_unit_name":{"singular":null,"plural":null},"default_variation":null},"tiered_pricing_minimum_quantity":30,"tiered_pricing_roles_data":[],"tiered_pricing_percentage_rules":[],"tiered_pricing_maximum_quantity":null,"tiered_pricing_quantity_step":"10","_links":{"self":[{"href":"https:\/\/cloudsupplyvapes.com\/es\/wp-json\/wp\/v2\/product\/8865","targetHints":{"allow":["GET"]}}],"collection":[{"href":"https:\/\/cloudsupplyvapes.com\/es\/wp-json\/wp\/v2\/product"}],"about":[{"href":"https:\/\/cloudsupplyvapes.com\/es\/wp-json\/wp\/v2\/types\/product"}],"replies":[{"embeddable":true,"href":"https:\/\/cloudsupplyvapes.com\/es\/wp-json\/wp\/v2\/comments?post=8865"}],"wp:featuredmedia":[{"embeddable":true,"href":"https:\/\/cloudsupplyvapes.com\/es\/wp-json\/wp\/v2\/media\/8919"}],"wp:attachment":[{"href":"https:\/\/cloudsupplyvapes.com\/es\/wp-json\/wp\/v2\/media?parent=8865"}],"wp:term":[{"taxonomy":"product_brand","embeddable":true,"href":"https:\/\/cloudsupplyvapes.com\/es\/wp-json\/wp\/v2\/product_brand?post=8865"},{"taxonomy":"product_cat","embeddable":true,"href":"https:\/\/cloudsupplyvapes.com\/es\/wp-json\/wp\/v2\/product_cat?post=8865"},{"taxonomy":"product_tag","embeddable":true,"href":"https:\/\/cloudsupplyvapes.com\/es\/wp-json\/wp\/v2\/product_tag?post=8865"}],"curies":[{"name":"wp","href":"https:\/\/api.w.org\/{rel}","templated":true}]}}