{"id":8866,"date":"2024-10-19T03:03:09","date_gmt":"2024-10-19T03:03:09","guid":{"rendered":"https:\/\/cloudsupplyvapes.com\/?post_type=product&#038;p=8866"},"modified":"2024-11-19T06:50:17","modified_gmt":"2024-11-19T06:50:17","slug":"-291","status":"publish","type":"product","link":"https:\/\/cloudsupplyvapes.com\/es\/product\/bang-30000-puff-disposable-vape-wholesale\/","title":{"rendered":"Bang 30000 Puffs Vape Desechable al por mayor - 20mL E-Liquid, recargable, de larga duraci\u00f3n Pods para la compra a granel"},"content":{"rendered":"<h2>Sabores disponibles:<\/h2>\n<ol>\n<li>Hielo de ar\u00e1ndano y hielo de drag\u00f3n negro<\/li>\n<li>Hielo de ar\u00e1ndano y fresa y pl\u00e1tano<\/li>\n<li>Frambuesa con ar\u00e1ndanos y mezcla de frutas enmohecidas<\/li>\n<li>Ar\u00e1ndano Frambuesa y melocot\u00f3n Mango Sand\u00eda<\/li>\n<li>Red Bull y sand\u00eda con ar\u00e1ndanos<\/li>\n<li>Red Bull y caramelos de burbujas de sand\u00eda<\/li>\n<li>Hielo de fresa, sand\u00eda y uva<\/li>\n<li>Helado de fresa, kiwi y melocot\u00f3n<\/li>\n<li>Fresa Kiwi &amp; Manzana \u00e1cida Frambuesa<\/li>\n<li>Fresa Sand\u00eda y Kiwi Fruta de la Pasi\u00f3n Guayaba<\/li>\n<li>Hielo de sand\u00eda y menta con ar\u00e1ndanos<\/li>\n<li>Hielo de Sand\u00eda y Fresa y Mango<\/li>\n<\/ol>\n<h3>Especificaciones del Vape Desechable Bang 30000<\/h3>\n<table>\n<thead>\n<tr>\n<th><strong>Caracter\u00edstica<\/strong><\/th>\n<th><strong>Especificaci\u00f3n<\/strong><\/th>\n<\/tr>\n<\/thead>\n<tbody>\n<tr>\n<td>Capacidad de la bater\u00eda<\/td>\n<td>550 mAh<\/td>\n<\/tr>\n<tr>\n<td>Capacidad de e-l\u00edquido<\/td>\n<td>36 ml<\/td>\n<\/tr>\n<tr>\n<td>Potencia de nicotina<\/td>\n<td>0%, 2%, 3%, 5%(por defecto)<\/td>\n<\/tr>\n<tr>\n<td>Puffs<\/td>\n<td>Hasta 30000 bocanadas<\/td>\n<\/tr>\n<tr>\n<td>Peso del paquete<\/td>\n<td>21 kg\/180 piezas<\/td>\n<\/tr>\n<\/tbody>\n<\/table>\n<h3>Caracter\u00edsticas principales:<\/h3>\n<ul>\n<li><strong>Combinaciones \u00fanicas de dos sabores:<\/strong> Cada dispositivo ofrece un par de sabores perfectamente mezclados para una experiencia de vapeo \u00fanica.<\/li>\n<li><strong>Capacidad masiva de e-l\u00edquido:<\/strong> Precargado con 36 ml de e-l\u00edquido para soportar largas sesiones de vapeo sin recargas frecuentes.<\/li>\n<li><strong>Gran cantidad de puff:<\/strong> Dise\u00f1ado para proporcionar hasta 30000 caladas, ideal para usuarios que buscan un producto de larga duraci\u00f3n.<\/li>\n<li><strong>Niveles variables de nicotina:<\/strong> Disponible en varias potencias para satisfacer tanto a usuarios ligeros como pesados.<\/li>\n<li><strong>Bater\u00eda compacta y eficiente:<\/strong> Una bater\u00eda de 550 mAh proporciona una potencia fiable, garantizando una salida constante durante toda la vida \u00fatil del vapeador.<\/li>\n<\/ul>\n<h3>\u00bfPor qu\u00e9 elegir Bang 30000?<\/h3>\n<p>El Bang 30000 destaca por su innovador sistema de doble sabor y su gran capacidad de calada, lo que lo convierte en la mejor opci\u00f3n para los vapeadores que buscan diversidad y longevidad en su viaje de vapeo. Es perfecto para aquellos que aprecian los perfiles de sabor complejos y el uso prolongado.<\/p>","protected":false},"excerpt":{"rendered":"<p>Bang 30000 combina un e-l\u00edquido de gran capacidad con una avanzada optimizaci\u00f3n del vapor, garantizando un rendimiento fiable. Una opci\u00f3n perfecta para los compradores a granel que buscan calidad y un uso duradero.<\/p>","protected":false},"featured_media":8923,"comment_status":"open","ping_status":"closed","template":"","meta":[],"product_brand":[],"product_cat":[481,22],"product_tag":[31],"class_list":{"0":"post-8866","1":"product","2":"type-product","3":"status-publish","4":"has-post-thumbnail","6":"product_cat-bang","7":"product_cat-disposable-vape-sticks","8":"product_tag-bang","10":"first","11":"instock","12":"featured","13":"shipping-taxable","14":"purchasable","15":"product-type-simple"},"jetpack_sharing_enabled":true,"tiered_pricing_type":"fixed","tiered_pricing_fixed_rules":[],"tiered_pricing_product_settings":{"layout":"default","base_unit_name":{"singular":null,"plural":null},"default_variation":null},"tiered_pricing_minimum_quantity":10,"tiered_pricing_roles_data":[],"tiered_pricing_percentage_rules":[],"tiered_pricing_maximum_quantity":null,"tiered_pricing_quantity_step":"10","_links":{"self":[{"href":"https:\/\/cloudsupplyvapes.com\/es\/wp-json\/wp\/v2\/product\/8866","targetHints":{"allow":["GET"]}}],"collection":[{"href":"https:\/\/cloudsupplyvapes.com\/es\/wp-json\/wp\/v2\/product"}],"about":[{"href":"https:\/\/cloudsupplyvapes.com\/es\/wp-json\/wp\/v2\/types\/product"}],"replies":[{"embeddable":true,"href":"https:\/\/cloudsupplyvapes.com\/es\/wp-json\/wp\/v2\/comments?post=8866"}],"wp:featuredmedia":[{"embeddable":true,"href":"https:\/\/cloudsupplyvapes.com\/es\/wp-json\/wp\/v2\/media\/8923"}],"wp:attachment":[{"href":"https:\/\/cloudsupplyvapes.com\/es\/wp-json\/wp\/v2\/media?parent=8866"}],"wp:term":[{"taxonomy":"product_brand","embeddable":true,"href":"https:\/\/cloudsupplyvapes.com\/es\/wp-json\/wp\/v2\/product_brand?post=8866"},{"taxonomy":"product_cat","embeddable":true,"href":"https:\/\/cloudsupplyvapes.com\/es\/wp-json\/wp\/v2\/product_cat?post=8866"},{"taxonomy":"product_tag","embeddable":true,"href":"https:\/\/cloudsupplyvapes.com\/es\/wp-json\/wp\/v2\/product_tag?post=8866"}],"curies":[{"name":"wp","href":"https:\/\/api.w.org\/{rel}","templated":true}]}}