{"id":8867,"date":"2024-10-19T03:03:09","date_gmt":"2024-10-19T03:03:09","guid":{"rendered":"https:\/\/cloudsupplyvapes.com\/?post_type=product&#038;p=8867"},"modified":"2024-11-19T06:50:09","modified_gmt":"2024-11-19T06:50:09","slug":"-292","status":"publish","type":"product","link":"https:\/\/cloudsupplyvapes.com\/es\/product\/reymont-pura-reload-10k-disposable-wholesale\/","title":{"rendered":"Reymont Pura Reload 10K Disposable Vape Wholesale - 10,000 Puffs, Recargable, 10mL E-Liquid, Vapes a Granel para Reventa"},"content":{"rendered":"<h2>Sabores disponibles:<\/h2>\n<p>Aleatorio por defecto. Personalizable a petici\u00f3n<\/p>\n<h3>Especificaciones Reymont PURA Reload 10K<\/h3>\n<table>\n<thead>\n<tr>\n<th><strong>Caracter\u00edstica<\/strong><\/th>\n<th><strong>Especificaci\u00f3n<\/strong><\/th>\n<\/tr>\n<\/thead>\n<tbody>\n<tr>\n<td>Capacidad de la bater\u00eda<\/td>\n<td>650 mAh<\/td>\n<\/tr>\n<tr>\n<td>Capacidad de e-l\u00edquido<\/td>\n<td>2+10*2ml<\/td>\n<\/tr>\n<tr>\n<td>Potencia de nicotina<\/td>\n<td>2%<\/td>\n<\/tr>\n<tr>\n<td>Puffs<\/td>\n<td>Hasta 10.000 caladas<\/td>\n<\/tr>\n<tr>\n<td>Peso del paquete<\/td>\n<td>20,5 kg\/200 piezas<\/td>\n<\/tr>\n<\/tbody>\n<\/table>\n<h3>Caracter\u00edsticas principales:<\/h3>\n<ul>\n<li><strong>Tanque reemplazable de 2.0ml con flash LED:<\/strong> Ofrece no s\u00f3lo funcionalidad, sino tambi\u00e9n atractivo est\u00e9tico con una caracter\u00edstica iluminada cuando est\u00e1 en uso.<\/li>\n<li><strong>Botellas reemplazables de 2x10ml:<\/strong> Viene con dos botellas de 10 ml que son f\u00e1ciles de reemplazar, asegurando una experiencia fresca con cada intercambio.<\/li>\n<li><strong>Bater\u00eda y pantalla avanzadas:<\/strong> Equipado con una bater\u00eda de 650 mAh y una pantalla para controlar el voltaje de la bater\u00eda y logotipos personalizados, que mejoran tanto la utilidad como la personalizaci\u00f3n.<\/li>\n<li><strong>Tecnolog\u00eda Dual Mesh Coil:<\/strong> Mejora el suministro de sabor para una experiencia de vapeo m\u00e1s rica y satisfactoria.<\/li>\n<li><strong>Conexi\u00f3n magn\u00e9tica:<\/strong> Proporciona un ajuste seguro para los dep\u00f3sitos reemplazables, lo que facilita y agiliza el cambio de sabores.<\/li>\n<li><strong>Sabores personalizables:<\/strong> Adapte su experiencia de vapeo con sabores que pueden personalizarse para adaptarse a cualquier preferencia.<\/li>\n<\/ul>\n<h3>\u00bfPor qu\u00e9 elegir Reymont PURA Reload 10K?<\/h3>\n<p>El Reymont PURA Reload 10K se distingue por sus caracter\u00edsticas innovadoras, como las botellas de e-l\u00edquido reemplazables y la bobina de malla dual, que ofrecen un viaje de vapeo pr\u00e1ctico y mejorado. Est\u00e1 dise\u00f1ado para aquellos que valoran la comodidad, la variedad y la calidad, por lo que es una opci\u00f3n ideal para los proveedores de l\u00edquidos o distribuidores de marca. Con hasta 10.000 caladas y una robusta bater\u00eda de 650 mAh, este dispositivo promete fiabilidad y satisfacci\u00f3n en cada calada.<\/p>","protected":false},"excerpt":{"rendered":"<p>Reymont Pura Reload 10K ofrece un vapeo sin fisuras con una construcci\u00f3n robusta y una activaci\u00f3n precisa. Su dise\u00f1o ligero y flujo de vapor consistente lo hacen ideal para la reventa a granel.<\/p>","protected":false},"featured_media":8924,"comment_status":"open","ping_status":"closed","template":"","meta":[],"product_brand":[],"product_cat":[22],"product_tag":[],"class_list":{"0":"post-8867","1":"product","2":"type-product","3":"status-publish","4":"has-post-thumbnail","6":"product_cat-disposable-vape-sticks","8":"first","9":"instock","10":"shipping-taxable","11":"purchasable","12":"product-type-simple"},"jetpack_sharing_enabled":true,"tiered_pricing_type":"fixed","tiered_pricing_fixed_rules":[],"tiered_pricing_product_settings":{"layout":"default","base_unit_name":{"singular":null,"plural":null},"default_variation":null},"tiered_pricing_minimum_quantity":10,"tiered_pricing_roles_data":[],"tiered_pricing_percentage_rules":[],"tiered_pricing_maximum_quantity":null,"tiered_pricing_quantity_step":null,"_links":{"self":[{"href":"https:\/\/cloudsupplyvapes.com\/es\/wp-json\/wp\/v2\/product\/8867","targetHints":{"allow":["GET"]}}],"collection":[{"href":"https:\/\/cloudsupplyvapes.com\/es\/wp-json\/wp\/v2\/product"}],"about":[{"href":"https:\/\/cloudsupplyvapes.com\/es\/wp-json\/wp\/v2\/types\/product"}],"replies":[{"embeddable":true,"href":"https:\/\/cloudsupplyvapes.com\/es\/wp-json\/wp\/v2\/comments?post=8867"}],"wp:featuredmedia":[{"embeddable":true,"href":"https:\/\/cloudsupplyvapes.com\/es\/wp-json\/wp\/v2\/media\/8924"}],"wp:attachment":[{"href":"https:\/\/cloudsupplyvapes.com\/es\/wp-json\/wp\/v2\/media?parent=8867"}],"wp:term":[{"taxonomy":"product_brand","embeddable":true,"href":"https:\/\/cloudsupplyvapes.com\/es\/wp-json\/wp\/v2\/product_brand?post=8867"},{"taxonomy":"product_cat","embeddable":true,"href":"https:\/\/cloudsupplyvapes.com\/es\/wp-json\/wp\/v2\/product_cat?post=8867"},{"taxonomy":"product_tag","embeddable":true,"href":"https:\/\/cloudsupplyvapes.com\/es\/wp-json\/wp\/v2\/product_tag?post=8867"}],"curies":[{"name":"wp","href":"https:\/\/api.w.org\/{rel}","templated":true}]}}