{"id":8891,"date":"2024-10-19T03:03:30","date_gmt":"2024-10-19T03:03:30","guid":{"rendered":"https:\/\/cloudsupplyvapes.com\/?post_type=product&#038;p=8891"},"modified":"2024-11-19T06:49:37","modified_gmt":"2024-11-19T06:49:37","slug":"-294","status":"publish","type":"product","link":"https:\/\/cloudsupplyvapes.com\/es\/product\/elf-box-shisha-16000-puff-disposable-vape-wholesale\/","title":{"rendered":"ELF BOX Shisha 16000 Puffs Vape Desechable al por mayor - 16.000 Puffs, Estilo Shisha, Recargable, Vapes Premium al por mayor"},"content":{"rendered":"<h2>Opciones de sabor:<\/h2>\n<ul>\n<li>Hielo Razz Azul<\/li>\n<li>Fresa helada<\/li>\n<li>Melocot\u00f3n helado<\/li>\n<li>Kiwi Maracuy\u00e1<\/li>\n<li>Hielo de mora<\/li>\n<li>Manzana doble<\/li>\n<li>Hielo exuberante<\/li>\n<li>Hielo de uva<\/li>\n<li>Cereza Frambuesa<\/li>\n<li>Sand\u00eda con fresa<\/li>\n<li>Melocot\u00f3n Mango Pi\u00f1a<\/li>\n<li>Mezcla de bayas<\/li>\n<\/ul>\n<h3>Especificaciones ELF BOX Shisha 16000<\/h3>\n<table>\n<thead>\n<tr>\n<th><strong>Caracter\u00edstica<\/strong><\/th>\n<th><strong>Especificaci\u00f3n<\/strong><\/th>\n<\/tr>\n<\/thead>\n<tbody>\n<tr>\n<td>Puffs<\/td>\n<td>16.000 bocanadas<\/td>\n<\/tr>\n<tr>\n<td>N\u00facleo<\/td>\n<td>Bobina de malla 0,6ohm<\/td>\n<\/tr>\n<tr>\n<td>Capacidad de e-l\u00edquido<\/td>\n<td>28 ml<\/td>\n<\/tr>\n<tr>\n<td>Potencia de nicotina<\/td>\n<td>0%, 2%, 3%, 5%(por defecto)<\/td>\n<\/tr>\n<tr>\n<td>Capacidad de la bater\u00eda<\/td>\n<td>18250-600mAh<\/td>\n<\/tr>\n<tr>\n<td>Recargable<\/td>\n<td>Tipo-C<\/td>\n<\/tr>\n<tr>\n<td>Pantalla LED<\/td>\n<td>S\u00ed<\/td>\n<\/tr>\n<tr>\n<td>Flujo de aire ajustable<\/td>\n<td>S\u00ed<\/td>\n<\/tr>\n<tr>\n<td>Peso del producto<\/td>\n<td>85 g\/unidad<\/td>\n<\/tr>\n<tr>\n<td>Tama\u00f1o del producto<\/td>\n<td>30*125,5 mm<\/td>\n<\/tr>\n<tr>\n<td>Peso del paquete<\/td>\n<td>18,3 kg\/200 piezas<\/td>\n<\/tr>\n<\/tbody>\n<\/table>\n<h3>Caracter\u00edsticas principales:<\/h3>\n<ul>\n<li><strong>Capacidad masiva de e-l\u00edquido:<\/strong> Viene con un tanque de 28 ml, lo que garantiza un uso prolongado sin necesidad de recargas frecuentes.<\/li>\n<li><strong>Bobina de malla avanzada:<\/strong> Cuenta con una bobina de malla de 0,6 ohmios para mejorar el sabor y la producci\u00f3n de vapor.<\/li>\n<li><strong>Experiencia de vapeo personalizable:<\/strong> El flujo de aire ajustable y la pantalla LED permiten una configuraci\u00f3n de vaporizaci\u00f3n personalizada.<\/li>\n<li><strong>Opciones de nicotina vers\u00e1tiles:<\/strong> Ofrece diferentes niveles de nicotina para satisfacer todas las preferencias, desde los cigarrillos sin nicotina hasta los m\u00e1s potentes.<\/li>\n<li><strong>Amplio recuento de puff:<\/strong> Proporciona hasta 16.000 caladas, perfecto para un uso prolongado.<\/li>\n<li><strong>Dise\u00f1o port\u00e1til y duradero:<\/strong> Tama\u00f1o compacto combinado con una bater\u00eda robusta para un vapeo fiable y sobre la marcha.<\/li>\n<\/ul>\n<h3>\u00bfPor qu\u00e9 elegir ELF BOX Shisha 16000?<\/h3>\n<p>El ELF BOX Shisha 16000 se distingue por su gran capacidad de e-l\u00edquido, su avanzada bobina de malla y sus configuraciones personalizables, como el flujo de aire ajustable y la pantalla LED. Est\u00e1 dise\u00f1ado para aquellos que aprecian una experiencia de vapeo robusta y personalizada con una amplia gama de sabores.<\/p>","protected":false},"excerpt":{"rendered":"<p>ELF BOX Shisha 16000 trae el aut\u00e9ntico vapeo estilo shisha en un dispositivo compacto. Su suave golpe de garganta y su dise\u00f1o recargable lo convierten en una opci\u00f3n destacada para los clientes mayoristas m\u00e1s exigentes.<\/p>","protected":false},"featured_media":8944,"comment_status":"open","ping_status":"closed","template":"","meta":[],"product_brand":[],"product_cat":[22],"product_tag":[472],"class_list":{"0":"post-8891","1":"product","2":"type-product","3":"status-publish","4":"has-post-thumbnail","6":"product_cat-disposable-vape-sticks","7":"product_tag-elf-box","9":"first","10":"instock","11":"sale","12":"shipping-taxable","13":"purchasable","14":"product-type-simple"},"jetpack_sharing_enabled":true,"tiered_pricing_type":"fixed","tiered_pricing_fixed_rules":{"500":8.800000000000000710542735760100185871124267578125,"2000":8.699999999999999289457264239899814128875732421875,"5000":8.5},"tiered_pricing_product_settings":{"layout":"default","base_unit_name":{"singular":null,"plural":null},"default_variation":null},"tiered_pricing_minimum_quantity":50,"tiered_pricing_roles_data":[],"tiered_pricing_percentage_rules":[],"tiered_pricing_maximum_quantity":null,"tiered_pricing_quantity_step":null,"_links":{"self":[{"href":"https:\/\/cloudsupplyvapes.com\/es\/wp-json\/wp\/v2\/product\/8891","targetHints":{"allow":["GET"]}}],"collection":[{"href":"https:\/\/cloudsupplyvapes.com\/es\/wp-json\/wp\/v2\/product"}],"about":[{"href":"https:\/\/cloudsupplyvapes.com\/es\/wp-json\/wp\/v2\/types\/product"}],"replies":[{"embeddable":true,"href":"https:\/\/cloudsupplyvapes.com\/es\/wp-json\/wp\/v2\/comments?post=8891"}],"wp:featuredmedia":[{"embeddable":true,"href":"https:\/\/cloudsupplyvapes.com\/es\/wp-json\/wp\/v2\/media\/8944"}],"wp:attachment":[{"href":"https:\/\/cloudsupplyvapes.com\/es\/wp-json\/wp\/v2\/media?parent=8891"}],"wp:term":[{"taxonomy":"product_brand","embeddable":true,"href":"https:\/\/cloudsupplyvapes.com\/es\/wp-json\/wp\/v2\/product_brand?post=8891"},{"taxonomy":"product_cat","embeddable":true,"href":"https:\/\/cloudsupplyvapes.com\/es\/wp-json\/wp\/v2\/product_cat?post=8891"},{"taxonomy":"product_tag","embeddable":true,"href":"https:\/\/cloudsupplyvapes.com\/es\/wp-json\/wp\/v2\/product_tag?post=8891"}],"curies":[{"name":"wp","href":"https:\/\/api.w.org\/{rel}","templated":true}]}}