{"id":8892,"date":"2024-10-19T03:03:30","date_gmt":"2024-10-19T03:03:30","guid":{"rendered":"https:\/\/cloudsupplyvapes.com\/?post_type=product&#038;p=8892"},"modified":"2024-11-19T06:49:28","modified_gmt":"2024-11-19T06:49:28","slug":"-295","status":"publish","type":"product","link":"https:\/\/cloudsupplyvapes.com\/es\/product\/elf-box-rgb14000-pro-long-lasting-disposable-vape-wholesale\/","title":{"rendered":"ELF BOX RGB14000 Pro Vapeador Desechable de Larga Duraci\u00f3n - 14.000 Puffs, Caracter\u00edsticas RGB, Capacidad 16mL, Preparado para Granel"},"content":{"rendered":"<h2>Opciones de sabor:<\/h2>\n<ul>\n<li>Sand\u00eda con fresa<\/li>\n<li>Hielo Razz Azul<\/li>\n<li>Fresa helada<\/li>\n<li>Hielo de uva<\/li>\n<li>Hielo de menta<\/li>\n<li>Red Bull<\/li>\n<li>Manzana doble<\/li>\n<li>Hielo exuberante<\/li>\n<li>Melocot\u00f3n Mango<\/li>\n<li>Refresco de cereza<\/li>\n<\/ul>\n<h3>Especificaciones ELF BOX RGB14000 Pro<\/h3>\n<table>\n<thead>\n<tr>\n<th><strong>Caracter\u00edstica<\/strong><\/th>\n<th><strong>Especificaci\u00f3n<\/strong><\/th>\n<\/tr>\n<\/thead>\n<tbody>\n<tr>\n<td>Puffs<\/td>\n<td>14.000 bocanadas<\/td>\n<\/tr>\n<tr>\n<td>N\u00facleo<\/td>\n<td>Bobina de malla 1.0ohm<\/td>\n<\/tr>\n<tr>\n<td>Capacidad de e-l\u00edquido<\/td>\n<td>25 ml<\/td>\n<\/tr>\n<tr>\n<td>Potencia de nicotina<\/td>\n<td>0%, 2%, 3%, 5%(por defecto)<\/td>\n<\/tr>\n<tr>\n<td>Capacidad de la bater\u00eda<\/td>\n<td>18250-600mAh<\/td>\n<\/tr>\n<tr>\n<td>Recargable<\/td>\n<td>Tipo-C<\/td>\n<\/tr>\n<tr>\n<td>Pantalla LED<\/td>\n<td>S\u00ed<\/td>\n<\/tr>\n<tr>\n<td>Luz RGB + Cord\u00f3n<\/td>\n<td>Incluye<\/td>\n<\/tr>\n<tr>\n<td>Peso del producto<\/td>\n<td>105 g\/unidad<\/td>\n<\/tr>\n<tr>\n<td>Tama\u00f1o del producto<\/td>\n<td>35*36*133,5 mm<\/td>\n<\/tr>\n<tr>\n<td>Peso del paquete<\/td>\n<td>21,7 kg\/200 piezas<\/td>\n<\/tr>\n<\/tbody>\n<\/table>\n<h3>Caracter\u00edsticas principales:<\/h3>\n<ul>\n<li><strong>Dise\u00f1o visualmente impactante:<\/strong> Incorpora iluminaci\u00f3n RGB que a\u00f1ade un efecto visual din\u00e1mico durante su uso, realzado por un pr\u00e1ctico cord\u00f3n para facilitar su transporte.<\/li>\n<li><strong>Bobina de malla de alto rendimiento:<\/strong> Equipado con una bobina de malla de 1.0ohm para un sabor consistente y una densa producci\u00f3n de vapor.<\/li>\n<li><strong>Gran capacidad de e-l\u00edquido:<\/strong> Viene con una capacidad de 25 ml de e-l\u00edquido, lo que permite hasta 14.000 caladas.<\/li>\n<li><strong>M\u00faltiples opciones de nicotina:<\/strong> Disponible en varias concentraciones de nicotina para satisfacer a todos los vapeadores, desde los principiantes hasta los entusiastas m\u00e1s experimentados.<\/li>\n<li><strong>Bater\u00eda recargable:<\/strong> Incluye un puerto Type-C para una carga r\u00e1pida y c\u00f3moda, para que nunca te quedes sin bater\u00eda.<\/li>\n<\/ul>\n<h3>\u00bfPor qu\u00e9 elegir la ELF BOX RGB14000 Pro?<\/h3>\n<p>El ELF BOX RGB14000 Pro combina el atractivo est\u00e9tico con la funcionalidad, con una pantalla de luz RGB, gran capacidad de e-l\u00edquido, y vers\u00e1tiles opciones de nicotina. Perfecto para aquellos que aprecian el estilo y la sustancia en su experiencia de vapeo.<\/p>\n<p><iframe loading=\"lazy\" title=\"CAJA ELF RGB14000 Pro\" width=\"1020\" height=\"574\" src=\"https:\/\/www.youtube.com\/embed\/ZBz8I05BGJ8?feature=oembed\" frameborder=\"0\" allow=\"accelerometer; autoplay; clipboard-write; encrypted-media; gyroscope; picture-in-picture; web-share\" referrerpolicy=\"strict-origin-when-cross-origin\" allowfullscreen><\/iframe><\/p>\n<div style=\"width: 720px;\" class=\"wp-video\"><video class=\"wp-video-shortcode\" id=\"video-8892-1\" width=\"720\" height=\"1280\" preload=\"metadata\" controls=\"controls\"><source type=\"video\/mp4\" src=\"https:\/\/shop.vape.hk\/wp-content\/uploads\/2024\/07\/0d54b2ee42e98e5502f787f7bfabf99e.mp4?_=1\" \/><a href=\"https:\/\/shop.vape.hk\/wp-content\/uploads\/2024\/07\/0d54b2ee42e98e5502f787f7bfabf99e.mp4\" target=\"_blank\" rel=\"noopener\">https:\/\/shop.vape.hk\/wp-content\/uploads\/2024\/07\/0d54b2ee42e98e5502f787f7bfabf99e.mp4<\/a><\/video><\/div>\n<div style=\"width: 720px;\" class=\"wp-video\"><video class=\"wp-video-shortcode\" id=\"video-8892-2\" width=\"720\" height=\"1280\" preload=\"metadata\" controls=\"controls\"><source type=\"video\/mp4\" src=\"https:\/\/shop.vape.hk\/wp-content\/uploads\/2024\/07\/6b4cba6b8c9a33678c2fb8b228fcfd9e.mp4?_=2\" \/><a href=\"https:\/\/shop.vape.hk\/wp-content\/uploads\/2024\/07\/6b4cba6b8c9a33678c2fb8b228fcfd9e.mp4\" target=\"_blank\" rel=\"noopener\">https:\/\/shop.vape.hk\/wp-content\/uploads\/2024\/07\/6b4cba6b8c9a33678c2fb8b228fcfd9e.mp4<\/a><\/video><\/div>\n<div style=\"width: 576px;\" class=\"wp-video\"><video class=\"wp-video-shortcode\" id=\"video-8892-3\" width=\"576\" height=\"1024\" preload=\"metadata\" controls=\"controls\"><source type=\"video\/mp4\" src=\"https:\/\/shop.vape.hk\/wp-content\/uploads\/2024\/07\/ce77b89cb3f545c9f7125637d4e47fc1.mp4?_=3\" \/><a href=\"https:\/\/shop.vape.hk\/wp-content\/uploads\/2024\/07\/ce77b89cb3f545c9f7125637d4e47fc1.mp4\" target=\"_blank\" rel=\"noopener\">https:\/\/shop.vape.hk\/wp-content\/uploads\/2024\/07\/ce77b89cb3f545c9f7125637d4e47fc1.mp4<\/a><\/video><\/div>","protected":false},"excerpt":{"rendered":"<p>Con iluminaci\u00f3n RGB mejorada y salida de vapor mejorada, ELF BOX RGB14000 Pro ofrece una experiencia de primera calidad. Fabricado para durar, es perfecto para pedidos al por mayor dirigidos a vapers de moda.<\/p>","protected":false},"featured_media":8981,"comment_status":"open","ping_status":"closed","template":"","meta":[],"product_brand":[],"product_cat":[22],"product_tag":[472],"class_list":{"0":"post-8892","1":"product","2":"type-product","3":"status-publish","4":"has-post-thumbnail","6":"product_cat-disposable-vape-sticks","7":"product_tag-elf-box","9":"first","10":"instock","11":"sale","12":"shipping-taxable","13":"purchasable","14":"product-type-simple"},"jetpack_sharing_enabled":true,"tiered_pricing_type":"fixed","tiered_pricing_fixed_rules":{"500":8.699999999999999289457264239899814128875732421875,"2000":8.5999999999999996447286321199499070644378662109375,"5000":8.5},"tiered_pricing_product_settings":{"layout":"default","base_unit_name":{"singular":null,"plural":null},"default_variation":null},"tiered_pricing_minimum_quantity":50,"tiered_pricing_roles_data":[],"tiered_pricing_percentage_rules":[],"tiered_pricing_maximum_quantity":null,"tiered_pricing_quantity_step":null,"_links":{"self":[{"href":"https:\/\/cloudsupplyvapes.com\/es\/wp-json\/wp\/v2\/product\/8892","targetHints":{"allow":["GET"]}}],"collection":[{"href":"https:\/\/cloudsupplyvapes.com\/es\/wp-json\/wp\/v2\/product"}],"about":[{"href":"https:\/\/cloudsupplyvapes.com\/es\/wp-json\/wp\/v2\/types\/product"}],"replies":[{"embeddable":true,"href":"https:\/\/cloudsupplyvapes.com\/es\/wp-json\/wp\/v2\/comments?post=8892"}],"wp:featuredmedia":[{"embeddable":true,"href":"https:\/\/cloudsupplyvapes.com\/es\/wp-json\/wp\/v2\/media\/8981"}],"wp:attachment":[{"href":"https:\/\/cloudsupplyvapes.com\/es\/wp-json\/wp\/v2\/media?parent=8892"}],"wp:term":[{"taxonomy":"product_brand","embeddable":true,"href":"https:\/\/cloudsupplyvapes.com\/es\/wp-json\/wp\/v2\/product_brand?post=8892"},{"taxonomy":"product_cat","embeddable":true,"href":"https:\/\/cloudsupplyvapes.com\/es\/wp-json\/wp\/v2\/product_cat?post=8892"},{"taxonomy":"product_tag","embeddable":true,"href":"https:\/\/cloudsupplyvapes.com\/es\/wp-json\/wp\/v2\/product_tag?post=8892"}],"curies":[{"name":"wp","href":"https:\/\/api.w.org\/{rel}","templated":true}]}}