{"id":8893,"date":"2024-10-19T03:03:30","date_gmt":"2024-10-19T03:03:30","guid":{"rendered":"https:\/\/cloudsupplyvapes.com\/?post_type=product&#038;p=8893"},"modified":"2024-11-19T06:49:14","modified_gmt":"2024-11-19T06:49:14","slug":"-296","status":"publish","type":"product","link":"https:\/\/cloudsupplyvapes.com\/es\/product\/elf-box-ls15000-puff-disposable-vape-wholesale-2\/","title":{"rendered":"ELF BOX LS15000 Puffs Vape desechable al por mayor - 15.000 Puffs, construcci\u00f3n elegante, bater\u00eda de larga duraci\u00f3n, vainas de primera calidad a granel"},"content":{"rendered":"<h2>Opciones de sabor:<\/h2>\n<ul>\n<li>Hielo de mora<\/li>\n<li>Ar\u00e1ndanos sobre hielo<\/li>\n<li>Kiwi Maracuy\u00e1<\/li>\n<li>Fresa Kiwi<\/li>\n<li>Limonada Blue Razz<\/li>\n<li>Hielo de sand\u00eda<\/li>\n<li>Sand\u00eda con fresa<\/li>\n<li>Fresa helada<\/li>\n<li>Melocot\u00f3n Mango Pi\u00f1a<\/li>\n<li>Hielo de uva<\/li>\n<li>Mango Pl\u00e1tano<\/li>\n<li>Mezcla de bayas<\/li>\n<\/ul>\n<h3>Especificaciones ELF BOX LS15000<\/h3>\n<table>\n<thead>\n<tr>\n<th><strong>Caracter\u00edstica<\/strong><\/th>\n<th><strong>Especificaci\u00f3n<\/strong><\/th>\n<\/tr>\n<\/thead>\n<tbody>\n<tr>\n<td>Puffs<\/td>\n<td>15.000 bocanadas<\/td>\n<\/tr>\n<tr>\n<td>N\u00facleo<\/td>\n<td>Bobina de malla 0,6ohm<\/td>\n<\/tr>\n<tr>\n<td>Capacidad de e-l\u00edquido<\/td>\n<td>26 ml<\/td>\n<\/tr>\n<tr>\n<td>Potencia de nicotina<\/td>\n<td>0%, 2%, 5%(por defecto)<\/td>\n<\/tr>\n<tr>\n<td>Capacidad de la bater\u00eda<\/td>\n<td>18250-600mAh<\/td>\n<\/tr>\n<tr>\n<td>Recargable<\/td>\n<td>Tipo-C<\/td>\n<\/tr>\n<tr>\n<td>Peso del producto<\/td>\n<td>91g<\/td>\n<\/tr>\n<tr>\n<td>Tama\u00f1o del producto<\/td>\n<td>124,5*31,5 mm<\/td>\n<\/tr>\n<tr>\n<td>Peso del paquete<\/td>\n<td>20 kg\/200 piezas<\/td>\n<\/tr>\n<\/tbody>\n<\/table>\n<h3>Caracter\u00edsticas principales:<\/h3>\n<ul>\n<li><strong>Dep\u00f3sito de E-l\u00edquido de gran capacidad:<\/strong> Cuenta con un tanque de 26 ml para dar cabida a extensas sesiones de vapeo con hasta 15.000 caladas.<\/li>\n<li><strong>Bobina de malla eficiente:<\/strong> Equipado con una bobina de malla de 0.6ohm para una entrega de sabor y producci\u00f3n de vapor \u00f3ptimas.<\/li>\n<li><strong>Potencias de nicotina variadas:<\/strong> Disponible en opciones de nicotina 0%, 2% y 5%, para satisfacer las diferentes preferencias de los usuarios.<\/li>\n<li><strong>Compacto y port\u00e1til:<\/strong> Dise\u00f1ado para un f\u00e1cil manejo y transporte, por lo que es ideal para vapear sobre la marcha.<\/li>\n<li><strong>Carga USB Tipo-C:<\/strong> Admite una carga r\u00e1pida y c\u00f3moda con su puerto USB Type-C.<\/li>\n<\/ul>\n<h3>\u00bfPor qu\u00e9 elegir la ELF BOX LS15000?<\/h3>\n<p>El ELF BOX LS15000 destaca por su generosa capacidad de e-l\u00edquido y su potente tecnolog\u00eda de bobina de malla, ofreciendo una experiencia de vapeo prolongada y satisfactoria. Ideal para vapeadores que buscan un sabor intenso y una gran facilidad de uso en un dispositivo elegante y port\u00e1til.<\/p>","protected":false},"excerpt":{"rendered":"<p>ELF BOX LS15000 est\u00e1 dise\u00f1ado para largas sesiones de vapeo, ofreciendo comodidad ergon\u00f3mica y materiales de primera calidad. Una opci\u00f3n fiable para los compradores al por mayor que buscan dispositivos duraderos.<\/p>","protected":false},"featured_media":9035,"comment_status":"open","ping_status":"closed","template":"","meta":[],"product_brand":[],"product_cat":[22],"product_tag":[472],"class_list":{"0":"post-8893","1":"product","2":"type-product","3":"status-publish","4":"has-post-thumbnail","6":"product_cat-disposable-vape-sticks","7":"product_tag-elf-box","9":"first","10":"instock","11":"sale","12":"featured","13":"shipping-taxable","14":"purchasable","15":"product-type-simple"},"jetpack_sharing_enabled":true,"tiered_pricing_type":"fixed","tiered_pricing_fixed_rules":{"500":8.800000000000000710542735760100185871124267578125,"2000":8.699999999999999289457264239899814128875732421875,"5000":8.5999999999999996447286321199499070644378662109375},"tiered_pricing_product_settings":{"layout":"default","base_unit_name":{"singular":null,"plural":null},"default_variation":null},"tiered_pricing_minimum_quantity":10,"tiered_pricing_roles_data":[],"tiered_pricing_percentage_rules":[],"tiered_pricing_maximum_quantity":null,"tiered_pricing_quantity_step":"10","_links":{"self":[{"href":"https:\/\/cloudsupplyvapes.com\/es\/wp-json\/wp\/v2\/product\/8893","targetHints":{"allow":["GET"]}}],"collection":[{"href":"https:\/\/cloudsupplyvapes.com\/es\/wp-json\/wp\/v2\/product"}],"about":[{"href":"https:\/\/cloudsupplyvapes.com\/es\/wp-json\/wp\/v2\/types\/product"}],"replies":[{"embeddable":true,"href":"https:\/\/cloudsupplyvapes.com\/es\/wp-json\/wp\/v2\/comments?post=8893"}],"wp:featuredmedia":[{"embeddable":true,"href":"https:\/\/cloudsupplyvapes.com\/es\/wp-json\/wp\/v2\/media\/9035"}],"wp:attachment":[{"href":"https:\/\/cloudsupplyvapes.com\/es\/wp-json\/wp\/v2\/media?parent=8893"}],"wp:term":[{"taxonomy":"product_brand","embeddable":true,"href":"https:\/\/cloudsupplyvapes.com\/es\/wp-json\/wp\/v2\/product_brand?post=8893"},{"taxonomy":"product_cat","embeddable":true,"href":"https:\/\/cloudsupplyvapes.com\/es\/wp-json\/wp\/v2\/product_cat?post=8893"},{"taxonomy":"product_tag","embeddable":true,"href":"https:\/\/cloudsupplyvapes.com\/es\/wp-json\/wp\/v2\/product_tag?post=8893"}],"curies":[{"name":"wp","href":"https:\/\/api.w.org\/{rel}","templated":true}]}}