{"id":8894,"date":"2024-10-19T03:03:30","date_gmt":"2024-10-19T03:03:30","guid":{"rendered":"https:\/\/cloudsupplyvapes.com\/?post_type=product&#038;p=8894"},"modified":"2024-11-19T06:49:05","modified_gmt":"2024-11-19T06:49:05","slug":"-297","status":"publish","type":"product","link":"https:\/\/cloudsupplyvapes.com\/es\/product\/elf-box-digital-12000-puff-disposable-vape-wholesale\/","title":{"rendered":"ELF BOX Digital 12000 Puffs Vape desechable al por mayor - 12.000 Puffs, Pantalla digital, Dise\u00f1o recargable, Compra al por mayor"},"content":{"rendered":"<h2>Opciones de sabor:<\/h2>\n<ul>\n<li>Fresa helada<\/li>\n<li>R\u00e1faga de fresas<\/li>\n<li>Sand\u00eda con fresa<\/li>\n<li>Frutas variadas<\/li>\n<li>Hielo Razz Azul<\/li>\n<li>Frambuesa \u00e1cida con ar\u00e1ndanos<\/li>\n<li>Kiwi Maracuy\u00e1<\/li>\n<li>Manzana doble<\/li>\n<li>Hielo de sand\u00eda<\/li>\n<li>Sand\u00eda Chicle<\/li>\n<li>Mel\u00f3n de coco<\/li>\n<li>Cereza Cola<\/li>\n<li>Melocot\u00f3n helado<\/li>\n<li>Fresa Pl\u00e1tano<\/li>\n<li>Sr. Azul<\/li>\n<li>Hielo de mora<\/li>\n<li>Mango Ice<\/li>\n<li>Hielo de uva<\/li>\n<li>Melocot\u00f3n<\/li>\n<li>Fresa Kiwi<\/li>\n<\/ul>\n<h3>Especificaciones ELF BOX Digital 12000<\/h3>\n<table>\n<thead>\n<tr>\n<th><strong>Caracter\u00edstica<\/strong><\/th>\n<th><strong>Especificaci\u00f3n<\/strong><\/th>\n<\/tr>\n<\/thead>\n<tbody>\n<tr>\n<td>Puffs<\/td>\n<td>12.000 bocanadas<\/td>\n<\/tr>\n<tr>\n<td>N\u00facleo<\/td>\n<td>Bobina de malla 0,8ohm<\/td>\n<\/tr>\n<tr>\n<td>Capacidad de e-l\u00edquido<\/td>\n<td>25 ml<\/td>\n<\/tr>\n<tr>\n<td>Potencia de nicotina<\/td>\n<td>0%, 2%, 3%, 5%(por defecto)<\/td>\n<\/tr>\n<tr>\n<td>Capacidad de la bater\u00eda<\/td>\n<td>13350-500mAh<\/td>\n<\/tr>\n<tr>\n<td>Recargable<\/td>\n<td>Tipo-C<\/td>\n<\/tr>\n<tr>\n<td>Pantalla digital<\/td>\n<td>S\u00ed<\/td>\n<\/tr>\n<tr>\n<td>Peso del producto<\/td>\n<td>82g<\/td>\n<\/tr>\n<tr>\n<td>Tama\u00f1o del producto<\/td>\n<td>30*57*101mm<\/td>\n<\/tr>\n<tr>\n<td>Peso del paquete<\/td>\n<td>17,5 kg\/200 piezas<\/td>\n<\/tr>\n<\/tbody>\n<\/table>\n<h3>Caracter\u00edsticas principales:<\/h3>\n<ul>\n<li><strong>Monitorizaci\u00f3n de pantalla digital:<\/strong> Dispone de una pantalla digital para controlar en tiempo real los niveles de e-l\u00edquido y el estado de la bater\u00eda.<\/li>\n<li><strong>Amplia gama de sabores:<\/strong> Ofrece una amplia variedad de sabores para satisfacer todas las preferencias gustativas, garantizando siempre una experiencia fresca.<\/li>\n<li><strong>E-l\u00edquido de alta capacidad:<\/strong> Viene con un gran dep\u00f3sito de e-l\u00edquido de 25ml para hasta 12.000 caladas, alargando la duraci\u00f3n entre recargas.<\/li>\n<li><strong>Bobina de malla eficiente:<\/strong> Utiliza una bobina de malla de 0.8ohm para una producci\u00f3n de vapor consistente y una entrega de sabor mejorada.<\/li>\n<li><strong>Carga USB Tipo-C:<\/strong> Equipado con un puerto de carga Type-C para una reposici\u00f3n de energ\u00eda r\u00e1pida y c\u00f3moda.<\/li>\n<\/ul>\n<h3>\u00bfPor qu\u00e9 elegir la ELF BOX Digital 12000?<\/h3>\n<p>El ELF BOX Digital 12000 combina la tecnolog\u00eda moderna con un dise\u00f1o pr\u00e1ctico, con una pantalla digital y una amplia gama de sabores. Es ideal para los vapeadores que valoran la comodidad, el uso extensivo y una amplia selecci\u00f3n de sabores.<\/p>","protected":false},"excerpt":{"rendered":"<p>ELF BOX Digital 12000 combina una elegante pantalla con un control del flujo de aire de ingenier\u00eda de precisi\u00f3n. Su construcci\u00f3n duradera y su dise\u00f1o intuitivo est\u00e1n pensados para usuarios avanzados y distribuidores a granel.<\/p>","protected":false},"featured_media":9072,"comment_status":"open","ping_status":"closed","template":"","meta":[],"product_brand":[],"product_cat":[22],"product_tag":[472],"class_list":{"0":"post-8894","1":"product","2":"type-product","3":"status-publish","4":"has-post-thumbnail","6":"product_cat-disposable-vape-sticks","7":"product_tag-elf-box","9":"first","10":"instock","11":"sale","12":"shipping-taxable","13":"purchasable","14":"product-type-simple"},"jetpack_sharing_enabled":true,"tiered_pricing_type":"fixed","tiered_pricing_fixed_rules":{"500":8.5999999999999996447286321199499070644378662109375,"2000":8.5,"5000":8.300000000000000710542735760100185871124267578125},"tiered_pricing_product_settings":{"layout":"default","base_unit_name":{"singular":null,"plural":null},"default_variation":null},"tiered_pricing_minimum_quantity":50,"tiered_pricing_roles_data":[],"tiered_pricing_percentage_rules":[],"tiered_pricing_maximum_quantity":null,"tiered_pricing_quantity_step":null,"_links":{"self":[{"href":"https:\/\/cloudsupplyvapes.com\/es\/wp-json\/wp\/v2\/product\/8894","targetHints":{"allow":["GET"]}}],"collection":[{"href":"https:\/\/cloudsupplyvapes.com\/es\/wp-json\/wp\/v2\/product"}],"about":[{"href":"https:\/\/cloudsupplyvapes.com\/es\/wp-json\/wp\/v2\/types\/product"}],"replies":[{"embeddable":true,"href":"https:\/\/cloudsupplyvapes.com\/es\/wp-json\/wp\/v2\/comments?post=8894"}],"wp:featuredmedia":[{"embeddable":true,"href":"https:\/\/cloudsupplyvapes.com\/es\/wp-json\/wp\/v2\/media\/9072"}],"wp:attachment":[{"href":"https:\/\/cloudsupplyvapes.com\/es\/wp-json\/wp\/v2\/media?parent=8894"}],"wp:term":[{"taxonomy":"product_brand","embeddable":true,"href":"https:\/\/cloudsupplyvapes.com\/es\/wp-json\/wp\/v2\/product_brand?post=8894"},{"taxonomy":"product_cat","embeddable":true,"href":"https:\/\/cloudsupplyvapes.com\/es\/wp-json\/wp\/v2\/product_cat?post=8894"},{"taxonomy":"product_tag","embeddable":true,"href":"https:\/\/cloudsupplyvapes.com\/es\/wp-json\/wp\/v2\/product_tag?post=8894"}],"curies":[{"name":"wp","href":"https:\/\/api.w.org\/{rel}","templated":true}]}}