{"id":8896,"date":"2024-10-19T03:03:30","date_gmt":"2024-10-19T03:03:30","guid":{"rendered":"https:\/\/cloudsupplyvapes.com\/?post_type=product&#038;p=8896"},"modified":"2024-11-19T06:04:11","modified_gmt":"2024-11-19T06:04:11","slug":"-299","status":"publish","type":"product","link":"https:\/\/cloudsupplyvapes.com\/es\/product\/elf-box-14000-puff-disposable-vape-wholesale\/","title":{"rendered":"ELF BOX 14000 Puffs Vapeador Desechable al por mayor - 14.000 Puffs, Bater\u00eda de larga duraci\u00f3n, Capacidad 15mL, Preparado para Bulk Pods"},"content":{"rendered":"<h2>Opciones de sabor:<\/h2>\n<ul>\n<li>Hielo Razz Azul<\/li>\n<li>Fresa helada<\/li>\n<li>Hielo de uva<\/li>\n<li>Hielo de menta<\/li>\n<li>Red Bull<\/li>\n<li>Manzana doble<\/li>\n<li>Hielo exuberante<\/li>\n<li>Melocot\u00f3n Mango<\/li>\n<li>Refresco de cereza<\/li>\n<\/ul>\n<h3>Especificaciones ELF BOX 14000<\/h3>\n<table>\n<thead>\n<tr>\n<th><strong>Caracter\u00edstica<\/strong><\/th>\n<th><strong>Especificaci\u00f3n<\/strong><\/th>\n<\/tr>\n<\/thead>\n<tbody>\n<tr>\n<td>Puffs<\/td>\n<td>14.000 bocanadas<\/td>\n<\/tr>\n<tr>\n<td>N\u00facleo<\/td>\n<td>Bobina de malla 1.0ohm<\/td>\n<\/tr>\n<tr>\n<td>Capacidad de e-l\u00edquido<\/td>\n<td>25 ml<\/td>\n<\/tr>\n<tr>\n<td>Potencia de nicotina<\/td>\n<td>0%, 2%, 3%, 5%(por defecto)<\/td>\n<\/tr>\n<tr>\n<td>Capacidad de la bater\u00eda<\/td>\n<td>18250-600mAh<\/td>\n<\/tr>\n<tr>\n<td>Recargable<\/td>\n<td>Tipo-C<\/td>\n<\/tr>\n<tr>\n<td>Luz RGB + Cord\u00f3n<\/td>\n<td>Incluye<\/td>\n<\/tr>\n<tr>\n<td>Peso del producto<\/td>\n<td>100 g\/unidad<\/td>\n<\/tr>\n<tr>\n<td>Tama\u00f1o del producto<\/td>\n<td>35*36*133,5 mm<\/td>\n<\/tr>\n<tr>\n<td>Peso del paquete<\/td>\n<td>20,7 kg\/200 piezas<\/td>\n<\/tr>\n<\/tbody>\n<\/table>\n<h3>Caracter\u00edsticas principales:<\/h3>\n<ul>\n<li><strong>Iluminaci\u00f3n RGB din\u00e1mica:<\/strong> Incorpora iluminaci\u00f3n RGB que a\u00f1ade un efecto visual vibrante y atractivo durante su uso.<\/li>\n<li><strong>Bobina de malla eficiente:<\/strong> Utiliza una bobina de malla de 1.0ohm para una excelente fidelidad de sabor y una sustancial producci\u00f3n de vapor.<\/li>\n<li><strong>Gran capacidad de e-l\u00edquido:<\/strong> Viene con un tanque de 25ml, que proporciona hasta 14.000 caladas para un disfrute prolongado.<\/li>\n<li><strong>Diversas opciones de nicotina:<\/strong> Ofrece una selecci\u00f3n de concentraciones de nicotina que se adaptan a las distintas preferencias y necesidades.<\/li>\n<li><strong>C\u00f3modo sistema de recarga:<\/strong> Equipado con un puerto de carga Type-C para reponer la bater\u00eda de forma r\u00e1pida y sencilla.<\/li>\n<\/ul>\n<h3>\u00bfPor qu\u00e9 elegir la CAJA ELF 14000?<\/h3>\n<p>El ELF BOX 14000 est\u00e1 dise\u00f1ado para aquellos que valoran tanto el estilo como el rendimiento. La vibrante iluminaci\u00f3n RGB y la robusta bobina de malla garantizan una experiencia de vapeo visualmente atractiva y satisfactoria.<\/p>","protected":false},"excerpt":{"rendered":"<p>Mejore su experiencia de vapeo con ELF BOX 14000, con iluminaci\u00f3n RGB y un dep\u00f3sito de e-l\u00edquido de 25 ml de gran capacidad. Disfruta de un vapeo duradero con hasta 14.000 caladas y una avanzada tecnolog\u00eda de bobina de malla, todo ello con un dise\u00f1o elegante y port\u00e1til.<\/p>","protected":false},"featured_media":9164,"comment_status":"open","ping_status":"closed","template":"","meta":[],"product_brand":[],"product_cat":[22],"product_tag":[472],"class_list":{"0":"post-8896","1":"product","2":"type-product","3":"status-publish","4":"has-post-thumbnail","6":"product_cat-disposable-vape-sticks","7":"product_tag-elf-box","9":"first","10":"instock","11":"sale","12":"shipping-taxable","13":"purchasable","14":"product-type-simple"},"jetpack_sharing_enabled":true,"tiered_pricing_type":"fixed","tiered_pricing_fixed_rules":[],"tiered_pricing_product_settings":{"layout":"default","base_unit_name":{"singular":null,"plural":null},"default_variation":null},"tiered_pricing_minimum_quantity":50,"tiered_pricing_roles_data":[],"tiered_pricing_percentage_rules":[],"tiered_pricing_maximum_quantity":null,"tiered_pricing_quantity_step":null,"_links":{"self":[{"href":"https:\/\/cloudsupplyvapes.com\/es\/wp-json\/wp\/v2\/product\/8896","targetHints":{"allow":["GET"]}}],"collection":[{"href":"https:\/\/cloudsupplyvapes.com\/es\/wp-json\/wp\/v2\/product"}],"about":[{"href":"https:\/\/cloudsupplyvapes.com\/es\/wp-json\/wp\/v2\/types\/product"}],"replies":[{"embeddable":true,"href":"https:\/\/cloudsupplyvapes.com\/es\/wp-json\/wp\/v2\/comments?post=8896"}],"wp:featuredmedia":[{"embeddable":true,"href":"https:\/\/cloudsupplyvapes.com\/es\/wp-json\/wp\/v2\/media\/9164"}],"wp:attachment":[{"href":"https:\/\/cloudsupplyvapes.com\/es\/wp-json\/wp\/v2\/media?parent=8896"}],"wp:term":[{"taxonomy":"product_brand","embeddable":true,"href":"https:\/\/cloudsupplyvapes.com\/es\/wp-json\/wp\/v2\/product_brand?post=8896"},{"taxonomy":"product_cat","embeddable":true,"href":"https:\/\/cloudsupplyvapes.com\/es\/wp-json\/wp\/v2\/product_cat?post=8896"},{"taxonomy":"product_tag","embeddable":true,"href":"https:\/\/cloudsupplyvapes.com\/es\/wp-json\/wp\/v2\/product_tag?post=8896"}],"curies":[{"name":"wp","href":"https:\/\/api.w.org\/{rel}","templated":true}]}}