{"id":8898,"date":"2024-10-19T03:03:31","date_gmt":"2024-10-19T03:03:31","guid":{"rendered":"https:\/\/cloudsupplyvapes.com\/?post_type=product&#038;p=8898"},"modified":"2024-11-19T06:38:35","modified_gmt":"2024-11-19T06:38:35","slug":"-301","status":"publish","type":"product","link":"https:\/\/cloudsupplyvapes.com\/es\/product\/elf-box-5500-puff-disposable-vape-wholesale\/","title":{"rendered":"ELF BOX 5500 Puffs Vape Desechable al por mayor - 10mL E-Liquid, Dise\u00f1o Compacto, Vainas a granel En Stock Ahora"},"content":{"rendered":"<h2>Opciones de sabor:<\/h2>\n<ul>\n<li>Kiwi Naranja Baya<\/li>\n<li>Hielo de mel\u00f3n y uva<\/li>\n<li>Kiwi Baya<\/li>\n<li>Caramelos arco iris<\/li>\n<li>Pomelo Pi\u00f1a<\/li>\n<li>Hielo de pl\u00e1tano<\/li>\n<\/ul>\n<h3>Especificaciones ELF BOX 5500<\/h3>\n<table>\n<thead>\n<tr>\n<th><strong>Caracter\u00edstica<\/strong><\/th>\n<th><strong>Especificaci\u00f3n<\/strong><\/th>\n<\/tr>\n<\/thead>\n<tbody>\n<tr>\n<td>Puffs<\/td>\n<td>5.500 bocanadas<\/td>\n<\/tr>\n<tr>\n<td>N\u00facleo<\/td>\n<td>Bobina de malla 1.2ohm<\/td>\n<\/tr>\n<tr>\n<td>Capacidad de e-l\u00edquido<\/td>\n<td>13 ml<\/td>\n<\/tr>\n<tr>\n<td>Potencia de nicotina<\/td>\n<td>0%, 2%, 3%, 5%(por defecto)<\/td>\n<\/tr>\n<tr>\n<td>Capacidad de la bater\u00eda<\/td>\n<td>16350-650mAh<\/td>\n<\/tr>\n<tr>\n<td>Recargable<\/td>\n<td>Tipo-C<\/td>\n<\/tr>\n<tr>\n<td>Peso del producto<\/td>\n<td>60 g\/unidad<\/td>\n<\/tr>\n<tr>\n<td>Tama\u00f1o del producto<\/td>\n<td>45*87*244mm<\/td>\n<\/tr>\n<tr>\n<td>Peso del paquete<\/td>\n<td>13,35 kg\/200 piezas<\/td>\n<\/tr>\n<\/tbody>\n<\/table>\n<h3>Caracter\u00edsticas principales:<\/h3>\n<ul>\n<li><strong>Bobina de malla eficiente:<\/strong> Utiliza una bobina de malla de 1.2ohm dise\u00f1ada para una entrega de sabor \u00f3ptima y una producci\u00f3n de vapor suave.<\/li>\n<li><strong>Capacidad de E-l\u00edquido compacto:<\/strong> Cuenta con un tanque de 13 ml para una experiencia de vapeo compacta pero satisfactoria con hasta 5.500 caladas.<\/li>\n<li><strong>Opciones de nicotina vers\u00e1tiles:<\/strong> Disponible en varias concentraciones de nicotina para satisfacer tanto a los fumadores ligeros como a los intensos.<\/li>\n<li><strong>Dise\u00f1o f\u00e1cil de usar:<\/strong> F\u00e1cil de usar y recargar con su puerto USB Type-C, por lo que es ideal para vapear sobre la marcha.<\/li>\n<li><strong>Ligero y port\u00e1til:<\/strong> Con un peso de s\u00f3lo 60 g, est\u00e1 dise\u00f1ada para ser port\u00e1til y f\u00e1cil de manejar.<\/li>\n<\/ul>\n<h3>\u00bfPor qu\u00e9 elegir la ELF BOX 5500?<\/h3>\n<p>El ELF BOX 5500 es perfecto para aquellos que buscan un dispositivo de vapeo ligero y port\u00e1til que no comprometa el sabor o el rendimiento. Ideal para vapeadores que valoran la comodidad y la calidad en un formato compacto.<\/p>","protected":false},"excerpt":{"rendered":"<p>ELF BOX 5500 combina una construcci\u00f3n ligera con un funcionamiento sin complicaciones, perfecto para el uso diario. Su suave producci\u00f3n de vapor y su dise\u00f1o ergon\u00f3mico la convierten en una elecci\u00f3n popular entre los clientes mayoristas.<\/p>","protected":false},"featured_media":9198,"comment_status":"open","ping_status":"closed","template":"","meta":[],"product_brand":[],"product_cat":[22],"product_tag":[472],"class_list":{"0":"post-8898","1":"product","2":"type-product","3":"status-publish","4":"has-post-thumbnail","6":"product_cat-disposable-vape-sticks","7":"product_tag-elf-box","9":"first","10":"instock","11":"sale","12":"shipping-taxable","13":"purchasable","14":"product-type-simple"},"jetpack_sharing_enabled":true,"tiered_pricing_type":"fixed","tiered_pricing_fixed_rules":{"500":7.9000000000000003552713678800500929355621337890625,"2000":7.79999999999999982236431605997495353221893310546875,"5000":7.5999999999999996447286321199499070644378662109375},"tiered_pricing_product_settings":{"layout":"default","base_unit_name":{"singular":null,"plural":null},"default_variation":null},"tiered_pricing_minimum_quantity":50,"tiered_pricing_roles_data":[],"tiered_pricing_percentage_rules":[],"tiered_pricing_maximum_quantity":null,"tiered_pricing_quantity_step":null,"_links":{"self":[{"href":"https:\/\/cloudsupplyvapes.com\/es\/wp-json\/wp\/v2\/product\/8898","targetHints":{"allow":["GET"]}}],"collection":[{"href":"https:\/\/cloudsupplyvapes.com\/es\/wp-json\/wp\/v2\/product"}],"about":[{"href":"https:\/\/cloudsupplyvapes.com\/es\/wp-json\/wp\/v2\/types\/product"}],"replies":[{"embeddable":true,"href":"https:\/\/cloudsupplyvapes.com\/es\/wp-json\/wp\/v2\/comments?post=8898"}],"wp:featuredmedia":[{"embeddable":true,"href":"https:\/\/cloudsupplyvapes.com\/es\/wp-json\/wp\/v2\/media\/9198"}],"wp:attachment":[{"href":"https:\/\/cloudsupplyvapes.com\/es\/wp-json\/wp\/v2\/media?parent=8898"}],"wp:term":[{"taxonomy":"product_brand","embeddable":true,"href":"https:\/\/cloudsupplyvapes.com\/es\/wp-json\/wp\/v2\/product_brand?post=8898"},{"taxonomy":"product_cat","embeddable":true,"href":"https:\/\/cloudsupplyvapes.com\/es\/wp-json\/wp\/v2\/product_cat?post=8898"},{"taxonomy":"product_tag","embeddable":true,"href":"https:\/\/cloudsupplyvapes.com\/es\/wp-json\/wp\/v2\/product_tag?post=8898"}],"curies":[{"name":"wp","href":"https:\/\/api.w.org\/{rel}","templated":true}]}}