{"id":8899,"date":"2024-10-19T03:03:31","date_gmt":"2024-10-19T03:03:31","guid":{"rendered":"https:\/\/cloudsupplyvapes.com\/?post_type=product&#038;p=8899"},"modified":"2024-11-19T06:01:48","modified_gmt":"2024-11-19T06:01:48","slug":"-302","status":"publish","type":"product","link":"https:\/\/cloudsupplyvapes.com\/es\/product\/elf-box-5000-disposable-wholesale\/","title":{"rendered":"ELF BOX 5000 Puffs Vape Desechable al por mayor - 5.000 Puffs, 10mL E-Liquid, Pods asequibles y fiables al por mayor"},"content":{"rendered":"<h2>Opciones de sabor:<\/h2>\n<ul>\n<li>Kiwi<\/li>\n<li>Kiwi Guayaba Fruta de la pasi\u00f3n<\/li>\n<li>Mango malayo<\/li>\n<\/ul>\n<h3>Especificaciones ELF BOX 5000<\/h3>\n<table>\n<thead>\n<tr>\n<th><strong>Caracter\u00edstica<\/strong><\/th>\n<th><strong>Especificaci\u00f3n<\/strong><\/th>\n<\/tr>\n<\/thead>\n<tbody>\n<tr>\n<td>Puffs<\/td>\n<td>5.000 bocanadas<\/td>\n<\/tr>\n<tr>\n<td>N\u00facleo<\/td>\n<td>Bobina de malla 1.2ohm<\/td>\n<\/tr>\n<tr>\n<td>Capacidad de e-l\u00edquido<\/td>\n<td>12 ml<\/td>\n<\/tr>\n<tr>\n<td>Potencia de nicotina<\/td>\n<td>0%, 2%, 3%, 5%<\/td>\n<\/tr>\n<tr>\n<td>Capacidad de la bater\u00eda<\/td>\n<td>16350-650mAh<\/td>\n<\/tr>\n<tr>\n<td>Recargable<\/td>\n<td>Tipo-C<\/td>\n<\/tr>\n<tr>\n<td>Peso del producto<\/td>\n<td>62 g\/unidad<\/td>\n<\/tr>\n<tr>\n<td>Tama\u00f1o del producto<\/td>\n<td>22*49*98mm<\/td>\n<\/tr>\n<tr>\n<td>Peso del paquete<\/td>\n<td>13,5 kg\/200 piezas<\/td>\n<\/tr>\n<tr>\n<td>Tama\u00f1o de la caja<\/td>\n<td>548*235*215mm<\/td>\n<\/tr>\n<\/tbody>\n<\/table>\n<h3>Caracter\u00edsticas principales:<\/h3>\n<ul>\n<li><strong>Bobina de malla optimizada:<\/strong> Incorpora una bobina de malla de 1,2ohm que proporciona una excelente fidelidad de sabor y consistencia de vapor.<\/li>\n<li><strong>Volumen de E-l\u00edquido compacto:<\/strong> Equipado con un dep\u00f3sito de 12 ml, ideal para largas sesiones de vapeo con hasta 5.000 caladas.<\/li>\n<li><strong>Diversos niveles de nicotina:<\/strong> Disponible en varias concentraciones de nicotina, lo que lo hace adecuado para una amplia gama de usuarios.<\/li>\n<li><strong>Recarga f\u00e1cil:<\/strong> Viene con un puerto USB Type-C para una recarga c\u00f3moda y r\u00e1pida.<\/li>\n<li><strong>Ligero y port\u00e1til:<\/strong> Con un peso de s\u00f3lo 62 g, est\u00e1 dise\u00f1ado para facilitar su transporte y uso sobre la marcha.<\/li>\n<\/ul>\n<h3>\u00bfPor qu\u00e9 elegir la ELF BOX 5000?<\/h3>\n<p>El ELF BOX 5000 combina funcionalidad con simplicidad, ofreciendo una experiencia de vapeo directa y de alta calidad con un enfoque en el sabor y la portabilidad. Ideal para vapeadores que aprecian una sesi\u00f3n de vapeo agradable y sin complicaciones.<\/p>","protected":false},"excerpt":{"rendered":"<p>Mejore su experiencia de vapeo con ELF BOX 5000, que proporciona hasta 5.000 caladas con una capacidad de 12 ml de e-l\u00edquido. Este dispositivo cuenta con una bobina de malla de alta eficiencia y un dise\u00f1o compacto, por lo que es perfecto tanto para vapers nuevos como experimentados que buscan calidad y comodidad.<\/p>","protected":false},"featured_media":9199,"comment_status":"open","ping_status":"closed","template":"","meta":[],"product_brand":[],"product_cat":[22],"product_tag":[472],"class_list":{"0":"post-8899","1":"product","2":"type-product","3":"status-publish","4":"has-post-thumbnail","6":"product_cat-disposable-vape-sticks","7":"product_tag-elf-box","9":"first","10":"instock","11":"sale","12":"shipping-taxable","13":"purchasable","14":"product-type-simple"},"jetpack_sharing_enabled":true,"tiered_pricing_type":"fixed","tiered_pricing_fixed_rules":{"500":8,"2000":7.9000000000000003552713678800500929355621337890625,"5000":7.70000000000000017763568394002504646778106689453125},"tiered_pricing_product_settings":{"layout":"default","base_unit_name":{"singular":null,"plural":null},"default_variation":null},"tiered_pricing_minimum_quantity":50,"tiered_pricing_roles_data":[],"tiered_pricing_percentage_rules":[],"tiered_pricing_maximum_quantity":null,"tiered_pricing_quantity_step":null,"_links":{"self":[{"href":"https:\/\/cloudsupplyvapes.com\/es\/wp-json\/wp\/v2\/product\/8899","targetHints":{"allow":["GET"]}}],"collection":[{"href":"https:\/\/cloudsupplyvapes.com\/es\/wp-json\/wp\/v2\/product"}],"about":[{"href":"https:\/\/cloudsupplyvapes.com\/es\/wp-json\/wp\/v2\/types\/product"}],"replies":[{"embeddable":true,"href":"https:\/\/cloudsupplyvapes.com\/es\/wp-json\/wp\/v2\/comments?post=8899"}],"wp:featuredmedia":[{"embeddable":true,"href":"https:\/\/cloudsupplyvapes.com\/es\/wp-json\/wp\/v2\/media\/9199"}],"wp:attachment":[{"href":"https:\/\/cloudsupplyvapes.com\/es\/wp-json\/wp\/v2\/media?parent=8899"}],"wp:term":[{"taxonomy":"product_brand","embeddable":true,"href":"https:\/\/cloudsupplyvapes.com\/es\/wp-json\/wp\/v2\/product_brand?post=8899"},{"taxonomy":"product_cat","embeddable":true,"href":"https:\/\/cloudsupplyvapes.com\/es\/wp-json\/wp\/v2\/product_cat?post=8899"},{"taxonomy":"product_tag","embeddable":true,"href":"https:\/\/cloudsupplyvapes.com\/es\/wp-json\/wp\/v2\/product_tag?post=8899"}],"curies":[{"name":"wp","href":"https:\/\/api.w.org\/{rel}","templated":true}]}}