{"id":8900,"date":"2024-10-19T03:03:31","date_gmt":"2024-10-19T03:03:31","guid":{"rendered":"https:\/\/cloudsupplyvapes.com\/?post_type=product&#038;p=8900"},"modified":"2024-11-19T06:36:18","modified_gmt":"2024-11-19T06:36:18","slug":"-303","status":"publish","type":"product","link":"https:\/\/cloudsupplyvapes.com\/es\/product\/doloda-db7000-puff-disposable-vape-wholesale\/","title":{"rendered":"DOLODA DB7000 Puffs Vape Desechable al por mayor - 7.000 Puffs, 15mL de capacidad, Dise\u00f1o a prueba de fugas, Vainas desechables a granel"},"content":{"rendered":"<h2>Opciones de sabor:<\/h2>\n<ul>\n<li>Fresa Pl\u00e1tano<\/li>\n<li>Osito de goma<\/li>\n<li>Hielo exuberante<\/li>\n<li>Hielo de uva<\/li>\n<li>Hielo Razz Azul<\/li>\n<li>Pi\u00f1a Colada<\/li>\n<li>Sand\u00eda con fresa<\/li>\n<li>Manzanas dobles<\/li>\n<\/ul>\n<h3>DOLODA DB7000 Especificaciones<\/h3>\n<table>\n<thead>\n<tr>\n<th><strong>Caracter\u00edstica<\/strong><\/th>\n<th><strong>Especificaci\u00f3n<\/strong><\/th>\n<\/tr>\n<\/thead>\n<tbody>\n<tr>\n<td>Puffs<\/td>\n<td>7.000 bocanadas<\/td>\n<\/tr>\n<tr>\n<td>N\u00facleo<\/td>\n<td>Bobina de malla 1.2ohm<\/td>\n<\/tr>\n<tr>\n<td>Capacidad de e-l\u00edquido<\/td>\n<td>14 ml<\/td>\n<\/tr>\n<tr>\n<td>Potencia de nicotina<\/td>\n<td>0%, 2%, 3%, 5%(por defecto)<\/td>\n<\/tr>\n<tr>\n<td>Capacidad de la bater\u00eda<\/td>\n<td>13350-500mAh<\/td>\n<\/tr>\n<tr>\n<td>Recargable<\/td>\n<td>Tipo-C<\/td>\n<\/tr>\n<tr>\n<td>Peso del producto<\/td>\n<td>63 g\/unidad<\/td>\n<\/tr>\n<tr>\n<td>Tama\u00f1o del producto<\/td>\n<td>25*55*98,5 mm<\/td>\n<\/tr>\n<tr>\n<td>Peso del paquete<\/td>\n<td>13,75 kg\/200 piezas<\/td>\n<\/tr>\n<tr>\n<td>Tama\u00f1o de la caja<\/td>\n<td>580*275*222mm<\/td>\n<\/tr>\n<\/tbody>\n<\/table>\n<h3>Caracter\u00edsticas principales:<\/h3>\n<ul>\n<li><strong>Bobina de malla de alta eficiencia:<\/strong> Equipado con una bobina de malla de 1,2ohm para una mejor extracci\u00f3n del sabor y una producci\u00f3n de vapor suave.<\/li>\n<li><strong>Generosa capacidad de e-l\u00edquido:<\/strong> Ofrece un dep\u00f3sito de 14 ml para hasta 7.000 caladas, proporcionando sesiones de vapeo de larga duraci\u00f3n.<\/li>\n<li><strong>Diversas opciones de nicotina:<\/strong> Disponible en varias concentraciones de nicotina para adaptarse a las preferencias de los usuarios.<\/li>\n<li><strong>Compacto y port\u00e1til:<\/strong> Ligero y f\u00e1cil de transportar, ideal para vapear sobre la marcha.<\/li>\n<li><strong>Recarga USB Tipo-C:<\/strong> Dispone de un puerto de carga Type-C para una recarga r\u00e1pida y c\u00f3moda.<\/li>\n<\/ul>\n<h3>\u00bfPor qu\u00e9 elegir el DOLODA DB7000?<\/h3>\n<p>El DOLODA DB7000 es perfecto para los vapeadores que buscan un vapeador desechable de alta capacidad y larga duraci\u00f3n que ofrezca ricos sabores y un rendimiento robusto en un paquete elegante y port\u00e1til.<\/p>","protected":false},"excerpt":{"rendered":"<p>DOLODA DB7000 cuenta con una innovadora tecnolog\u00eda de bobina y un tanque dise\u00f1ado con precisi\u00f3n para una consistencia de vapor excepcional. Su dise\u00f1o robusto est\u00e1 hecho a medida para un uso prolongado y oportunidades al por mayor.<\/p>","protected":false},"featured_media":9200,"comment_status":"open","ping_status":"closed","template":"","meta":[],"product_brand":[],"product_cat":[22],"product_tag":[473],"class_list":{"0":"post-8900","1":"product","2":"type-product","3":"status-publish","4":"has-post-thumbnail","6":"product_cat-disposable-vape-sticks","7":"product_tag-doloda","9":"first","10":"instock","11":"sale","12":"shipping-taxable","13":"purchasable","14":"product-type-simple"},"jetpack_sharing_enabled":true,"tiered_pricing_type":"fixed","tiered_pricing_fixed_rules":{"500":7.9000000000000003552713678800500929355621337890625,"2000":7.79999999999999982236431605997495353221893310546875,"5000":7.5},"tiered_pricing_product_settings":{"layout":"default","base_unit_name":{"singular":null,"plural":null},"default_variation":null},"tiered_pricing_minimum_quantity":50,"tiered_pricing_roles_data":[],"tiered_pricing_percentage_rules":[],"tiered_pricing_maximum_quantity":null,"tiered_pricing_quantity_step":null,"_links":{"self":[{"href":"https:\/\/cloudsupplyvapes.com\/es\/wp-json\/wp\/v2\/product\/8900","targetHints":{"allow":["GET"]}}],"collection":[{"href":"https:\/\/cloudsupplyvapes.com\/es\/wp-json\/wp\/v2\/product"}],"about":[{"href":"https:\/\/cloudsupplyvapes.com\/es\/wp-json\/wp\/v2\/types\/product"}],"replies":[{"embeddable":true,"href":"https:\/\/cloudsupplyvapes.com\/es\/wp-json\/wp\/v2\/comments?post=8900"}],"wp:featuredmedia":[{"embeddable":true,"href":"https:\/\/cloudsupplyvapes.com\/es\/wp-json\/wp\/v2\/media\/9200"}],"wp:attachment":[{"href":"https:\/\/cloudsupplyvapes.com\/es\/wp-json\/wp\/v2\/media?parent=8900"}],"wp:term":[{"taxonomy":"product_brand","embeddable":true,"href":"https:\/\/cloudsupplyvapes.com\/es\/wp-json\/wp\/v2\/product_brand?post=8900"},{"taxonomy":"product_cat","embeddable":true,"href":"https:\/\/cloudsupplyvapes.com\/es\/wp-json\/wp\/v2\/product_cat?post=8900"},{"taxonomy":"product_tag","embeddable":true,"href":"https:\/\/cloudsupplyvapes.com\/es\/wp-json\/wp\/v2\/product_tag?post=8900"}],"curies":[{"name":"wp","href":"https:\/\/api.w.org\/{rel}","templated":true}]}}