{"id":8901,"date":"2024-10-19T03:03:31","date_gmt":"2024-10-19T03:03:31","guid":{"rendered":"https:\/\/cloudsupplyvapes.com\/?post_type=product&#038;p=8901"},"modified":"2024-11-19T06:36:08","modified_gmt":"2024-11-19T06:36:08","slug":"-304","status":"publish","type":"product","link":"https:\/\/cloudsupplyvapes.com\/es\/product\/doloda-pebble-6500-puff-disposable-vape-wholesale\/","title":{"rendered":"DOLODA Pebble 6500 Puffs Vape Desechable al por mayor - Tanque de 13mL, recargable, construcci\u00f3n ligera para reventa al por mayor"},"content":{"rendered":"<h2>Opciones de sabor:<\/h2>\n<ul>\n<li>Osito de goma<\/li>\n<li>Hielo exuberante<\/li>\n<li>Hielo de uva<\/li>\n<li>Hielo Razz Azul<\/li>\n<li>Sand\u00eda con fresa<\/li>\n<li>Menta lim\u00f3n<\/li>\n<li>Caf\u00e9 moca<\/li>\n<li>Mango malayo<\/li>\n<li>Hielo de mora<\/li>\n<li>Refresco de cereza<\/li>\n<\/ul>\n<h3>Especificaciones DOLODA Pebble<\/h3>\n<table>\n<thead>\n<tr>\n<th><strong>Caracter\u00edstica<\/strong><\/th>\n<th><strong>Especificaci\u00f3n<\/strong><\/th>\n<\/tr>\n<\/thead>\n<tbody>\n<tr>\n<td>Puffs<\/td>\n<td>6.500 bocanadas<\/td>\n<\/tr>\n<tr>\n<td>N\u00facleo<\/td>\n<td>Bobina de malla 1.2ohm<\/td>\n<\/tr>\n<tr>\n<td>Capacidad de e-l\u00edquido<\/td>\n<td>13 ml<\/td>\n<\/tr>\n<tr>\n<td>Potencia de nicotina<\/td>\n<td>0%, 2%, 5%(por defecto)<\/td>\n<\/tr>\n<tr>\n<td>Capacidad de la bater\u00eda<\/td>\n<td>13350-500mAh<\/td>\n<\/tr>\n<tr>\n<td>Recargable<\/td>\n<td>Tipo-C<\/td>\n<\/tr>\n<tr>\n<td>Punta de filtro<\/td>\n<td>Incluido (3 uds.)<\/td>\n<\/tr>\n<tr>\n<td>Peso del producto<\/td>\n<td>60 g\/unidad<\/td>\n<\/tr>\n<tr>\n<td>Tama\u00f1o del producto<\/td>\n<td>28,5*55*100mm<\/td>\n<\/tr>\n<tr>\n<td>Peso del paquete<\/td>\n<td>13,4 kg\/200 piezas<\/td>\n<\/tr>\n<tr>\n<td>Tama\u00f1o de la caja<\/td>\n<td>575*300*225mm<\/td>\n<\/tr>\n<\/tbody>\n<\/table>\n<h3>Caracter\u00edsticas principales:<\/h3>\n<ul>\n<li><strong>Tecnolog\u00eda avanzada de bobina de malla:<\/strong> Equipado con una bobina de malla de 1,2ohm que garantiza una producci\u00f3n de vapor suave y un sabor mejorado.<\/li>\n<li><strong>Generoso volumen de e-l\u00edquido:<\/strong> Cuenta con un dep\u00f3sito de 13 ml que admite hasta 6.500 caladas, ideal para largos periodos de vapeo.<\/li>\n<li><strong>Niveles de nicotina vers\u00e1tiles:<\/strong> Ofrece varias opciones de nicotina para satisfacer las distintas preferencias de vapeo.<\/li>\n<li><strong>Dise\u00f1o port\u00e1til con puntas filtrantes:<\/strong> Viene con tres puntas de filtro para una experiencia de vapeo c\u00f3moda e higi\u00e9nica, todo ello en un formato compacto y f\u00e1cil de transportar.<\/li>\n<li><strong>Pr\u00e1ctica carga USB Tipo-C:<\/strong> Proporciona una capacidad de recarga r\u00e1pida y eficaz.<\/li>\n<\/ul>\n<h3>\u00bfPor qu\u00e9 elegir DOLODA Pebble?<\/h3>\n<p>DOLODA Pebble destaca por su dise\u00f1o innovador con puntas de filtro y un tama\u00f1o compacto, combinado con una funcionalidad robusta y una variedad de opciones de sabor, por lo que es una opci\u00f3n superior para vapers exigentes.<\/p>","protected":false},"excerpt":{"rendered":"<p>DOLODA Pebble cuenta con una estructura compacta pero duradera. Su dise\u00f1o eficiente garantiza un mantenimiento m\u00ednimo al tiempo que ofrece una rica experiencia de vapor, por lo que es una adici\u00f3n perfecta a los inventarios a granel.<\/p>","protected":false},"featured_media":9201,"comment_status":"open","ping_status":"closed","template":"","meta":[],"product_brand":[],"product_cat":[22],"product_tag":[473],"class_list":{"0":"post-8901","1":"product","2":"type-product","3":"status-publish","4":"has-post-thumbnail","6":"product_cat-disposable-vape-sticks","7":"product_tag-doloda","9":"first","10":"instock","11":"sale","12":"shipping-taxable","13":"purchasable","14":"product-type-simple"},"jetpack_sharing_enabled":true,"tiered_pricing_type":"fixed","tiered_pricing_fixed_rules":{"500":7.9000000000000003552713678800500929355621337890625,"2000":7.79999999999999982236431605997495353221893310546875,"5000":7.5999999999999996447286321199499070644378662109375},"tiered_pricing_product_settings":{"layout":"default","base_unit_name":{"singular":null,"plural":null},"default_variation":null},"tiered_pricing_minimum_quantity":50,"tiered_pricing_roles_data":[],"tiered_pricing_percentage_rules":[],"tiered_pricing_maximum_quantity":null,"tiered_pricing_quantity_step":null,"_links":{"self":[{"href":"https:\/\/cloudsupplyvapes.com\/es\/wp-json\/wp\/v2\/product\/8901","targetHints":{"allow":["GET"]}}],"collection":[{"href":"https:\/\/cloudsupplyvapes.com\/es\/wp-json\/wp\/v2\/product"}],"about":[{"href":"https:\/\/cloudsupplyvapes.com\/es\/wp-json\/wp\/v2\/types\/product"}],"replies":[{"embeddable":true,"href":"https:\/\/cloudsupplyvapes.com\/es\/wp-json\/wp\/v2\/comments?post=8901"}],"wp:featuredmedia":[{"embeddable":true,"href":"https:\/\/cloudsupplyvapes.com\/es\/wp-json\/wp\/v2\/media\/9201"}],"wp:attachment":[{"href":"https:\/\/cloudsupplyvapes.com\/es\/wp-json\/wp\/v2\/media?parent=8901"}],"wp:term":[{"taxonomy":"product_brand","embeddable":true,"href":"https:\/\/cloudsupplyvapes.com\/es\/wp-json\/wp\/v2\/product_brand?post=8901"},{"taxonomy":"product_cat","embeddable":true,"href":"https:\/\/cloudsupplyvapes.com\/es\/wp-json\/wp\/v2\/product_cat?post=8901"},{"taxonomy":"product_tag","embeddable":true,"href":"https:\/\/cloudsupplyvapes.com\/es\/wp-json\/wp\/v2\/product_tag?post=8901"}],"curies":[{"name":"wp","href":"https:\/\/api.w.org\/{rel}","templated":true}]}}