{"id":8902,"date":"2024-10-19T03:03:31","date_gmt":"2024-10-19T03:03:31","guid":{"rendered":"https:\/\/cloudsupplyvapes.com\/?post_type=product&#038;p=8902"},"modified":"2024-11-19T06:35:57","modified_gmt":"2024-11-19T06:35:57","slug":"-305","status":"publish","type":"product","link":"https:\/\/cloudsupplyvapes.com\/es\/product\/doloda-extra-box-6000-puff-disposable-vape-wholesale\/","title":{"rendered":"DOLODA EXTRA BOX 6000 Puffs Vape Desechable al por mayor - Bater\u00eda 600mAh, 12mL E-Liquid, Pods de larga duraci\u00f3n para pedidos al por mayor"},"content":{"rendered":"<h2>Opciones de sabor:<\/h2>\n<ul>\n<li>Hielo exuberante<\/li>\n<li>Fresa Pl\u00e1tano<\/li>\n<li>Hielo de menta<\/li>\n<li>Blue Razz<\/li>\n<li>Fresa Manzana Sand\u00eda<\/li>\n<li>Limonada rosa<\/li>\n<li>Hielo de pl\u00e1tano<\/li>\n<li>Crema real<\/li>\n<li>Melocot\u00f3n Mango Pi\u00f1a<\/li>\n<li>Algod\u00f3n de az\u00facar<\/li>\n<\/ul>\n<h3>Especificaciones DOLODA EXTRA BOX<\/h3>\n<table>\n<thead>\n<tr>\n<th><strong>Caracter\u00edstica<\/strong><\/th>\n<th><strong>Especificaci\u00f3n<\/strong><\/th>\n<\/tr>\n<\/thead>\n<tbody>\n<tr>\n<td>Puffs<\/td>\n<td>6.000 bocanadas<\/td>\n<\/tr>\n<tr>\n<td>N\u00facleo<\/td>\n<td>Bobina de malla 1.2ohm<\/td>\n<\/tr>\n<tr>\n<td>Capacidad de e-l\u00edquido<\/td>\n<td>12 ml<\/td>\n<\/tr>\n<tr>\n<td>Potencia de nicotina<\/td>\n<td>2%, 5%(por defecto)<\/td>\n<\/tr>\n<tr>\n<td>Capacidad de la bater\u00eda<\/td>\n<td>650 mAh<\/td>\n<\/tr>\n<tr>\n<td>Recargable<\/td>\n<td>Tipo-C<\/td>\n<\/tr>\n<tr>\n<td>Flujo de aire ajustable<\/td>\n<td>S\u00ed<\/td>\n<\/tr>\n<tr>\n<td>Peso del producto<\/td>\n<td>73,2 g\/unidad<\/td>\n<\/tr>\n<tr>\n<td>Tama\u00f1o del producto<\/td>\n<td>26*48,5*103mm<\/td>\n<\/tr>\n<tr>\n<td>Peso del paquete<\/td>\n<td>16,2 kg\/200 piezas<\/td>\n<\/tr>\n<tr>\n<td>Tama\u00f1o de la caja<\/td>\n<td>530*310*230mm<\/td>\n<\/tr>\n<\/tbody>\n<\/table>\n<h3>Caracter\u00edsticas principales:<\/h3>\n<ul>\n<li><strong>Bobina de malla avanzada:<\/strong> Utiliza una bobina de malla de 1,2 ohmios dise\u00f1ada para un realce \u00f3ptimo del sabor y una producci\u00f3n constante de vapor.<\/li>\n<li><strong>Sistema de flujo de aire ajustable:<\/strong> Permite la personalizaci\u00f3n de la experiencia de vapeo, ajustando la resistencia a la extracci\u00f3n para adaptarse a las preferencias individuales.<\/li>\n<li><strong>Generosa capacidad de e-l\u00edquido:<\/strong> Cuenta con un dep\u00f3sito de 12 ml que admite hasta 6.000 caladas, perfecto para sesiones de vapeo prolongadas.<\/li>\n<li><strong>Potencias de nicotina vers\u00e1tiles:<\/strong> Disponible en opciones de nicotina 2% y 5% para satisfacer las diferentes necesidades de los usuarios.<\/li>\n<li><strong>Port\u00e1til y ergon\u00f3mico:<\/strong> Compacto y f\u00e1cil de manejar, ideal para vapear sobre la marcha.<\/li>\n<\/ul>\n<h3>\u00bfPor qu\u00e9 elegir DOLODA EXTRA BOX?<\/h3>\n<p>El DOLODA EXTRA BOX destaca por su excelente rendimiento, flujo de aire personalizable y una amplia gama de deliciosos sabores. Est\u00e1 dise\u00f1ado para vapeadores que valoran la flexibilidad y la calidad en su experiencia de vapeo.<\/p>","protected":false},"excerpt":{"rendered":"<p>DOLODA EXTRA BOX ofrece una producci\u00f3n de vapor superior con su bobina de alta eficiencia y bater\u00eda de larga duraci\u00f3n. Dise\u00f1ado para un rendimiento constante, es ideal para vapers pesados y distribuidores a granel.<\/p>","protected":false},"featured_media":9202,"comment_status":"open","ping_status":"closed","template":"","meta":[],"product_brand":[],"product_cat":[22],"product_tag":[473],"class_list":{"0":"post-8902","1":"product","2":"type-product","3":"status-publish","4":"has-post-thumbnail","6":"product_cat-disposable-vape-sticks","7":"product_tag-doloda","9":"first","10":"instock","11":"sale","12":"shipping-taxable","13":"purchasable","14":"product-type-simple"},"jetpack_sharing_enabled":true,"tiered_pricing_type":"fixed","tiered_pricing_fixed_rules":{"500":7.9000000000000003552713678800500929355621337890625,"2000":7.79999999999999982236431605997495353221893310546875,"5000":7.5999999999999996447286321199499070644378662109375},"tiered_pricing_product_settings":{"layout":"default","base_unit_name":{"singular":null,"plural":null},"default_variation":null},"tiered_pricing_minimum_quantity":50,"tiered_pricing_roles_data":[],"tiered_pricing_percentage_rules":[],"tiered_pricing_maximum_quantity":null,"tiered_pricing_quantity_step":null,"_links":{"self":[{"href":"https:\/\/cloudsupplyvapes.com\/es\/wp-json\/wp\/v2\/product\/8902","targetHints":{"allow":["GET"]}}],"collection":[{"href":"https:\/\/cloudsupplyvapes.com\/es\/wp-json\/wp\/v2\/product"}],"about":[{"href":"https:\/\/cloudsupplyvapes.com\/es\/wp-json\/wp\/v2\/types\/product"}],"replies":[{"embeddable":true,"href":"https:\/\/cloudsupplyvapes.com\/es\/wp-json\/wp\/v2\/comments?post=8902"}],"wp:featuredmedia":[{"embeddable":true,"href":"https:\/\/cloudsupplyvapes.com\/es\/wp-json\/wp\/v2\/media\/9202"}],"wp:attachment":[{"href":"https:\/\/cloudsupplyvapes.com\/es\/wp-json\/wp\/v2\/media?parent=8902"}],"wp:term":[{"taxonomy":"product_brand","embeddable":true,"href":"https:\/\/cloudsupplyvapes.com\/es\/wp-json\/wp\/v2\/product_brand?post=8902"},{"taxonomy":"product_cat","embeddable":true,"href":"https:\/\/cloudsupplyvapes.com\/es\/wp-json\/wp\/v2\/product_cat?post=8902"},{"taxonomy":"product_tag","embeddable":true,"href":"https:\/\/cloudsupplyvapes.com\/es\/wp-json\/wp\/v2\/product_tag?post=8902"}],"curies":[{"name":"wp","href":"https:\/\/api.w.org\/{rel}","templated":true}]}}