{"id":8904,"date":"2024-10-19T03:03:32","date_gmt":"2024-10-19T03:03:32","guid":{"rendered":"https:\/\/cloudsupplyvapes.com\/?post_type=product&#038;p=8904"},"modified":"2024-11-19T06:35:38","modified_gmt":"2024-11-19T06:35:38","slug":"-307","status":"publish","type":"product","link":"https:\/\/cloudsupplyvapes.com\/es\/product\/elf-box-crystal-bar-600-puff-disposable-vape-wholesale\/","title":{"rendered":"ELF BOX Barra de Cristal 600 Puffs Vape Desechable al por mayor - Tanque de 2mL, Elegante Acabado de Cristal, Asequible Vapes de Barra de Cristal al por mayor"},"content":{"rendered":"<h2>Opciones de sabor:<\/h2>\n<ul>\n<li>Cereza helada<\/li>\n<li>Fresa helada<\/li>\n<li>Hielo de uva<\/li>\n<li>Mezcla de bayas<\/li>\n<li>Hielo de ar\u00e1ndanos<\/li>\n<li>Hielo de sand\u00eda<\/li>\n<li>Sand\u00eda con fresa<\/li>\n<li>Blue Razz<\/li>\n<li>Melocot\u00f3n helado<\/li>\n<li>Kiwi Maracuy\u00e1<\/li>\n<\/ul>\n<h3>Especificaciones de la barra de cristal ELF BOX<\/h3>\n<table>\n<thead>\n<tr>\n<th><strong>Caracter\u00edstica<\/strong><\/th>\n<th><strong>Especificaci\u00f3n<\/strong><\/th>\n<\/tr>\n<\/thead>\n<tbody>\n<tr>\n<td>Puffs<\/td>\n<td>600 bocanadas<\/td>\n<\/tr>\n<tr>\n<td>N\u00facleo<\/td>\n<td>1,6ohmios<\/td>\n<\/tr>\n<tr>\n<td>Capacidad de e-l\u00edquido<\/td>\n<td>2 ml<\/td>\n<\/tr>\n<tr>\n<td>Potencia de nicotina<\/td>\n<td>0%, 2%, 5%<\/td>\n<\/tr>\n<tr>\n<td>Capacidad de la bater\u00eda<\/td>\n<td>500 mAh<\/td>\n<\/tr>\n<tr>\n<td>Peso del producto<\/td>\n<td>38g<\/td>\n<\/tr>\n<tr>\n<td>Tama\u00f1o del producto<\/td>\n<td>25*47*77mm<\/td>\n<\/tr>\n<tr>\n<td>Peso del paquete<\/td>\n<td>17,52 kg\/400 piezas<\/td>\n<\/tr>\n<tr>\n<td>Tama\u00f1o de la caja<\/td>\n<td>548*235*215mm<\/td>\n<\/tr>\n<\/tbody>\n<\/table>\n<h3>Caracter\u00edsticas principales:<\/h3>\n<ul>\n<li><strong>Compacto y eficiente:<\/strong> Dise\u00f1ado para facilitar su uso con un perfil discreto, ideal tanto para vapers nuevos como experimentados.<\/li>\n<li><strong>N\u00facleo de alta resistencia:<\/strong> Utiliza una bobina de 1,6ohm optimizada para la retenci\u00f3n del sabor y una vaporizaci\u00f3n suave.<\/li>\n<li><strong>C\u00f3modas opciones de nicotina:<\/strong> Disponible en concentraciones de nicotina 0%, 2% y 5% para adaptarse a una amplia gama de preferencias.<\/li>\n<li><strong>Port\u00e1til y ligero:<\/strong> S\u00f3lo pesa 38 g, por lo que es excepcionalmente f\u00e1cil de transportar y utilizar sobre la marcha.<\/li>\n<li><strong>Gama de deliciosos sabores:<\/strong> Ofrece una variedad de sabores para garantizar una experiencia de vapeo agradable para todos los usuarios.<\/li>\n<\/ul>\n<h3>\u00bfPor qu\u00e9 elegir ELF BOX Crystal Bar?<\/h3>\n<p>El ELF BOX Crystal Bar es perfecto para los vapeadores que buscan una experiencia de vapeo sencilla y sin complicaciones, con un dise\u00f1o compacto y una gran variedad de sabores. Es una excelente opci\u00f3n para aquellos que priorizan la comodidad y la variedad de sabores en un vaporizador desechable.<\/p>","protected":false},"excerpt":{"rendered":"<p>La ELF BOX Crystal Bar destaca por su est\u00e9tica moderna y su estructura compacta. Esta vaina ligera est\u00e1 fabricada para que las caladas sean suaves y es una opci\u00f3n popular entre los compradores a granel.<\/p>","protected":false},"featured_media":9204,"comment_status":"open","ping_status":"closed","template":"","meta":[],"product_brand":[],"product_cat":[22],"product_tag":[472],"class_list":{"0":"post-8904","1":"product","2":"type-product","3":"status-publish","4":"has-post-thumbnail","6":"product_cat-disposable-vape-sticks","7":"product_tag-elf-box","9":"first","10":"instock","11":"sale","12":"shipping-taxable","13":"purchasable","14":"product-type-simple"},"jetpack_sharing_enabled":true,"tiered_pricing_type":"fixed","tiered_pricing_fixed_rules":{"500":6.79999999999999982236431605997495353221893310546875,"2000":6.70000000000000017763568394002504646778106689453125,"5000":6.5},"tiered_pricing_product_settings":{"layout":"default","base_unit_name":{"singular":null,"plural":null},"default_variation":null},"tiered_pricing_minimum_quantity":50,"tiered_pricing_roles_data":[],"tiered_pricing_percentage_rules":[],"tiered_pricing_maximum_quantity":null,"tiered_pricing_quantity_step":null,"_links":{"self":[{"href":"https:\/\/cloudsupplyvapes.com\/es\/wp-json\/wp\/v2\/product\/8904","targetHints":{"allow":["GET"]}}],"collection":[{"href":"https:\/\/cloudsupplyvapes.com\/es\/wp-json\/wp\/v2\/product"}],"about":[{"href":"https:\/\/cloudsupplyvapes.com\/es\/wp-json\/wp\/v2\/types\/product"}],"replies":[{"embeddable":true,"href":"https:\/\/cloudsupplyvapes.com\/es\/wp-json\/wp\/v2\/comments?post=8904"}],"wp:featuredmedia":[{"embeddable":true,"href":"https:\/\/cloudsupplyvapes.com\/es\/wp-json\/wp\/v2\/media\/9204"}],"wp:attachment":[{"href":"https:\/\/cloudsupplyvapes.com\/es\/wp-json\/wp\/v2\/media?parent=8904"}],"wp:term":[{"taxonomy":"product_brand","embeddable":true,"href":"https:\/\/cloudsupplyvapes.com\/es\/wp-json\/wp\/v2\/product_brand?post=8904"},{"taxonomy":"product_cat","embeddable":true,"href":"https:\/\/cloudsupplyvapes.com\/es\/wp-json\/wp\/v2\/product_cat?post=8904"},{"taxonomy":"product_tag","embeddable":true,"href":"https:\/\/cloudsupplyvapes.com\/es\/wp-json\/wp\/v2\/product_tag?post=8904"}],"curies":[{"name":"wp","href":"https:\/\/api.w.org\/{rel}","templated":true}]}}