{"id":8906,"date":"2024-10-19T03:03:32","date_gmt":"2024-10-19T03:03:32","guid":{"rendered":"https:\/\/cloudsupplyvapes.com\/?post_type=product&#038;p=8906"},"modified":"2024-11-19T06:35:20","modified_gmt":"2024-11-19T06:35:20","slug":"-309","status":"publish","type":"product","link":"https:\/\/cloudsupplyvapes.com\/es\/product\/poco-bm7000-puffs-disposable-vape-wholesale-germany-europe-and-usa-local-warehouse-in-stock\/","title":{"rendered":"POCO BM7000 Puffs Vape Desechable al por mayor - 7.000 Puffs, 13mL de capacidad, recargable, gran cantidad de Puffs para pedidos al por mayor"},"content":{"rendered":"<h2>Opciones de sabor:<\/h2>\n<ul>\n<li>Sand\u00eda con fresa<\/li>\n<li>Pl\u00e1tano Baya Fruta del Drag\u00f3n<\/li>\n<li>Ar\u00e1ndano Uva<\/li>\n<li>Menta fresca<\/li>\n<li>Ar\u00e1ndano Frambuesa<\/li>\n<li>Algod\u00f3n de az\u00facar con ar\u00e1ndanos<\/li>\n<li>Melocot\u00f3n helado<\/li>\n<li>Fresa Mango<\/li>\n<li>Fruta de la pasi\u00f3n Kiwi Guayaba<\/li>\n<li>Hielo de ar\u00e1ndanos<\/li>\n<\/ul>\n<h3>Especificaciones POCO BM7000<\/h3>\n<table>\n<thead>\n<tr>\n<th><strong>Caracter\u00edstica<\/strong><\/th>\n<th><strong>Especificaci\u00f3n<\/strong><\/th>\n<\/tr>\n<\/thead>\n<tbody>\n<tr>\n<td>Capacidad<\/td>\n<td>17 ml<\/td>\n<\/tr>\n<tr>\n<td>Potencia de nicotina<\/td>\n<td>5%<\/td>\n<\/tr>\n<tr>\n<td>Capacidad de la bater\u00eda<\/td>\n<td>850mAh<\/td>\n<\/tr>\n<tr>\n<td>Recargable<\/td>\n<td>Tipo-C<\/td>\n<\/tr>\n<tr>\n<td>Puffs<\/td>\n<td>7000 bocanadas<\/td>\n<\/tr>\n<tr>\n<td>Peso del producto<\/td>\n<td>Calculado en el momento de la compra en funci\u00f3n de la cantidad y el lugar de env\u00edo<\/td>\n<\/tr>\n<\/tbody>\n<\/table>\n<h3>Caracter\u00edsticas principales:<\/h3>\n<ul>\n<li><strong>Gran capacidad de e-l\u00edquido:<\/strong> Cuenta con un dep\u00f3sito de e-l\u00edquido de 17 ml que admite hasta 7000 caladas, lo que lo hace muy eficiente para un uso prolongado.<\/li>\n<li><strong>Bater\u00eda de alto rendimiento:<\/strong> Equipado con una bater\u00eda de 850 mAh, que garantiza sesiones de vapeo de larga duraci\u00f3n con una salida constante.<\/li>\n<li><strong>Carga USB Tipo-C:<\/strong> Viene con un puerto Type-C para una carga r\u00e1pida y c\u00f3moda, lo que reduce significativamente el tiempo de inactividad.<\/li>\n<li><strong>Amplia gama de sabores:<\/strong> Ofrece una variada selecci\u00f3n de sabores, desde afrutados a mentolados, que satisfacen todas las preferencias.<\/li>\n<\/ul>\n<h3>\u00bfPor qu\u00e9 elegir POCO BM7000?<\/h3>\n<p>El POCO BM7000 destaca por su gran capacidad de e-l\u00edquido y su potente bater\u00eda, que proporcionan una experiencia de vapeo fiable y agradable. Es perfecto para los vapeadores que buscan un dispositivo desechable de gran capacidad que ofrezca variedad y longevidad.<\/p>","protected":false},"excerpt":{"rendered":"<p>Con una mayor eficiencia de la bater\u00eda y un dise\u00f1o de tanque de primera calidad, POCO BM7000 proporciona una funcionalidad sin fisuras. Su construcci\u00f3n ligera est\u00e1 pensada para los usuarios que se desplazan y los compradores a granel que buscan dispositivos fiables.<\/p>","protected":false},"featured_media":9206,"comment_status":"open","ping_status":"closed","template":"","meta":[],"product_brand":[],"product_cat":[22],"product_tag":[474],"class_list":{"0":"post-8906","1":"product","2":"type-product","3":"status-publish","4":"has-post-thumbnail","6":"product_cat-disposable-vape-sticks","7":"product_tag-poco","9":"first","10":"instock","11":"sale","12":"shipping-taxable","13":"purchasable","14":"product-type-simple"},"jetpack_sharing_enabled":true,"tiered_pricing_type":"fixed","tiered_pricing_fixed_rules":{"500":6.70000000000000017763568394002504646778106689453125,"2000":6.5999999999999996447286321199499070644378662109375,"5000":6.5},"tiered_pricing_product_settings":{"layout":"default","base_unit_name":{"singular":null,"plural":null},"default_variation":null},"tiered_pricing_minimum_quantity":50,"tiered_pricing_roles_data":[],"tiered_pricing_percentage_rules":[],"tiered_pricing_maximum_quantity":null,"tiered_pricing_quantity_step":null,"_links":{"self":[{"href":"https:\/\/cloudsupplyvapes.com\/es\/wp-json\/wp\/v2\/product\/8906","targetHints":{"allow":["GET"]}}],"collection":[{"href":"https:\/\/cloudsupplyvapes.com\/es\/wp-json\/wp\/v2\/product"}],"about":[{"href":"https:\/\/cloudsupplyvapes.com\/es\/wp-json\/wp\/v2\/types\/product"}],"replies":[{"embeddable":true,"href":"https:\/\/cloudsupplyvapes.com\/es\/wp-json\/wp\/v2\/comments?post=8906"}],"wp:featuredmedia":[{"embeddable":true,"href":"https:\/\/cloudsupplyvapes.com\/es\/wp-json\/wp\/v2\/media\/9206"}],"wp:attachment":[{"href":"https:\/\/cloudsupplyvapes.com\/es\/wp-json\/wp\/v2\/media?parent=8906"}],"wp:term":[{"taxonomy":"product_brand","embeddable":true,"href":"https:\/\/cloudsupplyvapes.com\/es\/wp-json\/wp\/v2\/product_brand?post=8906"},{"taxonomy":"product_cat","embeddable":true,"href":"https:\/\/cloudsupplyvapes.com\/es\/wp-json\/wp\/v2\/product_cat?post=8906"},{"taxonomy":"product_tag","embeddable":true,"href":"https:\/\/cloudsupplyvapes.com\/es\/wp-json\/wp\/v2\/product_tag?post=8906"}],"curies":[{"name":"wp","href":"https:\/\/api.w.org\/{rel}","templated":true}]}}