{"id":8907,"date":"2024-10-19T03:03:32","date_gmt":"2024-10-19T03:03:32","guid":{"rendered":"https:\/\/cloudsupplyvapes.com\/?post_type=product&#038;p=8907"},"modified":"2024-11-19T06:35:10","modified_gmt":"2024-11-19T06:35:10","slug":"-310","status":"publish","type":"product","link":"https:\/\/cloudsupplyvapes.com\/es\/product\/poco-be5000-puffs-disposable-vape-wholesale-germany-europe-and-usa-local-warehouse-in-stock\/","title":{"rendered":"POCO BE5000 Puffs Desechables Vape Wholesale - 5,000 Puffs, 10mL E-Liquid, Recargable, Disponible en Alemania, Europa, USA"},"content":{"rendered":"<h2>Opciones de sabor:<\/h2>\n<ul>\n<li>Azul Razz Cereza<\/li>\n<li>Strawnana<\/li>\n<li>Naranja Mango Guayaba<\/li>\n<li>Sand\u00eda con fresa<\/li>\n<li>Aloe Uva<\/li>\n<li>Fresa Mango Melocot\u00f3n<\/li>\n<li>Manzana Melocot\u00f3n<\/li>\n<li>Pi\u00f1a Colada<\/li>\n<li>Hielo de ar\u00e1ndanos<\/li>\n<li>Fresa Kiwi<\/li>\n<\/ul>\n<h3>Especificaciones POCO BE5000<\/h3>\n<table>\n<thead>\n<tr>\n<th><strong>Caracter\u00edstica<\/strong><\/th>\n<th><strong>Especificaci\u00f3n<\/strong><\/th>\n<\/tr>\n<\/thead>\n<tbody>\n<tr>\n<td>Capacidad<\/td>\n<td>15 ml<\/td>\n<\/tr>\n<tr>\n<td>Potencia de nicotina<\/td>\n<td>5%<\/td>\n<\/tr>\n<tr>\n<td>Capacidad de la bater\u00eda<\/td>\n<td>650 mAh<\/td>\n<\/tr>\n<tr>\n<td>Recargable<\/td>\n<td>Enchufe tipo C<\/td>\n<\/tr>\n<tr>\n<td>Puffs<\/td>\n<td>5000 bocanadas<\/td>\n<\/tr>\n<\/tbody>\n<\/table>\n<h3>Caracter\u00edsticas principales:<\/h3>\n<ul>\n<li><strong>Generoso volumen de e-l\u00edquido:<\/strong> Viene con un tanque de 15ml, que proporciona hasta 5000 caladas para un disfrute duradero.<\/li>\n<li><strong>Nicotina de alta potencia:<\/strong> Ofrece una concentraci\u00f3n constante de nicotina 5% para una experiencia de vapeo satisfactoria.<\/li>\n<li><strong>Bater\u00eda eficiente:<\/strong> Equipada con una bater\u00eda de 650 mAh recargable mediante un conector Type-C, que garantiza fiabilidad y comodidad.<\/li>\n<li><strong>Diversa selecci\u00f3n de sabores:<\/strong> Ofrece una amplia gama de deliciosos sabores, para todos los gustos.<\/li>\n<\/ul>\n<h3>\u00bfPor qu\u00e9 elegir POCO BE5000?<\/h3>\n<p>El POCO BE5000 ofrece una mezcla perfecta de capacidad, sabor y comodidad, ideal para los vapeadores que buscan un dispositivo robusto con amplias opciones de sabor y alta usabilidad. Est\u00e1 dise\u00f1ado para aquellos que aprecian tanto la diversidad de sabores como la eficiencia del dispositivo. En stock en Alemania EU\/US Warehouse<\/p>","protected":false},"excerpt":{"rendered":"<p>POCO BE5000 cuenta con ingenier\u00eda de precisi\u00f3n y un perfil elegante. Este dispositivo port\u00e1til garantiza un suministro de vapor constante, lo que lo convierte en una opci\u00f3n destacada para el vapeo diario y los mercados mayoristas de Europa y Estados Unidos.<\/p>","protected":false},"featured_media":9207,"comment_status":"open","ping_status":"closed","template":"","meta":[],"product_brand":[],"product_cat":[22],"product_tag":[474],"class_list":{"0":"post-8907","1":"product","2":"type-product","3":"status-publish","4":"has-post-thumbnail","6":"product_cat-disposable-vape-sticks","7":"product_tag-poco","9":"first","10":"instock","11":"sale","12":"shipping-taxable","13":"purchasable","14":"product-type-simple"},"jetpack_sharing_enabled":true,"tiered_pricing_type":"fixed","tiered_pricing_fixed_rules":{"500":6.70000000000000017763568394002504646778106689453125,"2000":6.5999999999999996447286321199499070644378662109375,"5000":6.5},"tiered_pricing_product_settings":{"layout":"default","base_unit_name":{"singular":null,"plural":null},"default_variation":null},"tiered_pricing_minimum_quantity":50,"tiered_pricing_roles_data":[],"tiered_pricing_percentage_rules":[],"tiered_pricing_maximum_quantity":null,"tiered_pricing_quantity_step":null,"_links":{"self":[{"href":"https:\/\/cloudsupplyvapes.com\/es\/wp-json\/wp\/v2\/product\/8907","targetHints":{"allow":["GET"]}}],"collection":[{"href":"https:\/\/cloudsupplyvapes.com\/es\/wp-json\/wp\/v2\/product"}],"about":[{"href":"https:\/\/cloudsupplyvapes.com\/es\/wp-json\/wp\/v2\/types\/product"}],"replies":[{"embeddable":true,"href":"https:\/\/cloudsupplyvapes.com\/es\/wp-json\/wp\/v2\/comments?post=8907"}],"wp:featuredmedia":[{"embeddable":true,"href":"https:\/\/cloudsupplyvapes.com\/es\/wp-json\/wp\/v2\/media\/9207"}],"wp:attachment":[{"href":"https:\/\/cloudsupplyvapes.com\/es\/wp-json\/wp\/v2\/media?parent=8907"}],"wp:term":[{"taxonomy":"product_brand","embeddable":true,"href":"https:\/\/cloudsupplyvapes.com\/es\/wp-json\/wp\/v2\/product_brand?post=8907"},{"taxonomy":"product_cat","embeddable":true,"href":"https:\/\/cloudsupplyvapes.com\/es\/wp-json\/wp\/v2\/product_cat?post=8907"},{"taxonomy":"product_tag","embeddable":true,"href":"https:\/\/cloudsupplyvapes.com\/es\/wp-json\/wp\/v2\/product_tag?post=8907"}],"curies":[{"name":"wp","href":"https:\/\/api.w.org\/{rel}","templated":true}]}}