{"id":9071,"date":"2024-10-19T03:06:49","date_gmt":"2024-10-19T03:06:49","guid":{"rendered":"https:\/\/cloudsupplyvapes.com\/?post_type=product&#038;p=9071"},"modified":"2024-11-19T06:33:06","modified_gmt":"2024-11-19T06:33:06","slug":"-316","status":"publish","type":"product","link":"https:\/\/cloudsupplyvapes.com\/es\/product\/elfbar-gh23000-23k-puff-disposable-pod-device-bulk-wholesale-in-stock-in-middle-east-pakistan\/","title":{"rendered":"Elfbar GH23000 23K Puffs Dispositivo Pod Desechable al por mayor - Vape Pods de larga duraci\u00f3n, en stock para Oriente Medio y Pakist\u00e1n"},"content":{"rendered":"<p>El vapeador desechable Elf Bar GH23000 es un dispositivo compacto y pr\u00e1ctico dise\u00f1ado para fumadores y vapers que buscan una experiencia de sabor afrutado, jugoso y de alta calidad. Con un tanque precargado que contiene hasta <strong>23000 bocanadas<\/strong>Este dispositivo de vapeo es una opci\u00f3n ideal para vapear sobre la marcha. Adem\u00e1s, el dispositivo se puede utilizar en tres modos diferentes. La gran pantalla LED muestra en qu\u00e9 modo est\u00e1 configurado el dispositivo, y le permite controlar continuamente el nivel de la bater\u00eda y el contenido de l\u00edquido.<\/p>\n<p>&nbsp;<\/p>\n<p>En stock en almac\u00e9n local en<\/p>\n<ul class=\"tagchecklist\" role=\"list\">\n<li><strong>Dubai<\/strong><\/li>\n<li><strong>Pakist\u00e1n<\/strong><\/li>\n<li><strong>Arabia Saud\u00ed<\/strong><\/li>\n<li><strong>Oriente Pr\u00f3ximo<\/strong><\/li>\n<\/ul>\n<p>O env\u00edo directo de f\u00e1brica. \u00a1Entrega r\u00e1pida!<\/p>","protected":false},"excerpt":{"rendered":"<p>Elfbar GH23000 combina un dise\u00f1o vanguardista con un rendimiento robusto. Equipado con una estructura duradera, es el dispositivo perfecto para clientes de alta demanda en mercados globales, ofreciendo un valor superior.<\/p>","protected":false},"featured_media":9265,"comment_status":"open","ping_status":"closed","template":"","meta":[],"product_brand":[],"product_cat":[22],"product_tag":[476,330,183,477,478],"class_list":{"0":"post-9071","1":"product","2":"type-product","3":"status-publish","4":"has-post-thumbnail","6":"product_cat-disposable-vape-sticks","7":"product_tag-dubai","8":"product_tag-elfbar","9":"product_tag-middle-east","10":"product_tag-pakistan","11":"product_tag-saudi-arabia","13":"first","14":"instock","15":"shipping-taxable","16":"purchasable","17":"product-type-simple"},"jetpack_sharing_enabled":true,"tiered_pricing_type":"fixed","tiered_pricing_fixed_rules":{"20000":5.0999999999999996447286321199499070644378662109375,"30000":4.79999999999999982236431605997495353221893310546875},"tiered_pricing_product_settings":{"layout":"default","base_unit_name":{"singular":null,"plural":null},"default_variation":null},"tiered_pricing_minimum_quantity":10000,"tiered_pricing_roles_data":[],"tiered_pricing_percentage_rules":[],"tiered_pricing_maximum_quantity":null,"tiered_pricing_quantity_step":null,"_links":{"self":[{"href":"https:\/\/cloudsupplyvapes.com\/es\/wp-json\/wp\/v2\/product\/9071","targetHints":{"allow":["GET"]}}],"collection":[{"href":"https:\/\/cloudsupplyvapes.com\/es\/wp-json\/wp\/v2\/product"}],"about":[{"href":"https:\/\/cloudsupplyvapes.com\/es\/wp-json\/wp\/v2\/types\/product"}],"replies":[{"embeddable":true,"href":"https:\/\/cloudsupplyvapes.com\/es\/wp-json\/wp\/v2\/comments?post=9071"}],"wp:featuredmedia":[{"embeddable":true,"href":"https:\/\/cloudsupplyvapes.com\/es\/wp-json\/wp\/v2\/media\/9265"}],"wp:attachment":[{"href":"https:\/\/cloudsupplyvapes.com\/es\/wp-json\/wp\/v2\/media?parent=9071"}],"wp:term":[{"taxonomy":"product_brand","embeddable":true,"href":"https:\/\/cloudsupplyvapes.com\/es\/wp-json\/wp\/v2\/product_brand?post=9071"},{"taxonomy":"product_cat","embeddable":true,"href":"https:\/\/cloudsupplyvapes.com\/es\/wp-json\/wp\/v2\/product_cat?post=9071"},{"taxonomy":"product_tag","embeddable":true,"href":"https:\/\/cloudsupplyvapes.com\/es\/wp-json\/wp\/v2\/product_tag?post=9071"}],"curies":[{"name":"wp","href":"https:\/\/api.w.org\/{rel}","templated":true}]}}