{"id":9218,"date":"2024-10-19T03:08:29","date_gmt":"2024-10-19T03:08:29","guid":{"rendered":"https:\/\/cloudsupplyvapes.com\/?post_type=product&#038;p=9218"},"modified":"2024-11-19T06:32:09","modified_gmt":"2024-11-19T06:32:09","slug":"-318","status":"publish","type":"product","link":"https:\/\/cloudsupplyvapes.com\/es\/product\/al-fakher-crown-bar-pro-max-disposable-vape-15000-puffs-wholesale\/","title":{"rendered":"Al Fakher Crown Bar Pro Max 15000 Puffs Vape Desechable al por mayor - Port\u00e1til y ligero, construcci\u00f3n duradera, descuentos a granel"},"content":{"rendered":"<h3>Sabores:<\/h3>\n<p>Dos manzanas<br \/>\nHielo de bayas<br \/>\nChicle Menta<br \/>\nSimplemente menta<br \/>\nDulce pasi\u00f3n<br \/>\nHielo exuberante<br \/>\nAmor m\u00e1gico<br \/>\nBlueberry Bubblegon<br \/>\nMango Freeze<br \/>\nMenta lim\u00f3n<br \/>\nMenta uva<br \/>\nGrosella negra lce<br \/>\nFrambuesa de cereza<br \/>\nPonche de fresa<br \/>\nMenta<br \/>\nMelocot\u00f3n helado<\/p>\n<h4>Especificaci\u00f3n de Al Fakher Crown Bar Pro Max 15000 Puffs:<\/h4>\n<ul>\n<li>Bobina de malla<\/li>\n<li>Carga tipo C<\/li>\n<li>DTL Vape<\/li>\n<li>Tecnolog\u00eda avanzada de visualizaci\u00f3n<\/li>\n<li>5MG\/0.5% Fuerza de la Nicotina<\/li>\n<li>Capacidad de e-l\u00edquido 22ml<\/li>\n<\/ul>","protected":false},"excerpt":{"rendered":"<p>El Al Fakher Crown Bar Pro Max ofrece una portabilidad superior y un f\u00e1cil manejo. Perfectamente dise\u00f1ado para la producci\u00f3n de vapor de alta calidad, su dise\u00f1o discreto garantiza la comodidad para el uso diario y de viaje.<\/p>","protected":false},"featured_media":9287,"comment_status":"open","ping_status":"closed","template":"","meta":[],"product_brand":[],"product_cat":[22],"product_tag":[],"class_list":{"0":"post-9218","1":"product","2":"type-product","3":"status-publish","4":"has-post-thumbnail","6":"product_cat-disposable-vape-sticks","8":"first","9":"instock","10":"featured","11":"shipping-taxable","12":"purchasable","13":"product-type-simple"},"jetpack_sharing_enabled":true,"tiered_pricing_type":"fixed","tiered_pricing_fixed_rules":{"100":8.5,"500":8.300000000000000710542735760100185871124267578125,"1000":8.0999999999999996447286321199499070644378662109375},"tiered_pricing_product_settings":{"layout":"default","base_unit_name":{"singular":null,"plural":null},"default_variation":null},"tiered_pricing_minimum_quantity":10,"tiered_pricing_roles_data":[],"tiered_pricing_percentage_rules":[],"tiered_pricing_maximum_quantity":null,"tiered_pricing_quantity_step":null,"_links":{"self":[{"href":"https:\/\/cloudsupplyvapes.com\/es\/wp-json\/wp\/v2\/product\/9218","targetHints":{"allow":["GET"]}}],"collection":[{"href":"https:\/\/cloudsupplyvapes.com\/es\/wp-json\/wp\/v2\/product"}],"about":[{"href":"https:\/\/cloudsupplyvapes.com\/es\/wp-json\/wp\/v2\/types\/product"}],"replies":[{"embeddable":true,"href":"https:\/\/cloudsupplyvapes.com\/es\/wp-json\/wp\/v2\/comments?post=9218"}],"wp:featuredmedia":[{"embeddable":true,"href":"https:\/\/cloudsupplyvapes.com\/es\/wp-json\/wp\/v2\/media\/9287"}],"wp:attachment":[{"href":"https:\/\/cloudsupplyvapes.com\/es\/wp-json\/wp\/v2\/media?parent=9218"}],"wp:term":[{"taxonomy":"product_brand","embeddable":true,"href":"https:\/\/cloudsupplyvapes.com\/es\/wp-json\/wp\/v2\/product_brand?post=9218"},{"taxonomy":"product_cat","embeddable":true,"href":"https:\/\/cloudsupplyvapes.com\/es\/wp-json\/wp\/v2\/product_cat?post=9218"},{"taxonomy":"product_tag","embeddable":true,"href":"https:\/\/cloudsupplyvapes.com\/es\/wp-json\/wp\/v2\/product_tag?post=9218"}],"curies":[{"name":"wp","href":"https:\/\/api.w.org\/{rel}","templated":true}]}}