{"id":9219,"date":"2024-10-19T03:08:29","date_gmt":"2024-10-19T03:08:29","guid":{"rendered":"https:\/\/cloudsupplyvapes.com\/?post_type=product&#038;p=9219"},"modified":"2024-11-19T06:31:21","modified_gmt":"2024-11-19T06:31:21","slug":"-319","status":"publish","type":"product","link":"https:\/\/cloudsupplyvapes.com\/es\/product\/arymi-hookalit-40000-puffs-disposable-wholesale\/","title":{"rendered":"Arymi Hookalit 40000 Puffs Vape Desechable al por mayor - Premium E-Liquid, Operaci\u00f3n sin complicaciones, Vape Pods a granel"},"content":{"rendered":"<p><strong>Sabores:<\/strong><\/p>\n<ol>\n<li>Fresa Kiwi<\/li>\n<li>Sand\u00eda Fresa Mel\u00f3n<\/li>\n<li>Hielo de uva<\/li>\n<li>Grosella negra helada<\/li>\n<li>Mezcla de bayas<\/li>\n<li>Sr. Azul<\/li>\n<li>Mango Freeze<\/li>\n<li>Cereza Frambuesa<\/li>\n<li>Hielo exuberante<\/li>\n<li>Menta lim\u00f3n<\/li>\n<li>Sue\u00f1o l\u00facido<\/li>\n<li>Melocot\u00f3n Mango Sand\u00eda<\/li>\n<li>Chicle<\/li>\n<li>Shisha Dos Manzanas<\/li>\n<li>Amor 66<\/li>\n<li>Melocot\u00f3n helado<\/li>\n<li>Fruta de la pasi\u00f3n<\/li>\n<li>Limonada Blue Razz<\/li>\n<li>Lady Killer<\/li>\n<li>Amor m\u00e1gico<\/li>\n<\/ol>\n<p><strong>Especificaciones de Arymi Hookalit 40000 Puffs:<\/strong><\/p>\n<ul>\n<li>Bobina de malla: 0.6\u03a9 LIT Mesh Coil<\/li>\n<li>Carga: Tipo-C recargable<\/li>\n<li>Bater\u00eda: 1300mAh, 3.6V<\/li>\n<li>Tipo de Vape: DTL Vape<\/li>\n<li>Fuerza de la nicotina: 0.5%<\/li>\n<li>Capacidad del e-l\u00edquido: 40ml<\/li>\n<li>Pantalla: Pantalla de tecnolog\u00eda avanzada<\/li>\n<\/ul>\n<p><strong>Detalles del paquete:<\/strong><\/p>\n<ul>\n<li>Contenido: 1 x Dispositivo precargado, 1 x Manual<\/li>\n<li>Envase: 1 unidad\/envase, 200 g por envase<\/li>\n<li>Tama\u00f1o del paquete: 50x50x210mm<\/li>\n<li>Detalles de la caja: 100 paquetes\/caja, 530x438x290mm, 21kg\/caja<\/li>\n<\/ul>","protected":false},"excerpt":{"rendered":"<p>Arymi Hookalit destaca por su est\u00e9tica premium y su eficiente sistema de activaci\u00f3n por tiro. Ideal para un uso fiable, su dep\u00f3sito optimizado garantiza la m\u00e1xima consistencia de vapor para usuarios y minoristas exigentes.<\/p>","protected":false},"featured_media":9289,"comment_status":"open","ping_status":"closed","template":"","meta":[],"product_brand":[],"product_cat":[22],"product_tag":[],"class_list":{"0":"post-9219","1":"product","2":"type-product","3":"status-publish","4":"has-post-thumbnail","6":"product_cat-disposable-vape-sticks","8":"first","9":"instock","10":"shipping-taxable","11":"purchasable","12":"product-type-simple"},"jetpack_sharing_enabled":true,"tiered_pricing_type":"fixed","tiered_pricing_fixed_rules":{"1000":9.199999999999999289457264239899814128875732421875,"3000":8.9000000000000003552713678800500929355621337890625},"tiered_pricing_product_settings":{"layout":"default","base_unit_name":{"singular":null,"plural":null},"default_variation":null},"tiered_pricing_minimum_quantity":100,"tiered_pricing_roles_data":[],"tiered_pricing_percentage_rules":[],"tiered_pricing_maximum_quantity":null,"tiered_pricing_quantity_step":"10","_links":{"self":[{"href":"https:\/\/cloudsupplyvapes.com\/es\/wp-json\/wp\/v2\/product\/9219","targetHints":{"allow":["GET"]}}],"collection":[{"href":"https:\/\/cloudsupplyvapes.com\/es\/wp-json\/wp\/v2\/product"}],"about":[{"href":"https:\/\/cloudsupplyvapes.com\/es\/wp-json\/wp\/v2\/types\/product"}],"replies":[{"embeddable":true,"href":"https:\/\/cloudsupplyvapes.com\/es\/wp-json\/wp\/v2\/comments?post=9219"}],"wp:featuredmedia":[{"embeddable":true,"href":"https:\/\/cloudsupplyvapes.com\/es\/wp-json\/wp\/v2\/media\/9289"}],"wp:attachment":[{"href":"https:\/\/cloudsupplyvapes.com\/es\/wp-json\/wp\/v2\/media?parent=9219"}],"wp:term":[{"taxonomy":"product_brand","embeddable":true,"href":"https:\/\/cloudsupplyvapes.com\/es\/wp-json\/wp\/v2\/product_brand?post=9219"},{"taxonomy":"product_cat","embeddable":true,"href":"https:\/\/cloudsupplyvapes.com\/es\/wp-json\/wp\/v2\/product_cat?post=9219"},{"taxonomy":"product_tag","embeddable":true,"href":"https:\/\/cloudsupplyvapes.com\/es\/wp-json\/wp\/v2\/product_tag?post=9219"}],"curies":[{"name":"wp","href":"https:\/\/api.w.org\/{rel}","templated":true}]}}