{"id":9276,"date":"2024-10-19T03:09:16","date_gmt":"2024-10-19T03:09:16","guid":{"rendered":"https:\/\/cloudsupplyvapes.com\/?post_type=product&#038;p=9276"},"modified":"2024-11-19T06:30:55","modified_gmt":"2024-11-19T06:30:55","slug":"-321","status":"publish","type":"product","link":"https:\/\/cloudsupplyvapes.com\/es\/product\/luckee-super-luckee-45000-puffs-disposable-vape-wholesale\/","title":{"rendered":"Luckee Super Luckee 45000 Puffs Vape Desechable al por mayor - Gran Cantidad de Puffs, Construcci\u00f3n Duradera, Ahorro en Compras al por Mayor"},"content":{"rendered":"<div><strong>Sabores:<\/strong><\/div>\n<div>- Manzana doble<\/div>\n<div><\/div>\n<div>- Sexo en la playa<\/div>\n<div><\/div>\n<div>- Menta lim\u00f3n<\/div>\n<div><\/div>\n<div>- Chicle Menta<\/div>\n<div><\/div>\n<div>- Fresa helada<\/div>\n<div><\/div>\n<div>- Kiwi Fruta de la pasi\u00f3n Guayaba<\/div>\n<div><\/div>\n<div><\/div>\n<div><strong>Caracter\u00edsticas:<\/strong><\/div>\n<div><\/div>\n<div>- Dimensiones: 3,85 cm (di\u00e1metro) * 25,15 cm (altura)<\/div>\n<div><\/div>\n<div>- 50 ml de zumo de vape precargado<\/div>\n<div><\/div>\n<div>- Indicador luminoso RGB<\/div>\n<div><\/div>\n<div>- Asombrosa bater\u00eda recargable de 3000 mAh: Una carga para una semana de uso<\/div>\n<div><\/div>\n<div>- Flujo de aire ajustable<\/div>\n<div><\/div>\n<div>- para DTL Vaping<\/div>\n<div><\/div>\n<div>- Bobina de malla para sabores excepcionales<\/div>\n<div><\/div>\n<div>- Cantidad de puffs: Aproximadamente 45000 Puffs<\/div>\n<div><\/div>\n<div>- 5% (50mg\/ml) Potencia de nicotina<\/div>","protected":false},"excerpt":{"rendered":"<p>Eleve su experiencia vaping con Luckee Super Luckee, con una calidad de construcci\u00f3n superior y un dise\u00f1o intuitivo. Optimizado para un rendimiento a largo plazo, es una opci\u00f3n ideal para vapeadores frecuentes y distribuidores a granel.<\/p>","protected":false},"featured_media":9396,"comment_status":"open","ping_status":"closed","template":"","meta":[],"product_brand":[],"product_cat":[22],"product_tag":[],"class_list":{"0":"post-9276","1":"product","2":"type-product","3":"status-publish","4":"has-post-thumbnail","6":"product_cat-disposable-vape-sticks","8":"first","9":"instock","10":"shipping-taxable","11":"purchasable","12":"product-type-simple"},"jetpack_sharing_enabled":true,"tiered_pricing_type":"fixed","tiered_pricing_fixed_rules":{"100":15},"tiered_pricing_product_settings":{"layout":"default","base_unit_name":{"singular":null,"plural":null},"default_variation":null},"tiered_pricing_minimum_quantity":30,"tiered_pricing_roles_data":[],"tiered_pricing_percentage_rules":[],"tiered_pricing_maximum_quantity":null,"tiered_pricing_quantity_step":"10","_links":{"self":[{"href":"https:\/\/cloudsupplyvapes.com\/es\/wp-json\/wp\/v2\/product\/9276","targetHints":{"allow":["GET"]}}],"collection":[{"href":"https:\/\/cloudsupplyvapes.com\/es\/wp-json\/wp\/v2\/product"}],"about":[{"href":"https:\/\/cloudsupplyvapes.com\/es\/wp-json\/wp\/v2\/types\/product"}],"replies":[{"embeddable":true,"href":"https:\/\/cloudsupplyvapes.com\/es\/wp-json\/wp\/v2\/comments?post=9276"}],"wp:featuredmedia":[{"embeddable":true,"href":"https:\/\/cloudsupplyvapes.com\/es\/wp-json\/wp\/v2\/media\/9396"}],"wp:attachment":[{"href":"https:\/\/cloudsupplyvapes.com\/es\/wp-json\/wp\/v2\/media?parent=9276"}],"wp:term":[{"taxonomy":"product_brand","embeddable":true,"href":"https:\/\/cloudsupplyvapes.com\/es\/wp-json\/wp\/v2\/product_brand?post=9276"},{"taxonomy":"product_cat","embeddable":true,"href":"https:\/\/cloudsupplyvapes.com\/es\/wp-json\/wp\/v2\/product_cat?post=9276"},{"taxonomy":"product_tag","embeddable":true,"href":"https:\/\/cloudsupplyvapes.com\/es\/wp-json\/wp\/v2\/product_tag?post=9276"}],"curies":[{"name":"wp","href":"https:\/\/api.w.org\/{rel}","templated":true}]}}