{"id":9311,"date":"2024-10-19T03:09:46","date_gmt":"2024-10-19T03:09:46","guid":{"rendered":"https:\/\/cloudsupplyvapes.com\/?post_type=product&#038;p=9311"},"modified":"2024-11-19T06:30:43","modified_gmt":"2024-11-19T06:30:43","slug":"-322","status":"publish","type":"product","link":"https:\/\/cloudsupplyvapes.com\/es\/product\/olit-hookalit-40000-puffs-disposable-vape-wholesale\/","title":{"rendered":"Olit Hookalit 40000 Puffs Vape desechable al por mayor - Dispositivos desechables de primera calidad, dise\u00f1o a prueba de fugas, ultra port\u00e1til"},"content":{"rendered":"<div><strong>Sabores:<\/strong><\/div>\n<div>- Sand\u00eda Fresa Mel\u00f3n<\/div>\n<div><\/div>\n<div>- Cereza menta<\/div>\n<div><\/div>\n<div>- Melocot\u00f3n Mango Sand\u00eda<\/div>\n<div><\/div>\n<div>- Fresa Kiwi<\/div>\n<div><\/div>\n<div>- Blue Razz<\/div>\n<div><\/div>\n<div>- Menta fresca<\/div>\n<div><\/div>\n<div>- Mezcla de bayas<\/div>\n<div><\/div>\n<div>- Cerveza negra<\/div>\n<div><\/div>\n<div>- Fruta de la pasi\u00f3n<\/div>\n<div><\/div>\n<div>- Manzana doble<\/div>\n<div><\/div>\n<div>- Casa de la Moneda de Miami<\/div>\n<div><\/div>\n<div>- Orange Fcuking Fab<\/div>\n<div><\/div>\n<div>- Frambuesa Melocot\u00f3n Lima<\/div>\n<div><\/div>\n<div>- Sour Fcuking Fab<\/div>\n<div><\/div>\n<div>- Mango agrio Pi\u00f1a<\/div>\n<div><\/div>\n<div><strong>Caracter\u00edsticas:<\/strong><\/div>\n<div><\/div>\n<div>- Jugo electr\u00f3nico precargado de 40 ml<\/div>\n<div><\/div>\n<div>- Bater\u00eda interna recargable de 1300 mAh<\/div>\n<div><\/div>\n<div>- Cantidad de caladas: Aproximadamente 40000 Puffs (MTL)\/20000 Puffs (DL)<\/div>\n<div><\/div>\n<div>- Pantalla indicadora digital<\/div>\n<div><\/div>\n<div>- Salida variable: 18W (MTL)\/22W (DL)<\/div>\n<div><\/div>\n<div>- Bobina Lit Mesh de 0,6ohm<\/div>\n<div><\/div>\n<div>- 0,35% Potencia de nicotina<\/div>\n<div><\/div>\n<div>- Carga tipo C (no incluida)<\/div>\n<div><\/div>\n<div>- Activado por sorteo<\/div>\n<div><\/div>\n<div>- Vaping MTL\/DL<\/div>\n<div><a href=\"https:\/\/i0.wp.com\/shop.vape.hk\/wp-content\/uploads\/2024\/10\/%E4%B8%8B%E8%BD%BD-52-1.jpg?ssl=1\" target=\"_blank\" rel=\"noopener\"><img data-recalc-dims=\"1\" loading=\"lazy\" decoding=\"async\" class=\"alignnone size-full wp-image-137314\" src=\"https:\/\/i0.wp.com\/shop.vape.hk\/wp-content\/uploads\/2024\/10\/%E4%B8%8B%E8%BD%BD-52-1.jpg?resize=1020%2C1629&#038;ssl=1\" alt=\"Olit Hookalit 40000 Puffs Vape Desechable al por mayor\" width=\"1020\" height=\"1629\" title=\"\"><\/a> <a href=\"https:\/\/i0.wp.com\/shop.vape.hk\/wp-content\/uploads\/2024\/10\/%E4%B8%8B%E8%BD%BD-50-1.jpg?ssl=1\" target=\"_blank\" rel=\"noopener\"><img data-recalc-dims=\"1\" loading=\"lazy\" decoding=\"async\" class=\"alignnone size-full wp-image-137313\" src=\"https:\/\/i0.wp.com\/shop.vape.hk\/wp-content\/uploads\/2024\/10\/%E4%B8%8B%E8%BD%BD-50-1.jpg?resize=1020%2C1876&#038;ssl=1\" alt=\"Olit Hookalit 40000 Puffs Vape Desechable al por mayor\" width=\"1020\" height=\"1876\" title=\"\"><\/a><\/div>","protected":false},"excerpt":{"rendered":"<p>Olit Hookalit ofrece vaporizaci\u00f3n de precisi\u00f3n con una bater\u00eda recargable y una construcci\u00f3n ultraligera. Dise\u00f1ado para la comodidad, su innovador sistema de flujo de aire mejora la calidad del vapor, por lo que es un deber-tener para la reventa.<\/p>","protected":false},"featured_media":9424,"comment_status":"open","ping_status":"closed","template":"","meta":[],"product_brand":[],"product_cat":[22],"product_tag":[],"class_list":{"0":"post-9311","1":"product","2":"type-product","3":"status-publish","4":"has-post-thumbnail","6":"product_cat-disposable-vape-sticks","8":"first","9":"instock","10":"shipping-taxable","11":"purchasable","12":"product-type-simple"},"jetpack_sharing_enabled":true,"tiered_pricing_type":"fixed","tiered_pricing_fixed_rules":{"100":15},"tiered_pricing_product_settings":{"layout":"default","base_unit_name":{"singular":null,"plural":null},"default_variation":null},"tiered_pricing_minimum_quantity":30,"tiered_pricing_roles_data":[],"tiered_pricing_percentage_rules":[],"tiered_pricing_maximum_quantity":null,"tiered_pricing_quantity_step":"10","_links":{"self":[{"href":"https:\/\/cloudsupplyvapes.com\/es\/wp-json\/wp\/v2\/product\/9311","targetHints":{"allow":["GET"]}}],"collection":[{"href":"https:\/\/cloudsupplyvapes.com\/es\/wp-json\/wp\/v2\/product"}],"about":[{"href":"https:\/\/cloudsupplyvapes.com\/es\/wp-json\/wp\/v2\/types\/product"}],"replies":[{"embeddable":true,"href":"https:\/\/cloudsupplyvapes.com\/es\/wp-json\/wp\/v2\/comments?post=9311"}],"wp:featuredmedia":[{"embeddable":true,"href":"https:\/\/cloudsupplyvapes.com\/es\/wp-json\/wp\/v2\/media\/9424"}],"wp:attachment":[{"href":"https:\/\/cloudsupplyvapes.com\/es\/wp-json\/wp\/v2\/media?parent=9311"}],"wp:term":[{"taxonomy":"product_brand","embeddable":true,"href":"https:\/\/cloudsupplyvapes.com\/es\/wp-json\/wp\/v2\/product_brand?post=9311"},{"taxonomy":"product_cat","embeddable":true,"href":"https:\/\/cloudsupplyvapes.com\/es\/wp-json\/wp\/v2\/product_cat?post=9311"},{"taxonomy":"product_tag","embeddable":true,"href":"https:\/\/cloudsupplyvapes.com\/es\/wp-json\/wp\/v2\/product_tag?post=9311"}],"curies":[{"name":"wp","href":"https:\/\/api.w.org\/{rel}","templated":true}]}}