{"id":9319,"date":"2024-10-19T03:09:47","date_gmt":"2024-10-19T03:09:47","guid":{"rendered":"https:\/\/cloudsupplyvapes.com\/?post_type=product&#038;p=9319"},"modified":"2024-11-19T06:30:29","modified_gmt":"2024-11-19T06:30:29","slug":"-323","status":"publish","type":"product","link":"https:\/\/cloudsupplyvapes.com\/es\/product\/atvs-30000-puffs-disposable-wholesale\/","title":{"rendered":"ATVS 30000 Puffs Vape desechable al por mayor - Bater\u00eda de alta capacidad y larga duraci\u00f3n, ofertas rentables al por mayor"},"content":{"rendered":"<div class=\"title\"><strong>Sabores:<\/strong><\/div>\n<p>Pi\u00f1a helada<\/p>\n<p>Mango Ice<\/p>\n<p>Hielo de pl\u00e1tano<\/p>\n<p>Frutas variadas<\/p>\n<p>Hielo de ar\u00e1ndanos<\/p>\n<p>Hielo de sand\u00eda<\/p>\n<p>Hielo de lichi<\/p>\n<p>Hielo de menta<\/p>\n<p>Cola Ice<\/p>\n<p>Hielo de guayaba<\/p>\n<p>Hielo de uva<\/p>\n<p>Fresa helada<\/p>\n<p class=\"second-title\"><b>Caracter\u00edsticas:<\/b><\/p>\n<p>- Jugo electr\u00f3nico precargado de 30 ml<\/p>\n<p>- Bater\u00eda integrada no recargable de 1000 mAh<\/p>\n<p>- Soporta dos estilos de vapeo: MTL\/DTL<\/p>\n<p>- Cantidad de puffs: Aproximadamente 30000 Puffs<\/p>\n<p>- 5% (50mg) Potencia de nicotina<\/p>\n<p><a href=\"https:\/\/i0.wp.com\/shop.vape.hk\/wp-content\/uploads\/2024\/10\/%E4%B8%8B%E8%BD%BD-13-4.jpg?ssl=1\" target=\"_blank\" rel=\"noopener\"><img data-recalc-dims=\"1\" loading=\"lazy\" decoding=\"async\" class=\"alignnone size-full wp-image-137459\" src=\"https:\/\/i0.wp.com\/shop.vape.hk\/wp-content\/uploads\/2024\/10\/%E4%B8%8B%E8%BD%BD-13-4.jpg?resize=1020%2C1465&#038;ssl=1\" alt=\"ATVS 30000 Puffs Desechables al por mayor\" width=\"1020\" height=\"1465\" title=\"\"><\/a> <a href=\"https:\/\/i0.wp.com\/shop.vape.hk\/wp-content\/uploads\/2024\/10\/%E4%B8%8B%E8%BD%BD-14-3.jpg?ssl=1\" target=\"_blank\" rel=\"noopener\"><img data-recalc-dims=\"1\" loading=\"lazy\" decoding=\"async\" class=\"alignnone size-full wp-image-137460\" src=\"https:\/\/i0.wp.com\/shop.vape.hk\/wp-content\/uploads\/2024\/10\/%E4%B8%8B%E8%BD%BD-14-3.jpg?resize=1020%2C680&#038;ssl=1\" alt=\"ATVS 30000 Puffs Desechables al por mayor\" width=\"1020\" height=\"680\" title=\"\"><\/a><\/p>","protected":false},"excerpt":{"rendered":"<p>El vapeador desechable ATVS combina materiales ecol\u00f3gicos con un elegante dise\u00f1o ergon\u00f3mico. Dise\u00f1ado para sesiones prolongadas, es una soluci\u00f3n port\u00e1til para un vapor consistente y una experiencia de vapeo sin complicaciones para profesionales y entusiastas por igual.<\/p>","protected":false},"featured_media":9519,"comment_status":"open","ping_status":"closed","template":"","meta":[],"product_brand":[],"product_cat":[22],"product_tag":[],"class_list":{"0":"post-9319","1":"product","2":"type-product","3":"status-publish","4":"has-post-thumbnail","6":"product_cat-disposable-vape-sticks","8":"first","9":"instock","10":"shipping-taxable","11":"purchasable","12":"product-type-simple"},"jetpack_sharing_enabled":true,"tiered_pricing_type":"fixed","tiered_pricing_fixed_rules":{"100":12},"tiered_pricing_product_settings":{"layout":"default","base_unit_name":{"singular":null,"plural":null},"default_variation":null},"tiered_pricing_minimum_quantity":30,"tiered_pricing_roles_data":[],"tiered_pricing_percentage_rules":[],"tiered_pricing_maximum_quantity":null,"tiered_pricing_quantity_step":"10","_links":{"self":[{"href":"https:\/\/cloudsupplyvapes.com\/es\/wp-json\/wp\/v2\/product\/9319","targetHints":{"allow":["GET"]}}],"collection":[{"href":"https:\/\/cloudsupplyvapes.com\/es\/wp-json\/wp\/v2\/product"}],"about":[{"href":"https:\/\/cloudsupplyvapes.com\/es\/wp-json\/wp\/v2\/types\/product"}],"replies":[{"embeddable":true,"href":"https:\/\/cloudsupplyvapes.com\/es\/wp-json\/wp\/v2\/comments?post=9319"}],"wp:featuredmedia":[{"embeddable":true,"href":"https:\/\/cloudsupplyvapes.com\/es\/wp-json\/wp\/v2\/media\/9519"}],"wp:attachment":[{"href":"https:\/\/cloudsupplyvapes.com\/es\/wp-json\/wp\/v2\/media?parent=9319"}],"wp:term":[{"taxonomy":"product_brand","embeddable":true,"href":"https:\/\/cloudsupplyvapes.com\/es\/wp-json\/wp\/v2\/product_brand?post=9319"},{"taxonomy":"product_cat","embeddable":true,"href":"https:\/\/cloudsupplyvapes.com\/es\/wp-json\/wp\/v2\/product_cat?post=9319"},{"taxonomy":"product_tag","embeddable":true,"href":"https:\/\/cloudsupplyvapes.com\/es\/wp-json\/wp\/v2\/product_tag?post=9319"}],"curies":[{"name":"wp","href":"https:\/\/api.w.org\/{rel}","templated":true}]}}