{"id":9929,"date":"2025-01-06T09:26:13","date_gmt":"2025-01-06T09:26:13","guid":{"rendered":"https:\/\/cloudsupplyvapes.com\/?post_type=product&#038;p=9929"},"modified":"2025-01-07T06:54:48","modified_gmt":"2025-01-07T06:54:48","slug":"bang-box-20000-puffs-disposable-vape-pen","status":"publish","type":"product","link":"https:\/\/cloudsupplyvapes.com\/es\/product\/bang-box-20000-puffs-disposable-vape-pen\/","title":{"rendered":"Vapeador desechable Bang Box 20000 Puffs"},"content":{"rendered":"<p>Bang Box 20000 es un cigarrillo electr\u00f3nico recargable desechable de la marca Bang. Ofrece 12 sabores, poco habituales en los cigarrillos electr\u00f3nicos de calada grande, que satisfacen las preferencias de muchos consumidores. La carga r\u00e1pida de tipo C proporciona una gran comodidad para los consumidores, y el dispositivo se puede cargar en cualquier momento y en cualquier lugar. La concentraci\u00f3n de nic de 0%2%3%5% proporciona a los clientes con flexibilidad, si desea m\u00e1s comodidad o strongermulation, puede satisfacer.<\/p>\n<p><img data-recalc-dims=\"1\" loading=\"lazy\" decoding=\"async\" class=\"alignnone size-full wp-image-9919\" src=\"https:\/\/i0.wp.com\/cloudsupplyvapes.com\/wp-content\/uploads\/2025\/01\/20K-%E5%AE%A3%E4%BC%A0%E5%9B%BE1.jpg?resize=1020%2C574&#038;ssl=1\" alt=\"\" width=\"1020\" height=\"574\" title=\"\" srcset=\"https:\/\/i0.wp.com\/cloudsupplyvapes.com\/wp-content\/uploads\/2025\/01\/20K-%E5%AE%A3%E4%BC%A0%E5%9B%BE1.jpg?w=1920&amp;ssl=1 1920w, https:\/\/i0.wp.com\/cloudsupplyvapes.com\/wp-content\/uploads\/2025\/01\/20K-%E5%AE%A3%E4%BC%A0%E5%9B%BE1.jpg?resize=300%2C169&amp;ssl=1 300w, https:\/\/i0.wp.com\/cloudsupplyvapes.com\/wp-content\/uploads\/2025\/01\/20K-%E5%AE%A3%E4%BC%A0%E5%9B%BE1.jpg?resize=1024%2C576&amp;ssl=1 1024w, https:\/\/i0.wp.com\/cloudsupplyvapes.com\/wp-content\/uploads\/2025\/01\/20K-%E5%AE%A3%E4%BC%A0%E5%9B%BE1.jpg?resize=768%2C432&amp;ssl=1 768w, https:\/\/i0.wp.com\/cloudsupplyvapes.com\/wp-content\/uploads\/2025\/01\/20K-%E5%AE%A3%E4%BC%A0%E5%9B%BE1.jpg?resize=1536%2C864&amp;ssl=1 1536w, https:\/\/i0.wp.com\/cloudsupplyvapes.com\/wp-content\/uploads\/2025\/01\/20K-%E5%AE%A3%E4%BC%A0%E5%9B%BE1.jpg?resize=2048%2C1152&amp;ssl=1 2048w, https:\/\/i0.wp.com\/cloudsupplyvapes.com\/wp-content\/uploads\/2025\/01\/20K-%E5%AE%A3%E4%BC%A0%E5%9B%BE1.jpg?resize=18%2C10&amp;ssl=1 18w, https:\/\/i0.wp.com\/cloudsupplyvapes.com\/wp-content\/uploads\/2025\/01\/20K-%E5%AE%A3%E4%BC%A0%E5%9B%BE1.jpg?resize=800%2C450&amp;ssl=1 800w\" sizes=\"auto, (max-width: 1020px) 100vw, 1020px\" \/><\/p>\n<div>\n<div>Descripciones de Bang Box 20000:<\/div>\n<div>\n<div>\u25cf Bater\u00eda incorporada de 850MAh<\/div>\n<div>\u25cf Recargable<\/div>\n<div>\u25cf Suministro de energ\u00eda eficiente y constante<\/div>\n<div>\u25cf 35ml Pre-llenado E-juice<\/div>\n<div>\u25cf 0%2%3% 5% Nic Nivel<\/div>\n<div>\u25cf Satisfacer a casi 20000 Puffs<\/div>\n<div>\u25cf Tipo-c<\/div>\n<div>\u25cf Luz RGB<\/div>\n<div><\/div>\n<div>Bang Box 20000 Sabores\uff1a<\/div>\n<div>\n<div>1.Kiwi fresa<\/div>\n<div>2.kiwi fruta de la pasi\u00f3n guayaba<\/div>\n<div>3.Fresa Sand\u00eda Frambuesa 4.Sand\u00eda<\/div>\n<div>5.Hielo de ar\u00e1ndano y frambuesa \u00e1cida<\/div>\n<div>\u00a06.Hielo de sand\u00eda<\/div>\n<div>7.hielo de pl\u00e1tano<\/div>\n<div>8.mango melocot\u00f3n<\/div>\n<div>9.Blue razz ice<\/div>\n<div>10Sr azul<\/div>\n<div>11.hielo de uva<\/div>\n<div>12.mango con hielo<\/div>\n<\/div>\n<\/div>\n<\/div>\n<p><img data-recalc-dims=\"1\" loading=\"lazy\" decoding=\"async\" class=\"alignnone size-full wp-image-9921\" src=\"https:\/\/i0.wp.com\/cloudsupplyvapes.com\/wp-content\/uploads\/2025\/01\/20K-%E5%AE%A3%E4%BC%A0%E5%9B%BE3.jpg?resize=1020%2C569&#038;ssl=1\" alt=\"\" width=\"1020\" height=\"569\" title=\"\" srcset=\"https:\/\/i0.wp.com\/cloudsupplyvapes.com\/wp-content\/uploads\/2025\/01\/20K-%E5%AE%A3%E4%BC%A0%E5%9B%BE3.jpg?w=1920&amp;ssl=1 1920w, https:\/\/i0.wp.com\/cloudsupplyvapes.com\/wp-content\/uploads\/2025\/01\/20K-%E5%AE%A3%E4%BC%A0%E5%9B%BE3.jpg?resize=300%2C167&amp;ssl=1 300w, https:\/\/i0.wp.com\/cloudsupplyvapes.com\/wp-content\/uploads\/2025\/01\/20K-%E5%AE%A3%E4%BC%A0%E5%9B%BE3.jpg?resize=1024%2C571&amp;ssl=1 1024w, https:\/\/i0.wp.com\/cloudsupplyvapes.com\/wp-content\/uploads\/2025\/01\/20K-%E5%AE%A3%E4%BC%A0%E5%9B%BE3.jpg?resize=768%2C429&amp;ssl=1 768w, https:\/\/i0.wp.com\/cloudsupplyvapes.com\/wp-content\/uploads\/2025\/01\/20K-%E5%AE%A3%E4%BC%A0%E5%9B%BE3.jpg?resize=1536%2C857&amp;ssl=1 1536w, https:\/\/i0.wp.com\/cloudsupplyvapes.com\/wp-content\/uploads\/2025\/01\/20K-%E5%AE%A3%E4%BC%A0%E5%9B%BE3.jpg?resize=2048%2C1143&amp;ssl=1 2048w, https:\/\/i0.wp.com\/cloudsupplyvapes.com\/wp-content\/uploads\/2025\/01\/20K-%E5%AE%A3%E4%BC%A0%E5%9B%BE3.jpg?resize=18%2C10&amp;ssl=1 18w, https:\/\/i0.wp.com\/cloudsupplyvapes.com\/wp-content\/uploads\/2025\/01\/20K-%E5%AE%A3%E4%BC%A0%E5%9B%BE3.jpg?resize=800%2C446&amp;ssl=1 800w\" sizes=\"auto, (max-width: 1020px) 100vw, 1020px\" \/><\/p>","protected":false},"excerpt":{"rendered":"<p><a href=\"https:\/\/cloudsupplyvapes.com\/es\/producto\/bang-box-20000-puffs-disposable-vape-pen\/?preview_id=9929&amp;preview_nonce=9200a5b151&amp;_thumbnail_id=9920&amp;preview=true\">Descubre el Bang Box 2000, un dispositivo revolucionario para los entusiastas de Puffs Vapes que buscan sabor y rendimiento de primera calidad.<\/a><\/p>","protected":false},"featured_media":9920,"comment_status":"open","ping_status":"closed","template":"","meta":[],"product_brand":[],"product_cat":[16],"product_tag":[],"class_list":{"0":"post-9929","1":"product","2":"type-product","3":"status-publish","4":"has-post-thumbnail","6":"product_cat-disposable-vapes-for-wholesale","8":"first","9":"instock","10":"shipping-taxable","11":"purchasable","12":"product-type-simple"},"jetpack_sharing_enabled":true,"tiered_pricing_type":"fixed","tiered_pricing_fixed_rules":{"50":6.20000000000000017763568394002504646778106689453125,"100":6,"200":5.79999999999999982236431605997495353221893310546875},"tiered_pricing_product_settings":{"layout":"default","base_unit_name":{"singular":null,"plural":null},"default_variation":null},"tiered_pricing_minimum_quantity":30,"tiered_pricing_roles_data":[],"tiered_pricing_percentage_rules":[],"tiered_pricing_maximum_quantity":null,"tiered_pricing_quantity_step":null,"_links":{"self":[{"href":"https:\/\/cloudsupplyvapes.com\/es\/wp-json\/wp\/v2\/product\/9929","targetHints":{"allow":["GET"]}}],"collection":[{"href":"https:\/\/cloudsupplyvapes.com\/es\/wp-json\/wp\/v2\/product"}],"about":[{"href":"https:\/\/cloudsupplyvapes.com\/es\/wp-json\/wp\/v2\/types\/product"}],"replies":[{"embeddable":true,"href":"https:\/\/cloudsupplyvapes.com\/es\/wp-json\/wp\/v2\/comments?post=9929"}],"wp:featuredmedia":[{"embeddable":true,"href":"https:\/\/cloudsupplyvapes.com\/es\/wp-json\/wp\/v2\/media\/9920"}],"wp:attachment":[{"href":"https:\/\/cloudsupplyvapes.com\/es\/wp-json\/wp\/v2\/media?parent=9929"}],"wp:term":[{"taxonomy":"product_brand","embeddable":true,"href":"https:\/\/cloudsupplyvapes.com\/es\/wp-json\/wp\/v2\/product_brand?post=9929"},{"taxonomy":"product_cat","embeddable":true,"href":"https:\/\/cloudsupplyvapes.com\/es\/wp-json\/wp\/v2\/product_cat?post=9929"},{"taxonomy":"product_tag","embeddable":true,"href":"https:\/\/cloudsupplyvapes.com\/es\/wp-json\/wp\/v2\/product_tag?post=9929"}],"curies":[{"name":"wp","href":"https:\/\/api.w.org\/{rel}","templated":true}]}}