{"id":3,"date":"2024-09-27T03:48:32","date_gmt":"2024-09-27T03:48:32","guid":{"rendered":"https:\/\/cloudsupplyvapes.com\/?page_id=3"},"modified":"2024-11-08T06:23:46","modified_gmt":"2024-11-08T06:23:46","slug":"politique-de-confidentialite","status":"publish","type":"page","link":"https:\/\/cloudsupplyvapes.com\/fr\/privacy-policy\/","title":{"rendered":"Politique de confidentialit\u00e9"},"content":{"rendered":"<p>Bienvenue \u00e0 CloudSupplyVapes. Votre vie priv\u00e9e est importante pour nous, et cette politique de confidentialit\u00e9 explique comment nous recueillons, utilisons et prot\u00e9geons vos informations personnelles lorsque vous visitez notre site Web \u00e0 l'adresse suivante <a href=\"https:\/\/cloudsupplyvapes.com\/fr\/\" target=\"_new\" rel=\"noopener\">https:\/\/cloudsupplyvapes.com<\/a>.<\/p>\r\n<h3 class=\"wp-block-heading\"><strong>Qui sommes-nous ?<\/strong><\/h3>\r\n<p>L'adresse de notre site web est la suivante : <a href=\"https:\/\/cloudsupplyvapes.com\/fr\/\" target=\"_new\" rel=\"noopener\">https:\/\/cloudsupplyvapes.com<\/a>. CloudSupplyVapes s'engage \u00e0 fournir des produits de vapotage de haute qualit\u00e9 et un excellent service \u00e0 la client\u00e8le. La protection de votre vie priv\u00e9e et de vos informations personnelles est une priorit\u00e9.<\/p>\r\n<h3><strong>Commentaires<\/strong><\/h3>\r\n<p>Lorsque des visiteurs laissent des commentaires sur notre site, nous recueillons les donn\u00e9es figurant dans le formulaire de commentaires, ainsi que l'adresse IP du visiteur et la cha\u00eene de l'agent utilisateur du navigateur, afin de faciliter la d\u00e9tection des spams.<\/p>\r\n<p>Une cha\u00eene anonyme cr\u00e9\u00e9e \u00e0 partir de votre adresse \u00e9lectronique (\u00e9galement appel\u00e9e \"hash\") peut \u00eatre fournie au service Gravatar pour v\u00e9rifier si vous l'utilisez. La politique de confidentialit\u00e9 du service Gravatar est disponible <a href=\"https:\/\/automattic.com\/privacy\/\" target=\"_new\" rel=\"noopener\">ici<\/a>. Une fois votre commentaire approuv\u00e9, votre photo de profil sera visible par le public dans le contexte de votre commentaire.<\/p>\r\n<h3><strong>Les m\u00e9dias<\/strong><\/h3>\r\n<p>Si vous t\u00e9l\u00e9chargez des images sur le site web, \u00e9vitez d'y inclure des donn\u00e9es de localisation (EXIF GPS). Les visiteurs du site web peuvent t\u00e9l\u00e9charger et extraire toutes les donn\u00e9es de localisation des images sur le site web.<\/p>\r\n<h3><strong>Cookies<\/strong><\/h3>\r\n<ul>\r\n<li><strong>Commentaires<\/strong>: Si vous laissez un commentaire sur notre site, vous pouvez choisir d'enregistrer votre nom, votre adresse \u00e9lectronique et votre site web dans des cookies. Ces cookies ont pour but de vous \u00e9viter d'avoir \u00e0 saisir \u00e0 nouveau vos coordonn\u00e9es lors de vos prochains commentaires. Ces cookies ont une dur\u00e9e de vie d'un an.<\/li>\r\n<li><strong>Page de connexion<\/strong>: Lorsque vous visitez notre page de connexion, nous installons un cookie temporaire pour v\u00e9rifier si votre navigateur accepte les cookies. Ce cookie ne contient aucune donn\u00e9e personnelle et est supprim\u00e9 lorsque vous fermez votre navigateur.<\/li>\r\n<li><strong>D\u00e9tails de la connexion<\/strong>: Lorsque vous vous connectez, nous installons des cookies pour enregistrer vos informations de connexion et vos choix d'affichage \u00e0 l'\u00e9cran. Les cookies de connexion ont une dur\u00e9e de vie de deux jours et les cookies d'options d'\u00e9cran ont une dur\u00e9e de vie d'un an. La s\u00e9lection de l'option \"Se souvenir de moi\" maintient votre connexion active pendant deux semaines. La d\u00e9connexion supprime ces cookies.<\/li>\r\n<li><strong>\u00c9dition\/publication d'articles<\/strong>: Un cookie suppl\u00e9mentaire est enregistr\u00e9 dans votre navigateur lorsque vous modifiez ou publiez un article. Ce cookie ne contient aucune donn\u00e9e personnelle et expire apr\u00e8s un jour.<\/li>\r\n<\/ul>\r\n<h3><strong>Contenu int\u00e9gr\u00e9 d'autres sites web<\/strong><\/h3>\r\n<p>Les articles de ce site peuvent inclure du contenu int\u00e9gr\u00e9 (par exemple, des vid\u00e9os, des images, des articles, etc.). Le contenu int\u00e9gr\u00e9 provenant d'autres sites web se comporte comme si vous aviez visit\u00e9 l'autre site web, qui peut collecter des donn\u00e9es vous concernant, utiliser des cookies, int\u00e9grer un suivi par des tiers et surveiller votre interaction avec le contenu int\u00e9gr\u00e9, en particulier si vous avez un compte sur ce site web et que vous y \u00eates connect\u00e9.<\/p>\r\n<h3><strong>Avec qui partageons-nous vos donn\u00e9es ?<\/strong><\/h3>\r\n<p>Si vous demandez une r\u00e9initialisation de votre mot de passe, votre adresse IP sera incluse dans l'e-mail de r\u00e9initialisation \u00e0 des fins de s\u00e9curit\u00e9.<\/p>\r\n<h3><strong>Dur\u00e9e de conservation des donn\u00e9es<\/strong><\/h3>\r\n<ul>\r\n<li><strong>Commentaires<\/strong>: Les commentaires et leurs m\u00e9tadonn\u00e9es sont conserv\u00e9s ind\u00e9finiment pour nous permettre de reconna\u00eetre et d'approuver automatiquement les commentaires de suivi.<\/li>\r\n<li><strong>Comptes d'utilisateurs<\/strong>: Pour les utilisateurs enregistr\u00e9s sur notre site web, nous stockons les informations personnelles fournies dans les profils d'utilisateur. Les utilisateurs peuvent consulter, modifier ou supprimer leurs informations personnelles \u00e0 tout moment (\u00e0 l'exception des noms d'utilisateur). Les administrateurs du site web peuvent \u00e9galement acc\u00e9der \u00e0 ces informations et les modifier.<\/li>\r\n<\/ul>\r\n<h3><strong>Quels sont vos droits sur vos donn\u00e9es ?<\/strong><\/h3>\r\n<p>Si vous avez un compte sur ce site ou si vous avez laiss\u00e9 des commentaires, vous pouvez demander un fichier export\u00e9 des donn\u00e9es personnelles que nous d\u00e9tenons \u00e0 votre sujet, y compris toutes les donn\u00e9es que vous nous avez fournies. Vous pouvez \u00e9galement demander la suppression de toutes les donn\u00e9es personnelles que nous d\u00e9tenons. Cela n'inclut pas les donn\u00e9es que nous sommes tenus de conserver \u00e0 des fins administratives, juridiques ou de s\u00e9curit\u00e9.<\/p>\r\n<h3><strong>O\u00f9 sont envoy\u00e9es vos donn\u00e9es<\/strong><\/h3>\r\n<p>Les commentaires des visiteurs peuvent \u00eatre v\u00e9rifi\u00e9s par un service automatis\u00e9 de d\u00e9tection des spams afin de maintenir la qualit\u00e9 et la s\u00e9curit\u00e9 de notre site.<\/p>","protected":false},"excerpt":{"rendered":"<p>Welcome to CloudSupplyVapes. Your privacy is important to us, and this Privacy Policy explains how we collect, use, and protect your personal information when you visit our website at https:\/\/cloudsupplyvapes.com. Who We Are Our website address is: https:\/\/cloudsupplyvapes.com. CloudSupplyVapes is dedicated to providing high-quality vaping products and excellent customer service. Protecting your privacy and personal [&#8230;]\n","protected":false},"author":1,"featured_media":0,"parent":0,"menu_order":0,"comment_status":"closed","ping_status":"open","template":"","meta":{"footnotes":""},"class_list":["post-3","page","type-page","status-publish","hentry"],"jetpack_sharing_enabled":true,"_links":{"self":[{"href":"https:\/\/cloudsupplyvapes.com\/fr\/wp-json\/wp\/v2\/pages\/3","targetHints":{"allow":["GET"]}}],"collection":[{"href":"https:\/\/cloudsupplyvapes.com\/fr\/wp-json\/wp\/v2\/pages"}],"about":[{"href":"https:\/\/cloudsupplyvapes.com\/fr\/wp-json\/wp\/v2\/types\/page"}],"author":[{"embeddable":true,"href":"https:\/\/cloudsupplyvapes.com\/fr\/wp-json\/wp\/v2\/users\/1"}],"replies":[{"embeddable":true,"href":"https:\/\/cloudsupplyvapes.com\/fr\/wp-json\/wp\/v2\/comments?post=3"}],"version-history":[{"count":1,"href":"https:\/\/cloudsupplyvapes.com\/fr\/wp-json\/wp\/v2\/pages\/3\/revisions"}],"predecessor-version":[{"id":9721,"href":"https:\/\/cloudsupplyvapes.com\/fr\/wp-json\/wp\/v2\/pages\/3\/revisions\/9721"}],"wp:attachment":[{"href":"https:\/\/cloudsupplyvapes.com\/fr\/wp-json\/wp\/v2\/media?parent=3"}],"curies":[{"name":"wp","href":"https:\/\/api.w.org\/{rel}","templated":true}]}}