{"id":9727,"date":"2024-11-08T06:40:54","date_gmt":"2024-11-08T06:40:54","guid":{"rendered":"https:\/\/cloudsupplyvapes.com\/?page_id=9727"},"modified":"2024-11-08T06:43:02","modified_gmt":"2024-11-08T06:43:02","slug":"a-propos-de","status":"publish","type":"page","link":"https:\/\/cloudsupplyvapes.com\/fr\/about\/","title":{"rendered":"A propos de"},"content":{"rendered":"<h3><strong>\u00c0 propos de CloudSupplyVapes<\/strong><\/h3>\n<p>Bienvenue sur CloudSupplyVapes, votre premi\u00e8re source de produits de vapotage jetables de haute qualit\u00e9 \u00e0 des prix de gros. Nous sommes sp\u00e9cialis\u00e9s dans la fourniture d'une large gamme de marques de vape jetables les plus r\u00e9centes et les plus populaires, r\u00e9pondant aux besoins des entreprises de toutes tailles qui cherchent \u00e0 r\u00e9pondre \u00e0 la demande croissante de solutions de vape pratiques et fiables.<\/p>\n<p>Chez CloudSupplyVapes, nous nous engageons \u00e0 offrir une vaste s\u00e9lection de produits qui combinent qualit\u00e9, performance et innovation. Notre \u00e9quipe s\u00e9lectionne soigneusement notre inventaire pour s'assurer que chaque produit r\u00e9pond \u00e0 nos normes \u00e9lev\u00e9es et s'aligne sur les derni\u00e8res tendances de l'industrie du vapotage. Nous comprenons que vos clients attendent une exp\u00e9rience de vapotage fluide et satisfaisante, c'est pourquoi nous nous concentrons sur des marques et des produits qui offrent \u00e0 la fois saveur et long\u00e9vit\u00e9.<\/p>\n<p>Avec une approche centr\u00e9e sur le client, nous sommes fiers de notre traitement efficace des commandes, de nos prix comp\u00e9titifs et de notre support r\u00e9actif, con\u00e7us pour rendre votre exp\u00e9rience aussi facile que possible. Que vous soyez d\u00e9taillant, distributeur ou propri\u00e9taire d'une boutique en ligne, CloudSupplyVapes s'engage \u00e0 vous aider \u00e0 r\u00e9ussir sur le march\u00e9 dynamique de la vape d'aujourd'hui.<\/p>\n<p>Nous vous remercions d'avoir choisi CloudSupplyVapes comme partenaire de confiance pour la vente en gros de produits de vapotage. Nous sommes impatients d'alimenter la croissance de votre entreprise gr\u00e2ce \u00e0 notre s\u00e9lection de vape de premi\u00e8re qualit\u00e9 et \u00e0 notre service exceptionnel.<\/p>\n<p><img data-recalc-dims=\"1\" loading=\"lazy\" decoding=\"async\" class=\"alignnone size-full wp-image-9694\" src=\"https:\/\/i0.wp.com\/cloudsupplyvapes.com\/wp-content\/uploads\/2024\/11\/Al-Fakher-Vape-Crown-Bar-Big-Cloud-8000-Puffs-banner.jpg?resize=1020%2C574&#038;ssl=1\" alt=\"Al-Fakher-Vape-Crown-Bar-Big-Cloud-8000-Puffs-banner\" width=\"1020\" height=\"574\" title=\"\" srcset=\"https:\/\/i0.wp.com\/cloudsupplyvapes.com\/wp-content\/uploads\/2024\/11\/Al-Fakher-Vape-Crown-Bar-Big-Cloud-8000-Puffs-banner.jpg?w=1920&amp;ssl=1 1920w, https:\/\/i0.wp.com\/cloudsupplyvapes.com\/wp-content\/uploads\/2024\/11\/Al-Fakher-Vape-Crown-Bar-Big-Cloud-8000-Puffs-banner.jpg?resize=300%2C169&amp;ssl=1 300w, https:\/\/i0.wp.com\/cloudsupplyvapes.com\/wp-content\/uploads\/2024\/11\/Al-Fakher-Vape-Crown-Bar-Big-Cloud-8000-Puffs-banner.jpg?resize=1024%2C576&amp;ssl=1 1024w, https:\/\/i0.wp.com\/cloudsupplyvapes.com\/wp-content\/uploads\/2024\/11\/Al-Fakher-Vape-Crown-Bar-Big-Cloud-8000-Puffs-banner.jpg?resize=768%2C432&amp;ssl=1 768w, https:\/\/i0.wp.com\/cloudsupplyvapes.com\/wp-content\/uploads\/2024\/11\/Al-Fakher-Vape-Crown-Bar-Big-Cloud-8000-Puffs-banner.jpg?resize=1536%2C864&amp;ssl=1 1536w, https:\/\/i0.wp.com\/cloudsupplyvapes.com\/wp-content\/uploads\/2024\/11\/Al-Fakher-Vape-Crown-Bar-Big-Cloud-8000-Puffs-banner.jpg?resize=18%2C10&amp;ssl=1 18w, https:\/\/i0.wp.com\/cloudsupplyvapes.com\/wp-content\/uploads\/2024\/11\/Al-Fakher-Vape-Crown-Bar-Big-Cloud-8000-Puffs-banner.jpg?resize=1320%2C743&amp;ssl=1 1320w, https:\/\/i0.wp.com\/cloudsupplyvapes.com\/wp-content\/uploads\/2024\/11\/Al-Fakher-Vape-Crown-Bar-Big-Cloud-8000-Puffs-banner.jpg?resize=800%2C450&amp;ssl=1 800w\" sizes=\"auto, (max-width: 1020px) 100vw, 1020px\" \/><\/p>","protected":false},"excerpt":{"rendered":"<p>About CloudSupplyVapes Welcome to CloudSupplyVapes, your premier source for high-quality disposable vape products at wholesale prices. We specialize in supplying a wide range of the latest and most popular disposable vape brands, catering to businesses of all sizes looking to meet the growing demand for convenient, reliable vaping solutions. At CloudSupplyVapes, we are committed to [&#8230;]\n","protected":false},"author":1,"featured_media":0,"parent":0,"menu_order":0,"comment_status":"closed","ping_status":"closed","template":"page-blank-title-center.php","meta":{"footnotes":""},"class_list":["post-9727","page","type-page","status-publish","hentry"],"jetpack_sharing_enabled":true,"_links":{"self":[{"href":"https:\/\/cloudsupplyvapes.com\/fr\/wp-json\/wp\/v2\/pages\/9727","targetHints":{"allow":["GET"]}}],"collection":[{"href":"https:\/\/cloudsupplyvapes.com\/fr\/wp-json\/wp\/v2\/pages"}],"about":[{"href":"https:\/\/cloudsupplyvapes.com\/fr\/wp-json\/wp\/v2\/types\/page"}],"author":[{"embeddable":true,"href":"https:\/\/cloudsupplyvapes.com\/fr\/wp-json\/wp\/v2\/users\/1"}],"replies":[{"embeddable":true,"href":"https:\/\/cloudsupplyvapes.com\/fr\/wp-json\/wp\/v2\/comments?post=9727"}],"version-history":[{"count":3,"href":"https:\/\/cloudsupplyvapes.com\/fr\/wp-json\/wp\/v2\/pages\/9727\/revisions"}],"predecessor-version":[{"id":9733,"href":"https:\/\/cloudsupplyvapes.com\/fr\/wp-json\/wp\/v2\/pages\/9727\/revisions\/9733"}],"wp:attachment":[{"href":"https:\/\/cloudsupplyvapes.com\/fr\/wp-json\/wp\/v2\/media?parent=9727"}],"curies":[{"name":"wp","href":"https:\/\/api.w.org\/{rel}","templated":true}]}}