{"id":1062,"date":"2024-10-19T02:17:29","date_gmt":"2024-10-19T02:17:29","guid":{"rendered":"https:\/\/cloudsupplyvapes.com\/?post_type=product&#038;p=1062"},"modified":"2024-11-26T09:03:44","modified_gmt":"2024-11-26T09:03:44","slug":"-33","status":"publish","type":"product","link":"https:\/\/cloudsupplyvapes.com\/fr\/product\/esmoo-max-4500-puffs-disposable-wholesale\/","title":{"rendered":"ESMOO Max 4500 bouff\u00e9es Vape jetable en gros Haute capacit\u00e9 Design \u00e9pur\u00e9"},"content":{"rendered":"<p>Taille : H87*L42*Epaisseur20.7MM<\/p>\n<p>Huile : 12ml<\/p>\n<p>Batterie : 600mAh<\/p>\n<p>Type de bobine : MESH Coil 1.0\u03a9<\/p>\n<p>Couleur : 12 couleurs<\/p>\n<p><a href=\"https:\/\/i0.wp.com\/shop.vape.hk\/wp-content\/uploads\/2022\/08\/1641810511182390.jpg?ssl=1\" target=\"_blank\" rel=\"noopener\"><img data-recalc-dims=\"1\" loading=\"lazy\" decoding=\"async\" class=\"alignnone size-full wp-image-73601\" src=\"https:\/\/i0.wp.com\/shop.vape.hk\/wp-content\/uploads\/2022\/08\/1641810511182390.jpg?resize=801%2C1370&#038;ssl=1\" alt=\"ESMOO Max 4500 bouff\u00e9es jetables - vente en gros\" width=\"801\" height=\"1370\" title=\"\"><\/a><\/p>","protected":false},"excerpt":{"rendered":"<p>ESMOO Max 4500 Puffs Disposable Vape Wholesale combine une grande capacit\u00e9, un design \u00e9l\u00e9gant et un d\u00e9bit de vapeur r\u00e9gulier pour des sessions de vapotage de qualit\u00e9 et de longue dur\u00e9e.<\/p>","protected":false},"featured_media":1092,"comment_status":"open","ping_status":"closed","template":"","meta":[],"product_brand":[],"product_cat":[22],"product_tag":[],"class_list":{"0":"post-1062","1":"product","2":"type-product","3":"status-publish","4":"has-post-thumbnail","6":"product_cat-disposable-vape-sticks","8":"first","9":"instock","10":"shipping-taxable","11":"purchasable","12":"product-type-simple"},"jetpack_sharing_enabled":true,"tiered_pricing_type":"fixed","tiered_pricing_fixed_rules":{"10000":7,"30000":6,"50000":5},"tiered_pricing_product_settings":{"layout":"default","base_unit_name":{"singular":null,"plural":null},"default_variation":null},"tiered_pricing_minimum_quantity":3000,"tiered_pricing_roles_data":[],"tiered_pricing_percentage_rules":[],"tiered_pricing_maximum_quantity":null,"tiered_pricing_quantity_step":null,"_links":{"self":[{"href":"https:\/\/cloudsupplyvapes.com\/fr\/wp-json\/wp\/v2\/product\/1062","targetHints":{"allow":["GET"]}}],"collection":[{"href":"https:\/\/cloudsupplyvapes.com\/fr\/wp-json\/wp\/v2\/product"}],"about":[{"href":"https:\/\/cloudsupplyvapes.com\/fr\/wp-json\/wp\/v2\/types\/product"}],"replies":[{"embeddable":true,"href":"https:\/\/cloudsupplyvapes.com\/fr\/wp-json\/wp\/v2\/comments?post=1062"}],"wp:featuredmedia":[{"embeddable":true,"href":"https:\/\/cloudsupplyvapes.com\/fr\/wp-json\/wp\/v2\/media\/1092"}],"wp:attachment":[{"href":"https:\/\/cloudsupplyvapes.com\/fr\/wp-json\/wp\/v2\/media?parent=1062"}],"wp:term":[{"taxonomy":"product_brand","embeddable":true,"href":"https:\/\/cloudsupplyvapes.com\/fr\/wp-json\/wp\/v2\/product_brand?post=1062"},{"taxonomy":"product_cat","embeddable":true,"href":"https:\/\/cloudsupplyvapes.com\/fr\/wp-json\/wp\/v2\/product_cat?post=1062"},{"taxonomy":"product_tag","embeddable":true,"href":"https:\/\/cloudsupplyvapes.com\/fr\/wp-json\/wp\/v2\/product_tag?post=1062"}],"curies":[{"name":"wp","href":"https:\/\/api.w.org\/{rel}","templated":true}]}}