{"id":1065,"date":"2024-10-19T02:17:29","date_gmt":"2024-10-19T02:17:29","guid":{"rendered":"https:\/\/cloudsupplyvapes.com\/?post_type=product&#038;p=1065"},"modified":"2024-11-26T09:04:19","modified_gmt":"2024-11-26T09:04:19","slug":"lavie-coke-bar-6000-puff-disposable-wholesale","status":"publish","type":"product","link":"https:\/\/cloudsupplyvapes.com\/fr\/product\/lavie-coke-bar-6000-puff-disposable-wholesale\/","title":{"rendered":"Lavie Coke Bar 6000 Puff Disposable Vape Wholesale Lightweight Compact Vape"},"content":{"rendered":"<div id=\"text-2622903258\" class=\"text\">\n<table class=\"woocommerce-product-attributes shop_attributes\" style=\"font-size: 14.4px;\">\n<tbody>\n<tr class=\"woocommerce-product-attributes-item woocommerce-product-attributes-item--weight\">\n<th class=\"woocommerce-product-attributes-item__label\">POIDS<\/th>\n<td class=\"woocommerce-product-attributes-item__value\">0,074 kg<\/td>\n<\/tr>\n<tr class=\"woocommerce-product-attributes-item woocommerce-product-attributes-item--dimensions\">\n<th class=\"woocommerce-product-attributes-item__label\">DIMENSIONS<\/th>\n<td class=\"woocommerce-product-attributes-item__value\">3 \u00d7 3 \u00d7 11 cm<\/td>\n<\/tr>\n<tr class=\"woocommerce-product-attributes-item woocommerce-product-attributes-item--attribute_pa_puffs\">\n<th class=\"woocommerce-product-attributes-item__label\">PUFFS<\/th>\n<td class=\"woocommerce-product-attributes-item__value\"><a href=\"https:\/\/www.lavievape.com\/puffs\/6000\" rel=\"tag noopener\" target=\"_blank\">6000<\/a><\/td>\n<\/tr>\n<tr class=\"woocommerce-product-attributes-item woocommerce-product-attributes-item--attribute_pa_salt-nicotine\">\n<th class=\"woocommerce-product-attributes-item__label\">NICOTINE SAL\u00c9E<\/th>\n<td class=\"woocommerce-product-attributes-item__value\"><a href=\"https:\/\/www.lavievape.com\/salt-nicotine\/5\" rel=\"tag noopener\" target=\"_blank\">5%<\/a><\/td>\n<\/tr>\n<tr class=\"woocommerce-product-attributes-item woocommerce-product-attributes-item--attribute_pa_liquid\">\n<th class=\"woocommerce-product-attributes-item__label\">LIQUIDE<\/th>\n<td class=\"woocommerce-product-attributes-item__value\"><a href=\"https:\/\/www.lavievape.com\/liquid\/15ml\" rel=\"tag noopener\" target=\"_blank\">15ML<\/a><\/td>\n<\/tr>\n<tr class=\"woocommerce-product-attributes-item woocommerce-product-attributes-item--attribute_pa_battery\">\n<th class=\"woocommerce-product-attributes-item__label\">BATTERIE<\/th>\n<td class=\"woocommerce-product-attributes-item__value\"><a href=\"https:\/\/www.lavievape.com\/battery\/600mah\" rel=\"tag noopener\" target=\"_blank\">600mAh<\/a><\/td>\n<\/tr>\n<tr class=\"woocommerce-product-attributes-item woocommerce-product-attributes-item--attribute_pa_rechargeable\">\n<th class=\"woocommerce-product-attributes-item__label\">RECHARGEABLE<\/th>\n<td class=\"woocommerce-product-attributes-item__value\">\u221a<\/td>\n<\/tr>\n<tr class=\"woocommerce-product-attributes-item woocommerce-product-attributes-item--attribute_pa_charging-port\">\n<th class=\"woocommerce-product-attributes-item__label\">PORT DE CHARGE<\/th>\n<td class=\"woocommerce-product-attributes-item__value\"><a href=\"https:\/\/www.lavievape.com\/charging-port\/type-c\" rel=\"tag noopener\" target=\"_blank\">Type C<\/a><\/td>\n<\/tr>\n<\/tbody>\n<\/table>\n<\/div>\n<div><\/div>\n<div><strong>Ce qui le rend exceptionnel<\/strong><\/div>\n<div>Lavie Coke Bar 6000 est une vape jetable color\u00e9e avec un joli processus d'apparence de peinture au four. Elle est \u00e9quip\u00e9e d'une bobine \u00e0 mailles, ce qui permet de ressentir une plus grande stimulation lors de la vape. et nous avons sp\u00e9cialement formul\u00e9 plusieurs saveurs merveilleuses en fonction de cet appareil. la batterie est rechargeable, ce qui lui permet de durer jusqu'\u00e0 6000 bouff\u00e9es.<\/div>","protected":false},"excerpt":{"rendered":"<p>Lavie Coke Bar 6000 Puff Disposable Vape Wholesale offre un design l\u00e9ger et compact, des effets de gorge doux et des performances fiables pour le vapotage en d\u00e9placement.<\/p>","protected":false},"featured_media":1095,"comment_status":"open","ping_status":"closed","template":"","meta":[],"product_brand":[],"product_cat":[22],"product_tag":[],"class_list":{"0":"post-1065","1":"product","2":"type-product","3":"status-publish","4":"has-post-thumbnail","6":"product_cat-disposable-vape-sticks","8":"first","9":"instock","10":"shipping-taxable","11":"purchasable","12":"product-type-simple"},"jetpack_sharing_enabled":true,"tiered_pricing_type":"fixed","tiered_pricing_fixed_rules":[],"tiered_pricing_product_settings":{"layout":"default","base_unit_name":{"singular":null,"plural":null},"default_variation":null},"tiered_pricing_minimum_quantity":null,"tiered_pricing_roles_data":[],"tiered_pricing_percentage_rules":[],"tiered_pricing_maximum_quantity":null,"tiered_pricing_quantity_step":null,"_links":{"self":[{"href":"https:\/\/cloudsupplyvapes.com\/fr\/wp-json\/wp\/v2\/product\/1065","targetHints":{"allow":["GET"]}}],"collection":[{"href":"https:\/\/cloudsupplyvapes.com\/fr\/wp-json\/wp\/v2\/product"}],"about":[{"href":"https:\/\/cloudsupplyvapes.com\/fr\/wp-json\/wp\/v2\/types\/product"}],"replies":[{"embeddable":true,"href":"https:\/\/cloudsupplyvapes.com\/fr\/wp-json\/wp\/v2\/comments?post=1065"}],"wp:featuredmedia":[{"embeddable":true,"href":"https:\/\/cloudsupplyvapes.com\/fr\/wp-json\/wp\/v2\/media\/1095"}],"wp:attachment":[{"href":"https:\/\/cloudsupplyvapes.com\/fr\/wp-json\/wp\/v2\/media?parent=1065"}],"wp:term":[{"taxonomy":"product_brand","embeddable":true,"href":"https:\/\/cloudsupplyvapes.com\/fr\/wp-json\/wp\/v2\/product_brand?post=1065"},{"taxonomy":"product_cat","embeddable":true,"href":"https:\/\/cloudsupplyvapes.com\/fr\/wp-json\/wp\/v2\/product_cat?post=1065"},{"taxonomy":"product_tag","embeddable":true,"href":"https:\/\/cloudsupplyvapes.com\/fr\/wp-json\/wp\/v2\/product_tag?post=1065"}],"curies":[{"name":"wp","href":"https:\/\/api.w.org\/{rel}","templated":true}]}}