{"id":1068,"date":"2024-10-19T02:17:30","date_gmt":"2024-10-19T02:17:30","guid":{"rendered":"https:\/\/cloudsupplyvapes.com\/?post_type=product&#038;p=1068"},"modified":"2024-11-26T08:59:29","modified_gmt":"2024-11-26T08:59:29","slug":"iqte-tornado-10000-puffs-disposable-wholesale","status":"publish","type":"product","link":"https:\/\/cloudsupplyvapes.com\/fr\/product\/iqte-tornado-10000-puffs-disposable-wholesale\/","title":{"rendered":"IQTE TORNADO 10000 Puffs Vape jetable en gros Airflow r\u00e9glable Haute performance"},"content":{"rendered":"<table width=\"633\" cellspacing=\"0\" cellpadding=\"0\">\n<tbody>\n<tr>\n<td valign=\"top\" width=\"160\"><strong>Nicotine<\/strong><\/td>\n<td valign=\"top\" width=\"473\">2% \/ 5%<\/td>\n<\/tr>\n<tr>\n<td valign=\"top\" width=\"160\"><strong>Volume<\/strong><\/td>\n<td valign=\"top\" width=\"473\">22ml<\/td>\n<\/tr>\n<tr>\n<td valign=\"top\" width=\"160\"><strong>Saveurs<\/strong><\/td>\n<td valign=\"top\" width=\"473\">13 saveurs :<\/p>\n<p>&nbsp;<\/p>\n<p>1. taureau rouge<\/p>\n<p>2. melon d'eau<\/p>\n<p>3. mangue orange past\u00e8que<\/p>\n<p>4. litchi<\/p>\n<p>5. p\u00eache bleuBerry<\/p>\n<p>6. pamplemousse<\/p>\n<p>7. fraise-banane<\/p>\n<p>8. mangue fruit de la passion<\/p>\n<p>9. aloe kiwi fraise<\/td>\n<\/tr>\n<tr>\n<td valign=\"top\" width=\"160\"><strong>Capacit\u00e9 de la batterie<\/strong><\/td>\n<td valign=\"top\" width=\"473\">850mAh rechargeable<\/td>\n<\/tr>\n<tr>\n<td valign=\"top\" width=\"160\"><strong>Ingr\u00e9dients<\/strong><\/td>\n<td valign=\"top\" width=\"473\">Glyc\u00e9rine v\u00e9g\u00e9tale, Propyl\u00e8ne Glycol, Nicotine, Ar\u00f4mes naturels et artificiels<\/td>\n<\/tr>\n<tr>\n<td valign=\"top\" width=\"160\"><strong>Taille<\/strong><\/td>\n<td valign=\"top\" width=\"473\">32*109mm<\/td>\n<\/tr>\n<tr>\n<td valign=\"top\" width=\"160\"><strong>Service<\/strong><\/td>\n<td valign=\"top\" width=\"473\">OEM&amp;ODM<\/td>\n<\/tr>\n<tr>\n<td valign=\"top\" width=\"160\"><strong>Emballage<\/strong><\/td>\n<td valign=\"top\" width=\"473\">200pcs\/case<\/td>\n<\/tr>\n<\/tbody>\n<\/table>","protected":false},"excerpt":{"rendered":"<p>IQTE TORNADO 10000 Puffs Disposable Vape Wholesale offre un flux d'air r\u00e9glable, des performances \u00e9lev\u00e9es et une conception durable pour des sessions de vapotage prolong\u00e9es et de qualit\u00e9.<\/p>","protected":false},"featured_media":1098,"comment_status":"open","ping_status":"closed","template":"","meta":[],"product_brand":[],"product_cat":[22],"product_tag":[],"class_list":{"0":"post-1068","1":"product","2":"type-product","3":"status-publish","4":"has-post-thumbnail","6":"product_cat-disposable-vape-sticks","8":"first","9":"instock","10":"shipping-taxable","11":"purchasable","12":"product-type-simple"},"jetpack_sharing_enabled":true,"tiered_pricing_type":"fixed","tiered_pricing_fixed_rules":[],"tiered_pricing_product_settings":{"layout":"default","base_unit_name":{"singular":null,"plural":null},"default_variation":null},"tiered_pricing_minimum_quantity":null,"tiered_pricing_roles_data":[],"tiered_pricing_percentage_rules":[],"tiered_pricing_maximum_quantity":null,"tiered_pricing_quantity_step":null,"_links":{"self":[{"href":"https:\/\/cloudsupplyvapes.com\/fr\/wp-json\/wp\/v2\/product\/1068","targetHints":{"allow":["GET"]}}],"collection":[{"href":"https:\/\/cloudsupplyvapes.com\/fr\/wp-json\/wp\/v2\/product"}],"about":[{"href":"https:\/\/cloudsupplyvapes.com\/fr\/wp-json\/wp\/v2\/types\/product"}],"replies":[{"embeddable":true,"href":"https:\/\/cloudsupplyvapes.com\/fr\/wp-json\/wp\/v2\/comments?post=1068"}],"wp:featuredmedia":[{"embeddable":true,"href":"https:\/\/cloudsupplyvapes.com\/fr\/wp-json\/wp\/v2\/media\/1098"}],"wp:attachment":[{"href":"https:\/\/cloudsupplyvapes.com\/fr\/wp-json\/wp\/v2\/media?parent=1068"}],"wp:term":[{"taxonomy":"product_brand","embeddable":true,"href":"https:\/\/cloudsupplyvapes.com\/fr\/wp-json\/wp\/v2\/product_brand?post=1068"},{"taxonomy":"product_cat","embeddable":true,"href":"https:\/\/cloudsupplyvapes.com\/fr\/wp-json\/wp\/v2\/product_cat?post=1068"},{"taxonomy":"product_tag","embeddable":true,"href":"https:\/\/cloudsupplyvapes.com\/fr\/wp-json\/wp\/v2\/product_tag?post=1068"}],"curies":[{"name":"wp","href":"https:\/\/api.w.org\/{rel}","templated":true}]}}