{"id":1110,"date":"2024-10-19T02:17:54","date_gmt":"2024-10-19T02:17:54","guid":{"rendered":"https:\/\/cloudsupplyvapes.com\/?post_type=product&#038;p=1110"},"modified":"2024-11-26T08:48:25","modified_gmt":"2024-11-26T08:48:25","slug":"rm-legend-10000-puff-jetable-en-gros","status":"publish","type":"product","link":"https:\/\/cloudsupplyvapes.com\/fr\/product\/rm-legend-10000-puff-disposable-wholesale\/","title":{"rendered":"R&amp;M LEGEND 10000 Puff Disposable Vape Wholesale Adjustable Airflow Portable Design"},"content":{"rendered":"<p>1. Grande capacit\u00e9, 20ml, 10000 bouff\u00e9es.<\/p>\n<p>2. La technologie la plus r\u00e9cente de la bobine de maille, un grand nuage et de bons go\u00fbts.<\/p>\n<p>3. Mod\u00e8le rechargeable avec port de type C, d'une dur\u00e9e de vie illimit\u00e9e.<\/p>\n<p>4. Contr\u00f4le du flux d'air rotatif r\u00e9glable, volume de vape DIY.<\/p>\n<p>5. Embout buccal souple de qualit\u00e9 alimentaire, confortable et anti-stress.<\/p>\n<p>6. Design populaire, mode et cool. .<\/p>\n<p>&nbsp;<\/p>\n<p><strong>\u00a0SAVEURS :<\/strong><\/p>\n<p>1. framboise myrtille m\u00fbre<\/p>\n<p>2. raisin framboise cassis<\/p>\n<p>3. kiwi fruit de la passion<\/p>\n<p>4. myrtille framboise acidul\u00e9e<\/p>\n<p>5. glace au raisin<\/p>\n<p>6. myrtille sur glace<\/p>\n<p>7. past\u00e8que \u00e0 la fraise<\/p>\n<p>8. les fruits du big bang<\/p>\n<p>9. ours en gomme<\/p>\n<p>10. barbe \u00e0 papa<\/p>\n<p>11. c\u00f4ne de glace<\/p>\n<p>12. glace luxuriante<\/p>\n<p><a href=\"https:\/\/i0.wp.com\/shop.vape.hk\/wp-content\/uploads\/2022\/10\/1-R-M-LEGEND-10K-POSTER-scaled.jpg?ssl=1\" target=\"_blank\" rel=\"noopener\"><img data-recalc-dims=\"1\" loading=\"lazy\" decoding=\"async\" class=\"alignnone size-full wp-image-114542\" src=\"https:\/\/i0.wp.com\/shop.vape.hk\/wp-content\/uploads\/2022\/10\/1-R-M-LEGEND-10K-POSTER-scaled.jpg?resize=1020%2C1385&#038;ssl=1\" alt=\"R&amp;M LEGEND 10000 bouff\u00e9es jetables | Wholesale\" width=\"1020\" height=\"1385\" title=\"\"><\/a><\/p>","protected":false},"excerpt":{"rendered":"<p>R&amp;M LEGEND 10000 Puff Disposable Vape Wholesale combine un d\u00e9bit d'air r\u00e9glable, une construction portable et une production de vapeur douce pour un vapotage polyvalent et agr\u00e9able.<\/p>","protected":false},"featured_media":1159,"comment_status":"open","ping_status":"closed","template":"","meta":[],"product_brand":[],"product_cat":[481,22],"product_tag":[],"class_list":{"0":"post-1110","1":"product","2":"type-product","3":"status-publish","4":"has-post-thumbnail","6":"product_cat-bang","7":"product_cat-disposable-vape-sticks","9":"first","10":"instock","11":"shipping-taxable","12":"purchasable","13":"product-type-simple"},"jetpack_sharing_enabled":true,"tiered_pricing_type":"fixed","tiered_pricing_fixed_rules":{"1000":19,"5000":17,"10000":15,"30000":12},"tiered_pricing_product_settings":{"layout":"default","base_unit_name":{"singular":null,"plural":null},"default_variation":null},"tiered_pricing_minimum_quantity":100,"tiered_pricing_roles_data":[],"tiered_pricing_percentage_rules":[],"tiered_pricing_maximum_quantity":null,"tiered_pricing_quantity_step":null,"_links":{"self":[{"href":"https:\/\/cloudsupplyvapes.com\/fr\/wp-json\/wp\/v2\/product\/1110","targetHints":{"allow":["GET"]}}],"collection":[{"href":"https:\/\/cloudsupplyvapes.com\/fr\/wp-json\/wp\/v2\/product"}],"about":[{"href":"https:\/\/cloudsupplyvapes.com\/fr\/wp-json\/wp\/v2\/types\/product"}],"replies":[{"embeddable":true,"href":"https:\/\/cloudsupplyvapes.com\/fr\/wp-json\/wp\/v2\/comments?post=1110"}],"wp:featuredmedia":[{"embeddable":true,"href":"https:\/\/cloudsupplyvapes.com\/fr\/wp-json\/wp\/v2\/media\/1159"}],"wp:attachment":[{"href":"https:\/\/cloudsupplyvapes.com\/fr\/wp-json\/wp\/v2\/media?parent=1110"}],"wp:term":[{"taxonomy":"product_brand","embeddable":true,"href":"https:\/\/cloudsupplyvapes.com\/fr\/wp-json\/wp\/v2\/product_brand?post=1110"},{"taxonomy":"product_cat","embeddable":true,"href":"https:\/\/cloudsupplyvapes.com\/fr\/wp-json\/wp\/v2\/product_cat?post=1110"},{"taxonomy":"product_tag","embeddable":true,"href":"https:\/\/cloudsupplyvapes.com\/fr\/wp-json\/wp\/v2\/product_tag?post=1110"}],"curies":[{"name":"wp","href":"https:\/\/api.w.org\/{rel}","templated":true}]}}