{"id":1112,"date":"2024-10-19T02:17:54","date_gmt":"2024-10-19T02:17:54","guid":{"rendered":"https:\/\/cloudsupplyvapes.com\/?post_type=product&#038;p=1112"},"modified":"2024-11-26T08:58:29","modified_gmt":"2024-11-26T08:58:29","slug":"rm-monster-7000-puff-jetable-en-gros","status":"publish","type":"product","link":"https:\/\/cloudsupplyvapes.com\/fr\/product\/rm-monster-7000-puff-disposable-wholesale\/","title":{"rendered":"R&amp;M MONSTER 7000 Puff Disposable Vape Wholesale High Capacity Durable Build"},"content":{"rendered":"<p><strong>CARACT\u00c9RISTIQUES :<\/strong><\/p>\n<p>1. 7000 bouff\u00e9es en forme de canette de cola, pour profiter de l'\u00e9t\u00e9.<\/p>\n<p>2. Bobine en maille \u00e0 l'int\u00e9rieur, cr\u00e9ant une vapeur plus douce et plus importante.<\/p>\n<p>3. Batterie rechargeable avec port de charge de type C, d'une dur\u00e9e de vie illimit\u00e9e.<\/p>\n<p>4. Lanyard assorti, facile \u00e0 transporter partout.<\/p>\n<p>5. Conception unique de l'\u00e9l\u00e9ment \u00e9nerg\u00e9tique, plus \u00e0 la mode, plus attrayant.<\/p>\n<p>Go\u00fbtez notre monstre, chaque instant est plein d'\u00e9nergie.<\/p>\n<p>&nbsp;<\/p>\n<p><strong>SAVEURS :<\/strong><\/p>\n<p>1. glace \u00e0 la myrtille et \u00e0 la framboise<\/p>\n<p>2. glace Blue razz<\/p>\n<p>3. glace luxuriante<\/p>\n<p>4. glace \u00e0 la vanille et \u00e0 la fraise<\/p>\n<p>5. melon d'eau \u00e0 la fraise<\/p>\n<p>6. boisson \u00e9nerg\u00e9tique<\/p>\n<p>7. glace au kiwi et aux baies de dragon<\/p>\n<p>8. c\u00f4ne de glace<\/p>\n<p>9. glace Skittlez<\/p>\n<p>10. glace du dragon noir<\/p>\n<p>11. glace au raisin<\/p>\n<p>12. glace p\u00eache-mangue<\/p>\n<p>13.Clair<\/p>","protected":false},"excerpt":{"rendered":"<p>Le R&amp;M MONSTER 7000 Puff Disposable Vape Wholesale est dot\u00e9 d'une grande capacit\u00e9, d'une construction durable et d'un d\u00e9bit de vapeur constant, parfait pour des sessions de vapotage prolong\u00e9es et satisfaisantes.<\/p>","protected":false},"featured_media":1177,"comment_status":"open","ping_status":"closed","template":"","meta":[],"product_brand":[],"product_cat":[22],"product_tag":[],"class_list":{"0":"post-1112","1":"product","2":"type-product","3":"status-publish","4":"has-post-thumbnail","6":"product_cat-disposable-vape-sticks","8":"first","9":"instock","10":"shipping-taxable","11":"purchasable","12":"product-type-simple"},"jetpack_sharing_enabled":true,"tiered_pricing_type":"fixed","tiered_pricing_fixed_rules":{"1000":14,"5000":12,"10000":10,"30000":7},"tiered_pricing_product_settings":{"layout":"default","base_unit_name":{"singular":null,"plural":null},"default_variation":null},"tiered_pricing_minimum_quantity":100,"tiered_pricing_roles_data":[],"tiered_pricing_percentage_rules":[],"tiered_pricing_maximum_quantity":null,"tiered_pricing_quantity_step":null,"_links":{"self":[{"href":"https:\/\/cloudsupplyvapes.com\/fr\/wp-json\/wp\/v2\/product\/1112","targetHints":{"allow":["GET"]}}],"collection":[{"href":"https:\/\/cloudsupplyvapes.com\/fr\/wp-json\/wp\/v2\/product"}],"about":[{"href":"https:\/\/cloudsupplyvapes.com\/fr\/wp-json\/wp\/v2\/types\/product"}],"replies":[{"embeddable":true,"href":"https:\/\/cloudsupplyvapes.com\/fr\/wp-json\/wp\/v2\/comments?post=1112"}],"wp:featuredmedia":[{"embeddable":true,"href":"https:\/\/cloudsupplyvapes.com\/fr\/wp-json\/wp\/v2\/media\/1177"}],"wp:attachment":[{"href":"https:\/\/cloudsupplyvapes.com\/fr\/wp-json\/wp\/v2\/media?parent=1112"}],"wp:term":[{"taxonomy":"product_brand","embeddable":true,"href":"https:\/\/cloudsupplyvapes.com\/fr\/wp-json\/wp\/v2\/product_brand?post=1112"},{"taxonomy":"product_cat","embeddable":true,"href":"https:\/\/cloudsupplyvapes.com\/fr\/wp-json\/wp\/v2\/product_cat?post=1112"},{"taxonomy":"product_tag","embeddable":true,"href":"https:\/\/cloudsupplyvapes.com\/fr\/wp-json\/wp\/v2\/product_tag?post=1112"}],"curies":[{"name":"wp","href":"https:\/\/api.w.org\/{rel}","templated":true}]}}