{"id":1113,"date":"2024-10-19T02:17:54","date_gmt":"2024-10-19T02:17:54","guid":{"rendered":"https:\/\/cloudsupplyvapes.com\/?post_type=product&#038;p=1113"},"modified":"2024-11-26T08:58:42","modified_gmt":"2024-11-26T08:58:42","slug":"rm-monster-6000-puff-jetable-en-gros","status":"publish","type":"product","link":"https:\/\/cloudsupplyvapes.com\/fr\/product\/rm-monster-6000-puff-disposable-wholesale\/","title":{"rendered":"R&amp;M MONSTER 6000 Puff Disposable Vape Wholesale Compact Portable Vape"},"content":{"rendered":"<p><strong>CARACT\u00c9RISTIQUES :<\/strong><\/p>\n<p>1.Sel Nicotine : 5% \/2%\/3%0%<\/p>\n<p>2. bouff\u00e9es : 6000<\/p>\n<p>3. capacit\u00e9 : 13ml<\/p>\n<p>4. Batterie rechargeable<\/p>\n<p>5.10pcs dans une bo\u00eete de pr\u00e9sentation, 300pcs dans une bo\u00eete principale<\/p>\n<p>&nbsp;<\/p>\n<p><strong>SAVEURS :<\/strong><\/p>\n<p>1. Glace \u00e0 la myrtille et \u00e0 la framboise<\/p>\n<p>2. Limonade rose<\/p>\n<p>3. Gumi p\u00eache-passion<\/p>\n<p>4. M\u00e9lange de fruits<\/p>\n<p>5. Glace \u00e0 la fraise et au kiwi<\/p>\n<p>6. Glace aux myrtilles et aux raisins<\/p>\n<p>7. Glace mangue-citron<\/p>\n<p>8. Glace bleue<\/p>\n<p>9. Glace \u00e0 la past\u00e8que<\/p>\n<p>10. Kiwi baie du dragon<\/p>\n<p>11. Bonbons arc-en-ciel<\/p>\n<p>12. Monsieur bleu (framboise, myrtille et m\u00fbre)<\/p>\n<p><a href=\"https:\/\/i0.wp.com\/shop.vape.hk\/wp-content\/uploads\/2022\/10\/haibao210x285mm-2.jpg?ssl=1\" target=\"_blank\" rel=\"noopener\"><img data-recalc-dims=\"1\" loading=\"lazy\" decoding=\"async\" class=\"alignnone size-full wp-image-114641\" src=\"https:\/\/i0.wp.com\/shop.vape.hk\/wp-content\/uploads\/2022\/10\/haibao210x285mm-2.jpg?resize=1020%2C1384&#038;ssl=1\" alt=\"R&amp;M MONSTER 6000 Puff jetable | Wholesale\" width=\"1020\" height=\"1384\" title=\"\"><\/a><\/p>","protected":false},"excerpt":{"rendered":"<p>Le R&amp;M MONSTER 6000 Puff Disposable Vape Wholesale offre un design compact, un d\u00e9bit de vapeur r\u00e9gulier et une batterie longue dur\u00e9e pour un vapotage portable et fiable.<\/p>","protected":false},"featured_media":1183,"comment_status":"open","ping_status":"closed","template":"","meta":[],"product_brand":[],"product_cat":[22],"product_tag":[],"class_list":{"0":"post-1113","1":"product","2":"type-product","3":"status-publish","4":"has-post-thumbnail","6":"product_cat-disposable-vape-sticks","8":"first","9":"instock","10":"shipping-taxable","11":"purchasable","12":"product-type-simple"},"jetpack_sharing_enabled":true,"tiered_pricing_type":"fixed","tiered_pricing_fixed_rules":{"1000":12,"5000":11,"10000":9,"30001":7},"tiered_pricing_product_settings":{"layout":"default","base_unit_name":{"singular":null,"plural":null},"default_variation":null},"tiered_pricing_minimum_quantity":100,"tiered_pricing_roles_data":[],"tiered_pricing_percentage_rules":[],"tiered_pricing_maximum_quantity":null,"tiered_pricing_quantity_step":null,"_links":{"self":[{"href":"https:\/\/cloudsupplyvapes.com\/fr\/wp-json\/wp\/v2\/product\/1113","targetHints":{"allow":["GET"]}}],"collection":[{"href":"https:\/\/cloudsupplyvapes.com\/fr\/wp-json\/wp\/v2\/product"}],"about":[{"href":"https:\/\/cloudsupplyvapes.com\/fr\/wp-json\/wp\/v2\/types\/product"}],"replies":[{"embeddable":true,"href":"https:\/\/cloudsupplyvapes.com\/fr\/wp-json\/wp\/v2\/comments?post=1113"}],"wp:featuredmedia":[{"embeddable":true,"href":"https:\/\/cloudsupplyvapes.com\/fr\/wp-json\/wp\/v2\/media\/1183"}],"wp:attachment":[{"href":"https:\/\/cloudsupplyvapes.com\/fr\/wp-json\/wp\/v2\/media?parent=1113"}],"wp:term":[{"taxonomy":"product_brand","embeddable":true,"href":"https:\/\/cloudsupplyvapes.com\/fr\/wp-json\/wp\/v2\/product_brand?post=1113"},{"taxonomy":"product_cat","embeddable":true,"href":"https:\/\/cloudsupplyvapes.com\/fr\/wp-json\/wp\/v2\/product_cat?post=1113"},{"taxonomy":"product_tag","embeddable":true,"href":"https:\/\/cloudsupplyvapes.com\/fr\/wp-json\/wp\/v2\/product_tag?post=1113"}],"curies":[{"name":"wp","href":"https:\/\/api.w.org\/{rel}","templated":true}]}}