{"id":1119,"date":"2024-10-19T02:17:55","date_gmt":"2024-10-19T02:17:55","guid":{"rendered":"https:\/\/cloudsupplyvapes.com\/?post_type=product&#038;p=1119"},"modified":"2024-11-26T08:44:31","modified_gmt":"2024-11-26T08:44:31","slug":"-38","status":"publish","type":"product","link":"https:\/\/cloudsupplyvapes.com\/fr\/product\/rm-legend-5000-puff-disposable-wholesale-2\/","title":{"rendered":"R&amp;M LEGEND 5000 Puff Disposable Vape Wholesale Beginner Friendly Compact Design"},"content":{"rendered":"<p><strong>Description :<\/strong><\/p>\n<p>&gt; 6% sel nicotine<\/p>\n<p>&gt; 12ml d'e-liquide en volume<\/p>\n<p>&gt; Environ 5000 bouff\u00e9es par appareil au total<\/p>\n<p>&gt; Jetable-non rechargeable et non rechargeable<\/p>\n<p>&nbsp;<\/p>\n<p><strong>Liste des ar\u00f4mes :<\/strong><\/p>\n<p>1.Blue Raz Lemonade ice<\/p>\n<p>2. Mamba<\/p>\n<p>3. le fruit du Big Bang<\/p>\n<p>4. glace luxuriante<\/p>\n<p>5. barbe \u00e0 papa<\/p>\n<p>6. glace framboise-fraise<\/p>\n<p>7. milk-shake \u00e0 la banane<\/p>\n<p>8. yaourt \u00e0 la fraise<\/p>\n<p>9. glace Pina colada<\/p>\n<p>10. glace mangue-p\u00eache<\/p>\n<p>11.Menthe fra\u00eeche<\/p>\n<p>12. alo\u00e8s raisin<\/p>\n<p><a href=\"https:\/\/i0.wp.com\/shop.vape.hk\/wp-content\/uploads\/2022\/11\/R-M-LEGEND-5000-PUFFS-VAPE.jpg?ssl=1\" target=\"_blank\" rel=\"noopener\"><img data-recalc-dims=\"1\" loading=\"lazy\" decoding=\"async\" class=\"alignnone size-full wp-image-115601\" src=\"https:\/\/i0.wp.com\/shop.vape.hk\/wp-content\/uploads\/2022\/11\/R-M-LEGEND-5000-PUFFS-VAPE.jpg?resize=800%2C800&#038;ssl=1\" alt=\"R&amp;M LEGEND 5000 Puff jetable | Wholesale\" width=\"800\" height=\"800\" title=\"\"><\/a><\/p>","protected":false},"excerpt":{"rendered":"<p>Le R&amp;M LEGEND 5000 Puff Disposable Vape Wholesale est adapt\u00e9 aux d\u00e9butants, avec un design compact et un d\u00e9bit de vapeur r\u00e9gulier pour une exp\u00e9rience de vapotage pratique et agr\u00e9able.<\/p>","protected":false},"featured_media":1231,"comment_status":"open","ping_status":"closed","template":"","meta":[],"product_brand":[],"product_cat":[481,22],"product_tag":[],"class_list":{"0":"post-1119","1":"product","2":"type-product","3":"status-publish","4":"has-post-thumbnail","6":"product_cat-bang","7":"product_cat-disposable-vape-sticks","9":"first","10":"instock","11":"shipping-taxable","12":"purchasable","13":"product-type-simple"},"jetpack_sharing_enabled":true,"tiered_pricing_type":"fixed","tiered_pricing_fixed_rules":{"1000":12,"5000":10,"10000":8,"30000":6},"tiered_pricing_product_settings":{"layout":"default","base_unit_name":{"singular":null,"plural":null},"default_variation":null},"tiered_pricing_minimum_quantity":100,"tiered_pricing_roles_data":[],"tiered_pricing_percentage_rules":[],"tiered_pricing_maximum_quantity":null,"tiered_pricing_quantity_step":null,"_links":{"self":[{"href":"https:\/\/cloudsupplyvapes.com\/fr\/wp-json\/wp\/v2\/product\/1119","targetHints":{"allow":["GET"]}}],"collection":[{"href":"https:\/\/cloudsupplyvapes.com\/fr\/wp-json\/wp\/v2\/product"}],"about":[{"href":"https:\/\/cloudsupplyvapes.com\/fr\/wp-json\/wp\/v2\/types\/product"}],"replies":[{"embeddable":true,"href":"https:\/\/cloudsupplyvapes.com\/fr\/wp-json\/wp\/v2\/comments?post=1119"}],"wp:featuredmedia":[{"embeddable":true,"href":"https:\/\/cloudsupplyvapes.com\/fr\/wp-json\/wp\/v2\/media\/1231"}],"wp:attachment":[{"href":"https:\/\/cloudsupplyvapes.com\/fr\/wp-json\/wp\/v2\/media?parent=1119"}],"wp:term":[{"taxonomy":"product_brand","embeddable":true,"href":"https:\/\/cloudsupplyvapes.com\/fr\/wp-json\/wp\/v2\/product_brand?post=1119"},{"taxonomy":"product_cat","embeddable":true,"href":"https:\/\/cloudsupplyvapes.com\/fr\/wp-json\/wp\/v2\/product_cat?post=1119"},{"taxonomy":"product_tag","embeddable":true,"href":"https:\/\/cloudsupplyvapes.com\/fr\/wp-json\/wp\/v2\/product_tag?post=1119"}],"curies":[{"name":"wp","href":"https:\/\/api.w.org\/{rel}","templated":true}]}}