{"id":1125,"date":"2024-10-19T02:17:55","date_gmt":"2024-10-19T02:17:55","guid":{"rendered":"https:\/\/cloudsupplyvapes.com\/?post_type=product&#038;p=1125"},"modified":"2024-11-26T08:47:37","modified_gmt":"2024-11-26T08:47:37","slug":"-40","status":"publish","type":"product","link":"https:\/\/cloudsupplyvapes.com\/fr\/product\/rm-funbox-6600-puffs-disposable-vape-wholesale\/","title":{"rendered":"R&amp;M FUNBOX 6600 Puffs Vape jetable Wholesale Durable Adjustable Airflow"},"content":{"rendered":"<p>R&amp;M FUNBOX 6600 est une vape rechargeable jetable avec un design \u00e9l\u00e9gant et des \u00e9l\u00e9ments de console de jeu. Elle a une capacit\u00e9 int\u00e9gr\u00e9e de 14 ml d'e-liquide pour 6600 sessions de vapotage, vous donnant le plaisir ultime \u00e0 chaque session de vapotage.<\/p>\n<p>&nbsp;<\/p>\n<h2>R&amp;M FUNBOX 6600 Vape jetable Sp\u00e9cifications :<\/h2>\n<p>Marque:R&amp;M<\/p>\n<p>Bouff\u00e9es:6600 bouff\u00e9es sont disponibles par appareil.<\/p>\n<p>Nicotine:5%\/2%\/3%\/0%<\/p>\n<p>Capacit\u00e9 de l'e-juice : 14ML<\/p>\n<p>Port de charge : Type C<\/p>\n<p>&nbsp;<\/p>\n<h2>Saveurs<\/h2>\n<p>Glace Blue Razz<\/p>\n<p>Glace \u00e0 la past\u00e8que<\/p>\n<p>Glace \u00e0 la fraise<\/p>\n<p>Triple mangue<\/p>\n<p>Punch tropical<\/p>\n<p>Glace p\u00eache framboise<\/p>\n<p>Glace de raisin<\/p>\n<p>Baies m\u00e9lang\u00e9es<\/p>\n<p>Glace au Matcha<\/p>\n<p>Glace \u00e0 la pomme acide<\/p>\n<p>Lait de coco<\/p>\n<p>Past\u00e8que \u00e0 la fraise<\/p>\n<p>&nbsp;<\/p>\n<h2>Emballage et poids<\/h2>\n<p>0,073KG\/PCS, une seule pi\u00e8ce dans un petit emballage, 10 pi\u00e8ces dans une bo\u00eete moyenne.<\/p>\n<p>300PCS en carton, 21.8KG.<\/p>\n<p><a href=\"https:\/\/i0.wp.com\/www.disposablevapeswholesale.com\/wp-content\/uploads\/2022\/10\/RM-FUNBOX-6600-Puffs-Disposable-Vape-Wholesale-All-Flavors.jpg?ssl=1\" target=\"_blank\" rel=\"noopener\"><img data-recalc-dims=\"1\" loading=\"lazy\" decoding=\"async\" class=\"alignnone size-full wp-image-5240\" title=\"RM FUNBOX 6600 Puffs Vape jetable Wholesale All Flavors\" src=\"https:\/\/i0.wp.com\/www.disposablevapeswholesale.com\/wp-content\/uploads\/2022\/10\/RM-FUNBOX-6600-Puffs-Disposable-Vape-Wholesale-All-Flavors.jpg?resize=800%2C1085&#038;ssl=1\" alt=\"RM FUNBOX 6600 Puffs Vape jetable Wholesale All Flavors\" width=\"800\" height=\"1085\" \/><\/a> <a href=\"https:\/\/i0.wp.com\/www.disposablevapeswholesale.com\/wp-content\/uploads\/2022\/10\/RM-FUNBOX-6600-Puffs-Disposable-Vape-Wholesale-4-Flavors.jpg?ssl=1\" target=\"_blank\" rel=\"noopener\"><img data-recalc-dims=\"1\" loading=\"lazy\" decoding=\"async\" class=\"alignnone size-full wp-image-5239\" title=\"RM FUNBOX 6600 Puffs Vape jetable Wholesale 4 Flavors\" src=\"https:\/\/i0.wp.com\/www.disposablevapeswholesale.com\/wp-content\/uploads\/2022\/10\/RM-FUNBOX-6600-Puffs-Disposable-Vape-Wholesale-4-Flavors.jpg?resize=800%2C800&#038;ssl=1\" alt=\"RM FUNBOX 6600 Puffs Vape jetable Wholesale 4 Flavors\" width=\"800\" height=\"800\" \/><\/a> <a href=\"https:\/\/i0.wp.com\/www.disposablevapeswholesale.com\/wp-content\/uploads\/2022\/10\/RM-FUNBOX-6600-Puffs-Disposable-Vape-Wholesale-Blue-Razz-Ice.jpg?ssl=1\" target=\"_blank\" rel=\"noopener\"><img data-recalc-dims=\"1\" loading=\"lazy\" decoding=\"async\" class=\"alignnone size-full wp-image-5241\" title=\"RM FUNBOX 6600 Puffs Vape jetable en gros Blue Razz Ice\" src=\"https:\/\/i0.wp.com\/www.disposablevapeswholesale.com\/wp-content\/uploads\/2022\/10\/RM-FUNBOX-6600-Puffs-Disposable-Vape-Wholesale-Blue-Razz-Ice.jpg?resize=800%2C800&#038;ssl=1\" alt=\"RM FUNBOX 6600 Puffs Vape jetable en gros Blue Razz Ice\" width=\"800\" height=\"800\" \/><\/a> <a href=\"https:\/\/i0.wp.com\/www.disposablevapeswholesale.com\/wp-content\/uploads\/2022\/10\/RM-FUNBOX-6600-Puffs-Disposable-Vape-Wholesale-Flavors.jpg?ssl=1\" target=\"_blank\" rel=\"noopener\"><img data-recalc-dims=\"1\" loading=\"lazy\" decoding=\"async\" class=\"alignnone size-full wp-image-5243\" title=\"RM FUNBOX 6600 Puffs Vape jetable Wholesale Flavors\" src=\"https:\/\/i0.wp.com\/www.disposablevapeswholesale.com\/wp-content\/uploads\/2022\/10\/RM-FUNBOX-6600-Puffs-Disposable-Vape-Wholesale-Flavors.jpg?resize=800%2C800&#038;ssl=1\" alt=\"RM FUNBOX 6600 Puffs Vape jetable Wholesale Flavors\" width=\"800\" height=\"800\" \/><\/a> <a href=\"https:\/\/i0.wp.com\/www.disposablevapeswholesale.com\/wp-content\/uploads\/2022\/10\/RM-FUNBOX-6600-Puffs-Disposable-Vape-Wholesale.jpg?ssl=1\" target=\"_blank\" rel=\"noopener\"><img data-recalc-dims=\"1\" loading=\"lazy\" decoding=\"async\" class=\"alignnone size-full wp-image-5259\" title=\"RM FUNBOX 6600 Puffs Vape jetable Wholesale\" src=\"https:\/\/i0.wp.com\/www.disposablevapeswholesale.com\/wp-content\/uploads\/2022\/10\/RM-FUNBOX-6600-Puffs-Disposable-Vape-Wholesale.jpg?resize=800%2C1085&#038;ssl=1\" alt=\"RM FUNBOX 6600 Puffs Vape jetable Wholesale\" width=\"800\" height=\"1085\" \/><\/a> <a href=\"https:\/\/i0.wp.com\/www.disposablevapeswholesale.com\/wp-content\/uploads\/2022\/10\/RM-FUNBOX-6600-Puffs-Disposable-Vape-Wholesale-Coconut-Milk.jpg?ssl=1\" target=\"_blank\" rel=\"noopener\"><img data-recalc-dims=\"1\" loading=\"lazy\" decoding=\"async\" class=\"alignnone size-full wp-image-5242\" title=\"RM FUNBOX 6600 Puffs Vape jetable en gros Lait de coco\" src=\"https:\/\/i0.wp.com\/www.disposablevapeswholesale.com\/wp-content\/uploads\/2022\/10\/RM-FUNBOX-6600-Puffs-Disposable-Vape-Wholesale-Coconut-Milk.jpg?resize=800%2C800&#038;ssl=1\" alt=\"RM FUNBOX 6600 Puffs Vape jetable en gros Lait de coco\" width=\"800\" height=\"800\" \/><\/a> <a href=\"https:\/\/i0.wp.com\/www.disposablevapeswholesale.com\/wp-content\/uploads\/2022\/10\/RM-FUNBOX-6600-Puffs-Disposable-Vape-Wholesale-Grape-Ice.jpg?ssl=1\" target=\"_blank\" rel=\"noopener\"><img data-recalc-dims=\"1\" loading=\"lazy\" decoding=\"async\" class=\"alignnone size-full wp-image-5244\" title=\"RM FUNBOX 6600 Puffs Vape jetable en gros Grape Ice\" src=\"https:\/\/i0.wp.com\/www.disposablevapeswholesale.com\/wp-content\/uploads\/2022\/10\/RM-FUNBOX-6600-Puffs-Disposable-Vape-Wholesale-Grape-Ice.jpg?resize=800%2C800&#038;ssl=1\" alt=\"RM FUNBOX 6600 Puffs Vape jetable en gros Grape Ice\" width=\"800\" height=\"800\" \/><\/a> <a href=\"https:\/\/i0.wp.com\/www.disposablevapeswholesale.com\/wp-content\/uploads\/2022\/10\/RM-FUNBOX-6600-Puffs-Disposable-Vape-Wholesale-Matcha-Ice.jpg?ssl=1\" target=\"_blank\" rel=\"noopener\"><img data-recalc-dims=\"1\" loading=\"lazy\" decoding=\"async\" class=\"alignnone size-full wp-image-5245\" title=\"RM FUNBOX 6600 Puffs Vape jetable en gros Matcha Ice\" src=\"https:\/\/i0.wp.com\/www.disposablevapeswholesale.com\/wp-content\/uploads\/2022\/10\/RM-FUNBOX-6600-Puffs-Disposable-Vape-Wholesale-Matcha-Ice.jpg?resize=800%2C800&#038;ssl=1\" alt=\"RM FUNBOX 6600 Puffs Vape jetable en gros Matcha Ice\" width=\"800\" height=\"800\" \/><\/a> <a href=\"https:\/\/i0.wp.com\/www.disposablevapeswholesale.com\/wp-content\/uploads\/2022\/10\/RM-FUNBOX-6600-Puffs-Disposable-Vape-Wholesale-Sour-Apple-Ice.jpg?ssl=1\" target=\"_blank\" rel=\"noopener\"><img data-recalc-dims=\"1\" loading=\"lazy\" decoding=\"async\" class=\"alignnone size-full wp-image-5252\" title=\"RM FUNBOX 6600 Puffs Vape jetable en gros Sour Apple Ice\" src=\"https:\/\/i0.wp.com\/www.disposablevapeswholesale.com\/wp-content\/uploads\/2022\/10\/RM-FUNBOX-6600-Puffs-Disposable-Vape-Wholesale-Sour-Apple-Ice.jpg?resize=800%2C800&#038;ssl=1\" alt=\"RM FUNBOX 6600 Puffs Vape jetable en gros Sour Apple Ice\" width=\"800\" height=\"800\" \/><\/a> <a href=\"https:\/\/i0.wp.com\/www.disposablevapeswholesale.com\/wp-content\/uploads\/2022\/10\/RM-FUNBOX-6600-Puffs-Disposable-Vape-Wholesale-Sour-Apple-Ice-Flavors.jpg?ssl=1\" target=\"_blank\" rel=\"noopener\"><img data-recalc-dims=\"1\" loading=\"lazy\" decoding=\"async\" class=\"alignnone size-full wp-image-5251\" title=\"RM FUNBOX 6600 Puffs Vape jetable Wholesale Sour Apple Ice Flavors\" src=\"https:\/\/i0.wp.com\/www.disposablevapeswholesale.com\/wp-content\/uploads\/2022\/10\/RM-FUNBOX-6600-Puffs-Disposable-Vape-Wholesale-Sour-Apple-Ice-Flavors.jpg?resize=800%2C800&#038;ssl=1\" alt=\"RM FUNBOX 6600 Puffs Vape jetable Wholesale Sour Apple Ice Flavors\" width=\"800\" height=\"800\" \/><\/a> <a href=\"https:\/\/i0.wp.com\/www.disposablevapeswholesale.com\/wp-content\/uploads\/2022\/10\/RM-FUNBOX-6600-Puffs-Disposable-Vape-Wholesale-Raspberry-Peach-Ice.jpg?ssl=1\" target=\"_blank\" rel=\"noopener\"><img data-recalc-dims=\"1\" loading=\"lazy\" decoding=\"async\" class=\"alignnone size-full wp-image-5250\" title=\"RM FUNBOX 6600 Puffs Vape jetable en gros Framboise P\u00eache Glace\" src=\"https:\/\/i0.wp.com\/www.disposablevapeswholesale.com\/wp-content\/uploads\/2022\/10\/RM-FUNBOX-6600-Puffs-Disposable-Vape-Wholesale-Raspberry-Peach-Ice.jpg?resize=800%2C800&#038;ssl=1\" alt=\"RM FUNBOX 6600 Puffs Vape jetable en gros Framboise P\u00eache Glace\" width=\"800\" height=\"800\" \/><\/a> <a href=\"https:\/\/i0.wp.com\/www.disposablevapeswholesale.com\/wp-content\/uploads\/2022\/10\/RM-FUNBOX-6600-Puffs-Disposable-Vape-Wholesale-Raspberry-Peach-Ice-Flavors.jpg?ssl=1\" target=\"_blank\" rel=\"noopener\"><img data-recalc-dims=\"1\" loading=\"lazy\" decoding=\"async\" class=\"alignnone size-full wp-image-5248\" title=\"RM FUNBOX 6600 Puffs Vape jetable en gros Parfums Framboise P\u00eache Glace\" src=\"https:\/\/i0.wp.com\/www.disposablevapeswholesale.com\/wp-content\/uploads\/2022\/10\/RM-FUNBOX-6600-Puffs-Disposable-Vape-Wholesale-Raspberry-Peach-Ice-Flavors.jpg?resize=800%2C800&#038;ssl=1\" alt=\"RM FUNBOX 6600 Puffs Vape jetable en gros Parfums Framboise P\u00eache Glace\" width=\"800\" height=\"800\" \/><\/a> <a href=\"https:\/\/i0.wp.com\/www.disposablevapeswholesale.com\/wp-content\/uploads\/2022\/10\/RM-FUNBOX-6600-Puffs-Disposable-Vape-Wholesale-Strawberry-Ice.jpg?ssl=1\" target=\"_blank\" rel=\"noopener\"><img data-recalc-dims=\"1\" loading=\"lazy\" decoding=\"async\" class=\"alignnone size-full wp-image-5253\" title=\"RM FUNBOX 6600 Puffs Vape jetable en gros Strawberry Ice\" src=\"https:\/\/i0.wp.com\/www.disposablevapeswholesale.com\/wp-content\/uploads\/2022\/10\/RM-FUNBOX-6600-Puffs-Disposable-Vape-Wholesale-Strawberry-Ice.jpg?resize=800%2C800&#038;ssl=1\" alt=\"RM FUNBOX 6600 Puffs Vape jetable en gros Strawberry Ice\" width=\"800\" height=\"800\" \/><\/a> <a href=\"https:\/\/i0.wp.com\/www.disposablevapeswholesale.com\/wp-content\/uploads\/2022\/10\/RM-FUNBOX-6600-Puffs-Disposable-Vape-Wholesale-Strawberry-Watermelon.jpg?ssl=1\" target=\"_blank\" rel=\"noopener\"><img data-recalc-dims=\"1\" loading=\"lazy\" decoding=\"async\" class=\"alignnone size-full wp-image-5254\" title=\"RM FUNBOX 6600 Puffs Vape jetable en gros Fraise Past\u00e8que\" src=\"https:\/\/i0.wp.com\/www.disposablevapeswholesale.com\/wp-content\/uploads\/2022\/10\/RM-FUNBOX-6600-Puffs-Disposable-Vape-Wholesale-Strawberry-Watermelon.jpg?resize=800%2C800&#038;ssl=1\" alt=\"RM FUNBOX 6600 Puffs Vape jetable en gros Fraise Past\u00e8que\" width=\"800\" height=\"800\" \/><\/a> <a href=\"https:\/\/i0.wp.com\/www.disposablevapeswholesale.com\/wp-content\/uploads\/2022\/10\/RM-FUNBOX-6600-Puffs-Disposable-Vape-Wholesale-Triple-Mango.jpg?ssl=1\" target=\"_blank\" rel=\"noopener\"><img data-recalc-dims=\"1\" loading=\"lazy\" decoding=\"async\" class=\"alignnone size-full wp-image-5255\" title=\"RM FUNBOX 6600 Puffs Vape jetable en gros Triple Mango\" src=\"https:\/\/i0.wp.com\/www.disposablevapeswholesale.com\/wp-content\/uploads\/2022\/10\/RM-FUNBOX-6600-Puffs-Disposable-Vape-Wholesale-Triple-Mango.jpg?resize=800%2C800&#038;ssl=1\" alt=\"RM FUNBOX 6600 Puffs Vape jetable en gros Triple Mango\" width=\"800\" height=\"800\" \/><\/a> <a href=\"https:\/\/i0.wp.com\/www.disposablevapeswholesale.com\/wp-content\/uploads\/2022\/10\/RM-FUNBOX-6600-Puffs-Disposable-Vape-Wholesale-Tropical-Punch.jpg?ssl=1\" target=\"_blank\" rel=\"noopener\"><img data-recalc-dims=\"1\" loading=\"lazy\" decoding=\"async\" class=\"alignnone size-full wp-image-5256\" title=\"RM FUNBOX 6600 Puffs Vape jetable en gros Tropical Punch\" src=\"https:\/\/i0.wp.com\/www.disposablevapeswholesale.com\/wp-content\/uploads\/2022\/10\/RM-FUNBOX-6600-Puffs-Disposable-Vape-Wholesale-Tropical-Punch.jpg?resize=800%2C800&#038;ssl=1\" alt=\"RM FUNBOX 6600 Puffs Vape jetable en gros Tropical Punch\" width=\"800\" height=\"800\" \/><\/a> <a href=\"https:\/\/i0.wp.com\/www.disposablevapeswholesale.com\/wp-content\/uploads\/2022\/10\/RM-FUNBOX-6600-Puffs-Disposable-Vape-Wholesale-Watermelon-Ice-Flavors.jpg?ssl=1\" target=\"_blank\" rel=\"noopener\"><img data-recalc-dims=\"1\" loading=\"lazy\" decoding=\"async\" class=\"alignnone size-full wp-image-5257\" title=\"RM FUNBOX 6600 Puffs Vape jetable Wholesale Watermelon Ice Flavors\" src=\"https:\/\/i0.wp.com\/www.disposablevapeswholesale.com\/wp-content\/uploads\/2022\/10\/RM-FUNBOX-6600-Puffs-Disposable-Vape-Wholesale-Watermelon-Ice-Flavors.jpg?resize=800%2C800&#038;ssl=1\" alt=\"RM FUNBOX 6600 Puffs Vape jetable Wholesale Watermelon Ice Flavors\" width=\"800\" height=\"800\" \/><\/a> <a href=\"https:\/\/i0.wp.com\/www.disposablevapeswholesale.com\/wp-content\/uploads\/2022\/10\/RM-FUNBOX-6600-Puffs-Disposable-Vape-Wholesale-Watermelon-Ice.jpg?ssl=1\" target=\"_blank\" rel=\"noopener\"><img data-recalc-dims=\"1\" loading=\"lazy\" decoding=\"async\" class=\"alignnone size-full wp-image-5258\" title=\"RM FUNBOX 6600 Puffs Vape jetable en gros Watermelon Ice\" src=\"https:\/\/i0.wp.com\/www.disposablevapeswholesale.com\/wp-content\/uploads\/2022\/10\/RM-FUNBOX-6600-Puffs-Disposable-Vape-Wholesale-Watermelon-Ice.jpg?resize=800%2C800&#038;ssl=1\" alt=\"RM FUNBOX 6600 Puffs Vape jetable en gros Watermelon Ice\" width=\"800\" height=\"800\" \/><\/a> <a href=\"https:\/\/i0.wp.com\/www.disposablevapeswholesale.com\/wp-content\/uploads\/2022\/10\/RM-FUNBOX-6600-Puffs-Disposable-Vape-Wholesale-Mixed-Berries.jpg?ssl=1\" target=\"_blank\" rel=\"noopener\"><img data-recalc-dims=\"1\" loading=\"lazy\" decoding=\"async\" class=\"alignnone size-full wp-image-5246\" title=\"RM FUNBOX 6600 Puffs Vape jetable en gros Mixed Berries\" src=\"https:\/\/i0.wp.com\/www.disposablevapeswholesale.com\/wp-content\/uploads\/2022\/10\/RM-FUNBOX-6600-Puffs-Disposable-Vape-Wholesale-Mixed-Berries.jpg?resize=800%2C800&#038;ssl=1\" alt=\"RM FUNBOX 6600 Puffs Vape jetable en gros Mixed Berries\" width=\"800\" height=\"800\" \/><\/a> <a href=\"https:\/\/i0.wp.com\/www.disposablevapeswholesale.com\/wp-content\/uploads\/2022\/10\/RM-FUNBOX-6600-Puffs-Disposable-Vape-Wholesale-Package.jpg?ssl=1\" target=\"_blank\" rel=\"noopener\"><img data-recalc-dims=\"1\" loading=\"lazy\" decoding=\"async\" class=\"alignnone size-full wp-image-5247\" title=\"RM FUNBOX 6600 Puffs Vape jetable Wholesale Package\" src=\"https:\/\/i0.wp.com\/www.disposablevapeswholesale.com\/wp-content\/uploads\/2022\/10\/RM-FUNBOX-6600-Puffs-Disposable-Vape-Wholesale-Package.jpg?resize=800%2C800&#038;ssl=1\" alt=\"RM FUNBOX 6600 Puffs Vape jetable Wholesale Package\" width=\"800\" height=\"800\" \/><\/a> <a href=\"https:\/\/i0.wp.com\/www.disposablevapeswholesale.com\/wp-content\/uploads\/2022\/10\/RM-FUNBOX-6600-Puffs-Disposable-Vape-Wholesale-Raspberry-Peach-Ice-Package.jpg?ssl=1\" target=\"_blank\" rel=\"noopener\"><img data-recalc-dims=\"1\" loading=\"lazy\" decoding=\"async\" class=\"alignnone size-full wp-image-5249\" title=\"RM FUNBOX 6600 Puffs Vape jetable en gros Raspberry Peach Ice Package\" src=\"https:\/\/i0.wp.com\/www.disposablevapeswholesale.com\/wp-content\/uploads\/2022\/10\/RM-FUNBOX-6600-Puffs-Disposable-Vape-Wholesale-Raspberry-Peach-Ice-Package.jpg?resize=800%2C553&#038;ssl=1\" alt=\"RM FUNBOX 6600 Puffs Vape jetable en gros Raspberry Peach Ice Package\" width=\"800\" height=\"553\" \/><\/a><\/p>","protected":false},"excerpt":{"rendered":"<p>Le R&amp;M FUNBOX 6600 Puffs Disposable Vape Wholesale combine un design durable, un flux d'air r\u00e9glable et une production de vapeur riche pour une exp\u00e9rience de vapotage satisfaisante et personnalisable.<\/p>","protected":false},"featured_media":1281,"comment_status":"closed","ping_status":"closed","template":"","meta":[],"product_brand":[],"product_cat":[22],"product_tag":[270,60,271,256],"class_list":{"0":"post-1125","1":"product","2":"type-product","3":"status-publish","4":"has-post-thumbnail","6":"product_cat-disposable-vape-sticks","7":"product_tag-6600-puffs","8":"product_tag-disposable-vapes","9":"product_tag-rm-funbox","10":"product_tag-wholesale","12":"first","13":"instock","14":"shipping-taxable","15":"purchasable","16":"product-type-simple"},"jetpack_sharing_enabled":true,"tiered_pricing_type":"fixed","tiered_pricing_fixed_rules":{"5000":4,"10000":3,"50000":2},"tiered_pricing_product_settings":{"layout":"default","base_unit_name":{"singular":null,"plural":null},"default_variation":null},"tiered_pricing_minimum_quantity":60,"tiered_pricing_roles_data":[],"tiered_pricing_percentage_rules":[],"tiered_pricing_maximum_quantity":null,"tiered_pricing_quantity_step":null,"_links":{"self":[{"href":"https:\/\/cloudsupplyvapes.com\/fr\/wp-json\/wp\/v2\/product\/1125","targetHints":{"allow":["GET"]}}],"collection":[{"href":"https:\/\/cloudsupplyvapes.com\/fr\/wp-json\/wp\/v2\/product"}],"about":[{"href":"https:\/\/cloudsupplyvapes.com\/fr\/wp-json\/wp\/v2\/types\/product"}],"replies":[{"embeddable":true,"href":"https:\/\/cloudsupplyvapes.com\/fr\/wp-json\/wp\/v2\/comments?post=1125"}],"wp:featuredmedia":[{"embeddable":true,"href":"https:\/\/cloudsupplyvapes.com\/fr\/wp-json\/wp\/v2\/media\/1281"}],"wp:attachment":[{"href":"https:\/\/cloudsupplyvapes.com\/fr\/wp-json\/wp\/v2\/media?parent=1125"}],"wp:term":[{"taxonomy":"product_brand","embeddable":true,"href":"https:\/\/cloudsupplyvapes.com\/fr\/wp-json\/wp\/v2\/product_brand?post=1125"},{"taxonomy":"product_cat","embeddable":true,"href":"https:\/\/cloudsupplyvapes.com\/fr\/wp-json\/wp\/v2\/product_cat?post=1125"},{"taxonomy":"product_tag","embeddable":true,"href":"https:\/\/cloudsupplyvapes.com\/fr\/wp-json\/wp\/v2\/product_tag?post=1125"}],"curies":[{"name":"wp","href":"https:\/\/api.w.org\/{rel}","templated":true}]}}