{"id":1127,"date":"2024-10-19T02:17:55","date_gmt":"2024-10-19T02:17:55","guid":{"rendered":"https:\/\/cloudsupplyvapes.com\/?post_type=product&#038;p=1127"},"modified":"2024-11-26T08:48:11","modified_gmt":"2024-11-26T08:48:11","slug":"-42","status":"publish","type":"product","link":"https:\/\/cloudsupplyvapes.com\/fr\/product\/rm-legend-10k-puffs-disposable-vape-wholesale\/","title":{"rendered":"R&amp;M LEGEND 10K Puffs Disposable Vape Wholesale High Capacity Durable Design"},"content":{"rendered":"<p>The R&amp;M LEGEND 10K is a compact disposable vape featuring a bottle shaped design that is it easy to hold in the hand. It\u2019s filled with 20ml of 0mg ,20mg,30 or 50mg nicotine salt vape juice that makes for an intensely smooth inhale.<\/p>\n<p>&nbsp;<\/p>\n<h2>R&amp;M LEGEND 10K DESCRIPTION:<\/h2>\n<p>1.Big Capacity, 20ml, 10000 puffs.<\/p>\n<p>2.Newest technology mesh coil, big cloud and good tastes.<\/p>\n<p>3.Type-c port rechargeable model, lasting no end.<\/p>\n<p>4.Adjustable rotatable airflow control, DIY vape volume.<\/p>\n<p>5.Food grade soft mouthpiece, comfortable and stress relieve.<\/p>\n<p>6.Popular design, fashion and cool .<\/p>\n<p>Taste it now, free your soul.<\/p>\n<p>&nbsp;<\/p>\n<h2>R&amp;M LEGEND 10K Disposable Vape Specifications:<\/h2>\n<p>Marque : R&amp;M<\/p>\n<p>Puffs:10000 Puffs are available per device.<\/p>\n<p>Nicotine:5% \/2%\/3%\/0%<\/p>\n<p>Capacit\u00e9 E-juice:20ML<\/p>\n<p>Batterie : 650mAh<\/p>\n<p>Port de charge : Type C<\/p>\n<p>R\u00e9sistance : bobine maill\u00e9e 1,0 \u03a9<\/p>\n<p>&nbsp;<\/p>\n<h2>Saveurs<\/h2>\n<p>Raspberry Blueberry Blackberry<\/p>\n<p>Grape Raspberry Blackcurrant<\/p>\n<p>Kiwi Passionfruit<\/p>\n<p>Myrtille framboise acidul\u00e9e<\/p>\n<p>Glace de raisin<\/p>\n<p>Myrtille sur glace<\/p>\n<p>Past\u00e8que \u00e0 la fraise<\/p>\n<p>Big Bang Fruits<\/p>\n<p>Ours en gomme<\/p>\n<p>Barbe \u00e0 papa<\/p>\n<p>Snow Cone Ice<\/p>\n<p>Glace luxuriante<\/p>\n<p>&nbsp;<\/p>\n<h2>Emballage et poids<\/h2>\n<p>0,1KG\/PCS, une seule pi\u00e8ce dans un petit emballage, 10 pi\u00e8ces dans une bo\u00eete moyenne.<\/p>\n<p>200PCS en carton, 20KG.<\/p>\n<p><a href=\"https:\/\/i0.wp.com\/www.disposablevapeswholesale.com\/wp-content\/uploads\/2022\/09\/RM-LEGEND-10K-Puffs-Disposable-Vape-Wholesale.jpg?ssl=1\" target=\"_blank\" rel=\"noopener\"><img data-recalc-dims=\"1\" loading=\"lazy\" decoding=\"async\" class=\"alignnone size-full wp-image-5178\" title=\"RM LEGEND 10K Puffs Disposable Vape Wholesale\" src=\"https:\/\/i0.wp.com\/www.disposablevapeswholesale.com\/wp-content\/uploads\/2022\/09\/RM-LEGEND-10K-Puffs-Disposable-Vape-Wholesale.jpg?resize=800%2C600&#038;ssl=1\" alt=\"RM LEGEND 10K Puffs Disposable Vape Wholesale\" width=\"800\" height=\"600\" \/><\/a> <a href=\"https:\/\/i0.wp.com\/www.disposablevapeswholesale.com\/wp-content\/uploads\/2022\/09\/RM-LEGEND-10K-Puffs-Disposable-Vape-Wholesale-Flavors.jpg?ssl=1\" target=\"_blank\" rel=\"noopener\"><img data-recalc-dims=\"1\" loading=\"lazy\" decoding=\"async\" class=\"alignnone size-full wp-image-5169\" title=\"RM LEGEND 10K Puffs Disposable Vape Wholesale Flavors\" src=\"https:\/\/i0.wp.com\/www.disposablevapeswholesale.com\/wp-content\/uploads\/2022\/09\/RM-LEGEND-10K-Puffs-Disposable-Vape-Wholesale-Flavors.jpg?resize=800%2C1085&#038;ssl=1\" alt=\"RM LEGEND 10K Puffs Disposable Vape Wholesale Flavors\" width=\"800\" height=\"1085\" \/><\/a> <a href=\"https:\/\/i0.wp.com\/www.disposablevapeswholesale.com\/wp-content\/uploads\/2022\/09\/RM-LEGEND-10K-Puffs-Disposable-Vape-Wholesale-3-Flavors.jpg?ssl=1\" target=\"_blank\" rel=\"noopener\"><img data-recalc-dims=\"1\" loading=\"lazy\" decoding=\"async\" class=\"alignnone size-full wp-image-5162\" title=\"RM LEGEND 10K Puffs Disposable Vape Wholesale 3 Flavors\" src=\"https:\/\/i0.wp.com\/www.disposablevapeswholesale.com\/wp-content\/uploads\/2022\/09\/RM-LEGEND-10K-Puffs-Disposable-Vape-Wholesale-3-Flavors.jpg?resize=800%2C800&#038;ssl=1\" alt=\"RM LEGEND 10K Puffs Disposable Vape Wholesale 3 Flavors\" width=\"800\" height=\"800\" \/><\/a> <a href=\"https:\/\/i0.wp.com\/www.disposablevapeswholesale.com\/wp-content\/uploads\/2022\/09\/RM-LEGEND-10K-Puffs-Disposable-Vape-Wholesale-All-Flavors.jpg?ssl=1\" target=\"_blank\" rel=\"noopener\"><img data-recalc-dims=\"1\" loading=\"lazy\" decoding=\"async\" class=\"alignnone size-full wp-image-5163\" title=\"RM LEGEND 10K Puffs Disposable Vape Wholesale All Flavors\" src=\"https:\/\/i0.wp.com\/www.disposablevapeswholesale.com\/wp-content\/uploads\/2022\/09\/RM-LEGEND-10K-Puffs-Disposable-Vape-Wholesale-All-Flavors.jpg?resize=800%2C1200&#038;ssl=1\" alt=\"RM LEGEND 10K Puffs Disposable Vape Wholesale All Flavors\" width=\"800\" height=\"1200\" \/><\/a> <a href=\"https:\/\/i0.wp.com\/www.disposablevapeswholesale.com\/wp-content\/uploads\/2022\/09\/RM-LEGEND-10K-Puffs-Disposable-Vape-Wholesale-Describe.jpg?ssl=1\" target=\"_blank\" rel=\"noopener\"><img data-recalc-dims=\"1\" loading=\"lazy\" decoding=\"async\" class=\"alignnone size-full wp-image-5168\" title=\"RM LEGEND 10K Puffs Disposable Vape Wholesale Describe\" src=\"https:\/\/i0.wp.com\/www.disposablevapeswholesale.com\/wp-content\/uploads\/2022\/09\/RM-LEGEND-10K-Puffs-Disposable-Vape-Wholesale-Describe.jpg?resize=800%2C800&#038;ssl=1\" alt=\"RM LEGEND 10K Puffs Disposable Vape Wholesale Describe\" width=\"800\" height=\"800\" \/><\/a> <a href=\"https:\/\/i0.wp.com\/www.disposablevapeswholesale.com\/wp-content\/uploads\/2022\/09\/RM-LEGEND-10K-Puffs-Disposable-Vape-Wholesale-Strawberry-Watermelon.jpg?ssl=1\" target=\"_blank\" rel=\"noopener\"><img data-recalc-dims=\"1\" loading=\"lazy\" decoding=\"async\" class=\"alignnone size-full wp-image-5177\" title=\"RM LEGEND 10K Puffs Disposable Vape Wholesale Strawberry Watermelon\" src=\"https:\/\/i0.wp.com\/www.disposablevapeswholesale.com\/wp-content\/uploads\/2022\/09\/RM-LEGEND-10K-Puffs-Disposable-Vape-Wholesale-Strawberry-Watermelon.jpg?resize=800%2C800&#038;ssl=1\" alt=\"RM LEGEND 10K Puffs Disposable Vape Wholesale Strawberry Watermelon\" width=\"800\" height=\"800\" \/><\/a> <a href=\"https:\/\/i0.wp.com\/www.disposablevapeswholesale.com\/wp-content\/uploads\/2022\/09\/RM-LEGEND-10K-Puffs-Disposable-Vape-Wholesale-Snow-Cone-Ice.jpg?ssl=1\" target=\"_blank\" rel=\"noopener\"><img data-recalc-dims=\"1\" loading=\"lazy\" decoding=\"async\" class=\"alignnone size-full wp-image-5176\" title=\"RM LEGEND 10K Puffs Disposable Vape Wholesale Snow Cone Ice\" src=\"https:\/\/i0.wp.com\/www.disposablevapeswholesale.com\/wp-content\/uploads\/2022\/09\/RM-LEGEND-10K-Puffs-Disposable-Vape-Wholesale-Snow-Cone-Ice.jpg?resize=800%2C800&#038;ssl=1\" alt=\"RM LEGEND 10K Puffs Disposable Vape Wholesale Snow Cone Ice\" width=\"800\" height=\"800\" \/><\/a> <a href=\"https:\/\/i0.wp.com\/www.disposablevapeswholesale.com\/wp-content\/uploads\/2022\/09\/RM-LEGEND-10K-Puffs-Disposable-Vape-Wholesale-Raspberry-Blueberry-Blackberry.jpg?ssl=1\" target=\"_blank\" rel=\"noopener\"><img data-recalc-dims=\"1\" loading=\"lazy\" decoding=\"async\" class=\"alignnone size-full wp-image-5175\" title=\"RM LEGEND 10K Puffs Disposable Vape Wholesale Raspberry Blueberry Blackberry\" src=\"https:\/\/i0.wp.com\/www.disposablevapeswholesale.com\/wp-content\/uploads\/2022\/09\/RM-LEGEND-10K-Puffs-Disposable-Vape-Wholesale-Raspberry-Blueberry-Blackberry.jpg?resize=800%2C800&#038;ssl=1\" alt=\"RM LEGEND 10K Puffs Disposable Vape Wholesale Raspberry Blueberry Blackberry\" width=\"800\" height=\"800\" \/><\/a> <a href=\"https:\/\/i0.wp.com\/www.disposablevapeswholesale.com\/wp-content\/uploads\/2022\/09\/RM-LEGEND-10K-Puffs-Disposable-Vape-Wholesale-Lush-Ice.jpg?ssl=1\" target=\"_blank\" rel=\"noopener\"><img data-recalc-dims=\"1\" loading=\"lazy\" decoding=\"async\" class=\"alignnone size-full wp-image-5174\" title=\"RM LEGEND 10K Puffs Disposable Vape Wholesale Lush Ice\" src=\"https:\/\/i0.wp.com\/www.disposablevapeswholesale.com\/wp-content\/uploads\/2022\/09\/RM-LEGEND-10K-Puffs-Disposable-Vape-Wholesale-Lush-Ice.jpg?resize=800%2C800&#038;ssl=1\" alt=\"RM LEGEND 10K Puffs Disposable Vape Wholesale Lush Ice\" width=\"800\" height=\"800\" \/><\/a> <a href=\"https:\/\/i0.wp.com\/www.disposablevapeswholesale.com\/wp-content\/uploads\/2022\/09\/RM-LEGEND-10K-Puffs-Disposable-Vape-Wholesale-Kiwi-Passionfruit.jpg?ssl=1\" target=\"_blank\" rel=\"noopener\"><img data-recalc-dims=\"1\" loading=\"lazy\" decoding=\"async\" class=\"alignnone size-full wp-image-5173\" title=\"RM LEGEND 10K Puffs Disposable Vape Wholesale Kiwi Passionfruit\" src=\"https:\/\/i0.wp.com\/www.disposablevapeswholesale.com\/wp-content\/uploads\/2022\/09\/RM-LEGEND-10K-Puffs-Disposable-Vape-Wholesale-Kiwi-Passionfruit.jpg?resize=800%2C800&#038;ssl=1\" alt=\"RM LEGEND 10K Puffs Disposable Vape Wholesale Kiwi Passionfruit\" width=\"800\" height=\"800\" \/><\/a> <a href=\"https:\/\/i0.wp.com\/www.disposablevapeswholesale.com\/wp-content\/uploads\/2022\/09\/RM-LEGEND-10K-Puffs-Disposable-Vape-Wholesale-Gummy-Bear.jpg?ssl=1\" target=\"_blank\" rel=\"noopener\"><img data-recalc-dims=\"1\" loading=\"lazy\" decoding=\"async\" class=\"alignnone size-full wp-image-5172\" title=\"RM LEGEND 10K Puffs Disposable Vape Wholesale Gummy Bear\" src=\"https:\/\/i0.wp.com\/www.disposablevapeswholesale.com\/wp-content\/uploads\/2022\/09\/RM-LEGEND-10K-Puffs-Disposable-Vape-Wholesale-Gummy-Bear.jpg?resize=800%2C800&#038;ssl=1\" alt=\"RM LEGEND 10K Puffs Disposable Vape Wholesale Gummy Bear\" width=\"800\" height=\"800\" \/><\/a> <a href=\"https:\/\/i0.wp.com\/www.disposablevapeswholesale.com\/wp-content\/uploads\/2022\/09\/RM-LEGEND-10K-Puffs-Disposable-Vape-Wholesale-Grape-Raspberry-Blackcurrant.jpg?ssl=1\" target=\"_blank\" rel=\"noopener\"><img data-recalc-dims=\"1\" loading=\"lazy\" decoding=\"async\" class=\"alignnone size-full wp-image-5171\" title=\"RM LEGEND 10K Puffs Disposable Vape Wholesale Grape Raspberry Blackcurrant\" src=\"https:\/\/i0.wp.com\/www.disposablevapeswholesale.com\/wp-content\/uploads\/2022\/09\/RM-LEGEND-10K-Puffs-Disposable-Vape-Wholesale-Grape-Raspberry-Blackcurrant.jpg?resize=800%2C800&#038;ssl=1\" alt=\"RM LEGEND 10K Puffs Disposable Vape Wholesale Grape Raspberry Blackcurrant\" width=\"800\" height=\"800\" \/><\/a> <a href=\"https:\/\/i0.wp.com\/www.disposablevapeswholesale.com\/wp-content\/uploads\/2022\/09\/RM-LEGEND-10K-Puffs-Disposable-Vape-Wholesale-Grape-Ice.jpg?ssl=1\" target=\"_blank\" rel=\"noopener\"><img data-recalc-dims=\"1\" loading=\"lazy\" decoding=\"async\" class=\"alignnone size-full wp-image-5170\" title=\"RM LEGEND 10K Puffs Disposable Vape Wholesale Grape Ice\" src=\"https:\/\/i0.wp.com\/www.disposablevapeswholesale.com\/wp-content\/uploads\/2022\/09\/RM-LEGEND-10K-Puffs-Disposable-Vape-Wholesale-Grape-Ice.jpg?resize=800%2C800&#038;ssl=1\" alt=\"RM LEGEND 10K Puffs Disposable Vape Wholesale Grape Ice\" width=\"800\" height=\"800\" \/><\/a> <a href=\"https:\/\/i0.wp.com\/www.disposablevapeswholesale.com\/wp-content\/uploads\/2022\/09\/RM-LEGEND-10K-Puffs-Disposable-Vape-Wholesale-Cotton-Candy.jpg?ssl=1\" target=\"_blank\" rel=\"noopener\"><img data-recalc-dims=\"1\" loading=\"lazy\" decoding=\"async\" class=\"alignnone size-full wp-image-5167\" title=\"RM LEGEND 10K Puffs Disposable Vape Wholesale Cotton Candy\" src=\"https:\/\/i0.wp.com\/www.disposablevapeswholesale.com\/wp-content\/uploads\/2022\/09\/RM-LEGEND-10K-Puffs-Disposable-Vape-Wholesale-Cotton-Candy.jpg?resize=800%2C800&#038;ssl=1\" alt=\"RM LEGEND 10K Puffs Disposable Vape Wholesale Cotton Candy\" width=\"800\" height=\"800\" \/><\/a> <a href=\"https:\/\/i0.wp.com\/www.disposablevapeswholesale.com\/wp-content\/uploads\/2022\/09\/RM-LEGEND-10K-Puffs-Disposable-Vape-Wholesale-Blueberry-Sour-Raspberry.jpg?ssl=1\" target=\"_blank\" rel=\"noopener\"><img data-recalc-dims=\"1\" loading=\"lazy\" decoding=\"async\" class=\"alignnone size-full wp-image-5166\" title=\"RM LEGEND 10K Puffs Disposable Vape Wholesale Blueberry Sour Raspberry\" src=\"https:\/\/i0.wp.com\/www.disposablevapeswholesale.com\/wp-content\/uploads\/2022\/09\/RM-LEGEND-10K-Puffs-Disposable-Vape-Wholesale-Blueberry-Sour-Raspberry.jpg?resize=800%2C800&#038;ssl=1\" alt=\"RM LEGEND 10K Puffs Disposable Vape Wholesale Blueberry Sour Raspberry\" width=\"800\" height=\"800\" \/><\/a> <a href=\"https:\/\/i0.wp.com\/www.disposablevapeswholesale.com\/wp-content\/uploads\/2022\/09\/RM-LEGEND-10K-Puffs-Disposable-Vape-Wholesale-Blueberry-Ice.jpg?ssl=1\" target=\"_blank\" rel=\"noopener\"><img data-recalc-dims=\"1\" loading=\"lazy\" decoding=\"async\" class=\"alignnone size-full wp-image-5165\" title=\"RM LEGEND 10K Puffs Disposable Vape Wholesale Blueberry Ice\" src=\"https:\/\/i0.wp.com\/www.disposablevapeswholesale.com\/wp-content\/uploads\/2022\/09\/RM-LEGEND-10K-Puffs-Disposable-Vape-Wholesale-Blueberry-Ice.jpg?resize=800%2C800&#038;ssl=1\" alt=\"RM LEGEND 10K Puffs Disposable Vape Wholesale Blueberry Ice\" width=\"800\" height=\"800\" \/><\/a> <a href=\"https:\/\/i0.wp.com\/www.disposablevapeswholesale.com\/wp-content\/uploads\/2022\/09\/RM-LEGEND-10K-Puffs-Disposable-Vape-Wholesale-Big-Bang-Fruits.jpg?ssl=1\" target=\"_blank\" rel=\"noopener\"><img data-recalc-dims=\"1\" loading=\"lazy\" decoding=\"async\" class=\"alignnone size-full wp-image-5164\" title=\"RM LEGEND 10K Puffs Disposable Vape Wholesale Big Bang Fruits\" src=\"https:\/\/i0.wp.com\/www.disposablevapeswholesale.com\/wp-content\/uploads\/2022\/09\/RM-LEGEND-10K-Puffs-Disposable-Vape-Wholesale-Big-Bang-Fruits.jpg?resize=800%2C800&#038;ssl=1\" alt=\"RM LEGEND 10K Puffs Disposable Vape Wholesale Big Bang Fruits\" width=\"800\" height=\"800\" \/><\/a><\/p>","protected":false},"excerpt":{"rendered":"<p>R&amp;M LEGEND 10K Puffs Disposable Vape Wholesale features high capacity, durable construction, and consistent vapor output for premium and long-lasting vaping experiences.<\/p>","protected":false},"featured_media":1300,"comment_status":"closed","ping_status":"closed","template":"","meta":[],"product_brand":[],"product_cat":[481,22],"product_tag":[274,60,275,256],"class_list":{"0":"post-1127","1":"product","2":"type-product","3":"status-publish","4":"has-post-thumbnail","6":"product_cat-bang","7":"product_cat-disposable-vape-sticks","8":"product_tag-10000-puffs","9":"product_tag-disposable-vapes","10":"product_tag-rm-legend","11":"product_tag-wholesale","13":"first","14":"instock","15":"shipping-taxable","16":"purchasable","17":"product-type-simple"},"jetpack_sharing_enabled":true,"tiered_pricing_type":"fixed","tiered_pricing_fixed_rules":{"5000":7,"10000":6,"50000":5},"tiered_pricing_product_settings":{"layout":"default","base_unit_name":{"singular":null,"plural":null},"default_variation":null},"tiered_pricing_minimum_quantity":60,"tiered_pricing_roles_data":[],"tiered_pricing_percentage_rules":[],"tiered_pricing_maximum_quantity":null,"tiered_pricing_quantity_step":null,"_links":{"self":[{"href":"https:\/\/cloudsupplyvapes.com\/fr\/wp-json\/wp\/v2\/product\/1127","targetHints":{"allow":["GET"]}}],"collection":[{"href":"https:\/\/cloudsupplyvapes.com\/fr\/wp-json\/wp\/v2\/product"}],"about":[{"href":"https:\/\/cloudsupplyvapes.com\/fr\/wp-json\/wp\/v2\/types\/product"}],"replies":[{"embeddable":true,"href":"https:\/\/cloudsupplyvapes.com\/fr\/wp-json\/wp\/v2\/comments?post=1127"}],"wp:featuredmedia":[{"embeddable":true,"href":"https:\/\/cloudsupplyvapes.com\/fr\/wp-json\/wp\/v2\/media\/1300"}],"wp:attachment":[{"href":"https:\/\/cloudsupplyvapes.com\/fr\/wp-json\/wp\/v2\/media?parent=1127"}],"wp:term":[{"taxonomy":"product_brand","embeddable":true,"href":"https:\/\/cloudsupplyvapes.com\/fr\/wp-json\/wp\/v2\/product_brand?post=1127"},{"taxonomy":"product_cat","embeddable":true,"href":"https:\/\/cloudsupplyvapes.com\/fr\/wp-json\/wp\/v2\/product_cat?post=1127"},{"taxonomy":"product_tag","embeddable":true,"href":"https:\/\/cloudsupplyvapes.com\/fr\/wp-json\/wp\/v2\/product_tag?post=1127"}],"curies":[{"name":"wp","href":"https:\/\/api.w.org\/{rel}","templated":true}]}}