{"id":1128,"date":"2024-10-19T02:17:56","date_gmt":"2024-10-19T02:17:56","guid":{"rendered":"https:\/\/cloudsupplyvapes.com\/?post_type=product&#038;p=1128"},"modified":"2024-11-26T08:44:11","modified_gmt":"2024-11-26T08:44:11","slug":"-43","status":"publish","type":"product","link":"https:\/\/cloudsupplyvapes.com\/fr\/product\/rm-box-max-8000-puffs-disposable-vape-wholesale\/","title":{"rendered":"R&amp;M BOX MAX 8000 Puffs Vape jetable Wholesale Lightweight Durable Build"},"content":{"rendered":"<p>L'appareil jetable R&amp;M BOX MAX offre aux fumeurs environ 8000 bouff\u00e9es et est dot\u00e9 d'une bobine \u00e0 mailles pour une exp\u00e9rience de fumage plus savoureuse. Ce dispositif de vapotage jetable comprend 2%\/5% d'e-juice \u00e0 base de sel de nicotine, une batterie int\u00e9gr\u00e9e de grande capacit\u00e9 de 650 ml et une capacit\u00e9 de 12,5 ml d'e-liquide, avec une large gamme d'ar\u00f4mes \u00e0 choisir.<\/p>\n<p>&nbsp;<\/p>\n<h2>R&amp;M BOX MAX 8000 Vape jetable Sp\u00e9cifications :<\/h2>\n<p>Marque : R&amp;M<\/p>\n<p>Bouff\u00e9es:8000 bouff\u00e9es sont disponibles par appareil.<\/p>\n<p>Nicotine:2%\/5%<\/p>\n<p>Capacit\u00e9 E-juice:12.5ML<\/p>\n<p>Batterie : 650mAh<\/p>\n<p>Port de charge : Type C<\/p>\n<p>R\u00e9sistance : 0.5\u03a9 Mesh Coil<\/p>\n<p>&nbsp;<\/p>\n<h2>Saveurs<\/h2>\n<p>Myrtille Menthe<\/p>\n<p>Glace bleue Raz<\/p>\n<p>Pluie de n\u00e9ons<\/p>\n<p>Glace framboise-fraise<\/p>\n<p>Glace luxuriante<\/p>\n<p>Glace Pina Colada<\/p>\n<p>Joyau de menthe<\/p>\n<p>Punch tropical<\/p>\n<p>L'\u00e9nergie de l'explosion<\/p>\n<p>Past\u00e8que \u00e0 la fraise<\/p>\n<p>Vanille fra\u00eeche<\/p>\n<p>Shake aux pommes<\/p>\n<p>&nbsp;<\/p>\n<h2>Emballage et poids<\/h2>\n<p>0.097KG\/PCS, une seule pi\u00e8ce dans un petit emballage, 10 pi\u00e8ces dans une bo\u00eete moyenne.<\/p>\n<p>200PCS en carton, 19.4KG.<\/p>\n<p><a href=\"https:\/\/i0.wp.com\/www.disposablevapeswholesale.com\/wp-content\/uploads\/2022\/09\/RM-BOX-MAX-8000-Puffs-Disposable-Vape-Wholesale.jpg?ssl=1\" target=\"_blank\" rel=\"noopener\"><img data-recalc-dims=\"1\" loading=\"lazy\" decoding=\"async\" class=\"alignnone size-full wp-image-5147\" title=\"RM BOX MAX 8000 bouff\u00e9es Vape jetable en gros\" src=\"https:\/\/i0.wp.com\/www.disposablevapeswholesale.com\/wp-content\/uploads\/2022\/09\/RM-BOX-MAX-8000-Puffs-Disposable-Vape-Wholesale.jpg?resize=800%2C600&#038;ssl=1\" alt=\"RM BOX MAX 8000 bouff\u00e9es Vape jetable en gros\" width=\"800\" height=\"600\" \/><\/a> <a href=\"https:\/\/i0.wp.com\/www.disposablevapeswholesale.com\/wp-content\/uploads\/2022\/09\/RM-BOX-MAX-8000-Puffs-Disposable-Vape-Wholesale-Tropical-Punch.jpg?ssl=1\" target=\"_blank\" rel=\"noopener\"><img data-recalc-dims=\"1\" loading=\"lazy\" decoding=\"async\" class=\"alignnone size-full wp-image-5146\" title=\"RM BOX MAX 8000 bouff\u00e9es Vape jetable en gros Tropical Punch\" src=\"https:\/\/i0.wp.com\/www.disposablevapeswholesale.com\/wp-content\/uploads\/2022\/09\/RM-BOX-MAX-8000-Puffs-Disposable-Vape-Wholesale-Tropical-Punch.jpg?resize=800%2C800&#038;ssl=1\" alt=\"RM BOX MAX 8000 bouff\u00e9es Vape jetable en gros Tropical Punch\" width=\"800\" height=\"800\" \/><\/a> <a href=\"https:\/\/i0.wp.com\/www.disposablevapeswholesale.com\/wp-content\/uploads\/2022\/09\/RM-BOX-MAX-8000-Puffs-Disposable-Vape-Wholesale-Strawberry-Watermelon.jpg?ssl=1\" target=\"_blank\" rel=\"noopener\"><img data-recalc-dims=\"1\" loading=\"lazy\" decoding=\"async\" class=\"alignnone size-full wp-image-5145\" title=\"RM BOX MAX 8000 bouff\u00e9es Vape jetable en gros Fraise Past\u00e8que\" src=\"https:\/\/i0.wp.com\/www.disposablevapeswholesale.com\/wp-content\/uploads\/2022\/09\/RM-BOX-MAX-8000-Puffs-Disposable-Vape-Wholesale-Strawberry-Watermelon.jpg?resize=800%2C800&#038;ssl=1\" alt=\"RM BOX MAX 8000 bouff\u00e9es Vape jetable en gros Fraise Past\u00e8que\" width=\"800\" height=\"800\" \/><\/a> <a href=\"https:\/\/i0.wp.com\/www.disposablevapeswholesale.com\/wp-content\/uploads\/2022\/09\/RM-BOX-MAX-8000-Puffs-Disposable-Vape-Wholesale-Raspberry-Strawberry-Ice.jpg?ssl=1\" target=\"_blank\" rel=\"noopener\"><img data-recalc-dims=\"1\" loading=\"lazy\" decoding=\"async\" class=\"alignnone size-full wp-image-5144\" title=\"RM BOX MAX 8000 bouff\u00e9es Vape jetable en gros Framboise Fraise Glace\" src=\"https:\/\/i0.wp.com\/www.disposablevapeswholesale.com\/wp-content\/uploads\/2022\/09\/RM-BOX-MAX-8000-Puffs-Disposable-Vape-Wholesale-Raspberry-Strawberry-Ice.jpg?resize=800%2C800&#038;ssl=1\" alt=\"RM BOX MAX 8000 bouff\u00e9es Vape jetable en gros Framboise Fraise Glace\" width=\"800\" height=\"800\" \/><\/a> <a href=\"https:\/\/i0.wp.com\/www.disposablevapeswholesale.com\/wp-content\/uploads\/2022\/09\/RM-BOX-MAX-8000-Puffs-Disposable-Vape-Wholesale-Pina-Colada-Ice.jpg?ssl=1\" target=\"_blank\" rel=\"noopener\"><img data-recalc-dims=\"1\" loading=\"lazy\" decoding=\"async\" class=\"alignnone size-full wp-image-5143\" title=\"RM BOX MAX 8000 bouff\u00e9es Vape jetable en gros Pina Colada Ice\" src=\"https:\/\/i0.wp.com\/www.disposablevapeswholesale.com\/wp-content\/uploads\/2022\/09\/RM-BOX-MAX-8000-Puffs-Disposable-Vape-Wholesale-Pina-Colada-Ice.jpg?resize=800%2C800&#038;ssl=1\" alt=\"RM BOX MAX 8000 bouff\u00e9es Vape jetable en gros Pina Colada Ice\" width=\"800\" height=\"800\" \/><\/a> <a href=\"https:\/\/i0.wp.com\/www.disposablevapeswholesale.com\/wp-content\/uploads\/2022\/09\/RM-BOX-MAX-8000-Puffs-Disposable-Vape-Wholesale-Neon-Rain.jpg?ssl=1\" target=\"_blank\" rel=\"noopener\"><img data-recalc-dims=\"1\" loading=\"lazy\" decoding=\"async\" class=\"alignnone size-full wp-image-5142\" title=\"RM BOX MAX 8000 bouff\u00e9es Vape jetable en gros Neon Rain\" src=\"https:\/\/i0.wp.com\/www.disposablevapeswholesale.com\/wp-content\/uploads\/2022\/09\/RM-BOX-MAX-8000-Puffs-Disposable-Vape-Wholesale-Neon-Rain.jpg?resize=800%2C800&#038;ssl=1\" alt=\"RM BOX MAX 8000 bouff\u00e9es Vape jetable en gros Neon Rain\" width=\"800\" height=\"800\" \/><\/a> <a href=\"https:\/\/i0.wp.com\/www.disposablevapeswholesale.com\/wp-content\/uploads\/2022\/09\/RM-BOX-MAX-8000-Puffs-Disposable-Vape-Wholesale-Lush-Ice.jpg?ssl=1\" target=\"_blank\" rel=\"noopener\"><img data-recalc-dims=\"1\" loading=\"lazy\" decoding=\"async\" class=\"alignnone size-full wp-image-5141\" title=\"RM BOX MAX 8000 bouff\u00e9es Vape jetable en gros Lush Ice\" src=\"https:\/\/i0.wp.com\/www.disposablevapeswholesale.com\/wp-content\/uploads\/2022\/09\/RM-BOX-MAX-8000-Puffs-Disposable-Vape-Wholesale-Lush-Ice.jpg?resize=800%2C800&#038;ssl=1\" alt=\"RM BOX MAX 8000 bouff\u00e9es Vape jetable en gros Lush Ice\" width=\"800\" height=\"800\" \/><\/a> <a href=\"https:\/\/i0.wp.com\/www.disposablevapeswholesale.com\/wp-content\/uploads\/2022\/09\/RM-BOX-MAX-8000-Puffs-Disposable-Vape-Wholesale-Jewel-Mint.jpg?ssl=1\" target=\"_blank\" rel=\"noopener\"><img data-recalc-dims=\"1\" loading=\"lazy\" decoding=\"async\" class=\"alignnone size-full wp-image-5140\" title=\"RM BOX MAX 8000 bouff\u00e9es Vape jetable en gros Jewel Mint\" src=\"https:\/\/i0.wp.com\/www.disposablevapeswholesale.com\/wp-content\/uploads\/2022\/09\/RM-BOX-MAX-8000-Puffs-Disposable-Vape-Wholesale-Jewel-Mint.jpg?resize=800%2C800&#038;ssl=1\" alt=\"RM BOX MAX 8000 bouff\u00e9es Vape jetable en gros Jewel Mint\" width=\"800\" height=\"800\" \/><\/a> <a href=\"https:\/\/i0.wp.com\/www.disposablevapeswholesale.com\/wp-content\/uploads\/2022\/09\/RM-BOX-MAX-8000-Puffs-Disposable-Vape-Wholesale-Fresh-Vanilla.jpg?ssl=1\" target=\"_blank\" rel=\"noopener\"><img data-recalc-dims=\"1\" loading=\"lazy\" decoding=\"async\" class=\"alignnone size-full wp-image-5139\" title=\"RM BOX MAX 8000 bouff\u00e9es Vape jetable en gros Fresh Vanilla\" src=\"https:\/\/i0.wp.com\/www.disposablevapeswholesale.com\/wp-content\/uploads\/2022\/09\/RM-BOX-MAX-8000-Puffs-Disposable-Vape-Wholesale-Fresh-Vanilla.jpg?resize=800%2C800&#038;ssl=1\" alt=\"RM BOX MAX 8000 bouff\u00e9es Vape jetable en gros Fresh Vanilla\" width=\"800\" height=\"800\" \/><\/a> <a href=\"https:\/\/i0.wp.com\/www.disposablevapeswholesale.com\/wp-content\/uploads\/2022\/09\/RM-BOX-MAX-8000-Puffs-Disposable-Vape-Wholesale-Blueberry-Mint.jpg?ssl=1\" target=\"_blank\" rel=\"noopener\"><img data-recalc-dims=\"1\" loading=\"lazy\" decoding=\"async\" class=\"alignnone size-full wp-image-5138\" title=\"RM BOX MAX 8000 bouff\u00e9es Vape jetable en gros Myrtille Menthe\" src=\"https:\/\/i0.wp.com\/www.disposablevapeswholesale.com\/wp-content\/uploads\/2022\/09\/RM-BOX-MAX-8000-Puffs-Disposable-Vape-Wholesale-Blueberry-Mint.jpg?resize=800%2C800&#038;ssl=1\" alt=\"RM BOX MAX 8000 bouff\u00e9es Vape jetable en gros Myrtille Menthe\" width=\"800\" height=\"800\" \/><\/a> <a href=\"https:\/\/i0.wp.com\/www.disposablevapeswholesale.com\/wp-content\/uploads\/2022\/09\/RM-BOX-MAX-8000-Puffs-Disposable-Vape-Wholesale-Blue-Raz-Ice.jpg?ssl=1\" target=\"_blank\" rel=\"noopener\"><img data-recalc-dims=\"1\" loading=\"lazy\" decoding=\"async\" class=\"alignnone size-full wp-image-5137\" title=\"RM BOX MAX 8000 bouff\u00e9es Vape jetable en gros Blue Raz Ice\" src=\"https:\/\/i0.wp.com\/www.disposablevapeswholesale.com\/wp-content\/uploads\/2022\/09\/RM-BOX-MAX-8000-Puffs-Disposable-Vape-Wholesale-Blue-Raz-Ice.jpg?resize=800%2C800&#038;ssl=1\" alt=\"RM BOX MAX 8000 bouff\u00e9es Vape jetable en gros Blue Raz Ice\" width=\"800\" height=\"800\" \/><\/a> <a href=\"https:\/\/i0.wp.com\/www.disposablevapeswholesale.com\/wp-content\/uploads\/2022\/09\/RM-BOX-MAX-8000-Puffs-Disposable-Vape-Wholesale-Blast-Energy.jpg?ssl=1\" target=\"_blank\" rel=\"noopener\"><img data-recalc-dims=\"1\" loading=\"lazy\" decoding=\"async\" class=\"alignnone size-full wp-image-5136\" title=\"RM BOX MAX 8000 bouff\u00e9es Vape jetable en gros Blast Energy\" src=\"https:\/\/i0.wp.com\/www.disposablevapeswholesale.com\/wp-content\/uploads\/2022\/09\/RM-BOX-MAX-8000-Puffs-Disposable-Vape-Wholesale-Blast-Energy.jpg?resize=800%2C800&#038;ssl=1\" alt=\"RM BOX MAX 8000 bouff\u00e9es Vape jetable en gros Blast Energy\" width=\"800\" height=\"800\" \/><\/a> <a href=\"https:\/\/i0.wp.com\/www.disposablevapeswholesale.com\/wp-content\/uploads\/2022\/09\/RM-BOX-MAX-8000-Puffs-Disposable-Vape-Wholesale-Apple-Shake.jpg?ssl=1\" target=\"_blank\" rel=\"noopener\"><img data-recalc-dims=\"1\" loading=\"lazy\" decoding=\"async\" class=\"alignnone size-full wp-image-5135\" title=\"RM BOX MAX 8000 Bouff\u00e9es Jetables Vape en Gros Apple Shake\" src=\"https:\/\/i0.wp.com\/www.disposablevapeswholesale.com\/wp-content\/uploads\/2022\/09\/RM-BOX-MAX-8000-Puffs-Disposable-Vape-Wholesale-Apple-Shake.jpg?resize=800%2C800&#038;ssl=1\" alt=\"RM BOX MAX 8000 Bouff\u00e9es Jetables Vape en Gros Apple Shake\" width=\"800\" height=\"800\" \/><\/a><\/p>","protected":false},"excerpt":{"rendered":"<p>R&amp;M BOX MAX 8000 Puffs Disposable Vape Wholesale combine un design l\u00e9ger, une construction durable et un d\u00e9bit de vapeur r\u00e9gulier pour un vapotage durable et portable.<\/p>","protected":false},"featured_media":1310,"comment_status":"closed","ping_status":"closed","template":"","meta":[],"product_brand":[],"product_cat":[22],"product_tag":[272,60,276,256],"class_list":{"0":"post-1128","1":"product","2":"type-product","3":"status-publish","4":"has-post-thumbnail","6":"product_cat-disposable-vape-sticks","7":"product_tag-8000-puffs","8":"product_tag-disposable-vapes","9":"product_tag-rm-box-max","10":"product_tag-wholesale","12":"first","13":"instock","14":"shipping-taxable","15":"purchasable","16":"product-type-simple"},"jetpack_sharing_enabled":true,"tiered_pricing_type":"fixed","tiered_pricing_fixed_rules":{"5000":8,"10000":7,"50000":6},"tiered_pricing_product_settings":{"layout":"default","base_unit_name":{"singular":null,"plural":null},"default_variation":null},"tiered_pricing_minimum_quantity":60,"tiered_pricing_roles_data":[],"tiered_pricing_percentage_rules":[],"tiered_pricing_maximum_quantity":null,"tiered_pricing_quantity_step":null,"_links":{"self":[{"href":"https:\/\/cloudsupplyvapes.com\/fr\/wp-json\/wp\/v2\/product\/1128","targetHints":{"allow":["GET"]}}],"collection":[{"href":"https:\/\/cloudsupplyvapes.com\/fr\/wp-json\/wp\/v2\/product"}],"about":[{"href":"https:\/\/cloudsupplyvapes.com\/fr\/wp-json\/wp\/v2\/types\/product"}],"replies":[{"embeddable":true,"href":"https:\/\/cloudsupplyvapes.com\/fr\/wp-json\/wp\/v2\/comments?post=1128"}],"wp:featuredmedia":[{"embeddable":true,"href":"https:\/\/cloudsupplyvapes.com\/fr\/wp-json\/wp\/v2\/media\/1310"}],"wp:attachment":[{"href":"https:\/\/cloudsupplyvapes.com\/fr\/wp-json\/wp\/v2\/media?parent=1128"}],"wp:term":[{"taxonomy":"product_brand","embeddable":true,"href":"https:\/\/cloudsupplyvapes.com\/fr\/wp-json\/wp\/v2\/product_brand?post=1128"},{"taxonomy":"product_cat","embeddable":true,"href":"https:\/\/cloudsupplyvapes.com\/fr\/wp-json\/wp\/v2\/product_cat?post=1128"},{"taxonomy":"product_tag","embeddable":true,"href":"https:\/\/cloudsupplyvapes.com\/fr\/wp-json\/wp\/v2\/product_tag?post=1128"}],"curies":[{"name":"wp","href":"https:\/\/api.w.org\/{rel}","templated":true}]}}