{"id":1191,"date":"2024-10-19T02:18:22","date_gmt":"2024-10-19T02:18:22","guid":{"rendered":"https:\/\/cloudsupplyvapes.com\/?post_type=product&#038;p=1191"},"modified":"2024-11-26T08:43:39","modified_gmt":"2024-11-26T08:43:39","slug":"-45","status":"publish","type":"product","link":"https:\/\/cloudsupplyvapes.com\/fr\/product\/rm-monster-6000-puffs-disposable-vape-wholesale\/","title":{"rendered":"R&amp;M Monster 6000 Puffs Vape jetable Wholesale Compact Durable Design"},"content":{"rendered":"<p>Le R&amp;M Monster 6000 est une cigarette \u00e9lectronique rechargeable jetable avec une batterie rechargeable int\u00e9gr\u00e9e et une capacit\u00e9 de 13 ml d'e-liquide pour 6 000 bouff\u00e9es, une r\u00e9sistance ultra-faible de 1,0 \u03a9, une grande quantit\u00e9 de fum\u00e9e, un go\u00fbt sucr\u00e9 et une vari\u00e9t\u00e9 de saveurs au choix.<\/p>\n<p>&nbsp;<\/p>\n<h2>Caract\u00e9ristiques techniques du vaporisateur jetable R&amp;M Monster 6000 :<\/h2>\n<p>Marque : R&amp;M<\/p>\n<p>Bouff\u00e9es : 6000 bouff\u00e9es sont disponibles par appareil.<\/p>\n<p>Nicotine : 5%\/2%\/3%0%<\/p>\n<p>Capacit\u00e9 du e-liquide : 13 ml<\/p>\n<p>Port de charge : Type C<\/p>\n<p>R\u00e9sistance : bobine maill\u00e9e 1,0 \u03a9<\/p>\n<p>&nbsp;<\/p>\n<h2>Saveurs<\/h2>\n<p>Glace Blue Razz<\/p>\n<p>Glace aux myrtilles et au raisin<\/p>\n<p>Glace \u00e0 la myrtille et \u00e0 la framboise<\/p>\n<p>Kiwi Dragon Berry<\/p>\n<p>Glace \u00e0 la mangue et au citron<\/p>\n<p>M\u00e9lange de fruits<\/p>\n<p>M. Bleu<\/p>\n<p>Gumi \u00e0 la p\u00eache et au fruit de la passion<\/p>\n<p>Limonade rose<\/p>\n<p>Bonbons arc-en-ciel<\/p>\n<p>Glace \u00e0 la fraise et au kiwi<\/p>\n<p>Glace \u00e0 la past\u00e8que<\/p>\n<p>&nbsp;<\/p>\n<h2>Emballage et poids<\/h2>\n<p>0,07 kg\/pi\u00e8ce, \u00e0 l'unit\u00e9 dans un petit emballage, 10 pi\u00e8ces dans une bo\u00eete moyenne.<\/p>\n<p>300 pi\u00e8ces dans un carton principal, 21 kg.<\/p>\n<p><a href=\"https:\/\/i0.wp.com\/www.disposablevapeswholesale.com\/wp-content\/uploads\/2022\/09\/RM-Monster-6000-Puffs-Disposable-Vape-Wholesale.jpg?ssl=1\" target=\"_blank\" rel=\"noopener\"><img data-recalc-dims=\"1\" loading=\"lazy\" decoding=\"async\" class=\"alignnone size-full wp-image-5026\" title=\"Vente en gros de cigarettes \u00e9lectroniques jetables RM Monster 6000 bouff\u00e9es\" src=\"https:\/\/i0.wp.com\/www.disposablevapeswholesale.com\/wp-content\/uploads\/2022\/09\/RM-Monster-6000-Puffs-Disposable-Vape-Wholesale.jpg?resize=800%2C1085&#038;ssl=1\" alt=\"Vente en gros de cigarettes \u00e9lectroniques jetables RM Monster 6000 bouff\u00e9es\" width=\"800\" height=\"1085\" \/><\/a> <a href=\"https:\/\/i0.wp.com\/www.disposablevapeswholesale.com\/wp-content\/uploads\/2022\/09\/RM-Monster-6000-Puffs-Disposable-Vape-Wholesale-Watermelon-Ice.jpg?ssl=1\" target=\"_blank\" rel=\"noopener\"><img data-recalc-dims=\"1\" loading=\"lazy\" decoding=\"async\" class=\"alignnone size-full wp-image-5025\" title=\"RM Monster 6000 bouff\u00e9es Vape jetable en gros Past\u00e8que glac\u00e9e\" src=\"https:\/\/i0.wp.com\/www.disposablevapeswholesale.com\/wp-content\/uploads\/2022\/09\/RM-Monster-6000-Puffs-Disposable-Vape-Wholesale-Watermelon-Ice.jpg?resize=800%2C800&#038;ssl=1\" alt=\"RM Monster 6000 bouff\u00e9es Vape jetable en gros Past\u00e8que glac\u00e9e\" width=\"800\" height=\"800\" \/><\/a> <a href=\"https:\/\/i0.wp.com\/www.disposablevapeswholesale.com\/wp-content\/uploads\/2022\/09\/RM-Monster-6000-Puffs-Disposable-Vape-Wholesale-Strawberry-Kiwi-Ice.jpg?ssl=1\" target=\"_blank\" rel=\"noopener\"><img data-recalc-dims=\"1\" loading=\"lazy\" decoding=\"async\" class=\"alignnone size-full wp-image-5024\" title=\"RM Monster 6000 bouff\u00e9es Vape jetable en gros Fraise Kiwi Glac\u00e9\" src=\"https:\/\/i0.wp.com\/www.disposablevapeswholesale.com\/wp-content\/uploads\/2022\/09\/RM-Monster-6000-Puffs-Disposable-Vape-Wholesale-Strawberry-Kiwi-Ice.jpg?resize=800%2C800&#038;ssl=1\" alt=\"RM Monster 6000 bouff\u00e9es Vape jetable en gros Fraise Kiwi Glac\u00e9\" width=\"800\" height=\"800\" \/><\/a> <a href=\"https:\/\/i0.wp.com\/www.disposablevapeswholesale.com\/wp-content\/uploads\/2022\/09\/RM-Monster-6000-Puffs-Disposable-Vape-Wholesale-Rainbow-Candy.jpg?ssl=1\" target=\"_blank\" rel=\"noopener\"><img data-recalc-dims=\"1\" loading=\"lazy\" decoding=\"async\" class=\"alignnone size-full wp-image-5023\" title=\"RM Monster 6000 bouff\u00e9es Vape jetable en gros Rainbow Candy\" src=\"https:\/\/i0.wp.com\/www.disposablevapeswholesale.com\/wp-content\/uploads\/2022\/09\/RM-Monster-6000-Puffs-Disposable-Vape-Wholesale-Rainbow-Candy.jpg?resize=800%2C800&#038;ssl=1\" alt=\"RM Monster 6000 bouff\u00e9es Vape jetable en gros Rainbow Candy\" width=\"800\" height=\"800\" \/><\/a> <a href=\"https:\/\/i0.wp.com\/www.disposablevapeswholesale.com\/wp-content\/uploads\/2022\/09\/RM-Monster-6000-Puffs-Disposable-Vape-Wholesale-Pink-Lemonade.jpg?ssl=1\" target=\"_blank\" rel=\"noopener\"><img data-recalc-dims=\"1\" loading=\"lazy\" decoding=\"async\" class=\"alignnone size-full wp-image-5022\" title=\"RM Monster 6000 bouff\u00e9es Vape jetable en gros Limonade rose\" src=\"https:\/\/i0.wp.com\/www.disposablevapeswholesale.com\/wp-content\/uploads\/2022\/09\/RM-Monster-6000-Puffs-Disposable-Vape-Wholesale-Pink-Lemonade.jpg?resize=800%2C800&#038;ssl=1\" alt=\"RM Monster 6000 bouff\u00e9es Vape jetable en gros Limonade rose\" width=\"800\" height=\"800\" \/><\/a> <a href=\"https:\/\/i0.wp.com\/www.disposablevapeswholesale.com\/wp-content\/uploads\/2022\/09\/RM-Monster-6000-Puffs-Disposable-Vape-Wholesale-Peach-Passionfruit-Gumi.jpg?ssl=1\" target=\"_blank\" rel=\"noopener\"><img data-recalc-dims=\"1\" loading=\"lazy\" decoding=\"async\" class=\"alignnone size-full wp-image-5021\" title=\"RM Monster 6000 bouff\u00e9es Vape jetable en gros P\u00eache-fruit de la passion Gumi\" src=\"https:\/\/i0.wp.com\/www.disposablevapeswholesale.com\/wp-content\/uploads\/2022\/09\/RM-Monster-6000-Puffs-Disposable-Vape-Wholesale-Peach-Passionfruit-Gumi.jpg?resize=800%2C800&#038;ssl=1\" alt=\"RM Monster 6000 bouff\u00e9es Vape jetable en gros P\u00eache-fruit de la passion Gumi\" width=\"800\" height=\"800\" \/><\/a> <a href=\"https:\/\/i0.wp.com\/www.disposablevapeswholesale.com\/wp-content\/uploads\/2022\/09\/RM-Monster-6000-Puffs-Disposable-Vape-Wholesale-Mr-Blue.jpg?ssl=1\" target=\"_blank\" rel=\"noopener\"><img data-recalc-dims=\"1\" loading=\"lazy\" decoding=\"async\" class=\"alignnone size-full wp-image-5020\" title=\"RM Monster 6000 bouff\u00e9es Vape jetable en gros Mr Blue\" src=\"https:\/\/i0.wp.com\/www.disposablevapeswholesale.com\/wp-content\/uploads\/2022\/09\/RM-Monster-6000-Puffs-Disposable-Vape-Wholesale-Mr-Blue.jpg?resize=800%2C800&#038;ssl=1\" alt=\"RM Monster 6000 bouff\u00e9es Vape jetable en gros Mr Blue\" width=\"800\" height=\"800\" \/><\/a> <a href=\"https:\/\/i0.wp.com\/www.disposablevapeswholesale.com\/wp-content\/uploads\/2022\/09\/RM-Monster-6000-Puffs-Disposable-Vape-Wholesale-Mixed-Fruit.jpg?ssl=1\" target=\"_blank\" rel=\"noopener\"><img data-recalc-dims=\"1\" loading=\"lazy\" decoding=\"async\" class=\"alignnone size-full wp-image-5019\" title=\"RM Monster 6000 bouff\u00e9es Vape jetable en gros Fruits m\u00e9lang\u00e9s\" src=\"https:\/\/i0.wp.com\/www.disposablevapeswholesale.com\/wp-content\/uploads\/2022\/09\/RM-Monster-6000-Puffs-Disposable-Vape-Wholesale-Mixed-Fruit.jpg?resize=800%2C800&#038;ssl=1\" alt=\"RM Monster 6000 bouff\u00e9es Vape jetable en gros Fruits m\u00e9lang\u00e9s\" width=\"800\" height=\"800\" \/><\/a> <a href=\"https:\/\/i0.wp.com\/www.disposablevapeswholesale.com\/wp-content\/uploads\/2022\/09\/RM-Monster-6000-Puffs-Disposable-Vape-Wholesale-Mango-Lemon-Ice.jpg?ssl=1\" target=\"_blank\" rel=\"noopener\"><img data-recalc-dims=\"1\" loading=\"lazy\" decoding=\"async\" class=\"alignnone size-full wp-image-5018\" title=\"RM Monster 6000 bouff\u00e9es Vape jetable en gros Mangue Citron Glac\u00e9\" src=\"https:\/\/i0.wp.com\/www.disposablevapeswholesale.com\/wp-content\/uploads\/2022\/09\/RM-Monster-6000-Puffs-Disposable-Vape-Wholesale-Mango-Lemon-Ice.jpg?resize=800%2C800&#038;ssl=1\" alt=\"RM Monster 6000 bouff\u00e9es Vape jetable en gros Mangue Citron Glac\u00e9\" width=\"800\" height=\"800\" \/><\/a> <a href=\"https:\/\/i0.wp.com\/www.disposablevapeswholesale.com\/wp-content\/uploads\/2022\/09\/RM-Monster-6000-Puffs-Disposable-Vape-Wholesale-Kiwi-Dragon-Berry.jpg?ssl=1\" target=\"_blank\" rel=\"noopener\"><img data-recalc-dims=\"1\" loading=\"lazy\" decoding=\"async\" class=\"alignnone size-full wp-image-5017\" title=\"RM Monster 6000 bouff\u00e9es Vape jetable en gros Kiwi Dragon Berry\" src=\"https:\/\/i0.wp.com\/www.disposablevapeswholesale.com\/wp-content\/uploads\/2022\/09\/RM-Monster-6000-Puffs-Disposable-Vape-Wholesale-Kiwi-Dragon-Berry.jpg?resize=800%2C800&#038;ssl=1\" alt=\"RM Monster 6000 bouff\u00e9es Vape jetable en gros Kiwi Dragon Berry\" width=\"800\" height=\"800\" \/><\/a> <a href=\"https:\/\/i0.wp.com\/www.disposablevapeswholesale.com\/wp-content\/uploads\/2022\/09\/RM-Monster-6000-Puffs-Disposable-Vape-Wholesale-Blueberry-Raspberry-Ice.jpg?ssl=1\" target=\"_blank\" rel=\"noopener\"><img data-recalc-dims=\"1\" loading=\"lazy\" decoding=\"async\" class=\"alignnone size-full wp-image-5016\" title=\"RM Monster 6000 bouff\u00e9es Vape jetable en gros Blueberry Raspberry Ice\" src=\"https:\/\/i0.wp.com\/www.disposablevapeswholesale.com\/wp-content\/uploads\/2022\/09\/RM-Monster-6000-Puffs-Disposable-Vape-Wholesale-Blueberry-Raspberry-Ice.jpg?resize=800%2C800&#038;ssl=1\" alt=\"RM Monster 6000 bouff\u00e9es Vape jetable en gros Blueberry Raspberry Ice\" width=\"800\" height=\"800\" \/><\/a> <a href=\"https:\/\/i0.wp.com\/www.disposablevapeswholesale.com\/wp-content\/uploads\/2022\/09\/RM-Monster-6000-Puffs-Disposable-Vape-Wholesale-Blueberry-Grape-Ice.jpg?ssl=1\" target=\"_blank\" rel=\"noopener\"><img data-recalc-dims=\"1\" loading=\"lazy\" decoding=\"async\" class=\"alignnone size-full wp-image-5015\" title=\"RM Monster 6000 bouff\u00e9es Vape jetable en gros Blueberry Grape Ice\" src=\"https:\/\/i0.wp.com\/www.disposablevapeswholesale.com\/wp-content\/uploads\/2022\/09\/RM-Monster-6000-Puffs-Disposable-Vape-Wholesale-Blueberry-Grape-Ice.jpg?resize=800%2C800&#038;ssl=1\" alt=\"RM Monster 6000 bouff\u00e9es Vape jetable en gros Blueberry Grape Ice\" width=\"800\" height=\"800\" \/><\/a> <a href=\"https:\/\/i0.wp.com\/www.disposablevapeswholesale.com\/wp-content\/uploads\/2022\/09\/RM-Monster-6000-Puffs-Disposable-Vape-Wholesale-Blue-Razz-Ice.jpg?ssl=1\" target=\"_blank\" rel=\"noopener\"><img data-recalc-dims=\"1\" loading=\"lazy\" decoding=\"async\" class=\"alignnone size-full wp-image-5014\" title=\"RM Monster 6000 bouff\u00e9es Vape jetable en gros Blue Razz Ice\" src=\"https:\/\/i0.wp.com\/www.disposablevapeswholesale.com\/wp-content\/uploads\/2022\/09\/RM-Monster-6000-Puffs-Disposable-Vape-Wholesale-Blue-Razz-Ice.jpg?resize=800%2C800&#038;ssl=1\" alt=\"RM Monster 6000 bouff\u00e9es Vape jetable en gros Blue Razz Ice\" width=\"800\" height=\"800\" \/><\/a><\/p>","protected":false},"excerpt":{"rendered":"<p>Le vaporisateur jetable R&amp;M Monster 6000 bouff\u00e9es en gros se caract\u00e9rise par un design compact, une construction durable et un d\u00e9bit de vapeur r\u00e9gulier, garantissant des sessions de vapotage fiables et sans tracas.<\/p>","protected":false},"featured_media":1340,"comment_status":"closed","ping_status":"closed","template":"","meta":[],"product_brand":[],"product_cat":[22],"product_tag":[278,60,279,256],"class_list":{"0":"post-1191","1":"product","2":"type-product","3":"status-publish","4":"has-post-thumbnail","6":"product_cat-disposable-vape-sticks","7":"product_tag-6000-puffs","8":"product_tag-disposable-vapes","9":"product_tag-rm-monster","10":"product_tag-wholesale","12":"first","13":"instock","14":"shipping-taxable","15":"purchasable","16":"product-type-simple"},"jetpack_sharing_enabled":true,"tiered_pricing_type":"fixed","tiered_pricing_fixed_rules":{"5000":8,"10000":7,"50000":6},"tiered_pricing_product_settings":{"layout":"default","base_unit_name":{"singular":null,"plural":null},"default_variation":null},"tiered_pricing_minimum_quantity":60,"tiered_pricing_roles_data":[],"tiered_pricing_percentage_rules":[],"tiered_pricing_maximum_quantity":null,"tiered_pricing_quantity_step":null,"_links":{"self":[{"href":"https:\/\/cloudsupplyvapes.com\/fr\/wp-json\/wp\/v2\/product\/1191","targetHints":{"allow":["GET"]}}],"collection":[{"href":"https:\/\/cloudsupplyvapes.com\/fr\/wp-json\/wp\/v2\/product"}],"about":[{"href":"https:\/\/cloudsupplyvapes.com\/fr\/wp-json\/wp\/v2\/types\/product"}],"replies":[{"embeddable":true,"href":"https:\/\/cloudsupplyvapes.com\/fr\/wp-json\/wp\/v2\/comments?post=1191"}],"wp:featuredmedia":[{"embeddable":true,"href":"https:\/\/cloudsupplyvapes.com\/fr\/wp-json\/wp\/v2\/media\/1340"}],"wp:attachment":[{"href":"https:\/\/cloudsupplyvapes.com\/fr\/wp-json\/wp\/v2\/media?parent=1191"}],"wp:term":[{"taxonomy":"product_brand","embeddable":true,"href":"https:\/\/cloudsupplyvapes.com\/fr\/wp-json\/wp\/v2\/product_brand?post=1191"},{"taxonomy":"product_cat","embeddable":true,"href":"https:\/\/cloudsupplyvapes.com\/fr\/wp-json\/wp\/v2\/product_cat?post=1191"},{"taxonomy":"product_tag","embeddable":true,"href":"https:\/\/cloudsupplyvapes.com\/fr\/wp-json\/wp\/v2\/product_tag?post=1191"}],"curies":[{"name":"wp","href":"https:\/\/api.w.org\/{rel}","templated":true}]}}