{"id":1193,"date":"2024-10-19T02:18:23","date_gmt":"2024-10-19T02:18:23","guid":{"rendered":"https:\/\/cloudsupplyvapes.com\/?post_type=product&#038;p=1193"},"modified":"2024-11-26T08:38:45","modified_gmt":"2024-11-26T08:38:45","slug":"-47","status":"publish","type":"product","link":"https:\/\/cloudsupplyvapes.com\/fr\/product\/lavie-max-cup-8000-puffs-disposable-vape-wholesale\/","title":{"rendered":"LAVIE Max Cup 8000 bouff\u00e9es Vape jetable Wholesale Durable Long-Lasting Vape"},"content":{"rendered":"<p>LAVIE Max Cup 8000 est une vape jetable au design unique, avec une forme petite et mignonne, comme une tasse de th\u00e9 au lait, une batterie haute capacit\u00e9 int\u00e9gr\u00e9e de 600 mAh et une capacit\u00e9 de 20 ml d'e-liquide. Il peut fumer 8000 bouff\u00e9es avec un go\u00fbt doux et une vari\u00e9t\u00e9 de saveurs \u00e0 choisir.<\/p>\n<p>&nbsp;<\/p>\n<h2>LAVIE Max Cup 8000 Vape jetable Sp\u00e9cifications :<\/h2>\n<p>Marque : LAVIE<\/p>\n<p>Bouff\u00e9es:8000 bouff\u00e9es sont disponibles par appareil.<\/p>\n<p>Nicotine:0%\/2%\/5%<\/p>\n<p>Capacit\u00e9 E-juice:20ML<\/p>\n<p>Batterie : 600mAh<\/p>\n<p>&nbsp;<\/p>\n<h2>Saveurs<\/h2>\n<p>Lait de banane<\/p>\n<p>Cola Ice<\/p>\n<p>Boisson \u00e9nerg\u00e9tique<\/p>\n<p>Glace de raisin<\/p>\n<p>Glace luxuriante<\/p>\n<p>Glace \u00e0 la mangue<\/p>\n<p>Glace \u00e0 la menthe<\/p>\n<p>Cr\u00e8me Socola<\/p>\n<p>Glace de taro<\/p>\n<p>&nbsp;<\/p>\n<h2>Emballage et poids<\/h2>\n<p>0,1KG\/PCS, une seule pi\u00e8ce dans un petit emballage, 10 pi\u00e8ces dans une bo\u00eete moyenne.<\/p>\n<p>200PCS en carton, 20KG.<\/p>\n<p><a href=\"https:\/\/i0.wp.com\/www.disposablevapeswholesale.com\/wp-content\/uploads\/2022\/09\/LAVIE-Max-Cup-8000-Puffs-Disposable-Vape-Wholesale.jpg?ssl=1\" target=\"_blank\" rel=\"noopener\"><img data-recalc-dims=\"1\" loading=\"lazy\" decoding=\"async\" class=\"alignnone size-full wp-image-4939\" title=\"LAVIE Max Cup 8000 bouff\u00e9es Vape jetable en gros\" src=\"https:\/\/i0.wp.com\/www.disposablevapeswholesale.com\/wp-content\/uploads\/2022\/09\/LAVIE-Max-Cup-8000-Puffs-Disposable-Vape-Wholesale.jpg?resize=800%2C333&#038;ssl=1\" alt=\"LAVIE Max Cup 8000 bouff\u00e9es Vape jetable en gros\" width=\"800\" height=\"333\" \/><\/a> <a href=\"https:\/\/i0.wp.com\/www.disposablevapeswholesale.com\/wp-content\/uploads\/2022\/09\/LAVIE-Max-Cup-8000-Puffs-Disposable-Vape-Wholesale-Flavors.jpg?ssl=1\" target=\"_blank\" rel=\"noopener\"><img data-recalc-dims=\"1\" loading=\"lazy\" decoding=\"async\" class=\"alignnone size-full wp-image-4921\" title=\"LAVIE Max Cup 8000 bouff\u00e9es Vape jetable Wholesale Flavors\" src=\"https:\/\/i0.wp.com\/www.disposablevapeswholesale.com\/wp-content\/uploads\/2022\/09\/LAVIE-Max-Cup-8000-Puffs-Disposable-Vape-Wholesale-Flavors.jpg?resize=800%2C800&#038;ssl=1\" alt=\"LAVIE Max Cup 8000 bouff\u00e9es Vape jetable Wholesale Flavors\" width=\"800\" height=\"800\" \/><\/a> <a href=\"https:\/\/i0.wp.com\/www.disposablevapeswholesale.com\/wp-content\/uploads\/2022\/09\/LAVIE-Max-Cup-8000-Puffs-Disposable-Vape-Wholesale-All-Flavors.jpg?ssl=1\" target=\"_blank\" rel=\"noopener\"><img data-recalc-dims=\"1\" loading=\"lazy\" decoding=\"async\" class=\"alignnone size-full wp-image-4913\" title=\"LAVIE Max Cup 8000 bouff\u00e9es Vape jetable Wholesale All Flavors\" src=\"https:\/\/i0.wp.com\/www.disposablevapeswholesale.com\/wp-content\/uploads\/2022\/09\/LAVIE-Max-Cup-8000-Puffs-Disposable-Vape-Wholesale-All-Flavors.jpg?resize=800%2C800&#038;ssl=1\" alt=\"LAVIE Max Cup 8000 bouff\u00e9es Vape jetable Wholesale All Flavors\" width=\"800\" height=\"800\" \/><\/a> <a href=\"https:\/\/i0.wp.com\/www.disposablevapeswholesale.com\/wp-content\/uploads\/2022\/09\/LAVIE-Max-Cup-8000-Puffs-Disposable-Vape-Wholesale-Describe.jpg?ssl=1\" target=\"_blank\" rel=\"noopener\"><img data-recalc-dims=\"1\" loading=\"lazy\" decoding=\"async\" class=\"alignnone size-full wp-image-4918\" title=\"LAVIE Max Cup 8000 bouff\u00e9es Vape jetable Wholesale D\u00e9crire\" src=\"https:\/\/i0.wp.com\/www.disposablevapeswholesale.com\/wp-content\/uploads\/2022\/09\/LAVIE-Max-Cup-8000-Puffs-Disposable-Vape-Wholesale-Describe.jpg?resize=800%2C800&#038;ssl=1\" alt=\"LAVIE Max Cup 8000 bouff\u00e9es Vape jetable Wholesale D\u00e9crire\" width=\"800\" height=\"800\" \/><\/a> <a href=\"https:\/\/i0.wp.com\/www.disposablevapeswholesale.com\/wp-content\/uploads\/2022\/09\/LAVIE-Max-Cup-8000-Puffs-Disposable-Vape-Wholesale-5-Flavors.jpg?ssl=1\" target=\"_blank\" rel=\"noopener\"><img data-recalc-dims=\"1\" loading=\"lazy\" decoding=\"async\" class=\"alignnone size-full wp-image-4912\" title=\"LAVIE Max Cup 8000 bouff\u00e9es Vape jetable en gros 5 saveurs\" src=\"https:\/\/i0.wp.com\/www.disposablevapeswholesale.com\/wp-content\/uploads\/2022\/09\/LAVIE-Max-Cup-8000-Puffs-Disposable-Vape-Wholesale-5-Flavors.jpg?resize=800%2C800&#038;ssl=1\" alt=\"LAVIE Max Cup 8000 bouff\u00e9es Vape jetable en gros 5 saveurs\" width=\"800\" height=\"800\" \/><\/a> <a href=\"https:\/\/i0.wp.com\/www.disposablevapeswholesale.com\/wp-content\/uploads\/2022\/09\/LAVIE-Max-Cup-8000-Puffs-Disposable-Vape-Wholesale-Scense.jpg?ssl=1\" target=\"_blank\" rel=\"noopener\"><img data-recalc-dims=\"1\" loading=\"lazy\" decoding=\"async\" class=\"alignnone size-full wp-image-4933\" title=\"LAVIE Max Cup 8000 bouff\u00e9es Vape jetable Scense en gros\" src=\"https:\/\/i0.wp.com\/www.disposablevapeswholesale.com\/wp-content\/uploads\/2022\/09\/LAVIE-Max-Cup-8000-Puffs-Disposable-Vape-Wholesale-Scense.jpg?resize=800%2C800&#038;ssl=1\" alt=\"LAVIE Max Cup 8000 bouff\u00e9es Vape jetable Scense en gros\" width=\"800\" height=\"800\" \/><\/a> <a href=\"https:\/\/i0.wp.com\/www.disposablevapeswholesale.com\/wp-content\/uploads\/2022\/09\/LAVIE-Max-Cup-8000-Puffs-Disposable-Vape-Wholesale-Pakage.jpg?ssl=1\" target=\"_blank\" rel=\"noopener\"><img data-recalc-dims=\"1\" loading=\"lazy\" decoding=\"async\" class=\"alignnone size-full wp-image-4932\" title=\"LAVIE Max Cup 8000 bouff\u00e9es Vape jetable Wholesale Pakage\" src=\"https:\/\/i0.wp.com\/www.disposablevapeswholesale.com\/wp-content\/uploads\/2022\/09\/LAVIE-Max-Cup-8000-Puffs-Disposable-Vape-Wholesale-Pakage.jpg?resize=800%2C800&#038;ssl=1\" alt=\"LAVIE Max Cup 8000 bouff\u00e9es Vape jetable Wholesale Pakage\" width=\"800\" height=\"800\" \/><\/a> <a href=\"https:\/\/i0.wp.com\/www.disposablevapeswholesale.com\/wp-content\/uploads\/2022\/09\/LAVIE-Max-Cup-8000-Puffs-Disposable-Vape-Wholesale-Usage-Scenarios.jpg?ssl=1\" target=\"_blank\" rel=\"noopener\"><img data-recalc-dims=\"1\" loading=\"lazy\" decoding=\"async\" class=\"alignnone size-full wp-image-4938\" title=\"LAVIE Max Cup 8000 bouff\u00e9es Vape jetable Sc\u00e9narios d&#039;utilisation en gros\" src=\"https:\/\/i0.wp.com\/www.disposablevapeswholesale.com\/wp-content\/uploads\/2022\/09\/LAVIE-Max-Cup-8000-Puffs-Disposable-Vape-Wholesale-Usage-Scenarios.jpg?resize=800%2C800&#038;ssl=1\" alt=\"LAVIE Max Cup 8000 bouff\u00e9es Vape jetable Sc\u00e9narios d&#039;utilisation en gros\" width=\"800\" height=\"800\" \/><\/a> <a href=\"https:\/\/i0.wp.com\/www.disposablevapeswholesale.com\/wp-content\/uploads\/2022\/09\/LAVIE-Max-Cup-8000-Puffs-Disposable-Vape-Wholesale-Taro-Ice.jpg?ssl=1\" target=\"_blank\" rel=\"noopener\"><img data-recalc-dims=\"1\" loading=\"lazy\" decoding=\"async\" class=\"alignnone size-full wp-image-4937\" title=\"LAVIE Max Cup 8000 bouff\u00e9es Vape jetable en gros Taro Ice\" src=\"https:\/\/i0.wp.com\/www.disposablevapeswholesale.com\/wp-content\/uploads\/2022\/09\/LAVIE-Max-Cup-8000-Puffs-Disposable-Vape-Wholesale-Taro-Ice.jpg?resize=800%2C800&#038;ssl=1\" alt=\"LAVIE Max Cup 8000 bouff\u00e9es Vape jetable en gros Taro Ice\" width=\"800\" height=\"800\" \/><\/a> <a href=\"https:\/\/i0.wp.com\/www.disposablevapeswholesale.com\/wp-content\/uploads\/2022\/09\/LAVIE-Max-Cup-8000-Puffs-Disposable-Vape-Wholesale-Socola-Cream.jpg?ssl=1\" target=\"_blank\" rel=\"noopener\"><img data-recalc-dims=\"1\" loading=\"lazy\" decoding=\"async\" class=\"alignnone size-full wp-image-4935\" title=\"LAVIE Max Cup 8000 bouff\u00e9es Vape jetable en gros Socola Cream\" src=\"https:\/\/i0.wp.com\/www.disposablevapeswholesale.com\/wp-content\/uploads\/2022\/09\/LAVIE-Max-Cup-8000-Puffs-Disposable-Vape-Wholesale-Socola-Cream.jpg?resize=800%2C800&#038;ssl=1\" alt=\"LAVIE Max Cup 8000 bouff\u00e9es Vape jetable en gros Socola Cream\" width=\"800\" height=\"800\" \/><\/a> <a href=\"https:\/\/i0.wp.com\/www.disposablevapeswholesale.com\/wp-content\/uploads\/2022\/09\/LAVIE-Max-Cup-8000-Puffs-Disposable-Vape-Wholesale-Mint-Ice.jpg?ssl=1\" target=\"_blank\" rel=\"noopener\"><img data-recalc-dims=\"1\" loading=\"lazy\" decoding=\"async\" class=\"alignnone size-full wp-image-4931\" title=\"LAVIE Max Cup 8000 bouff\u00e9es Vape jetable en gros Menthe Glace\" src=\"https:\/\/i0.wp.com\/www.disposablevapeswholesale.com\/wp-content\/uploads\/2022\/09\/LAVIE-Max-Cup-8000-Puffs-Disposable-Vape-Wholesale-Mint-Ice.jpg?resize=800%2C800&#038;ssl=1\" alt=\"LAVIE Max Cup 8000 bouff\u00e9es Vape jetable en gros Menthe Glace\" width=\"800\" height=\"800\" \/><\/a> <a href=\"https:\/\/i0.wp.com\/www.disposablevapeswholesale.com\/wp-content\/uploads\/2022\/09\/LAVIE-Max-Cup-8000-Puffs-Disposable-Vape-Wholesale-Mango-Strawberry-Ice.jpg?ssl=1\" target=\"_blank\" rel=\"noopener\"><img data-recalc-dims=\"1\" loading=\"lazy\" decoding=\"async\" class=\"alignnone size-full wp-image-4929\" title=\"LAVIE Max Cup 8000 bouff\u00e9es Vape jetable en gros Mangue Fraise Glace\" src=\"https:\/\/i0.wp.com\/www.disposablevapeswholesale.com\/wp-content\/uploads\/2022\/09\/LAVIE-Max-Cup-8000-Puffs-Disposable-Vape-Wholesale-Mango-Strawberry-Ice.jpg?resize=800%2C800&#038;ssl=1\" alt=\"LAVIE Max Cup 8000 bouff\u00e9es Vape jetable en gros Mangue Fraise Glace\" width=\"800\" height=\"800\" \/><\/a> <a href=\"https:\/\/i0.wp.com\/www.disposablevapeswholesale.com\/wp-content\/uploads\/2022\/09\/LAVIE-Max-Cup-8000-Puffs-Disposable-Vape-Wholesale-Mango-Ice.jpg?ssl=1\" target=\"_blank\" rel=\"noopener\"><img data-recalc-dims=\"1\" loading=\"lazy\" decoding=\"async\" class=\"alignnone size-full wp-image-4927\" title=\"LAVIE Max Cup 8000 bouff\u00e9es Vape jetable en gros Mango Ice\" src=\"https:\/\/i0.wp.com\/www.disposablevapeswholesale.com\/wp-content\/uploads\/2022\/09\/LAVIE-Max-Cup-8000-Puffs-Disposable-Vape-Wholesale-Mango-Ice.jpg?resize=800%2C800&#038;ssl=1\" alt=\"LAVIE Max Cup 8000 bouff\u00e9es Vape jetable en gros Mango Ice\" width=\"800\" height=\"800\" \/><\/a> <a href=\"https:\/\/i0.wp.com\/www.disposablevapeswholesale.com\/wp-content\/uploads\/2022\/09\/LAVIE-Max-Cup-8000-Puffs-Disposable-Vape-Wholesale-Lush-Ice.jpg?ssl=1\" target=\"_blank\" rel=\"noopener\"><img data-recalc-dims=\"1\" loading=\"lazy\" decoding=\"async\" class=\"alignnone size-full wp-image-4925\" title=\"LAVIE Max Cup 8000 bouff\u00e9es Vape jetable en gros Lush Ice\" src=\"https:\/\/i0.wp.com\/www.disposablevapeswholesale.com\/wp-content\/uploads\/2022\/09\/LAVIE-Max-Cup-8000-Puffs-Disposable-Vape-Wholesale-Lush-Ice.jpg?resize=800%2C800&#038;ssl=1\" alt=\"LAVIE Max Cup 8000 bouff\u00e9es Vape jetable en gros Lush Ice\" width=\"800\" height=\"800\" \/><\/a> <a href=\"https:\/\/i0.wp.com\/www.disposablevapeswholesale.com\/wp-content\/uploads\/2022\/09\/LAVIE-Max-Cup-8000-Puffs-Disposable-Vape-Wholesale-Grape-Ice.jpg?ssl=1\" target=\"_blank\" rel=\"noopener\"><img data-recalc-dims=\"1\" loading=\"lazy\" decoding=\"async\" class=\"alignnone size-full wp-image-4923\" title=\"LAVIE Max Cup 8000 bouff\u00e9es Vape jetable en gros Grape Ice\" src=\"https:\/\/i0.wp.com\/www.disposablevapeswholesale.com\/wp-content\/uploads\/2022\/09\/LAVIE-Max-Cup-8000-Puffs-Disposable-Vape-Wholesale-Grape-Ice.jpg?resize=800%2C800&#038;ssl=1\" alt=\"LAVIE Max Cup 8000 bouff\u00e9es Vape jetable en gros Grape Ice\" width=\"800\" height=\"800\" \/><\/a> <a href=\"https:\/\/i0.wp.com\/www.disposablevapeswholesale.com\/wp-content\/uploads\/2022\/09\/LAVIE-Max-Cup-8000-Puffs-Disposable-Vape-Wholesale-Energy-Drink.jpg?ssl=1\" target=\"_blank\" rel=\"noopener\"><img data-recalc-dims=\"1\" loading=\"lazy\" decoding=\"async\" class=\"alignnone size-full wp-image-4920\" title=\"LAVIE Max Cup 8000 bouff\u00e9es Vape jetable Boisson \u00e9nerg\u00e9tique en gros\" src=\"https:\/\/i0.wp.com\/www.disposablevapeswholesale.com\/wp-content\/uploads\/2022\/09\/LAVIE-Max-Cup-8000-Puffs-Disposable-Vape-Wholesale-Energy-Drink.jpg?resize=800%2C800&#038;ssl=1\" alt=\"LAVIE Max Cup 8000 bouff\u00e9es Vape jetable Boisson \u00e9nerg\u00e9tique en gros\" width=\"800\" height=\"800\" \/><\/a> <a href=\"https:\/\/i0.wp.com\/www.disposablevapeswholesale.com\/wp-content\/uploads\/2022\/09\/LAVIE-Max-Cup-8000-Puffs-Disposable-Vape-Wholesale-Cola-Ice.jpg?ssl=1\" target=\"_blank\" rel=\"noopener\"><img data-recalc-dims=\"1\" loading=\"lazy\" decoding=\"async\" class=\"alignnone size-full wp-image-4917\" title=\"LAVIE Max Cup 8000 bouff\u00e9es Vape jetable en gros Cola Ice\" src=\"https:\/\/i0.wp.com\/www.disposablevapeswholesale.com\/wp-content\/uploads\/2022\/09\/LAVIE-Max-Cup-8000-Puffs-Disposable-Vape-Wholesale-Cola-Ice.jpg?resize=800%2C800&#038;ssl=1\" alt=\"LAVIE Max Cup 8000 bouff\u00e9es Vape jetable en gros Cola Ice\" width=\"800\" height=\"800\" \/><\/a> <a href=\"https:\/\/i0.wp.com\/www.disposablevapeswholesale.com\/wp-content\/uploads\/2022\/09\/LAVIE-Max-Cup-8000-Puffs-Disposable-Vape-Wholesale-Banana-Milk.jpg?ssl=1\" target=\"_blank\" rel=\"noopener\"><img data-recalc-dims=\"1\" loading=\"lazy\" decoding=\"async\" class=\"alignnone size-full wp-image-4915\" title=\"LAVIE Max Cup 8000 bouff\u00e9es Vape jetable en gros Banana Milk\" src=\"https:\/\/i0.wp.com\/www.disposablevapeswholesale.com\/wp-content\/uploads\/2022\/09\/LAVIE-Max-Cup-8000-Puffs-Disposable-Vape-Wholesale-Banana-Milk.jpg?resize=800%2C800&#038;ssl=1\" alt=\"LAVIE Max Cup 8000 bouff\u00e9es Vape jetable en gros Banana Milk\" width=\"800\" height=\"800\" \/><\/a><\/p>\n<p><a href=\"https:\/\/i0.wp.com\/www.disposablevapeswholesale.com\/wp-content\/uploads\/2022\/09\/LAVIE-Max-Cup-8000-Puffs-Disposable-Vape-Wholesale-Mint-Ice-Flavors.jpg?ssl=1\" target=\"_blank\" rel=\"noopener\"><img data-recalc-dims=\"1\" loading=\"lazy\" decoding=\"async\" class=\"alignnone size-full wp-image-4930\" title=\"LAVIE Max Cup 8000 bouff\u00e9es Vape jetable en gros Ar\u00f4mes Menthe Glace\" src=\"https:\/\/i0.wp.com\/www.disposablevapeswholesale.com\/wp-content\/uploads\/2022\/09\/LAVIE-Max-Cup-8000-Puffs-Disposable-Vape-Wholesale-Mint-Ice-Flavors.jpg?resize=800%2C800&#038;ssl=1\" alt=\"LAVIE Max Cup 8000 bouff\u00e9es Vape jetable en gros Ar\u00f4mes Menthe Glace\" width=\"800\" height=\"800\" \/><\/a> <a href=\"https:\/\/i0.wp.com\/www.disposablevapeswholesale.com\/wp-content\/uploads\/2022\/09\/LAVIE-Max-Cup-8000-Puffs-Disposable-Vape-Wholesale-Mango-Strawberry-Ice-Pakage.jpg?ssl=1\" target=\"_blank\" rel=\"noopener\"><img data-recalc-dims=\"1\" loading=\"lazy\" decoding=\"async\" class=\"alignnone size-full wp-image-4928\" title=\"LAVIE Max Cup 8000 bouff\u00e9es Vape jetable en gros Mango Strawberry Ice Pakage\" src=\"https:\/\/i0.wp.com\/www.disposablevapeswholesale.com\/wp-content\/uploads\/2022\/09\/LAVIE-Max-Cup-8000-Puffs-Disposable-Vape-Wholesale-Mango-Strawberry-Ice-Pakage.jpg?resize=800%2C800&#038;ssl=1\" alt=\"LAVIE Max Cup 8000 bouff\u00e9es Vape jetable en gros Mango Strawberry Ice Pakage\" width=\"800\" height=\"800\" \/><\/a> <a href=\"https:\/\/i0.wp.com\/www.disposablevapeswholesale.com\/wp-content\/uploads\/2022\/09\/LAVIE-Max-Cup-8000-Puffs-Disposable-Vape-Wholesale-Mango-Ice-Flavors.jpg?ssl=1\" target=\"_blank\" rel=\"noopener\"><img data-recalc-dims=\"1\" loading=\"lazy\" decoding=\"async\" class=\"alignnone size-full wp-image-4926\" title=\"LAVIE Max Cup 8000 bouff\u00e9es Vape jetable en gros Mango Ice Flavors\" src=\"https:\/\/i0.wp.com\/www.disposablevapeswholesale.com\/wp-content\/uploads\/2022\/09\/LAVIE-Max-Cup-8000-Puffs-Disposable-Vape-Wholesale-Mango-Ice-Flavors.jpg?resize=800%2C800&#038;ssl=1\" alt=\"LAVIE Max Cup 8000 bouff\u00e9es Vape jetable en gros Mango Ice Flavors\" width=\"800\" height=\"800\" \/><\/a> <a href=\"https:\/\/i0.wp.com\/www.disposablevapeswholesale.com\/wp-content\/uploads\/2022\/09\/LAVIE-Max-Cup-8000-Puffs-Disposable-Vape-Wholesale-Lush-Ice-Pakage.jpg?ssl=1\" target=\"_blank\" rel=\"noopener\"><img data-recalc-dims=\"1\" loading=\"lazy\" decoding=\"async\" class=\"alignnone size-full wp-image-4924\" title=\"LAVIE Max Cup 8000 bouff\u00e9es Vape jetable en gros Lush Ice Pakage\" src=\"https:\/\/i0.wp.com\/www.disposablevapeswholesale.com\/wp-content\/uploads\/2022\/09\/LAVIE-Max-Cup-8000-Puffs-Disposable-Vape-Wholesale-Lush-Ice-Pakage.jpg?resize=800%2C800&#038;ssl=1\" alt=\"LAVIE Max Cup 8000 bouff\u00e9es Vape jetable en gros Lush Ice Pakage\" width=\"800\" height=\"800\" \/><\/a> <a href=\"https:\/\/i0.wp.com\/www.disposablevapeswholesale.com\/wp-content\/uploads\/2022\/09\/LAVIE-Max-Cup-8000-Puffs-Disposable-Vape-Wholesale-Grape-Ice-Pakage.jpg?ssl=1\" target=\"_blank\" rel=\"noopener\"><img data-recalc-dims=\"1\" loading=\"lazy\" decoding=\"async\" class=\"alignnone size-full wp-image-4922\" title=\"LAVIE Max Cup 8000 bouff\u00e9es Vape jetable en gros Grape Ice Pakage\" src=\"https:\/\/i0.wp.com\/www.disposablevapeswholesale.com\/wp-content\/uploads\/2022\/09\/LAVIE-Max-Cup-8000-Puffs-Disposable-Vape-Wholesale-Grape-Ice-Pakage.jpg?resize=800%2C800&#038;ssl=1\" alt=\"LAVIE Max Cup 8000 bouff\u00e9es Vape jetable en gros Grape Ice Pakage\" width=\"800\" height=\"800\" \/><\/a> <a href=\"https:\/\/i0.wp.com\/www.disposablevapeswholesale.com\/wp-content\/uploads\/2022\/09\/LAVIE-Max-Cup-8000-Puffs-Disposable-Vape-Wholesale-Energy-Drink-Pakage.jpg?ssl=1\" target=\"_blank\" rel=\"noopener\"><img data-recalc-dims=\"1\" loading=\"lazy\" decoding=\"async\" class=\"alignnone size-full wp-image-4919\" title=\"LAVIE Max Cup 8000 bouff\u00e9es Vape jetable Boisson \u00e9nerg\u00e9tique en gros Emballage\" src=\"https:\/\/i0.wp.com\/www.disposablevapeswholesale.com\/wp-content\/uploads\/2022\/09\/LAVIE-Max-Cup-8000-Puffs-Disposable-Vape-Wholesale-Energy-Drink-Pakage.jpg?resize=800%2C800&#038;ssl=1\" alt=\"LAVIE Max Cup 8000 bouff\u00e9es Vape jetable Boisson \u00e9nerg\u00e9tique en gros Emballage\" width=\"800\" height=\"800\" \/><\/a> <a href=\"https:\/\/i0.wp.com\/www.disposablevapeswholesale.com\/wp-content\/uploads\/2022\/09\/LAVIE-Max-Cup-8000-Puffs-Disposable-Vape-Wholesale-Cola-Ice-Pakage.jpg?ssl=1\" target=\"_blank\" rel=\"noopener\"><img data-recalc-dims=\"1\" loading=\"lazy\" decoding=\"async\" class=\"alignnone size-full wp-image-4916\" title=\"LAVIE Max Cup 8000 bouff\u00e9es Vape jetable en gros Cola Ice Pakage\" src=\"https:\/\/i0.wp.com\/www.disposablevapeswholesale.com\/wp-content\/uploads\/2022\/09\/LAVIE-Max-Cup-8000-Puffs-Disposable-Vape-Wholesale-Cola-Ice-Pakage.jpg?resize=800%2C800&#038;ssl=1\" alt=\"LAVIE Max Cup 8000 bouff\u00e9es Vape jetable en gros Cola Ice Pakage\" width=\"800\" height=\"800\" \/><\/a> <a href=\"https:\/\/i0.wp.com\/www.disposablevapeswholesale.com\/wp-content\/uploads\/2022\/09\/LAVIE-Max-Cup-8000-Puffs-Disposable-Vape-Wholesale-Banana-Milk-Pakage.jpg?ssl=1\" target=\"_blank\" rel=\"noopener\"><img data-recalc-dims=\"1\" loading=\"lazy\" decoding=\"async\" class=\"alignnone size-full wp-image-4914\" title=\"LAVIE Max Cup 8000 bouff\u00e9es Vape jetable en gros Banana Milk Pakage\" src=\"https:\/\/i0.wp.com\/www.disposablevapeswholesale.com\/wp-content\/uploads\/2022\/09\/LAVIE-Max-Cup-8000-Puffs-Disposable-Vape-Wholesale-Banana-Milk-Pakage.jpg?resize=800%2C800&#038;ssl=1\" alt=\"LAVIE Max Cup 8000 bouff\u00e9es Vape jetable en gros Banana Milk Pakage\" width=\"800\" height=\"800\" \/><\/a><\/p>","protected":false},"excerpt":{"rendered":"<p>LAVIE Max Cup 8000 Puffs Disposable Vape Wholesale offre une construction durable, une batterie de longue dur\u00e9e et un d\u00e9bit de vapeur constant pour des sessions de vapotage satisfaisantes et fiables.<\/p>","protected":false},"featured_media":1368,"comment_status":"closed","ping_status":"closed","template":"","meta":[],"product_brand":[],"product_cat":[22],"product_tag":[272,60,282,256],"class_list":{"0":"post-1193","1":"product","2":"type-product","3":"status-publish","4":"has-post-thumbnail","6":"product_cat-disposable-vape-sticks","7":"product_tag-8000-puffs","8":"product_tag-disposable-vapes","9":"product_tag-lavie-max-cup","10":"product_tag-wholesale","12":"first","13":"instock","14":"shipping-taxable","15":"purchasable","16":"product-type-simple"},"jetpack_sharing_enabled":true,"tiered_pricing_type":"fixed","tiered_pricing_fixed_rules":{"5000":10,"10000":9,"50000":8},"tiered_pricing_product_settings":{"layout":"default","base_unit_name":{"singular":null,"plural":null},"default_variation":null},"tiered_pricing_minimum_quantity":60,"tiered_pricing_roles_data":[],"tiered_pricing_percentage_rules":[],"tiered_pricing_maximum_quantity":null,"tiered_pricing_quantity_step":null,"_links":{"self":[{"href":"https:\/\/cloudsupplyvapes.com\/fr\/wp-json\/wp\/v2\/product\/1193","targetHints":{"allow":["GET"]}}],"collection":[{"href":"https:\/\/cloudsupplyvapes.com\/fr\/wp-json\/wp\/v2\/product"}],"about":[{"href":"https:\/\/cloudsupplyvapes.com\/fr\/wp-json\/wp\/v2\/types\/product"}],"replies":[{"embeddable":true,"href":"https:\/\/cloudsupplyvapes.com\/fr\/wp-json\/wp\/v2\/comments?post=1193"}],"wp:featuredmedia":[{"embeddable":true,"href":"https:\/\/cloudsupplyvapes.com\/fr\/wp-json\/wp\/v2\/media\/1368"}],"wp:attachment":[{"href":"https:\/\/cloudsupplyvapes.com\/fr\/wp-json\/wp\/v2\/media?parent=1193"}],"wp:term":[{"taxonomy":"product_brand","embeddable":true,"href":"https:\/\/cloudsupplyvapes.com\/fr\/wp-json\/wp\/v2\/product_brand?post=1193"},{"taxonomy":"product_cat","embeddable":true,"href":"https:\/\/cloudsupplyvapes.com\/fr\/wp-json\/wp\/v2\/product_cat?post=1193"},{"taxonomy":"product_tag","embeddable":true,"href":"https:\/\/cloudsupplyvapes.com\/fr\/wp-json\/wp\/v2\/product_tag?post=1193"}],"curies":[{"name":"wp","href":"https:\/\/api.w.org\/{rel}","templated":true}]}}